{"id":4348,"date":"2026-02-03T16:03:50","date_gmt":"2026-02-03T14:03:50","guid":{"rendered":"https:\/\/demo8.izveide.id.lv\/?post_type=product&#038;p=4348"},"modified":"2026-03-26T15:02:54","modified_gmt":"2026-03-26T13:02:54","slug":"flamil-ew-code-0090","status":"publish","type":"product","link":"https:\/\/e-flore.store\/lv\/produkts\/flamil-ew-code-0090\/","title":{"rendered":"Flamil EW (kods 0090)"},"content":{"rendered":"<p><img decoding=\"async\" src=\"\/wp-content\/uploads\/2026\/01\/0090-PARENT_desc.jpg\" style=\"width: 100%; height: auto; display: block;\"><\/p>\n<div id=\"eflore-spacer-v55\" style=\"height: 0px; clear: both; width: 100%; display: block;\"><\/div>\n<p style=\"margin-bottom: 10px; margin-top: 30px;\"><strong>L\u012aDZEKLIS AUTO VASKA UN KONSERV\u0100CIJAS VASKA NO\u0145EM\u0160ANAI<\/strong><\/p>\n<p style=\"margin-bottom: 10px; margin-top: 30px;\"><strong>\u012apa\u0161\u012bbas<\/strong><\/p>\n<p style=\"margin-bottom: 8px; margin-top: 0px; line-height: 1.6;\">&#8211; Biolo\u0123iski sadal\u0101s dab\u0101.<\/p>\n<p style=\"margin-bottom: 8px; margin-top: 0px; line-height: 1.6;\">&#8211; Veidots uz sopolim\u0113ru b\u0101zes.<\/p>\n<p style=\"margin-bottom: 8px; margin-top: 0px; line-height: 1.6;\">&#8211; \u016aden\u012b \u0161\u0137\u012bsto\u0161s, ugunsdro\u0161s, nav nepat\u012bkamas smakas.<\/p>\n<p style=\"margin-bottom: 8px; margin-top: 0px; line-height: 1.6;\">&#8211; \u201eNesa\u0113d\u201d lakotas virsmas, absol\u016bti dro\u0161s roku \u0101dai.<\/p>\n<p style=\"margin-bottom: 8px; margin-top: 0px; line-height: 1.6;\">&#8211; Atst\u0101j t\u012bru virsmu.<\/p>\n<p style=\"margin-bottom: 8px; margin-top: 0px; line-height: 1.6;\">&#8211; Nav nepiecie\u0161ama v\u0113l\u0101ka pul\u0113\u0161ana.<\/p>\n<p style=\"margin-bottom: 8px; margin-top: 0px; line-height: 1.6;\">&#8211; Ekonom\u0113 laiku.<\/p>\n<p style=\"margin-bottom: 10px; margin-top: 30px;\"><strong>Pielieto\u0161anas iesp\u0113jas<\/strong><\/p>\n<p style=\"margin-bottom: 8px; margin-top: 0px; line-height: 1.6;\">Auto r\u016bpniec\u012bba un tirdzniec\u012bba.<\/p>\n<p style=\"margin-bottom: 10px; margin-top: 30px;\"><strong>Pielieto\u0161ana<\/strong><\/p>\n<p style=\"margin-bottom: 8px; margin-top: 0px; line-height: 1.6;\">&#8211; At\u0161\u0137aid\u012bt ar \u016bdeni attiec\u012bb\u0101s no 1:10 l\u012bdz 1:20.<\/p>\n<p style=\"margin-bottom: 8px; margin-top: 0px; line-height: 1.6;\">&#8211; Vienm\u0113r\u012bgi uzsmidzin\u0101t \/ uzkl\u0101t uz virsmas s\u0101kot no jumta.<\/p>\n<p style=\"margin-bottom: 8px; margin-top: 0px; line-height: 1.6;\">&#8211; Nogaid\u012bt 5 &#8211; 10 min\u016btes ne\u013caujot prepar\u0101tam iz\u017e\u016bt.<\/p>\n<p style=\"margin-bottom: 8px; margin-top: 0px; line-height: 1.6;\">&#8211; Konserv\u0113jo\u0161o vasku no\u0146em\u0161anai nepiecie\u0161am\u012bbas gad\u012bjum\u0101 apstr\u0101d\u0101t virsmu v\u0113lreiz.<\/p>\n<p style=\"margin-bottom: 8px; margin-top: 0px; line-height: 1.6;\">&#8211; Iz\u0161\u0137\u012bdin\u0101to vasku nomazg\u0101t ar \u016bdens str\u016bklu un\u00a0s\u016bkli.<\/p>\n<p style=\"margin-bottom: 8px; margin-top: 0px; line-height: 1.6;\">&#8211; Noslauc\u012bt virsmu sausu.<\/p>\n<p style=\"margin-bottom: 10px; margin-top: 30px;\"><strong>Tehniskais raksturojums<\/strong><\/p>\n<p style=\"margin-bottom: 8px; margin-top: 0px; line-height: 1.6;\"><strong>Fizisk\u0101 forma<\/strong>: \u0161\u0137idrums<\/p>\n<p style=\"margin-bottom: 8px; margin-top: 0px; line-height: 1.6;\"><strong>Bl\u012bvums (20 \u00b0\u0421)<\/strong>: 1.035 g \/ ml<\/p>\n<p style=\"margin-bottom: 8px; margin-top: 0px; line-height: 1.6;\"><strong>p\u041d l\u012bmenis<\/strong>: 13.3<\/p>\n<p style=\"margin-bottom: 8px; margin-top: 0px; line-height: 1.6;\"><strong>Sast\u0101vs<\/strong>: nejonie tens\u012bdi, fosf\u0101ti, s\u0101rmi, \u0161\u0137\u012bdin\u0101t\u0101ji, antimikrob\u0101s vielas, aromatizatori<\/p>\n","protected":false},"excerpt":{"rendered":"<p>L\u012aDZEKLIS AUTO VASKA UN KONSERV\u0100CIJAS VASKA NO\u0145EM\u0160ANAI \u012apa\u0161\u012bbas &#8211; Biolo\u0123iski sadal\u0101s dab\u0101. &#8211; Veidots uz sopolim\u0113ru b\u0101zes. &#8211; \u016aden\u012b \u0161\u0137\u012bsto\u0161s, ugunsdro\u0161s, nav nepat\u012bkamas smakas. &#8211; \u201eNesa\u0113d\u201d lakotas virsmas, absol\u016bti dro\u0161s roku \u0101dai. &#8211; Atst\u0101j t\u012bru virsmu. &#8211; Nav nepiecie\u0161ama v\u0113l\u0101ka pul\u0113\u0161ana. &#8211; Ekonom\u0113 laiku. Pielieto\u0161anas iesp\u0113jas Auto r\u016bpniec\u012bba un tirdzniec\u012bba. Pielieto\u0161ana &#8211; At\u0161\u0137aid\u012bt ar \u016bdeni&#8230;<\/p>\n","protected":false},"featured_media":4349,"template":"","meta":[],"product_brand":[337],"product_cat":[380,353,377],"product_tag":[],"class_list":{"0":"post-4348","1":"product","2":"type-product","3":"status-publish","4":"has-post-thumbnail","6":"product_brand-flore-chemie","7":"product_cat-auto-tehniskie-mazgasanas-tirisanas-un-kopsanas-lidzekli","8":"product_cat-flore-chemie-produkti","9":"product_cat-industrija-rupnieciba-masinbuve-elektroiekartas","11":"first","12":"instock","13":"shipping-taxable","14":"purchasable","15":"product-type-variable","16":"has-default-attributes"},"_links":{"self":[{"href":"https:\/\/e-flore.store\/lv\/wp-json\/wp\/v2\/product\/4348","targetHints":{"allow":["GET"]}}],"collection":[{"href":"https:\/\/e-flore.store\/lv\/wp-json\/wp\/v2\/product"}],"about":[{"href":"https:\/\/e-flore.store\/lv\/wp-json\/wp\/v2\/types\/product"}],"wp:featuredmedia":[{"embeddable":true,"href":"https:\/\/e-flore.store\/lv\/wp-json\/wp\/v2\/media\/4349"}],"wp:attachment":[{"href":"https:\/\/e-flore.store\/lv\/wp-json\/wp\/v2\/media?parent=4348"}],"wp:term":[{"taxonomy":"product_brand","embeddable":true,"href":"https:\/\/e-flore.store\/lv\/wp-json\/wp\/v2\/product_brand?post=4348"},{"taxonomy":"product_cat","embeddable":true,"href":"https:\/\/e-flore.store\/lv\/wp-json\/wp\/v2\/product_cat?post=4348"},{"taxonomy":"product_tag","embeddable":true,"href":"https:\/\/e-flore.store\/lv\/wp-json\/wp\/v2\/product_tag?post=4348"}],"curies":[{"name":"wp","href":"https:\/\/api.w.org\/{rel}","templated":true}]}}