{"id":4354,"date":"2026-02-03T16:03:51","date_gmt":"2026-02-03T14:03:51","guid":{"rendered":"https:\/\/demo8.izveide.id.lv\/?post_type=product&#038;p=4354"},"modified":"2026-03-26T15:02:50","modified_gmt":"2026-03-26T13:02:50","slug":"neu531-ci-code-531","status":"publish","type":"product","link":"https:\/\/e-flore.store\/lv\/produkts\/neu531-ci-code-531\/","title":{"rendered":"NEU531 CI (kods 531)"},"content":{"rendered":"<p><img decoding=\"async\" src=\"\/wp-content\/uploads\/2026\/01\/531-PARENT_desc.jpg\" style=\"width: 100%; height: auto; display: block;\"><\/p>\n<div id=\"eflore-spacer-v55\" style=\"height: 0px; clear: both; width: 100%; display: block;\"><\/div>\n<p style=\"margin-bottom: 10px; margin-top: 30px;\"><strong>KONCENTR\u0112TS PUL\u0112\u0160ANAS &#8211; ATJAUNO\u0160ANAS L\u012aDZEKLIS AUTOMA\u0160\u012aNU PANE\u013bIEM UN SPOILERIEM<\/strong><\/p>\n<p style=\"margin-bottom: 10px; margin-top: 30px;\"><strong>\u012apa\u0161\u012bbas<\/strong><\/p>\n<p style=\"margin-bottom: 8px; margin-top: 0px; line-height: 1.6;\">Koncentr\u0113ts l\u012bdzeklis, kas atjauno agr\u0101ko izskatu \/ sp\u012bdumu pat vec\u0101m un izbal\u0113ju\u0161\u0101m plastmasas virsm\u0101m. Aizsarg\u0101 plastmasas un gumijas deta\u013cas no vides, saules un laika apst\u0101k\u013cu negat\u012bv\u0101s ietekmes.<\/p>\n<p style=\"margin-bottom: 8px; margin-top: 0px; line-height: 1.6;\">&#8220;NEU531 CI&#8221; att\u012bra, pul\u0113 un aizsarg\u0101 pane\u013cus, bamperus, spoilerus, aizsargsietus, m\u0101ksl\u012bg\u0101s \u0101das deta\u013cas, automa\u0161\u012bnu b\u012bd\u0101mos jumtus.<\/p>\n<p style=\"margin-bottom: 8px; margin-top: 0px; line-height: 1.6;\">Uzkl\u0101jot uz gumijas deta\u013c\u0101m, l\u012bdzeklis t\u0101s aizsarg\u0101, nov\u0113r\u0161 plais\u0101\u0161anu un saglab\u0101 elast\u012bbu.<\/p>\n<p style=\"margin-bottom: 10px; margin-top: 30px;\"><strong>Pielietojuma sf\u0113ras<\/strong><\/p>\n<p style=\"margin-bottom: 8px; margin-top: 0px; line-height: 1.6;\">Automob\u012b\u013cu, moto un j\u016bras sektors.<\/p>\n<p style=\"margin-bottom: 10px; margin-top: 30px;\"><strong>Lieto\u0161anas instrukcija<\/strong><\/p>\n<p style=\"margin-bottom: 8px; margin-top: 0px; line-height: 1.6;\">L\u012bdzekli at\u0161\u0137aid\u012bt ar \u016bdeni proporcij\u0101 1:1 (50%) l\u012bdz 1:3 (25%). Uzkl\u0101t uz atjaunojam\u0101s virsmas izmantojot smidzin\u0101t\u0101ju vai t\u012bru, ar l\u012bdzekli samitrin\u0101tu dr\u0101nu vai s\u016bkli. Pul\u0113t virsmu ar t\u012bru, sausu dr\u0101nu.<\/p>\n<p style=\"margin-bottom: 10px; margin-top: 30px;\"><strong>\u0136\u012bmisk\u0101s un fizik\u0101l\u0101s \u012bpa\u0161\u012bbas<\/strong><\/p>\n<p style=\"margin-bottom: 8px; margin-top: 0px; line-height: 1.6;\"><strong>Izskats<\/strong>: pienains \u0161\u0137idrums<\/p>\n<p style=\"margin-bottom: 8px; margin-top: 0px; line-height: 1.6;\"><strong>Kr\u0101sa<\/strong>: roz\u0101<\/p>\n<p style=\"margin-bottom: 8px; margin-top: 0px; line-height: 1.6;\"><strong>Smar\u017ea<\/strong>: smar\u017e\u012bgs<\/p>\n<p style=\"margin-bottom: 8px; margin-top: 0px; line-height: 1.6;\"><strong>Bl\u012bvums<\/strong>: 1,00 +\/- 0,02 g \/ ml 20 \u00b0C temperat\u016br\u0101<\/p>\n<p style=\"margin-bottom: 8px; margin-top: 0px; line-height: 1.6;\"><strong>pH<\/strong>: 7,00 +\/- 0,5<\/p>\n<p style=\"margin-bottom: 8px; margin-top: 0px; line-height: 1.6;\"><strong>\u0160\u0137\u012bd\u012bba \u016bden\u012b<\/strong>: piln\u012bga<\/p>\n<p style=\"margin-bottom: 8px; margin-top: 0px; line-height: 1.6;\"><strong>Biolo\u0123isk\u0101 no\u0101rd\u012b\u0161an\u0101s<\/strong>: vair\u0101k nek\u0101 90%<\/p>\n<p style=\"margin-bottom: 8px; margin-top: 0px; line-height: 1.6;\"><strong>Br\u012bdin\u0101jumi!<\/strong> Pirms lieto\u0161anas uzman\u012bgi izlasiet dro\u0161\u012bbas datu lapu. Nepie\u013caut sasal\u0161anu.<\/p>\n","protected":false},"excerpt":{"rendered":"<p>KONCENTR\u0112TS PUL\u0112\u0160ANAS &#8211; ATJAUNO\u0160ANAS L\u012aDZEKLIS AUTOMA\u0160\u012aNU PANE\u013bIEM UN SPOILERIEM \u012apa\u0161\u012bbas Koncentr\u0113ts l\u012bdzeklis, kas atjauno agr\u0101ko izskatu \/ sp\u012bdumu pat vec\u0101m un izbal\u0113ju\u0161\u0101m plastmasas virsm\u0101m. Aizsarg\u0101 plastmasas un gumijas deta\u013cas no vides, saules un laika apst\u0101k\u013cu negat\u012bv\u0101s ietekmes. &#8220;NEU531 CI&#8221; att\u012bra, pul\u0113 un aizsarg\u0101 pane\u013cus, bamperus, spoilerus, aizsargsietus, m\u0101ksl\u012bg\u0101s \u0101das deta\u013cas, automa\u0161\u012bnu b\u012bd\u0101mos jumtus. Uzkl\u0101jot uz&#8230;<\/p>\n","protected":false},"featured_media":4355,"template":"","meta":[],"product_brand":[342],"product_cat":[353,380,377],"product_tag":[],"class_list":{"0":"post-4354","1":"product","2":"type-product","3":"status-publish","4":"has-post-thumbnail","6":"product_brand-serpento-future-chemicals","7":"product_cat-flore-chemie-produkti","8":"product_cat-auto-tehniskie-mazgasanas-tirisanas-un-kopsanas-lidzekli","9":"product_cat-industrija-rupnieciba-masinbuve-elektroiekartas","11":"first","12":"instock","13":"shipping-taxable","14":"purchasable","15":"product-type-variable","16":"has-default-attributes"},"_links":{"self":[{"href":"https:\/\/e-flore.store\/lv\/wp-json\/wp\/v2\/product\/4354","targetHints":{"allow":["GET"]}}],"collection":[{"href":"https:\/\/e-flore.store\/lv\/wp-json\/wp\/v2\/product"}],"about":[{"href":"https:\/\/e-flore.store\/lv\/wp-json\/wp\/v2\/types\/product"}],"wp:featuredmedia":[{"embeddable":true,"href":"https:\/\/e-flore.store\/lv\/wp-json\/wp\/v2\/media\/4355"}],"wp:attachment":[{"href":"https:\/\/e-flore.store\/lv\/wp-json\/wp\/v2\/media?parent=4354"}],"wp:term":[{"taxonomy":"product_brand","embeddable":true,"href":"https:\/\/e-flore.store\/lv\/wp-json\/wp\/v2\/product_brand?post=4354"},{"taxonomy":"product_cat","embeddable":true,"href":"https:\/\/e-flore.store\/lv\/wp-json\/wp\/v2\/product_cat?post=4354"},{"taxonomy":"product_tag","embeddable":true,"href":"https:\/\/e-flore.store\/lv\/wp-json\/wp\/v2\/product_tag?post=4354"}],"curies":[{"name":"wp","href":"https:\/\/api.w.org\/{rel}","templated":true}]}}