{"id":4360,"date":"2026-02-03T16:03:52","date_gmt":"2026-02-03T14:03:52","guid":{"rendered":"https:\/\/demo8.izveide.id.lv\/?post_type=product&#038;p=4360"},"modified":"2026-03-26T15:02:46","modified_gmt":"2026-03-26T13:02:46","slug":"smellex-code-0017","status":"publish","type":"product","link":"https:\/\/e-flore.store\/lv\/produkts\/smellex-code-0017\/","title":{"rendered":"Smellex (kods 0017)"},"content":{"rendered":"<p><img decoding=\"async\" style=\"width: 100%; height: auto; display: block;\" src=\"\/wp-content\/uploads\/2026\/01\/0017-PARENT_desc.jpg\" \/><\/p>\n<div id=\"eflore-spacer-v55\" style=\"height: 0px; clear: both; width: 100%; display: block;\"><\/div>\n<p style=\"margin-bottom: 10px; margin-top: 30px;\"><strong>ATTAUKOT\u0100JS AR NEV\u0112LAMO SMAKU NEITRALIZ\u0112JO\u0160\u0100M \u012aPA\u0160\u012aB\u0100M<\/strong><\/p>\n<p style=\"margin-bottom: 10px; margin-top: 30px;\"><strong>\u012apa\u0161\u012bbas<\/strong><\/p>\n<p style=\"margin-bottom: 8px; margin-top: 0px; line-height: 1.6;\">&#8211; Nov\u0113r\u0161 s\u0113r\u016bde\u0146ra\u017ea savieno\u0161anos ar smak\u0101m.<\/p>\n<p style=\"margin-bottom: 8px; margin-top: 0px; line-height: 1.6;\">&#8211; T\u012bra p\u016b\u0161anas produktu paliekas, nov\u0113r\u0161 p\u016b\u0161anas smaku.<\/p>\n<p style=\"margin-bottom: 8px; margin-top: 0px; line-height: 1.6;\">&#8211; Iz\u0161\u0137\u012bdina un no\u0146em taukus, e\u013c\u013cu un vaska paliekas no gr\u012bd\u0101m, automa\u0161\u012bnu deta\u013c\u0101m un dzin\u0113ja.<\/p>\n<p style=\"margin-bottom: 8px; margin-top: 0px; line-height: 1.6;\">&#8211; No\u0146em tipogr\u0101fijas kr\u0101su (ar\u012b ultravioleto kr\u0101su) no gumijas ru\u013c\u013ciem un iek\u0101rtu deta\u013c\u0101m.<\/p>\n<p style=\"margin-bottom: 8px; margin-top: 0px; line-height: 1.6;\">&#8211; No\u0146em sve\u0137u paliekas no instrumentiem un iek\u0101rtu deta\u013c\u0101m.<\/p>\n<p style=\"margin-bottom: 8px; margin-top: 0px; line-height: 1.6;\">&#8211; No\u0146em poliuret\u0101na putu paliekas p\u0113c to izmanto\u0161anas spraugu aizpild\u012b\u0161anai (piem\u0113ram, durvis, logi).<\/p>\n<p style=\"margin-bottom: 8px; margin-top: 0px; line-height: 1.6;\">&#8211; L\u012bdzek\u013ca sast\u0101v\u0101 eso\u0161\u0101s \u0113terisk\u0101s e\u013c\u013cas atbaida kukai\u0146us (mu\u0161as, odi) un nov\u0113r\u0161 kukai\u0146u vairo\u0161an\u0101s iesp\u0113jas st\u0101vo\u0161\u0101 \u016bden\u012b.<\/p>\n<p style=\"margin-bottom: 8px; margin-top: 0px; line-height: 1.6;\">&#8211; L\u012bdzeklis ir nekait\u012bgs plastmasas un gumijas izstr\u0101d\u0101jumiem, kas ir iztur\u012bgi pret \u0161\u0137\u012bdin\u0101t\u0101jiem.<\/p>\n<p style=\"margin-bottom: 10px; margin-top: 30px;\"><strong>Pielieto\u0161anas iesp\u0113jas<\/strong><\/p>\n<p style=\"margin-bottom: 8px; margin-top: 0px; line-height: 1.6;\">&#8211; Viesn\u012bcas, restor\u0101ni, baseini, pirtis, sporta kompleksi.<\/p>\n<p style=\"margin-bottom: 8px; margin-top: 0px; line-height: 1.6;\">&#8211; Nos\u0113dumu aku, atkritumu tvert\u0146u, \u0161ahtu un l\u012bdz\u012bgu vietu kop\u0161ana.<\/p>\n<p style=\"margin-bottom: 8px; margin-top: 0px; line-height: 1.6;\">&#8211; Dz\u012bvnieku aploku, dz\u012bvnieku atkritumu un j\u0113l\u0101du noliktavu kop\u0161ana.<\/p>\n<p style=\"margin-bottom: 8px; margin-top: 0px; line-height: 1.6;\">&#8211; Virtuves, ga\u013cas sadal\u012b\u0161anas telpu kop\u0161ana un kanaliz\u0101cijas cauru\u013cu t\u012br\u012b\u0161ana.<\/p>\n<p style=\"margin-bottom: 8px; margin-top: 0px; line-height: 1.6;\">&#8211; Plastmasas un met\u0101lapstr\u0101des r\u016bpniec\u012bba.<\/p>\n<p style=\"margin-bottom: 8px; margin-top: 0px; line-height: 1.6;\">&#8211; Kv\u0113pu likvid\u0113\u0161ana no virsm\u0101m p\u0113c ugunsgr\u0113ka.<\/p>\n<p style=\"margin-bottom: 10px; margin-top: 30px;\"><strong>Pielieto\u0161anas veidi un uzglab\u0101\u0161ana<\/strong><\/p>\n<p style=\"margin-bottom: 8px; margin-top: 0px; line-height: 1.6;\">&#8211; L\u012bdzekli uzkl\u0101t (uzsmidzin\u0101t) uz apstr\u0101d\u0101jam\u0101s virsmas (\u013coti net\u012bru virsmu t\u012br\u012b\u0161anai proporcij\u0101 1:10 vai 1:20), p\u0113c t\u012br\u012b\u0161anas virsmu noskalot ar aukstu \u016bdeni. P\u0113c nepiecie\u0161am\u012bbas l\u012bdzekli var at\u0161\u0137aid\u012bt no 1:10 l\u012bdz 1:1000. Sl\u0113gtas telpas p\u0113c l\u012bdzek\u013ca lieto\u0161anas ir j\u0101v\u0113dina! Uzman\u012bgi lietot, ja ir lakota vai plastik\u0101ta virsma! Uzglab\u0101jot l\u012bdzekli sarg\u0101t no sasal\u0161anas!<\/p>\n<p style=\"margin-bottom: 8px; margin-top: 0px; line-height: 1.6;\">&#8211; Uzman\u012bbu! Sarg\u0101t no b\u0113rniem! Gad\u012bjum\u0101, ja l\u012bdzeklis nok\u013c\u016bst uz \u0101das vai ac\u012bs, skalot teko\u0161\u0101 \u016bden\u012b. L\u012bdzek\u013ca nor\u012b\u0161anas gad\u012bjum\u0101 nekav\u0113joties v\u0113rsties pie \u0101rsta.<\/p>\n<p style=\"margin-bottom: 10px; margin-top: 30px;\"><strong>Tehniskais raksturojums<\/strong><\/p>\n<p style=\"margin-bottom: 8px; margin-top: 0px; line-height: 1.6;\"><strong>Fizisk\u0101 forma<\/strong>: \u0161\u0137idrums<\/p>\n<p style=\"margin-bottom: 8px; margin-top: 0px; line-height: 1.6;\"><strong>Bl\u012bvums (20 \u00baC)<\/strong>: 0.88 g \/ ml<\/p>\n<p style=\"margin-bottom: 8px; margin-top: 0px; line-height: 1.6;\"><strong>V\u0101r\u012b\u0161an\u0101s diapazons<\/strong>: +121 l\u012bdz +200 \u00baC<\/p>\n<p style=\"margin-bottom: 8px; margin-top: 0px; line-height: 1.6;\"><strong>Uzliesmo\u0161anas temperat\u016bra<\/strong>: +50 \u00baC<\/p>\n<p style=\"margin-bottom: 8px; margin-top: 0px; line-height: 1.6;\"><strong>Sast\u0101vs<\/strong>: nejonu virsmakt\u012bv\u0101s vielas (tens\u012bdi), konservanti, \u016bden\u012b \u0161\u0137\u012bsto\u0161i \u0161\u0137\u012bdin\u0101t\u0101ji, smar\u017evielas, \u0113terisk\u0101s e\u013c\u013cas<\/p>\n","protected":false},"excerpt":{"rendered":"<p>ATTAUKOT\u0100JS AR NEV\u0112LAMO SMAKU NEITRALIZ\u0112JO\u0160\u0100M \u012aPA\u0160\u012aB\u0100M \u012apa\u0161\u012bbas &#8211; Nov\u0113r\u0161 s\u0113r\u016bde\u0146ra\u017ea savieno\u0161anos ar smak\u0101m. &#8211; T\u012bra p\u016b\u0161anas produktu paliekas, nov\u0113r\u0161 p\u016b\u0161anas smaku. &#8211; Iz\u0161\u0137\u012bdina un no\u0146em taukus, e\u013c\u013cu un vaska paliekas no gr\u012bd\u0101m, automa\u0161\u012bnu deta\u013c\u0101m un dzin\u0113ja. &#8211; No\u0146em tipogr\u0101fijas kr\u0101su (ar\u012b ultravioleto kr\u0101su) no gumijas ru\u013c\u013ciem un iek\u0101rtu deta\u013c\u0101m. &#8211; No\u0146em sve\u0137u paliekas no instrumentiem&#8230;<\/p>\n","protected":false},"featured_media":4361,"template":"","meta":[],"product_brand":[337],"product_cat":[353,356,374],"product_tag":[],"class_list":{"0":"post-4360","1":"product","2":"type-product","3":"status-publish","4":"has-post-thumbnail","6":"product_brand-flore-chemie","7":"product_cat-flore-chemie-produkti","8":"product_cat-viesnicu-un-gastronomijas-nozares","9":"product_cat-specialie-mazgasanas-tirisanas-un-kopsanas-lidzekli-partikas-rupniecibai-virtuvem-ceptuvem-kupinasanas-cehiem-saldetavam-u-c","11":"first","12":"instock","13":"shipping-taxable","14":"purchasable","15":"product-type-variable","16":"has-default-attributes"},"_links":{"self":[{"href":"https:\/\/e-flore.store\/lv\/wp-json\/wp\/v2\/product\/4360","targetHints":{"allow":["GET"]}}],"collection":[{"href":"https:\/\/e-flore.store\/lv\/wp-json\/wp\/v2\/product"}],"about":[{"href":"https:\/\/e-flore.store\/lv\/wp-json\/wp\/v2\/types\/product"}],"wp:featuredmedia":[{"embeddable":true,"href":"https:\/\/e-flore.store\/lv\/wp-json\/wp\/v2\/media\/4361"}],"wp:attachment":[{"href":"https:\/\/e-flore.store\/lv\/wp-json\/wp\/v2\/media?parent=4360"}],"wp:term":[{"taxonomy":"product_brand","embeddable":true,"href":"https:\/\/e-flore.store\/lv\/wp-json\/wp\/v2\/product_brand?post=4360"},{"taxonomy":"product_cat","embeddable":true,"href":"https:\/\/e-flore.store\/lv\/wp-json\/wp\/v2\/product_cat?post=4360"},{"taxonomy":"product_tag","embeddable":true,"href":"https:\/\/e-flore.store\/lv\/wp-json\/wp\/v2\/product_tag?post=4360"}],"curies":[{"name":"wp","href":"https:\/\/api.w.org\/{rel}","templated":true}]}}