{"id":4366,"date":"2026-02-03T16:03:55","date_gmt":"2026-02-03T14:03:55","guid":{"rendered":"https:\/\/demo8.izveide.id.lv\/?post_type=product&#038;p=4366"},"modified":"2026-03-26T15:02:35","modified_gmt":"2026-03-26T13:02:35","slug":"smellex-bioclean-code-0795","status":"publish","type":"product","link":"https:\/\/e-flore.store\/lv\/produkts\/smellex-bioclean-code-0795\/","title":{"rendered":"Smellex Bioclean (kods 0795)"},"content":{"rendered":"<p><img decoding=\"async\" style=\"width: 100%; height: auto; display: block;\" src=\"\/wp-content\/uploads\/2026\/01\/0795-PARENT_desc.jpg\" \/><\/p>\n<div id=\"eflore-spacer-v55\" style=\"height: 0px; clear: both; width: 100%; display: block;\"><\/div>\n<p style=\"margin-bottom: 10px; margin-top: 30px;\"><strong>L\u012aDZEKLIS KANALIZ\u0100CIJAS CAURU\u013bU, TAUKU UZTV\u0112R\u0112JU UN TVAIKA NOS\u016aC\u0112JU FILTRU MIKROBIOLO\u0122ISKAI T\u012aR\u012a\u0160ANAI<\/strong><\/p>\n<p style=\"margin-bottom: 10px; margin-top: 30px;\"><strong>\u012apa\u0161\u012bbas<\/strong><\/p>\n<p style=\"margin-bottom: 8px; margin-top: 0px; line-height: 1.6;\">&#8211; Smellex Bioclean: inov\u0101cija t\u012br\u012b\u0161anas l\u012bdzek\u013cu sektor\u0101.<\/p>\n<p style=\"margin-bottom: 8px; margin-top: 0px; line-height: 1.6;\">&#8211; Smellex Bioclean ir jaun\u0101k\u0101s paaudzes t\u012br\u012b\u0161anas l\u012bdzeklis.<\/p>\n<p style=\"margin-bottom: 8px; margin-top: 0px; line-height: 1.6;\">&#8211; Smellex Bioclean sp\u0113c\u012bgi att\u012bra no taukiem, \u012bso un garo \u0137\u0113\u017eu tauksk\u0101b\u0113m, prote\u012bniem, lip\u012bdiem un og\u013chidr\u0101tiem un nov\u0113r\u0161 nepat\u012bkamu smaku veido\u0161anos, piem., s\u0113r\u016bde\u0146ra\u017ea un gaisto\u0161u smakojo\u0161u tauksk\u0101bju smakas, kas rodas biolo\u0123isk\u0101 no\u0101rd\u012b\u0161an\u0101s procesa laik\u0101 anaerob\u0101 vid\u0113. Pieredze liecina, ka \u0161is videi draudz\u012bgais produkta sast\u0101vs neboj\u0101 caurules, tvaika nos\u016bc\u0113ja filtrus un tauku uztv\u0113r\u0113jus.<\/p>\n<p style=\"margin-bottom: 8px; margin-top: 0px; line-height: 1.6;\">&#8211; Pateicoties inovat\u012bvai tens\u012bdu un mikroorganismu kombin\u0101cijai, piln\u012bb\u0101 tiek att\u012br\u012btas pat gr\u016bti pieejamas sist\u0113mas.<\/p>\n<p style=\"margin-bottom: 8px; margin-top: 0px; line-height: 1.6;\">&#8211; Smellex Bioclean sast\u0101v\u0101 eso\u0161ie pozit\u012bvie mikrobi ir dab\u012bgi un tie ieg\u016bti selekcijas veid\u0101, tie barojas ar taukiem, tauksk\u0101b\u0113m, prote\u012bniem un og\u013chidr\u0101tiem. \u0160ie mikroorganismi cilv\u0113kam ir absol\u016bti nekait\u012bgi un dro\u0161i.<\/p>\n<p style=\"margin-bottom: 10px; margin-top: 30px;\"><strong>Pielieto\u0161anas iesp\u0113jas<\/strong><\/p>\n<p style=\"margin-bottom: 10px; margin-top: 30px;\">Tauku uztv\u0113r\u0113ji:<\/p>\n<p style=\"margin-bottom: 8px; margin-top: 0px; line-height: 1.6;\">Lietojot Smellex Bioclean iev\u0113rojami samazin\u0101s tauku daudzums tauku uztv\u0113r\u0113j\u0101 un l\u012bdz ar to ar\u012b atkritumu izve\u0161anas izmaksas.<\/p>\n<p style=\"margin-bottom: 8px; margin-top: 0px; line-height: 1.6;\">&#8211; \u00a0pirmoreiz lietojot: 1,5 l\/m\u00b3 (tauku uztv\u0113r\u0113ja tilpums)<\/p>\n<p style=\"margin-bottom: 8px; margin-top: 0px; line-height: 1.6;\">&#8211; \u00a0regul\u0101ri lietojot: 400-500 \u0113diena porcijas\/ dien\u0101 apt. 0,4 l\/dien\u0101<\/p>\n<p style=\"margin-bottom: 8px; margin-top: 0px; line-height: 1.6;\">2000 \u0113diena porcijas\/ dien\u0101 apt. 1,5 l\/dien\u0101<\/p>\n<p style=\"margin-bottom: 10px; margin-top: 30px;\">Kanaliz\u0101cijas caurules:<\/p>\n<p style=\"margin-bottom: 8px; margin-top: 0px; line-height: 1.6;\">Tauku, olbaltumu un og\u013chidr\u0101tu nogulsnes kanaliz\u0101cijas caurul\u0113s v\u0101rda vistie\u0161\u0101k\u0101 noz\u012bm\u0113 ap\u0113d mikroorganismi un sadala maz\u0101s da\u013c\u0101s. Kanaliz\u0101cijas caurules vairs neaizsprostojas!<\/p>\n<p style=\"margin-bottom: 8px; margin-top: 0px; line-height: 1.6;\">&#8211; \u00a0pirmoreiz lietojot apt. 0,4 l\/ned\u0113\u013c\u0101<\/p>\n<p style=\"margin-bottom: 8px; margin-top: 0px; line-height: 1.6;\">&#8211; \u00a0regul\u0101ri lietojot apt. 0,1 l\/ned\u0113\u013c\u0101<\/p>\n<p style=\"margin-bottom: 10px; margin-top: 30px;\">Tvaika nos\u016bc\u0113ja filtri:<\/p>\n<p style=\"margin-bottom: 8px; margin-top: 0px; line-height: 1.6;\">&#8211; \u00a0pirmoreiz lietojot: att\u012br\u012bt filtrus no lielajiem net\u012brumiem, uzsmidzin\u0101t l\u012bdzekli un filtru ielikt atpaka\u013c, p\u0113c tam noskalot ar siltu \u016bdeni ik pa 14 dien\u0101m.<\/p>\n<p style=\"margin-bottom: 8px; margin-top: 0px; line-height: 1.6;\">&#8211; \u00a0regul\u0101ri lietojot: tvaika nos\u016bc\u0113ja darb\u012bbas laik\u0101 katru vakaru Smellex Bioclean neat\u0161\u0137aid\u012bt\u0101 veid\u0101, ventilatora darb\u012bbas laik\u0101, izsmidzin\u0101t uz filtra un \u013caut iedarboties aptuveni pusstundu. Mikroorganismi savairojas atbilsto\u0161i bar\u012bbas daudzumam iek\u013c\u016bstot pat ventil\u0101cijas \u0161aht\u0101 un att\u012bra no tauku nogulsn\u0113m. Kad visas nogulsnes ir ap\u0113stas, mikrobi nomirst.<\/p>\n<p style=\"margin-bottom: 8px; margin-top: 0px; line-height: 1.6;\">Katrs \u0161efpav\u0101rs zina par ugunsgr\u0113ka risku ventil\u0101cijas \u0161aht\u0101s. \u0160is risks praktiski piln\u012bb\u0101 tiek nov\u0113rsts. Nav nepiecie\u0161ama ar\u012b apgr\u016btino\u0161\u0101 t\u012br\u012b\u0161ana ar izsmidzin\u0101\u0161anas ier\u012bc\u0113m.<\/p>\n<p style=\"margin-bottom: 10px; margin-top: 30px;\"><strong>Pielieto\u0161anas veidi un uzglab\u0101\u0161ana<\/strong><\/p>\n<p style=\"margin-bottom: 8px; margin-top: 0px; line-height: 1.6;\">&#8211; Smellex\u00ae Bioclean ir gatavs lieto\u0161anai un to var lietot manu\u0101li vai izmantojot autom\u0101tisku doz\u0113\u0161anas ier\u012bci.<\/p>\n<p style=\"margin-bottom: 8px; margin-top: 0px; line-height: 1.6;\">&#8211; Izmanto\u0161anas temperat\u016bra: 5 \u2013 45 \u00baC.<\/p>\n<p style=\"margin-bottom: 8px; margin-top: 0px; line-height: 1.6;\">&#8211; Smellex\u00ae Bioclean neat\u0161\u0137aid\u012bt\u0101 veid\u0101 ieliet\/izsmidzin\u0101t t\u012br\u0101maj\u0101 sist\u0113m\u0101.<\/p>\n<p style=\"margin-bottom: 8px; margin-top: 0px; line-height: 1.6;\">&#8211; Smellex\u00ae Bioclean neizmantot temperat\u016br\u0101, kas zem\u0101ka par 5 \u00baC, un tie\u0161os saules staros, pret\u0113j\u0101 gad\u012bjum\u0101 mikroorganismu iedarb\u012bba var b\u016bt neefekt\u012bva. Uzglab\u0101t tum\u0161\u0101 viet\u0101 un sarg\u0101t no sala.<\/p>\n<p style=\"margin-bottom: 8px; margin-top: 0px; line-height: 1.6;\">&#8211; Smellex Bioclean gandr\u012bz viens pats tiek gal\u0101 ar gr\u016btiem un darbietilp\u012bgiem t\u012br\u012b\u0161anas pas\u0101kumiem un pal\u012bdz ietaup\u012bt daudz laika un ar\u012b naudas.<\/p>\n<p style=\"margin-bottom: 10px; margin-top: 30px;\"><strong>Tehniskais raksturojums<\/strong><\/p>\n<p style=\"margin-bottom: 8px; margin-top: 0px; line-height: 1.6;\"><strong>Fizisk\u0101 forma<\/strong>: \u0161\u0137idrums bez smar\u017eas kr\u0113mveida kr\u0101s\u0101<\/p>\n<p style=\"margin-bottom: 8px; margin-top: 0px; line-height: 1.6;\"><strong>Bl\u012bvums (20 \u00baC)<\/strong>: 1,06 g \/ cm\u00b3<\/p>\n<p style=\"margin-bottom: 8px; margin-top: 0px; line-height: 1.6;\"><strong>pH l\u012bmenis (konc. 20 \u00baC)<\/strong>: 8,0 \u2013 9,0<\/p>\n<p style=\"margin-bottom: 8px; margin-top: 0px; line-height: 1.6;\"><strong>Uzliesmo\u0161anas temperat\u016bra<\/strong>: nepiem\u0113ro<\/p>\n<p style=\"margin-bottom: 8px; margin-top: 0px; line-height: 1.6;\"><strong>Sast\u0101vs<\/strong>: tens\u012bdi, nepatog\u0113ni mikroorganismi<\/p>\n","protected":false},"excerpt":{"rendered":"<p>L\u012aDZEKLIS KANALIZ\u0100CIJAS CAURU\u013bU, TAUKU UZTV\u0112R\u0112JU UN TVAIKA NOS\u016aC\u0112JU FILTRU MIKROBIOLO\u0122ISKAI T\u012aR\u012a\u0160ANAI \u012apa\u0161\u012bbas &#8211; Smellex Bioclean: inov\u0101cija t\u012br\u012b\u0161anas l\u012bdzek\u013cu sektor\u0101. &#8211; Smellex Bioclean ir jaun\u0101k\u0101s paaudzes t\u012br\u012b\u0161anas l\u012bdzeklis. &#8211; Smellex Bioclean sp\u0113c\u012bgi att\u012bra no taukiem, \u012bso un garo \u0137\u0113\u017eu tauksk\u0101b\u0113m, prote\u012bniem, lip\u012bdiem un og\u013chidr\u0101tiem un nov\u0113r\u0161 nepat\u012bkamu smaku veido\u0161anos, piem., s\u0113r\u016bde\u0146ra\u017ea un gaisto\u0161u smakojo\u0161u tauksk\u0101bju smakas,&#8230;<\/p>\n","protected":false},"featured_media":4367,"template":"","meta":[],"product_brand":[337],"product_cat":[353,356,374],"product_tag":[],"class_list":{"0":"post-4366","1":"product","2":"type-product","3":"status-publish","4":"has-post-thumbnail","6":"product_brand-flore-chemie","7":"product_cat-flore-chemie-produkti","8":"product_cat-viesnicu-un-gastronomijas-nozares","9":"product_cat-specialie-mazgasanas-tirisanas-un-kopsanas-lidzekli-partikas-rupniecibai-virtuvem-ceptuvem-kupinasanas-cehiem-saldetavam-u-c","11":"first","12":"instock","13":"shipping-taxable","14":"purchasable","15":"product-type-variable","16":"has-default-attributes"},"_links":{"self":[{"href":"https:\/\/e-flore.store\/lv\/wp-json\/wp\/v2\/product\/4366","targetHints":{"allow":["GET"]}}],"collection":[{"href":"https:\/\/e-flore.store\/lv\/wp-json\/wp\/v2\/product"}],"about":[{"href":"https:\/\/e-flore.store\/lv\/wp-json\/wp\/v2\/types\/product"}],"wp:featuredmedia":[{"embeddable":true,"href":"https:\/\/e-flore.store\/lv\/wp-json\/wp\/v2\/media\/4367"}],"wp:attachment":[{"href":"https:\/\/e-flore.store\/lv\/wp-json\/wp\/v2\/media?parent=4366"}],"wp:term":[{"taxonomy":"product_brand","embeddable":true,"href":"https:\/\/e-flore.store\/lv\/wp-json\/wp\/v2\/product_brand?post=4366"},{"taxonomy":"product_cat","embeddable":true,"href":"https:\/\/e-flore.store\/lv\/wp-json\/wp\/v2\/product_cat?post=4366"},{"taxonomy":"product_tag","embeddable":true,"href":"https:\/\/e-flore.store\/lv\/wp-json\/wp\/v2\/product_tag?post=4366"}],"curies":[{"name":"wp","href":"https:\/\/api.w.org\/{rel}","templated":true}]}}