{"id":4372,"date":"2026-02-03T16:03:55","date_gmt":"2026-02-03T14:03:55","guid":{"rendered":"https:\/\/demo8.izveide.id.lv\/?post_type=product&#038;p=4372"},"modified":"2026-03-26T15:02:41","modified_gmt":"2026-03-26T13:02:41","slug":"flamil-backblechreiniger-code-0524","status":"publish","type":"product","link":"https:\/\/e-flore.store\/lv\/produkts\/flamil-backblechreiniger-code-0524\/","title":{"rendered":"Flamil Backblechreiniger (kods 0524)"},"content":{"rendered":"<p><img decoding=\"async\" src=\"\/wp-content\/uploads\/2026\/01\/0524-PARENT_desc.jpg\" style=\"width: 100%; height: auto; display: block;\"><\/p>\n<div id=\"eflore-spacer-v55\" style=\"height: 0px; clear: both; width: 100%; display: block;\"><\/div>\n<p style=\"margin-bottom: 10px; margin-top: 30px;\"><strong>L\u012aDZEKLIS SODR\u0112JU UN PIEDEGUMA PRODUKTU T\u012aR\u012a\u0160ANAI<\/strong><\/p>\n<p style=\"margin-bottom: 10px; margin-top: 30px;\"><strong>\u012apa\u0161\u012bbas<\/strong><\/p>\n<p style=\"margin-bottom: 8px; margin-top: 0px; line-height: 1.6;\">&#8211; L\u012bdzeklis efekt\u012bvi t\u012bra virsmas no piedeguma produktiem.<\/p>\n<p style=\"margin-bottom: 8px; margin-top: 0px; line-height: 1.6;\">&#8211; Piem\u0113rots darbam ar rok\u0101m un mazg\u0101\u0161anas ma\u0161\u012bn\u0101m.<\/p>\n<p style=\"margin-bottom: 8px; margin-top: 0px; line-height: 1.6;\">&#8211; Piem\u0113rots alum\u012bnija virsmu t\u012br\u012b\u0161anai, aizsarg\u0101 alum\u012bniju.<\/p>\n<p style=\"margin-bottom: 8px; margin-top: 0px; line-height: 1.6;\">&#8211; L\u012bdzeklim pievienot\u0101s jaun\u0101k\u0101s paaudzes virsmakt\u012bv\u0101s vielas \u013cauj pan\u0101kt vajadz\u012bgo efektu neber\u017eot virsmu.<\/p>\n<p style=\"margin-bottom: 8px; margin-top: 0px; line-height: 1.6;\">&#8211; L\u012bdzeklis neputo.<\/p>\n<p style=\"margin-bottom: 10px; margin-top: 30px;\"><strong>Pielieto\u0161anas iesp\u0113jas<\/strong><\/p>\n<p style=\"margin-bottom: 8px; margin-top: 0px; line-height: 1.6;\">&#8211; \u0100tri un efekt\u012bvi t\u012bra cep\u0161anas un k\u016bpin\u0101\u0161anas iek\u0101rtas no sodr\u0113jiem un piedeguma produktiem.<\/p>\n<p style=\"margin-bottom: 8px; margin-top: 0px; line-height: 1.6;\">&#8211; Da\u017e\u0101du cieto iepakojuma veidu mazg\u0101\u0161ana ar mazg\u0101\u0161anas ma\u0161\u012bn\u0101m p\u0101rtikas r\u016bpniec\u012bb\u0101.<\/p>\n<p style=\"margin-bottom: 8px; margin-top: 0px; line-height: 1.6;\">&#8211; \u012apa\u0161i efekt\u012bvs darb\u0101 ar maizes cep\u0161anas iek\u0101rt\u0101m, alum\u012bnija form\u0101m.<\/p>\n<p style=\"margin-bottom: 10px; margin-top: 30px;\"><strong>Pielieto\u0161anas veidi un uzglab\u0101\u0161ana<\/strong><\/p>\n<p style=\"margin-bottom: 8px; margin-top: 0px; line-height: 1.6;\">&#8211; Pielietojot l\u012bdzekli j\u0101\u0146em v\u0113r\u0101 \u016bdens ciet\u012bbas pak\u0101pe \u2013 jo ciet\u0101ks \u016bdens, jo koncentr\u0113t\u0101ks j\u0101veido darba \u0161\u0137\u012bdums.<\/p>\n<p style=\"margin-bottom: 8px; margin-top: 0px; line-height: 1.6;\">M\u012bksts \u016bdens \u2013 3 g l\u012bdzek\u013ca uz 1 litru \u016bdens. Ciets \u016bdens \u2013 9 g l\u012bdzek\u013ca uz 1 litru \u016bdens.<\/p>\n<p style=\"margin-bottom: 8px; margin-top: 0px; line-height: 1.6;\">&#8211; Mazg\u0101jot ar rok\u0101m un m\u0113rc\u0113jot \u2013 at\u0161\u0137aid\u012bt proporcij\u0101 1:10.<\/p>\n<p style=\"margin-bottom: 8px; margin-top: 0px; line-height: 1.6;\">&#8211; Mazg\u0101jot ar ma\u0161\u012bnu 1:50 l\u012bdz 1:100.<\/p>\n<p style=\"margin-bottom: 8px; margin-top: 0px; line-height: 1.6;\">&#8211; \u012apa\u0161i piedegu\u0161as alum\u012bnija formas ieteicams v\u0101r\u012bt darba \u0161\u0137\u012bdum\u0101 10 \u2013 15 min\u016btes.<\/p>\n<p style=\"margin-bottom: 8px; margin-top: 0px; line-height: 1.6;\">&#8211; Uzman\u012bbu! Sarg\u0101t no b\u0113rniem! L\u012bdzeklim nok\u013c\u016bstot ac\u012bs jeb uz \u0101das, skalot ar lielu \u016bdens daudzumu. Notiekot nelaimes gad\u012bjumam nekav\u0113joties griezties pie \u0101rsta. Lietot cimdus un aizsargt\u0113rpu, k\u0101 ar\u012b aizsargbrilles. Koncentr\u0101ts var izrais\u012bt \u0137\u012bmisku apdegumu!<\/p>\n<p style=\"margin-bottom: 10px; margin-top: 30px;\"><strong>Tehniskais raksturojums<\/strong><\/p>\n<p style=\"margin-bottom: 8px; margin-top: 0px; line-height: 1.6;\"><strong>Fizisk\u0101 forma<\/strong>: \u0161\u0137idrums<\/p>\n<p style=\"margin-bottom: 8px; margin-top: 0px; line-height: 1.6;\"><strong>Bl\u012bvums (20 \u00baC)<\/strong>: 1.22 g \/ ml<\/p>\n<p style=\"margin-bottom: 8px; margin-top: 0px; line-height: 1.6;\"><strong>pH l\u012bmenis<\/strong>: 14<\/p>\n<p style=\"margin-bottom: 8px; margin-top: 0px; line-height: 1.6;\"><strong>V\u0101r\u012b\u0161an\u0101s diapazons<\/strong>: +100 \u00baC<\/p>\n<p style=\"margin-bottom: 8px; margin-top: 0px; line-height: 1.6;\"><strong>Sast\u0101vs<\/strong>: virsmakt\u012bv\u0101s vielas, fosf\u0101ti, silik\u0101ti, s\u0101rmi<\/p>\n","protected":false},"excerpt":{"rendered":"<p>L\u012aDZEKLIS SODR\u0112JU UN PIEDEGUMA PRODUKTU T\u012aR\u012a\u0160ANAI \u012apa\u0161\u012bbas &#8211; L\u012bdzeklis efekt\u012bvi t\u012bra virsmas no piedeguma produktiem. &#8211; Piem\u0113rots darbam ar rok\u0101m un mazg\u0101\u0161anas ma\u0161\u012bn\u0101m. &#8211; Piem\u0113rots alum\u012bnija virsmu t\u012br\u012b\u0161anai, aizsarg\u0101 alum\u012bniju. &#8211; L\u012bdzeklim pievienot\u0101s jaun\u0101k\u0101s paaudzes virsmakt\u012bv\u0101s vielas \u013cauj pan\u0101kt vajadz\u012bgo efektu neber\u017eot virsmu. &#8211; L\u012bdzeklis neputo. Pielieto\u0161anas iesp\u0113jas &#8211; \u0100tri un efekt\u012bvi t\u012bra cep\u0161anas un&#8230;<\/p>\n","protected":false},"featured_media":4373,"template":"","meta":[],"product_brand":[337],"product_cat":[353,356,374],"product_tag":[],"class_list":{"0":"post-4372","1":"product","2":"type-product","3":"status-publish","4":"has-post-thumbnail","6":"product_brand-flore-chemie","7":"product_cat-flore-chemie-produkti","8":"product_cat-viesnicu-un-gastronomijas-nozares","9":"product_cat-specialie-mazgasanas-tirisanas-un-kopsanas-lidzekli-partikas-rupniecibai-virtuvem-ceptuvem-kupinasanas-cehiem-saldetavam-u-c","11":"first","12":"instock","13":"shipping-taxable","14":"purchasable","15":"product-type-variable","16":"has-default-attributes"},"_links":{"self":[{"href":"https:\/\/e-flore.store\/lv\/wp-json\/wp\/v2\/product\/4372","targetHints":{"allow":["GET"]}}],"collection":[{"href":"https:\/\/e-flore.store\/lv\/wp-json\/wp\/v2\/product"}],"about":[{"href":"https:\/\/e-flore.store\/lv\/wp-json\/wp\/v2\/types\/product"}],"wp:featuredmedia":[{"embeddable":true,"href":"https:\/\/e-flore.store\/lv\/wp-json\/wp\/v2\/media\/4373"}],"wp:attachment":[{"href":"https:\/\/e-flore.store\/lv\/wp-json\/wp\/v2\/media?parent=4372"}],"wp:term":[{"taxonomy":"product_brand","embeddable":true,"href":"https:\/\/e-flore.store\/lv\/wp-json\/wp\/v2\/product_brand?post=4372"},{"taxonomy":"product_cat","embeddable":true,"href":"https:\/\/e-flore.store\/lv\/wp-json\/wp\/v2\/product_cat?post=4372"},{"taxonomy":"product_tag","embeddable":true,"href":"https:\/\/e-flore.store\/lv\/wp-json\/wp\/v2\/product_tag?post=4372"}],"curies":[{"name":"wp","href":"https:\/\/api.w.org\/{rel}","templated":true}]}}