{"id":4391,"date":"2026-02-03T16:03:58","date_gmt":"2026-02-03T14:03:58","guid":{"rendered":"https:\/\/demo8.izveide.id.lv\/?post_type=product&#038;p=4391"},"modified":"2026-02-19T16:01:45","modified_gmt":"2026-02-19T14:01:45","slug":"perfekt-code-0152","status":"publish","type":"product","link":"https:\/\/e-flore.store\/lv\/produkts\/perfekt-code-0152\/","title":{"rendered":"Perfekt (kods 0152)"},"content":{"rendered":"<p><img decoding=\"async\" alt=\"0152-PARENT\" class=\"alignnone size-full wp-image-2140\" src=\"\/wp-content\/uploads\/2026\/01\/0152-PARENT_desc.jpg\" width=\"100%\" style=\"width: 100%; height: auto; display: block;\" srcset=\"https:\/\/e-flore.store\/wp-content\/uploads\/2026\/01\/0152-PARENT_desc.jpg 958w, https:\/\/e-flore.store\/wp-content\/uploads\/2026\/01\/0152-PARENT_desc-600x433.jpg 600w, https:\/\/e-flore.store\/wp-content\/uploads\/2026\/01\/0152-PARENT_desc-300x217.jpg 300w\" sizes=\"(max-width: 958px) 100vw, 958px\" \/><\/p>\n<div id=\"eflore-spacer-v55\" style=\"height: 0px; clear: both; width: 100%; display: block;\"><\/div>\n<p style=\"margin-bottom: 10px; margin-top: 30px;\"><strong>KR\u0112MVEIDA PASTA ROKU MAZG\u0100\u0160ANAI<\/strong><\/p>\n<p style=\"margin-bottom: 10px; margin-top: 30px;\"><strong>\u012apa\u0161\u012bbas<\/strong><\/p>\n<p style=\"margin-bottom: 8px; margin-top: 0px; line-height: 1.6;\">&#8211; Efekt\u012bvi t\u012bra roku \u0101du no e\u013c\u013cas, taukiem, sodr\u0113jiem, tintes un kr\u0101sas traipiem.<\/p>\n<p style=\"margin-bottom: 8px; margin-top: 0px; line-height: 1.6;\">&#8211; Satur lanol\u012bnu un citas roku \u0101du aizsarg\u0101jo\u0161as un barojo\u0161as vielas.<\/p>\n<p style=\"margin-bottom: 8px; margin-top: 0px; line-height: 1.6;\">&#8211; Nesatur abraz\u012bv\u0101s smilts da\u013ci\u0146as, bet sapres\u0113tus produkta &#8220;asumi\u0146us&#8221;, kas p\u0113c laika iz\u0161\u0137\u012bst \u016bden\u012b\u00a0&#8211; t\u0101tad netraum\u0113 \u0101du un neaizs\u0101r\u0146o kanaliz\u0101cijas caurules.<\/p>\n<p style=\"margin-bottom: 8px; margin-top: 0px; line-height: 1.6;\">&#8211; L\u012bdzeklim piem\u012bt pat\u012bkama, svaiga smar\u017ea.<\/p>\n<p style=\"margin-bottom: 10px; margin-top: 30px;\"><strong>Pielieto\u0161anas iesp\u0113jas<\/strong><\/p>\n<p style=\"margin-bottom: 8px; margin-top: 0px; line-height: 1.6;\">&#8211; Darbn\u012bcas, servisi, noliktavas.<\/p>\n<p style=\"margin-bottom: 8px; margin-top: 0px; line-height: 1.6;\">&#8211; Tipogr\u0101fijas.<\/p>\n<p style=\"margin-bottom: 8px; margin-top: 0px; line-height: 1.6;\">&#8211; Viesn\u012bcas.<\/p>\n<p style=\"margin-bottom: 8px; margin-top: 0px; line-height: 1.6;\">&#8211; Slimn\u012bcas, pansion\u0101ti.<\/p>\n<p style=\"margin-bottom: 8px; margin-top: 0px; line-height: 1.6;\">&#8211; D\u0101rzniec\u012bbas un m\u0101jsaimniec\u012bbas darbi.<\/p>\n<p style=\"margin-bottom: 8px; margin-top: 0px; line-height: 1.6;\">&#8211; Lauksaimniec\u012bba, lopkop\u012bba u.c.<\/p>\n<p style=\"margin-bottom: 10px; margin-top: 30px;\"><strong>Pielieto\u0161anas veidi un uzglab\u0101\u0161ana<\/strong><\/p>\n<p style=\"margin-bottom: 8px; margin-top: 0px; line-height: 1.6;\">Uz sausas \u0101das uzkl\u0101t 0,5 cm\u00b3 l\u012bdzek\u013ca un k\u0101rt\u012bgi ier\u012bv\u0113t. P\u0113c net\u012brumu iz\u0161\u0137\u012b\u0161anas rokas noslauc\u012bt ar dr\u0101nu, salveti, vai noskalot ar \u016bdeni.<\/p>\n<p style=\"margin-bottom: 10px; margin-top: 30px;\"><strong>Tehniskais raksturojums<\/strong><\/p>\n<p style=\"margin-bottom: 8px; margin-top: 0px; line-height: 1.6;\"><strong>Fizisk\u0101 forma<\/strong>: kr\u0113mveida \u0161\u0137idrums<\/p>\n<p style=\"margin-bottom: 8px; margin-top: 0px; line-height: 1.6;\"><strong>Bl\u012bvums (20 \u00baC)<\/strong>: 1.0 g\/ml, 0.82 g \/ ml<\/p>\n<p style=\"margin-bottom: 8px; margin-top: 0px; line-height: 1.6;\"><strong>pH l\u012bmenis<\/strong>: 6.7 \u2013 7<\/p>\n<p style=\"margin-bottom: 8px; margin-top: 0px; line-height: 1.6;\"><strong>Viskozit\u0101te<\/strong>: 4.00 MgPa*\u0441<\/p>\n","protected":false},"excerpt":{"rendered":"<p>KR\u0112MVEIDA PASTA ROKU MAZG\u0100\u0160ANAI \u012apa\u0161\u012bbas &#8211; Efekt\u012bvi t\u012bra roku \u0101du no e\u013c\u013cas, taukiem, sodr\u0113jiem, tintes un kr\u0101sas traipiem. &#8211; Satur lanol\u012bnu un citas roku \u0101du aizsarg\u0101jo\u0161as un barojo\u0161as vielas. &#8211; Nesatur abraz\u012bv\u0101s smilts da\u013ci\u0146as, bet sapres\u0113tus produkta &#8220;asumi\u0146us&#8221;, kas p\u0113c laika iz\u0161\u0137\u012bst \u016bden\u012b\u00a0&#8211; t\u0101tad netraum\u0113 \u0101du un neaizs\u0101r\u0146o kanaliz\u0101cijas caurules. &#8211; L\u012bdzeklim piem\u012bt pat\u012bkama, svaiga&#8230;<\/p>\n","protected":false},"featured_media":4392,"template":"","meta":[],"product_brand":[337],"product_cat":[353,356,371],"product_tag":[],"class_list":{"0":"post-4391","1":"product","2":"type-product","3":"status-publish","4":"has-post-thumbnail","6":"product_brand-flore-chemie","7":"product_cat-flore-chemie-produkti","8":"product_cat-viesnicu-un-gastronomijas-nozares","9":"product_cat-roku-adas-un-kermena-mazgasanas-aizsardzibas-un-kopsanas-lidzekli","11":"first","12":"instock","13":"shipping-taxable","14":"purchasable","15":"product-type-simple"},"_links":{"self":[{"href":"https:\/\/e-flore.store\/lv\/wp-json\/wp\/v2\/product\/4391","targetHints":{"allow":["GET"]}}],"collection":[{"href":"https:\/\/e-flore.store\/lv\/wp-json\/wp\/v2\/product"}],"about":[{"href":"https:\/\/e-flore.store\/lv\/wp-json\/wp\/v2\/types\/product"}],"wp:featuredmedia":[{"embeddable":true,"href":"https:\/\/e-flore.store\/lv\/wp-json\/wp\/v2\/media\/4392"}],"wp:attachment":[{"href":"https:\/\/e-flore.store\/lv\/wp-json\/wp\/v2\/media?parent=4391"}],"wp:term":[{"taxonomy":"product_brand","embeddable":true,"href":"https:\/\/e-flore.store\/lv\/wp-json\/wp\/v2\/product_brand?post=4391"},{"taxonomy":"product_cat","embeddable":true,"href":"https:\/\/e-flore.store\/lv\/wp-json\/wp\/v2\/product_cat?post=4391"},{"taxonomy":"product_tag","embeddable":true,"href":"https:\/\/e-flore.store\/lv\/wp-json\/wp\/v2\/product_tag?post=4391"}],"curies":[{"name":"wp","href":"https:\/\/api.w.org\/{rel}","templated":true}]}}