{"id":4393,"date":"2026-02-03T16:03:58","date_gmt":"2026-02-03T14:03:58","guid":{"rendered":"https:\/\/demo8.izveide.id.lv\/?post_type=product&#038;p=4393"},"modified":"2026-03-26T15:02:09","modified_gmt":"2026-03-26T13:02:09","slug":"florin-hsc-code-189","status":"publish","type":"product","link":"https:\/\/e-flore.store\/lv\/produkts\/florin-hsc-code-189\/","title":{"rendered":"Florin HSC (kods 189)"},"content":{"rendered":"<p><img decoding=\"async\" style=\"width: 100%; height: auto; display: block;\" src=\"\/wp-content\/uploads\/2026\/01\/189-PARENT_desc.jpg\" \/><\/p>\n<p style=\"margin-bottom: 10px; margin-top: 30px;\"><strong>ROKU AIZSARGKR\u0112MS \u2013 BIOLO\u0122ISKIE CIMDI. AIZVIETO GUMIJAS CIMDUS. KL\u012aNISKI P\u0100RBAUD\u012aTS<\/strong><\/p>\n<p style=\"margin-bottom: 10px; margin-top: 30px;\"><strong>\u012apa\u0161\u012bbas<\/strong><\/p>\n<p style=\"margin-bottom: 8px; margin-top: 0px; line-height: 1.6;\">\u2013 Roku aizsargkr\u0113ms, aizvieto gumijas cimdus.<\/p>\n<p style=\"margin-bottom: 8px; margin-top: 0px; line-height: 1.6;\">\u2013 Aizsarg\u0101 roku \u0101du no \u0137\u012bmisko vielu iedarb\u012bbas, no sk\u0101b\u0113m, s\u0101rmiem un attaukot\u0101jiem, cementa, ka\u013c\u0137a, miner\u0101lm\u0113sliem, mazg\u0101\u0161anas l\u012bdzek\u013ciem, dezinfekcijas l\u012bdzek\u013ciem, kod\u012bgas kr\u0101sas, tintes, tu\u0161as, \u0161\u0137\u012bdin\u0101t\u0101jiem, taukiem un e\u013c\u013c\u0101m, no stikla vai miner\u0101lvates meh\u0101niskas iedarb\u012bbas un aler\u0123iskas reakcijas pret stikla \u0161\u0137iedru.<\/p>\n<p style=\"margin-bottom: 8px; margin-top: 0px; line-height: 1.6;\">\u2013 Pasarg\u0101 \u0101du vair\u0101kas stundas no t\u016bskas, sausuma, apdeguma un \u0101das plais\u0101\u0161anas.<\/p>\n<p style=\"margin-bottom: 8px; margin-top: 0px; line-height: 1.6;\">\u2013 Nov\u0113r\u0161 \u0101das pies\u0101r\u0146ojumu, sasm\u0113r\u0113\u0161anu (net\u012brumus atgr\u016bdo\u0161s).<\/p>\n<p style=\"margin-bottom: 10px; margin-top: 30px;\"><strong>Pielieto\u0161anas iesp\u0113jas<\/strong><\/p>\n<p style=\"margin-bottom: 8px; margin-top: 0px; line-height: 1.6;\">\u2013 L\u012bdzeklis izmantojams r\u016bpniec\u012bb\u0101, tirdzniec\u012bb\u0101, p\u0101rtikas nozar\u0113s, amatniec\u012bb\u0101, virtuves darbos.<\/p>\n<p style=\"margin-bottom: 8px; margin-top: 0px; line-height: 1.6;\">\u2013 Ide\u0101li piem\u0113rots situ\u0101cij\u0101s, kur\u0101s ir apgr\u016btino\u0161i lietot gumijas cimdus.<\/p>\n<p style=\"margin-bottom: 10px; margin-top: 30px;\"><strong>Pielieto\u0161anas veidi un uzglab\u0101\u0161ana<\/strong><\/p>\n<p style=\"margin-bottom: 8px; margin-top: 0px; line-height: 1.6;\">\u2013 Ieberz\u0113t nelielu l\u012bdzek\u013ca daudzumu rok\u0101s.<\/p>\n<p style=\"margin-bottom: 8px; margin-top: 0px; line-height: 1.6;\">\u2013 Pirms tie\u0161as saskarsmes ar kait\u012bgu vidi, \u013caut l\u012bdzeklim iedarboties 2 min\u016btes.<\/p>\n<p style=\"margin-bottom: 8px; margin-top: 0px; line-height: 1.6;\">\u2013 P\u0113c darba beig\u0101m, rokas k\u0101rt\u012bgi nomazg\u0101t.<\/p>\n<p style=\"margin-bottom: 8px; margin-top: 0px; line-height: 1.6;\">Uzman\u012bbu! Uzglab\u0101jot ne\u013caut l\u012bdzeklim sasalt!<\/p>\n<p style=\"margin-bottom: 10px; margin-top: 30px;\"><strong>Tehniskais raksturojums<\/strong><\/p>\n<p style=\"margin-bottom: 8px; margin-top: 0px; line-height: 1.6;\"><strong>Fizisk\u0101 forma:<\/strong> kr\u0113ms<\/p>\n<p style=\"margin-bottom: 8px; margin-top: 0px; line-height: 1.6;\"><strong>Bl\u012bvums (20 \u00b0C):<\/strong> 0.9 g \/ ml<\/p>\n<p style=\"margin-bottom: 8px; margin-top: 0px; line-height: 1.6;\"><strong>pH l\u012bmenis:<\/strong> 8.5<\/p>\n<p style=\"margin-bottom: 8px; margin-top: 0px; line-height: 1.6;\"><strong>Sast\u0101vs:<\/strong> stear\u0101ts, propil\u0113nglikols, glicerols, papildvielas<\/p>\n","protected":false},"excerpt":{"rendered":"<p>ROKU AIZSARGKR\u0112MS \u2013 BIOLO\u0122ISKIE CIMDI. AIZVIETO GUMIJAS CIMDUS. KL\u012aNISKI P\u0100RBAUD\u012aTS \u012apa\u0161\u012bbas \u2013 Roku aizsargkr\u0113ms, aizvieto gumijas cimdus. \u2013 Aizsarg\u0101 roku \u0101du no \u0137\u012bmisko vielu iedarb\u012bbas, no sk\u0101b\u0113m, s\u0101rmiem un attaukot\u0101jiem, cementa, ka\u013c\u0137a, miner\u0101lm\u0113sliem, mazg\u0101\u0161anas l\u012bdzek\u013ciem, dezinfekcijas l\u012bdzek\u013ciem, kod\u012bgas kr\u0101sas, tintes, tu\u0161as, \u0161\u0137\u012bdin\u0101t\u0101jiem, taukiem un e\u013c\u013c\u0101m, no stikla vai miner\u0101lvates meh\u0101niskas iedarb\u012bbas un aler\u0123iskas reakcijas pret&#8230;<\/p>\n","protected":false},"featured_media":4394,"template":"","meta":[],"product_brand":[337],"product_cat":[353,356,371],"product_tag":[],"class_list":{"0":"post-4393","1":"product","2":"type-product","3":"status-publish","4":"has-post-thumbnail","6":"product_brand-flore-chemie","7":"product_cat-flore-chemie-produkti","8":"product_cat-viesnicu-un-gastronomijas-nozares","9":"product_cat-roku-adas-un-kermena-mazgasanas-aizsardzibas-un-kopsanas-lidzekli","11":"first","12":"instock","13":"shipping-taxable","14":"purchasable","15":"product-type-variable","16":"has-default-attributes"},"_links":{"self":[{"href":"https:\/\/e-flore.store\/lv\/wp-json\/wp\/v2\/product\/4393","targetHints":{"allow":["GET"]}}],"collection":[{"href":"https:\/\/e-flore.store\/lv\/wp-json\/wp\/v2\/product"}],"about":[{"href":"https:\/\/e-flore.store\/lv\/wp-json\/wp\/v2\/types\/product"}],"wp:featuredmedia":[{"embeddable":true,"href":"https:\/\/e-flore.store\/lv\/wp-json\/wp\/v2\/media\/4394"}],"wp:attachment":[{"href":"https:\/\/e-flore.store\/lv\/wp-json\/wp\/v2\/media?parent=4393"}],"wp:term":[{"taxonomy":"product_brand","embeddable":true,"href":"https:\/\/e-flore.store\/lv\/wp-json\/wp\/v2\/product_brand?post=4393"},{"taxonomy":"product_cat","embeddable":true,"href":"https:\/\/e-flore.store\/lv\/wp-json\/wp\/v2\/product_cat?post=4393"},{"taxonomy":"product_tag","embeddable":true,"href":"https:\/\/e-flore.store\/lv\/wp-json\/wp\/v2\/product_tag?post=4393"}],"curies":[{"name":"wp","href":"https:\/\/api.w.org\/{rel}","templated":true}]}}