{"id":4401,"date":"2026-02-03T16:03:59","date_gmt":"2026-02-03T14:03:59","guid":{"rendered":"https:\/\/demo8.izveide.id.lv\/?post_type=product&#038;p=4401"},"modified":"2026-03-26T15:02:03","modified_gmt":"2026-03-26T13:02:03","slug":"flusan-perlmutt-code-0193","status":"publish","type":"product","link":"https:\/\/e-flore.store\/lv\/produkts\/flusan-perlmutt-code-0193\/","title":{"rendered":"Fl\u00fcsan Perlmutt (kods 0193)"},"content":{"rendered":"<p><img decoding=\"async\" src=\"\/wp-content\/uploads\/2026\/01\/0193-PARENT_desc.jpg\" style=\"width: 100%; height: auto; display: block;\"><\/p>\n<div id=\"eflore-spacer-v55\" style=\"height: 0px; clear: both; width: 100%; display: block;\"><\/div>\n<p style=\"margin-bottom: 10px; margin-top: 30px;\"><strong>KONCENTR\u0112TAS, \u0100DU M\u012aKSTINO\u0160AS KR\u0112MZIEPES<\/strong><\/p>\n<p style=\"margin-bottom: 10px; margin-top: 30px;\"><strong>\u012apa\u0161\u012bbas<\/strong><\/p>\n<p style=\"margin-bottom: 8px; margin-top: 0px; line-height: 1.6;\">&#8211; M\u012bkstino\u0161s du\u0161as \u0161amp\u016bns-kr\u0113ms ar optim\u0101lu komponentu saturu.<\/p>\n<p style=\"margin-bottom: 8px; margin-top: 0px; line-height: 1.6;\">&#8211; Sp\u0113j dzi\u013ci atv\u0113rt un izt\u012br\u012bt \u0101das poras.<\/p>\n<p style=\"margin-bottom: 8px; margin-top: 0px; line-height: 1.6;\">&#8211; \u013boti pat\u012bkama smar\u017ea.<\/p>\n<p style=\"margin-bottom: 8px; margin-top: 0px; line-height: 1.6;\">&#8211; Dziedniecisks efekts.<\/p>\n<p style=\"margin-bottom: 8px; margin-top: 0px; line-height: 1.6;\">&#8211; Kl\u012bniski p\u0101rbaud\u012bts.<\/p>\n<p style=\"margin-bottom: 10px; margin-top: 30px;\"><strong>Pielieto\u0161anas iesp\u0113jas<\/strong><\/p>\n<p style=\"margin-bottom: 8px; margin-top: 0px; line-height: 1.6;\">Piem\u0113rojams \u0137erme\u0146a \u0101das kop\u0161anai.<\/p>\n<p style=\"margin-bottom: 10px; margin-top: 30px;\"><strong>Pielieto\u0161ana<\/strong><\/p>\n<p style=\"margin-bottom: 8px; margin-top: 0px; line-height: 1.6;\">&#8211; Neliel\u0101 daudzum\u0101 uzkl\u0101t uz samitrin\u0101ta \u0137erme\u0146a \u0101das, p\u0113c tam noskalot ar \u016bdeni.<\/p>\n<p style=\"margin-bottom: 8px; margin-top: 0px; line-height: 1.6;\">&#8211; \u0112rt\u0101kai lieto\u0161anai rekomend\u0113jam speci\u0101lo dozatoru.<\/p>\n<p style=\"margin-bottom: 10px; margin-top: 30px;\"><strong>Tehniskais raksturojums<\/strong><\/p>\n<p style=\"margin-bottom: 8px; margin-top: 0px; line-height: 1.6;\"><strong>Fizisk\u0101 forma<\/strong>: viskozs \u0161\u0137idrums<\/p>\n<p style=\"margin-bottom: 8px; margin-top: 0px; line-height: 1.6;\"><strong>Bl\u012bvums(20 \u00baC)<\/strong>: aptuveni 1.05 g \/ ml<\/p>\n<p style=\"margin-bottom: 8px; margin-top: 0px; line-height: 1.6;\"><strong>pH l\u012bmenis (10% \u0161\u0137idrums)<\/strong>: 5.8 &#8211; 6.6<\/p>\n<p style=\"margin-bottom: 8px; margin-top: 0px; line-height: 1.6;\"><strong>Viskozit\u0101te (20 \u00baC)<\/strong>: aptuveni 430 Mgpa*c<\/p>\n<p style=\"margin-bottom: 8px; margin-top: 0px; line-height: 1.6;\"><strong>Sast\u0101vs p\u0113c INCI<\/strong>: \u016bdens, soda, pal\u012bgvielas, smar\u017evielas<\/p>\n","protected":false},"excerpt":{"rendered":"<p>KONCENTR\u0112TAS, \u0100DU M\u012aKSTINO\u0160AS KR\u0112MZIEPES \u012apa\u0161\u012bbas &#8211; M\u012bkstino\u0161s du\u0161as \u0161amp\u016bns-kr\u0113ms ar optim\u0101lu komponentu saturu. &#8211; Sp\u0113j dzi\u013ci atv\u0113rt un izt\u012br\u012bt \u0101das poras. &#8211; \u013boti pat\u012bkama smar\u017ea. &#8211; Dziedniecisks efekts. &#8211; Kl\u012bniski p\u0101rbaud\u012bts. Pielieto\u0161anas iesp\u0113jas Piem\u0113rojams \u0137erme\u0146a \u0101das kop\u0161anai. Pielieto\u0161ana &#8211; Neliel\u0101 daudzum\u0101 uzkl\u0101t uz samitrin\u0101ta \u0137erme\u0146a \u0101das, p\u0113c tam noskalot ar \u016bdeni. &#8211; \u0112rt\u0101kai lieto\u0161anai rekomend\u0113jam&#8230;<\/p>\n","protected":false},"featured_media":4402,"template":"","meta":[],"product_brand":[337],"product_cat":[353,356,371],"product_tag":[],"class_list":{"0":"post-4401","1":"product","2":"type-product","3":"status-publish","4":"has-post-thumbnail","6":"product_brand-flore-chemie","7":"product_cat-flore-chemie-produkti","8":"product_cat-viesnicu-un-gastronomijas-nozares","9":"product_cat-roku-adas-un-kermena-mazgasanas-aizsardzibas-un-kopsanas-lidzekli","11":"first","12":"instock","13":"shipping-taxable","14":"purchasable","15":"product-type-variable","16":"has-default-attributes"},"_links":{"self":[{"href":"https:\/\/e-flore.store\/lv\/wp-json\/wp\/v2\/product\/4401","targetHints":{"allow":["GET"]}}],"collection":[{"href":"https:\/\/e-flore.store\/lv\/wp-json\/wp\/v2\/product"}],"about":[{"href":"https:\/\/e-flore.store\/lv\/wp-json\/wp\/v2\/types\/product"}],"wp:featuredmedia":[{"embeddable":true,"href":"https:\/\/e-flore.store\/lv\/wp-json\/wp\/v2\/media\/4402"}],"wp:attachment":[{"href":"https:\/\/e-flore.store\/lv\/wp-json\/wp\/v2\/media?parent=4401"}],"wp:term":[{"taxonomy":"product_brand","embeddable":true,"href":"https:\/\/e-flore.store\/lv\/wp-json\/wp\/v2\/product_brand?post=4401"},{"taxonomy":"product_cat","embeddable":true,"href":"https:\/\/e-flore.store\/lv\/wp-json\/wp\/v2\/product_cat?post=4401"},{"taxonomy":"product_tag","embeddable":true,"href":"https:\/\/e-flore.store\/lv\/wp-json\/wp\/v2\/product_tag?post=4401"}],"curies":[{"name":"wp","href":"https:\/\/api.w.org\/{rel}","templated":true}]}}