{"id":4407,"date":"2026-02-03T16:04:00","date_gmt":"2026-02-03T14:04:00","guid":{"rendered":"https:\/\/demo8.izveide.id.lv\/?post_type=product&#038;p=4407"},"modified":"2026-03-26T15:01:57","modified_gmt":"2026-03-26T13:01:57","slug":"flore-sept-plus-code-0112","status":"publish","type":"product","link":"https:\/\/e-flore.store\/lv\/produkts\/flore-sept-plus-code-0112\/","title":{"rendered":"Flore Sept Plus (kods 0112)"},"content":{"rendered":"<p><img decoding=\"async\" style=\"width: 100%; height: auto; display: block;\" src=\"\/wp-content\/uploads\/2026\/01\/0112-PARENT_desc.jpg\" \/><\/p>\n<div id=\"eflore-spacer-v55\" style=\"height: 0px; clear: both; width: 100%; display: block;\"><\/div>\n<p style=\"margin-bottom: 10px; margin-top: 30px;\"><strong>DEZINFEKCIJAS-T\u012aR\u012a\u0160ANAS L\u012aDZEKLIS AR FUNGIC\u012aDA \u012aPA\u0160\u012aB\u0100M<\/strong><\/p>\n<p style=\"margin-bottom: 10px; margin-top: 30px;\"><strong>\u012apa\u0161\u012bbas<\/strong><\/p>\n<p style=\"margin-bottom: 8px; margin-top: 0px; line-height: 1.6;\">&#8211; Flore Sept Plus vienlaic\u012bgi dezinfic\u0113, mazg\u0101 un t\u012bra. Sadal\u0101s dab\u0101 vair\u0101k par 90%.<\/p>\n<p style=\"margin-bottom: 8px; margin-top: 0px; line-height: 1.6;\">&#8211; L\u012bdzeklis nesatur ne \u0161\u0137\u012bdin\u0101t\u0101jus, ne aldeh\u012bdus, k\u0101 ar\u012b nesatur AOX un NTA.<\/p>\n<p style=\"margin-bottom: 8px; margin-top: 0px; line-height: 1.6;\">&#8211; Neatst\u0101j negat\u012bvu iespaidu uz o\u017eu un gar\u0161u &#8211; der\u012bgs izmanto\u0161anai p\u0101rtikas r\u016bpniec\u012bb\u0101 un sabiedrisk\u0101s \u0113din\u0101\u0161anas uz\u0146\u0113mumos.<\/p>\n<p style=\"margin-bottom: 8px; margin-top: 0px; line-height: 1.6;\">&#8211; Neatst\u0101j nepat\u012bkamu smaku sl\u0113gt\u0101s vai slikti v\u0113din\u0101m\u0101s telp\u0101s.<\/p>\n<p style=\"margin-bottom: 8px; margin-top: 0px; line-height: 1.6;\">&#8211; P\u0101rbaud\u012bts V\u0101cijas Sabiedr\u012bbas Higi\u0113nas un Mikrobiolo\u0123ijas Laboratorij\u0101 (Deutsche Gesellschaft f\u00fcr Hygiene und Mikrobiologie (DGMH)).<\/p>\n<p style=\"margin-bottom: 8px; margin-top: 0px; line-height: 1.6;\">&#8211; Pielietojams slimn\u012bcu un vesel\u012bbas apr\u016bpes iest\u0101\u017eu vajadz\u012bb\u0101m Eiropas Savien\u012bbas valst\u012bs, jo atbilst vis\u0101m ES normat\u012bvaj\u0101m pras\u012bb\u0101m.<\/p>\n<p style=\"margin-bottom: 8px; margin-top: 0px; line-height: 1.6;\">&#8211; Iek\u013cauts kop\u0113j\u0101 V\u0101cijas Veterin\u0101r\u0101s Medic\u012bnas Sabiedr\u012bbas (Deutsche Veterin\u00e4rmedizinische Gesellschaft (DVG)) dezinfic\u0113jo\u0161o l\u012bdzek\u013cu sarakst\u0101, kuri izmantojami p\u0101rtikas r\u016bpniec\u012bbas uz\u0146\u0113mumos.<\/p>\n<p style=\"margin-bottom: 8px; margin-top: 0px; line-height: 1.6;\">&#8211; Piem\u0113rots visda\u017e\u0101d\u0101ko virsmu t\u012br\u012b\u0161anai, neboj\u0101 saskarsm\u0113 ar l\u012bdzekli non\u0101ku\u0161os materi\u0101lus.<\/p>\n<p style=\"margin-bottom: 10px; margin-top: 30px;\"><strong>Pielieto\u0161anas iesp\u0113jas<\/strong><\/p>\n<p style=\"margin-bottom: 8px; margin-top: 0px; line-height: 1.6;\">&#8211; Slimn\u012bcas, \u0101rstniec\u012bbas iest\u0101des, pansion\u0101ti, b\u0113rnud\u0101rzi, pirtis, sol\u0101riji, baseini u.c.<\/p>\n<p style=\"margin-bottom: 8px; margin-top: 0px; line-height: 1.6;\">&#8211; P\u0101rtikas r\u016bpniec\u012bba un lauksaimniec\u012bba.<\/p>\n<p style=\"margin-bottom: 10px; margin-top: 30px;\"><strong>Pielieto\u0161ana<\/strong><\/p>\n<p style=\"margin-bottom: 8px; margin-top: 0px; line-height: 1.6;\">&#8211; Koncentr\u0101cija un iedarb\u012bbas laiks ir atkar\u012bgi no pielietojuma sf\u0113ras. Pamata nosac\u012bjums l\u012bdzek\u013ca efekt\u012bvai iedarb\u012bbai ir, lai pirms dezinfektanta lieto\u0161anas apstr\u0101d\u0101jam\u0101s virsmas neb\u016btu net\u012bras ar pamat\u012bgu net\u012brumu k\u0101rtu. L\u012bdzeklim pa\u0161am piem\u012bt mazg\u0101jo\u0161as \u012bpa\u0161\u012bbas, ta\u010du dezinfekcijas efekta neb\u016bs, ja uz virsm\u0101m b\u016bs zeme utt.<\/p>\n<p style=\"margin-bottom: 8px; margin-top: 0px; line-height: 1.6;\">&#8211; Telpu, virsmu dezinfekcija:<\/p>\n<table style=\"width: 100%; border-collapse: collapse; margin-bottom: 15px;\">\n<tbody>\n<tr>\n<td style=\"border: 1px solid #ddd; padding: 8px;\">Koncentr\u0101cija<\/td>\n<td style=\"border: 1px solid #ddd; padding: 8px;\">5%<\/td>\n<td style=\"border: 1px solid #ddd; padding: 8px;\">2%<\/td>\n<td style=\"border: 1px solid #ddd; padding: 8px;\">1%<\/td>\n<\/tr>\n<tr>\n<td style=\"border: 1px solid #ddd; padding: 8px;\">Iedarb\u012bbas laiks<\/td>\n<td style=\"border: 1px solid #ddd; padding: 8px;\">15 min<\/td>\n<td style=\"border: 1px solid #ddd; padding: 8px;\">1 h<\/td>\n<td style=\"border: 1px solid #ddd; padding: 8px;\">4 h<\/td>\n<\/tr>\n<\/tbody>\n<\/table>\n<p style=\"margin-bottom: 10px; margin-top: 30px;\"><strong>Dezinfekcija ar Flore Sept Plus:<\/strong><\/p>\n<p style=\"margin-bottom: 8px; margin-top: 0px; line-height: 1.6;\">Ar 15 min iedarb\u012bbu \/ 5% koncentr\u0101ciju<br \/>\nAr 1 h iedarb\u012bbu \/ 2% koncentr\u0101ciju<br \/>\nAr 4 h iedarb\u012bbu \/ 1% koncentr\u0101ciju<br \/>\nFlore Sept Plus darbojas pret \u0161\u0101diem mikrobiem:<br \/>\n&#8211; Staphylococcus aureus (stafilokoki)<br \/>\n&#8211; Pseudomonas aeruginosa<br \/>\n&#8211; Candida albicans<br \/>\n&#8211; Escherichia coli<br \/>\n&#8211; Proteus mirabilis<br \/>\n&#8211; Streptococcus agalactiae (streptokoki)<br \/>\n&#8211; Pasteurella pseudotuberculosis<br \/>\n&#8211; Pasteurella multocida<br \/>\n&#8211; Mycobacterium tuberculosis (tuberkulozes ierosin\u0101t\u0101js)<br \/>\n&#8211; Mycobacterium smegmatis<br \/>\n&#8211; Legionella pneumophila<\/p>\n<p style=\"margin-bottom: 8px; margin-top: 0px; line-height: 1.6;\">Ar 1 h iedarb\u012bbu \/ 4% koncentr\u0101ciju<br \/>\nAr 4 h iedarb\u012bbu \/ 3% koncentr\u0101ciju<br \/>\nFlore Sept Plus darbojas pret \u0161\u0101diem mikrobiem:<br \/>\n&#8211; Salmonellas (S. panama, S. Manhattan, S. enteritidis, S. infantis, S. newport, S. typhimurium 1, 2, S. dublin, S. abortus equi)<\/p>\n<p style=\"margin-bottom: 8px; margin-top: 0px; line-height: 1.6;\">Ar 2 h iedarb\u012bbu \/ 2% koncentr\u0101ciju<br \/>\nFlore Sept Plus darbojas pret \u0161\u0101diem mikrobiem:<br \/>\n&#8211; B hepat\u012bts<br \/>\n&#8211; HIV<\/p>\n<p style=\"margin-bottom: 8px; margin-top: 0px; line-height: 1.6;\">Uzman\u012bbu! L\u012bdzeklim nok\u013c\u016bstot ac\u012bs jeb uz \u0101das, skalot ar lielu \u016bdens daudzumu. Notiekot nelaimes gad\u012bjumam, nekav\u0113joties griezties pie \u0101rsta. Lietot cimdus un aizsargbrilles. B\u012bstam\u012bbas kategorija \u201cXi\u201d. L\u012bdzeklis var nopietni apdraud\u0113t acis!<\/p>\n<p style=\"margin-bottom: 10px; margin-top: 30px;\"><strong>Tehniskais raksturojums<\/strong><\/p>\n<p style=\"margin-bottom: 8px; margin-top: 0px; line-height: 1.6;\"><strong>Fizisk\u0101 forma:<\/strong> \u0161\u0137idrums<\/p>\n<p style=\"margin-bottom: 8px; margin-top: 0px; line-height: 1.6;\"><strong>Bl\u012bvums (20 \u00b0C):<\/strong> 1.02 g\/ml<\/p>\n<p style=\"margin-bottom: 8px; margin-top: 0px; line-height: 1.6;\"><strong>pH l\u012bmenis:<\/strong> 10.3<\/p>\n<p style=\"margin-bottom: 8px; margin-top: 0px; line-height: 1.6;\"><strong>Sast\u0101vs:<\/strong> nejon\u0101s virsmakt\u012bv\u0101s vielas, amonija savienojumi, aromatizatori<\/p>\n","protected":false},"excerpt":{"rendered":"<p>DEZINFEKCIJAS-T\u012aR\u012a\u0160ANAS L\u012aDZEKLIS AR FUNGIC\u012aDA \u012aPA\u0160\u012aB\u0100M \u012apa\u0161\u012bbas &#8211; Flore Sept Plus vienlaic\u012bgi dezinfic\u0113, mazg\u0101 un t\u012bra. Sadal\u0101s dab\u0101 vair\u0101k par 90%. &#8211; L\u012bdzeklis nesatur ne \u0161\u0137\u012bdin\u0101t\u0101jus, ne aldeh\u012bdus, k\u0101 ar\u012b nesatur AOX un NTA. &#8211; Neatst\u0101j negat\u012bvu iespaidu uz o\u017eu un gar\u0161u &#8211; der\u012bgs izmanto\u0161anai p\u0101rtikas r\u016bpniec\u012bb\u0101 un sabiedrisk\u0101s \u0113din\u0101\u0161anas uz\u0146\u0113mumos. &#8211; Neatst\u0101j nepat\u012bkamu smaku sl\u0113gt\u0101s&#8230;<\/p>\n","protected":false},"featured_media":4408,"template":"","meta":[],"product_brand":[337],"product_cat":[353,356,368],"product_tag":[],"class_list":{"0":"post-4407","1":"product","2":"type-product","3":"status-publish","4":"has-post-thumbnail","6":"product_brand-flore-chemie","7":"product_cat-flore-chemie-produkti","8":"product_cat-viesnicu-un-gastronomijas-nozares","9":"product_cat-dezinfekcijas-mazgasanas-lidzekli","11":"first","12":"instock","13":"shipping-taxable","14":"purchasable","15":"product-type-variable","16":"has-default-attributes"},"_links":{"self":[{"href":"https:\/\/e-flore.store\/lv\/wp-json\/wp\/v2\/product\/4407","targetHints":{"allow":["GET"]}}],"collection":[{"href":"https:\/\/e-flore.store\/lv\/wp-json\/wp\/v2\/product"}],"about":[{"href":"https:\/\/e-flore.store\/lv\/wp-json\/wp\/v2\/types\/product"}],"wp:featuredmedia":[{"embeddable":true,"href":"https:\/\/e-flore.store\/lv\/wp-json\/wp\/v2\/media\/4408"}],"wp:attachment":[{"href":"https:\/\/e-flore.store\/lv\/wp-json\/wp\/v2\/media?parent=4407"}],"wp:term":[{"taxonomy":"product_brand","embeddable":true,"href":"https:\/\/e-flore.store\/lv\/wp-json\/wp\/v2\/product_brand?post=4407"},{"taxonomy":"product_cat","embeddable":true,"href":"https:\/\/e-flore.store\/lv\/wp-json\/wp\/v2\/product_cat?post=4407"},{"taxonomy":"product_tag","embeddable":true,"href":"https:\/\/e-flore.store\/lv\/wp-json\/wp\/v2\/product_tag?post=4407"}],"curies":[{"name":"wp","href":"https:\/\/api.w.org\/{rel}","templated":true}]}}