{"id":4413,"date":"2026-02-03T16:04:03","date_gmt":"2026-02-03T14:04:03","guid":{"rendered":"https:\/\/demo8.izveide.id.lv\/?post_type=product&#038;p=4413"},"modified":"2026-03-26T15:01:45","modified_gmt":"2026-03-26T13:01:45","slug":"neu816-ci-code-816","status":"publish","type":"product","link":"https:\/\/e-flore.store\/lv\/produkts\/neu816-ci-code-816\/","title":{"rendered":"NEU816 CI (kods 816)"},"content":{"rendered":"<p><img decoding=\"async\" src=\"\/wp-content\/uploads\/2026\/01\/816-PARENT_desc.jpg\" style=\"width: 100%; height: auto; display: block;\"><\/p>\n<div id=\"eflore-spacer-v55\" style=\"height: 0px; clear: both; width: 100%; display: block;\"><\/div>\n<p style=\"margin-bottom: 10px; margin-top: 30px;\"><strong>L\u012aDZEKLIS PIENA DZ\u012aVNIEKU PUPU\u00a0DEZINFEKCIJAI<\/strong><\/p>\n<p style=\"margin-bottom: 10px; margin-top: 30px;\"><strong>\u012apa\u0161\u012bbas<\/strong><\/p>\n<p style=\"margin-bottom: 8px; margin-top: 0px; line-height: 1.6;\">Lai ieg\u016btu kvalitat\u012bvu pienu, ir \u0101rk\u0101rt\u012bgi svar\u012bga\u00a0piena dziedzeru\u00a0higi\u0113na, kas \u013cauj izvair\u012bties no iekaisuma procesiem, mast\u012bta utt. P\u0113c slauk\u0161anas pupa sfinkteris paliek atv\u0113rts, kas var izrais\u012bt\u00a0piena dziedzeru\u00a0infekciju ar\u00a0bakt\u0113rij\u0101m. Lai izvair\u012btos no \u0161\u0101d\u0101m probl\u0113m\u0101m, p\u0113c slauk\u0161anas iek\u0101rtas no\u0146em\u0161anas ir nepiecie\u0161ams tos\u00a0dezinfic\u0113t. Apstr\u0101de, izmantojot l\u012bdzekli &#8220;NEU816 CI&#8221;, neaiz\u0146em daudz laika, ir ekonomiska un \u013cauj ieg\u016bt kvalitat\u012bvus un kvantitat\u012bvus piena izslaukuma uzlabojumus. Produkta akt\u012bv\u0101 sast\u0101vda\u013ca ir hlorheksid\u012bna diglukon\u0101ts. L\u012bdzeklis ir ar\u012b bag\u0101tin\u0101ts ar \u012bpa\u0161iem m\u012bkstino\u0161iem komponentiem, kas aizsarg\u0101 \u0101du pasarg\u0101jot to no plais\u0101\u0161anas.<\/p>\n<p style=\"margin-bottom: 10px; margin-top: 30px;\"><strong>Pielietojuma sf\u0113ra<\/strong><\/p>\n<p style=\"margin-bottom: 8px; margin-top: 0px; line-height: 1.6;\">Ga\u013cas un piena saimniec\u012bbas.<\/p>\n<p style=\"margin-bottom: 10px; margin-top: 30px;\"><strong>Lieto\u0161anas instrukcija<\/strong><\/p>\n<p style=\"margin-bottom: 8px; margin-top: 0px; line-height: 1.6;\">P\u0113c slauk\u0161anas iek\u0101rtas no\u0146em\u0161anas uzsmidzin\u0101t neat\u0161\u0137aid\u012btu &#8220;NEU816 CI&#8221; uz dz\u012bvnieka pupiem vai iem\u0113rkt tos uz da\u017e\u0101m sekund\u0113m l\u012bdzekl\u012b, izmantojot piem\u0113rotu doz\u0113\u0161anas trauku. Katras slauk\u0161anas reizei izmantot svaigu l\u012bdzekli.<\/p>\n<p style=\"margin-bottom: 10px; margin-top: 30px;\"><strong>\u0136\u012bmisk\u0101s un fizik\u0101l\u0101s \u012bpa\u0161\u012bbas<\/strong><\/p>\n<p style=\"margin-bottom: 8px; margin-top: 0px; line-height: 1.6;\"><strong>Izskats<\/strong>: caursp\u012bd\u012bgs<\/p>\n<p style=\"margin-bottom: 8px; margin-top: 0px; line-height: 1.6;\"><strong>Kr\u0101sa<\/strong>: bezkr\u0101sains<\/p>\n<p style=\"margin-bottom: 8px; margin-top: 0px; line-height: 1.6;\"><strong>Smar\u017ea<\/strong>: praktiski bez smar\u017eas<\/p>\n<p style=\"margin-bottom: 8px; margin-top: 0px; line-height: 1.6;\"><strong>Bl\u012bvums<\/strong>: 1,00 +\/- 0,02 g \/ ml<\/p>\n<p style=\"margin-bottom: 8px; margin-top: 0px; line-height: 1.6;\"><strong>pH<\/strong>: 6,3 \u00b1 0,5<\/p>\n<p style=\"margin-bottom: 8px; margin-top: 0px; line-height: 1.6;\"><strong>Biolo\u0123isk\u0101 no\u0101rd\u012b\u0161an\u0101s<\/strong>: vair\u0101k nek\u0101 90%<\/p>\n<p style=\"margin-bottom: 8px; margin-top: 0px; line-height: 1.6;\"><strong>Akt\u012bv\u0101 sast\u0101vda\u013ca<\/strong>: hlorheksid\u012bna diglukon\u0101ts<\/p>\n<p style=\"margin-bottom: 8px; margin-top: 0px; line-height: 1.6;\"><strong>Br\u012bdin\u0101jumi!<\/strong> Pirms slauk\u0161anas not\u012br\u012bt iesp\u0113jam\u0101s l\u012bdzek\u013ca atliekas no pupiem ar pap\u012bra dvieli. Izliet un nelietot p\u0101rtik\u0101 pirm\u0101s piena str\u016bklas.<\/p>\n","protected":false},"excerpt":{"rendered":"<p>L\u012aDZEKLIS PIENA DZ\u012aVNIEKU PUPU\u00a0DEZINFEKCIJAI \u012apa\u0161\u012bbas Lai ieg\u016btu kvalitat\u012bvu pienu, ir \u0101rk\u0101rt\u012bgi svar\u012bga\u00a0piena dziedzeru\u00a0higi\u0113na, kas \u013cauj izvair\u012bties no iekaisuma procesiem, mast\u012bta utt. P\u0113c slauk\u0161anas pupa sfinkteris paliek atv\u0113rts, kas var izrais\u012bt\u00a0piena dziedzeru\u00a0infekciju ar\u00a0bakt\u0113rij\u0101m. Lai izvair\u012btos no \u0161\u0101d\u0101m probl\u0113m\u0101m, p\u0113c slauk\u0161anas iek\u0101rtas no\u0146em\u0161anas ir nepiecie\u0161ams tos\u00a0dezinfic\u0113t. Apstr\u0101de, izmantojot l\u012bdzekli &#8220;NEU816 CI&#8221;, neaiz\u0146em daudz laika, ir ekonomiska un&#8230;<\/p>\n","protected":false},"featured_media":4414,"template":"","meta":[],"product_brand":[342],"product_cat":[353,356,368],"product_tag":[],"class_list":{"0":"post-4413","1":"product","2":"type-product","3":"status-publish","4":"has-post-thumbnail","6":"product_brand-serpento-future-chemicals","7":"product_cat-flore-chemie-produkti","8":"product_cat-viesnicu-un-gastronomijas-nozares","9":"product_cat-dezinfekcijas-mazgasanas-lidzekli","11":"first","12":"instock","13":"shipping-taxable","14":"purchasable","15":"product-type-variable","16":"has-default-attributes"},"_links":{"self":[{"href":"https:\/\/e-flore.store\/lv\/wp-json\/wp\/v2\/product\/4413","targetHints":{"allow":["GET"]}}],"collection":[{"href":"https:\/\/e-flore.store\/lv\/wp-json\/wp\/v2\/product"}],"about":[{"href":"https:\/\/e-flore.store\/lv\/wp-json\/wp\/v2\/types\/product"}],"wp:featuredmedia":[{"embeddable":true,"href":"https:\/\/e-flore.store\/lv\/wp-json\/wp\/v2\/media\/4414"}],"wp:attachment":[{"href":"https:\/\/e-flore.store\/lv\/wp-json\/wp\/v2\/media?parent=4413"}],"wp:term":[{"taxonomy":"product_brand","embeddable":true,"href":"https:\/\/e-flore.store\/lv\/wp-json\/wp\/v2\/product_brand?post=4413"},{"taxonomy":"product_cat","embeddable":true,"href":"https:\/\/e-flore.store\/lv\/wp-json\/wp\/v2\/product_cat?post=4413"},{"taxonomy":"product_tag","embeddable":true,"href":"https:\/\/e-flore.store\/lv\/wp-json\/wp\/v2\/product_tag?post=4413"}],"curies":[{"name":"wp","href":"https:\/\/api.w.org\/{rel}","templated":true}]}}