{"id":4417,"date":"2026-02-03T16:04:03","date_gmt":"2026-02-03T14:04:03","guid":{"rendered":"https:\/\/demo8.izveide.id.lv\/?post_type=product&#038;p=4417"},"modified":"2026-03-26T15:01:51","modified_gmt":"2026-03-26T13:01:51","slug":"florin-antismell-code-0494","status":"publish","type":"product","link":"https:\/\/e-flore.store\/lv\/produkts\/florin-antismell-code-0494\/","title":{"rendered":"Florin Antismell (kods 0494)"},"content":{"rendered":"<p><img decoding=\"async\" src=\"\/wp-content\/uploads\/2026\/01\/0494-PARENT_desc.jpg\" style=\"width: 100%; height: auto; display: block;\"><\/p>\n<div id=\"eflore-spacer-v55\" style=\"height: 0px; clear: both; width: 100%; display: block;\"><\/div>\n<p style=\"margin-bottom: 10px; margin-top: 30px;\"><strong>DEZINFIC\u0112JO\u0160S L\u012aDZEKLIS AR AUGSTU SMAKU PIESAISTO\u0160U EFEKTU<\/strong><\/p>\n<p style=\"margin-bottom: 10px; margin-top: 30px;\"><strong>\u012apa\u0161\u012bbas<\/strong><\/p>\n<p style=\"margin-bottom: 8px; margin-top: 0px; line-height: 1.6;\">&#8211; Stipras koncentr\u0101cijas, \u016bden\u012b \u0161\u0137\u012bsto\u0161s dezinfekcijas l\u012bdzeklis, k\u0101 sast\u0101v\u0101 ir efekt\u012bvas smaku saisto\u0161as piedevas.<\/p>\n<p style=\"margin-bottom: 8px; margin-top: 0px; line-height: 1.6;\">&#8211; Florin Antismell ir piln\u012bgi nekait\u012bgs plastmasas virsm\u0101m.<\/p>\n<p style=\"margin-bottom: 8px; margin-top: 0px; line-height: 1.6;\">&#8211; Speci\u0101li izstr\u0101d\u0101ts izmanto\u0161anai p\u0101rvietojamaj\u0101s tualet\u0113s, kur\u0101m nav \u016bdens nopl\u016b\u0161anas sist\u0113mas.<\/p>\n<p style=\"margin-bottom: 8px; margin-top: 0px; line-height: 1.6;\">&#8211; L\u012bdzeklis efekt\u012bvi izmantojams d\u0101rza jeb sausaj\u0101s tualet\u0113s.<\/p>\n<p style=\"margin-bottom: 10px; margin-top: 30px;\"><strong>Pielieto\u0161anas iesp\u0113jas<\/strong><\/p>\n<p style=\"margin-bottom: 8px; margin-top: 0px; line-height: 1.6;\">&#8211; Pateicoties augstajai koncentr\u0101cijai un efekt\u012bvaj\u0101m piedev\u0101m, nepiecie\u0161ams tikai 0.3 \u2013 0.05% \u0161\u0137\u012bdums (1:330 \u2013 1:2000), lai nov\u0113rstu bakt\u0113riju dz\u012bvotsp\u0113ju un izn\u012bcin\u0101tu nepat\u012bkamu smaku. Vienlaic\u012bgi, nok\u013c\u016bstot atkl\u0101taj\u0101s \u016bdens att\u012br\u012b\u0161anas iek\u0101rt\u0101s, l\u012bdzeklis nenodara kait\u0113jumu tur eso\u0161ajiem mikroorganismiem, jo kanaliz\u0101cijas caurul\u0113s tas jau ir at\u0161\u0137aid\u012bjies un k\u013cuvis nekait\u012bgs.<\/p>\n<p style=\"margin-bottom: 8px; margin-top: 0px; line-height: 1.6;\">&#8211; Uzman\u012bbu! Sarg\u0101t no b\u0113rniem! Koncentr\u0101tam nok\u013c\u016bstot ac\u012bs jeb uz \u0101das, skalot ar lielu \u016bdens daudzumu. Notiekot nelaimes gad\u012bjumam, nekav\u0113joties v\u0113rsties pie \u0101rsta. Str\u0101d\u0101jot ar koncentr\u0101tu, lietot cimdus un aizsargbrilles. B\u012bstam\u012bbas kategorija \u201cXi\u201d.<\/p>\n<p style=\"margin-bottom: 10px; margin-top: 30px;\"><strong>Tehniskais raksturojums<\/strong><\/p>\n<p style=\"margin-bottom: 8px; margin-top: 0px; line-height: 1.6;\"><strong>Fizisk\u0101 forma<\/strong>: \u0161\u0137idrums<\/p>\n<p style=\"margin-bottom: 8px; margin-top: 0px; line-height: 1.6;\"><strong>Bl\u012bvums (20 \u00baC)<\/strong>: 1.001 g \/ ml<\/p>\n<p style=\"margin-bottom: 8px; margin-top: 0px; line-height: 1.6;\"><strong>pH l\u012bmenis<\/strong>: 4.47<\/p>\n<p style=\"margin-bottom: 8px; margin-top: 0px; line-height: 1.6;\"><strong>V\u0101r\u012b\u0161an\u0101s diapazons<\/strong>: +100 \u00baC<\/p>\n<p style=\"margin-bottom: 8px; margin-top: 0px; line-height: 1.6;\"><strong>Sast\u0101vs<\/strong>: virsmakt\u012bv\u0101s vielas, izotridekanols, benzolamonijhlor\u012bds, metilsalicil\u0101ts<\/p>\n","protected":false},"excerpt":{"rendered":"<p>DEZINFIC\u0112JO\u0160S L\u012aDZEKLIS AR AUGSTU SMAKU PIESAISTO\u0160U EFEKTU \u012apa\u0161\u012bbas &#8211; Stipras koncentr\u0101cijas, \u016bden\u012b \u0161\u0137\u012bsto\u0161s dezinfekcijas l\u012bdzeklis, k\u0101 sast\u0101v\u0101 ir efekt\u012bvas smaku saisto\u0161as piedevas. &#8211; Florin Antismell ir piln\u012bgi nekait\u012bgs plastmasas virsm\u0101m. &#8211; Speci\u0101li izstr\u0101d\u0101ts izmanto\u0161anai p\u0101rvietojamaj\u0101s tualet\u0113s, kur\u0101m nav \u016bdens nopl\u016b\u0161anas sist\u0113mas. &#8211; L\u012bdzeklis efekt\u012bvi izmantojams d\u0101rza jeb sausaj\u0101s tualet\u0113s. Pielieto\u0161anas iesp\u0113jas &#8211; Pateicoties augstajai koncentr\u0101cijai&#8230;<\/p>\n","protected":false},"featured_media":4418,"template":"","meta":[],"product_brand":[337],"product_cat":[353,356,368],"product_tag":[],"class_list":{"0":"post-4417","1":"product","2":"type-product","3":"status-publish","4":"has-post-thumbnail","6":"product_brand-flore-chemie","7":"product_cat-flore-chemie-produkti","8":"product_cat-viesnicu-un-gastronomijas-nozares","9":"product_cat-dezinfekcijas-mazgasanas-lidzekli","11":"first","12":"instock","13":"shipping-taxable","14":"purchasable","15":"product-type-variable","16":"has-default-attributes"},"_links":{"self":[{"href":"https:\/\/e-flore.store\/lv\/wp-json\/wp\/v2\/product\/4417","targetHints":{"allow":["GET"]}}],"collection":[{"href":"https:\/\/e-flore.store\/lv\/wp-json\/wp\/v2\/product"}],"about":[{"href":"https:\/\/e-flore.store\/lv\/wp-json\/wp\/v2\/types\/product"}],"wp:featuredmedia":[{"embeddable":true,"href":"https:\/\/e-flore.store\/lv\/wp-json\/wp\/v2\/media\/4418"}],"wp:attachment":[{"href":"https:\/\/e-flore.store\/lv\/wp-json\/wp\/v2\/media?parent=4417"}],"wp:term":[{"taxonomy":"product_brand","embeddable":true,"href":"https:\/\/e-flore.store\/lv\/wp-json\/wp\/v2\/product_brand?post=4417"},{"taxonomy":"product_cat","embeddable":true,"href":"https:\/\/e-flore.store\/lv\/wp-json\/wp\/v2\/product_cat?post=4417"},{"taxonomy":"product_tag","embeddable":true,"href":"https:\/\/e-flore.store\/lv\/wp-json\/wp\/v2\/product_tag?post=4417"}],"curies":[{"name":"wp","href":"https:\/\/api.w.org\/{rel}","templated":true}]}}