{"id":4423,"date":"2026-02-03T16:04:04","date_gmt":"2026-02-03T14:04:04","guid":{"rendered":"https:\/\/demo8.izveide.id.lv\/?post_type=product&#038;p=4423"},"modified":"2026-03-26T15:01:40","modified_gmt":"2026-03-26T13:01:40","slug":"neu-057-ci-code-057","status":"publish","type":"product","link":"https:\/\/e-flore.store\/lv\/produkts\/neu-057-ci-code-057\/","title":{"rendered":"NEU 057 CI (kods 057)"},"content":{"rendered":"<p><img decoding=\"async\" style=\"width: 100%; height: auto; display: block;\" src=\"\/wp-content\/uploads\/2026\/01\/057-PARENT_desc.jpg\" \/><\/p>\n<div id=\"eflore-spacer-v55\" style=\"height: 0px; clear: both; width: 100%; display: block;\"><\/div>\n<p style=\"margin-bottom: 10px; margin-top: 30px;\"><strong>KONCENTR\u0112TS L\u012aDZEKLIS SANIT\u0100RAI APSTR\u0100DEI<\/strong><\/p>\n<p style=\"margin-bottom: 10px; margin-top: 30px;\"><strong>\u012apa\u0161\u012bbas<\/strong><\/p>\n<p style=\"margin-bottom: 8px; margin-top: 0px; line-height: 1.6;\">Koncentr\u0113ts, bez smar\u017eas pla\u0161a pielietojuma spektra sanit\u0101rijas l\u012bdzeklis uz dodecilmetilamonija hlor\u012bda b\u0101zes. Piem\u012bt sanit\u0101rijas \u012bpa\u0161\u012bbas attiec\u012bb\u0101 uz daudzu veidu mikroorganismiem. Ar &#8220;NEU057 CI&#8221; var apstr\u0101d\u0101t visu veidu mazg\u0101jam\u0101s virsmas. \u012apa\u0161i paredz\u0113ts virsmu un apr\u012bkojuma\u00a0apstr\u0101dei\u00a0p\u0101rtikas un medic\u012bnas nozar\u0113s. Piem\u0113rots H.A.C.C.P. nozarei. At\u0161\u0137ir\u012bb\u0101 no daudziem sanit\u0101rijas l\u012bdzek\u013ciem, kas zaud\u0113 efektivit\u0101ti uz stipri net\u012br\u0101m virsm\u0101m un organisko atlieku kl\u0101tb\u016btn\u0113, NEU057 CI sanit\u0101rais efekts nemain\u0101s. Iztur\u012bgs pret augst\u0101m temperat\u016br\u0101m, var izmantot ciet\u0101 \u016bden\u012b.<\/p>\n<p style=\"margin-bottom: 10px; margin-top: 30px;\"><strong>Pielietojuma sf\u0113ras<\/strong><\/p>\n<p style=\"margin-bottom: 8px; margin-top: 0px; line-height: 1.6;\">Viesn\u012bcas, b\u0101ri, skolas, b\u0113rnud\u0101rzi, peldbaseini, sporta z\u0101les, veikali, farm\u0101cija, piena-siera ra\u017eo\u0161ana, dz\u0113rienu ra\u017eo\u0161ana, p\u0101rtikas p\u0101rstr\u0101de, zivju p\u0101rstr\u0101des r\u016bpn\u012bcas, lopkop\u012bbas saimniec\u012bbas, slimn\u012bcas, aug\u013cu un d\u0101rze\u0146u tirgi.<\/p>\n<p style=\"margin-bottom: 10px; margin-top: 30px;\"><strong>Lieto\u0161anas instrukcija<\/strong><\/p>\n<p style=\"margin-bottom: 10px; margin-top: 30px;\">No\u0146emt net\u012brumu atlikumus no virsmas. Uzkl\u0101t &#8220;NEU057 CI&#8221; \u0161\u0137\u012bdumu uz apstr\u0101d\u0101jam\u0101s virsmas iev\u0113rojot zem\u0101k sniegtos ieteikumus par koncentr\u0101ciju un atbilsto\u0161ajiem iedarb\u012bbas laikiem:<\/p>\n<p style=\"margin-bottom: 10px; margin-top: 30px;\">VISP\u0100R\u012aG\u0100 SANIT\u0100R\u0100 APSTR\u0100DE T\u012aR\u0100M VIRSM\u0100M:<\/p>\n<p style=\"margin-bottom: 8px; margin-top: 0px; line-height: 1.6;\">10 ml uz katru litru \u016bdens: kontakta laiks 5 min\u016btes;<\/p>\n<p style=\"margin-bottom: 10px; margin-top: 30px;\">SANIT\u0100R\u0100 APSTR\u0100DE VIEGLI NET\u012aR\u0100M VIRSM\u0100M:<\/p>\n<p style=\"margin-bottom: 8px; margin-top: 0px; line-height: 1.6;\">25 ml uz katru litru \u016bdens: kontakta laiks 30 min;<\/p>\n<p style=\"margin-bottom: 10px; margin-top: 30px;\">\u013bOTI NET\u012aRU VIRSMU SANIT\u0100R\u0100 APSTR\u0100DE:<\/p>\n<p style=\"margin-bottom: 8px; margin-top: 0px; line-height: 1.6;\">50 ml uz katru litru \u016bdens: kontakta laiks 30 min\u016btes;<\/p>\n<p style=\"margin-bottom: 10px; margin-top: 30px;\">PASTIPRIN\u0100TA SANIT\u0100R\u0100 APSTR\u0100DE:<\/p>\n<p style=\"margin-bottom: 8px; margin-top: 0px; line-height: 1.6;\">50 ml uz katru litru \u016bdens: kontakta laiks 60 min\u016btes.<\/p>\n<p style=\"margin-bottom: 8px; margin-top: 0px; line-height: 1.6;\">P\u0101rtikas nozar\u0113, izmantojot augstas koncentr\u0101cijas \u0161\u0137\u012bdumus un virsmas apstr\u0101des proced\u016bras, p\u0113c apstr\u0101des pabeig\u0161anas noskalot virsmu ar \u016bdeni. Sagatavot darba \u0161\u0137\u012bdumu katru dienu vai bie\u017e\u0101k, ja tas \u0161\u0137iet ac\u012bmredzami net\u012brs.<\/p>\n<p style=\"margin-bottom: 10px; margin-top: 30px;\"><strong>\u0136\u012bmisk\u0101s un fizik\u0101l\u0101s \u012bpa\u0161\u012bbas<\/strong><\/p>\n<p style=\"margin-bottom: 8px; margin-top: 0px; line-height: 1.6;\"><strong>Izskats<\/strong>: caursp\u012bd\u012bgs \u0161\u0137idrums<\/p>\n<p style=\"margin-bottom: 8px; margin-top: 0px; line-height: 1.6;\"><strong>Kr\u0101sa<\/strong>: gai\u0161i za\u013ca<\/p>\n<p style=\"margin-bottom: 8px; margin-top: 0px; line-height: 1.6;\"><strong>Smar\u017ea<\/strong>: rakstur\u012bga<\/p>\n<p style=\"margin-bottom: 8px; margin-top: 0px; line-height: 1.6;\"><strong>Bl\u012bvums<\/strong>: 1,00 +\/- 0,02 kg \/ l<\/p>\n<p style=\"margin-bottom: 8px; margin-top: 0px; line-height: 1.6;\"><strong>pH<\/strong>: 8,2 \u00b1 0,5<\/p>\n<p style=\"margin-bottom: 8px; margin-top: 0px; line-height: 1.6;\"><strong>Akt\u012bv\u0101 sast\u0101vda\u013ca<\/strong>: 2,75% dodecilmetilamonija hlor\u012bds<\/p>\n<p style=\"margin-bottom: 8px; margin-top: 0px; line-height: 1.6;\"><strong>Biolo\u0123isk\u0101 no\u0101rd\u012b\u0161an\u0101s<\/strong>: saska\u0146\u0101 ar Regulu CE 648\/2004<\/p>\n<p style=\"margin-bottom: 8px; margin-top: 0px; line-height: 1.6;\"><strong>Virsmakt\u012bv\u0101 viela<\/strong>: katjonu<\/p>\n<p style=\"margin-bottom: 8px; margin-top: 0px; line-height: 1.6;\"><strong>Br\u012bdin\u0101jumi!<\/strong> Pirms lieto\u0161anas uzman\u012bgi izlasiet dro\u0161\u012bbas datu lapu. Nejaukt ar citiem produktiem. NEU 057 CI nav sader\u012bgs ar halog\u0113niem, stipriem s\u0101rmiem, sp\u0113c\u012bgiem oksid\u0113t\u0101jiem, arom\u0101tiskiem \u0161\u0137\u012bdin\u0101t\u0101jiem, ziep\u0113m un anjonu mazg\u0101\u0161anas l\u012bdzek\u013ciem.<\/p>\n","protected":false},"excerpt":{"rendered":"<p>KONCENTR\u0112TS L\u012aDZEKLIS SANIT\u0100RAI APSTR\u0100DEI \u012apa\u0161\u012bbas Koncentr\u0113ts, bez smar\u017eas pla\u0161a pielietojuma spektra sanit\u0101rijas l\u012bdzeklis uz dodecilmetilamonija hlor\u012bda b\u0101zes. Piem\u012bt sanit\u0101rijas \u012bpa\u0161\u012bbas attiec\u012bb\u0101 uz daudzu veidu mikroorganismiem. Ar &#8220;NEU057 CI&#8221; var apstr\u0101d\u0101t visu veidu mazg\u0101jam\u0101s virsmas. \u012apa\u0161i paredz\u0113ts virsmu un apr\u012bkojuma\u00a0apstr\u0101dei\u00a0p\u0101rtikas un medic\u012bnas nozar\u0113s. Piem\u0113rots H.A.C.C.P. nozarei. At\u0161\u0137ir\u012bb\u0101 no daudziem sanit\u0101rijas l\u012bdzek\u013ciem, kas zaud\u0113 efektivit\u0101ti uz stipri&#8230;<\/p>\n","protected":false},"featured_media":4424,"template":"","meta":[],"product_brand":[342],"product_cat":[353,356,368],"product_tag":[],"class_list":{"0":"post-4423","1":"product","2":"type-product","3":"status-publish","4":"has-post-thumbnail","6":"product_brand-serpento-future-chemicals","7":"product_cat-flore-chemie-produkti","8":"product_cat-viesnicu-un-gastronomijas-nozares","9":"product_cat-dezinfekcijas-mazgasanas-lidzekli","11":"first","12":"instock","13":"shipping-taxable","14":"purchasable","15":"product-type-variable","16":"has-default-attributes"},"_links":{"self":[{"href":"https:\/\/e-flore.store\/lv\/wp-json\/wp\/v2\/product\/4423","targetHints":{"allow":["GET"]}}],"collection":[{"href":"https:\/\/e-flore.store\/lv\/wp-json\/wp\/v2\/product"}],"about":[{"href":"https:\/\/e-flore.store\/lv\/wp-json\/wp\/v2\/types\/product"}],"wp:featuredmedia":[{"embeddable":true,"href":"https:\/\/e-flore.store\/lv\/wp-json\/wp\/v2\/media\/4424"}],"wp:attachment":[{"href":"https:\/\/e-flore.store\/lv\/wp-json\/wp\/v2\/media?parent=4423"}],"wp:term":[{"taxonomy":"product_brand","embeddable":true,"href":"https:\/\/e-flore.store\/lv\/wp-json\/wp\/v2\/product_brand?post=4423"},{"taxonomy":"product_cat","embeddable":true,"href":"https:\/\/e-flore.store\/lv\/wp-json\/wp\/v2\/product_cat?post=4423"},{"taxonomy":"product_tag","embeddable":true,"href":"https:\/\/e-flore.store\/lv\/wp-json\/wp\/v2\/product_tag?post=4423"}],"curies":[{"name":"wp","href":"https:\/\/api.w.org\/{rel}","templated":true}]}}