{"id":4428,"date":"2026-02-03T16:04:05","date_gmt":"2026-02-03T14:04:05","guid":{"rendered":"https:\/\/demo8.izveide.id.lv\/?post_type=product&#038;p=4428"},"modified":"2026-02-19T15:52:54","modified_gmt":"2026-02-19T13:52:54","slug":"florin-dry-cleaner-granulat-code-0592","status":"publish","type":"product","link":"https:\/\/e-flore.store\/lv\/produkts\/florin-dry-cleaner-granulat-code-0592\/","title":{"rendered":"Florin Dry Cleaner Granulat (kods 0592)"},"content":{"rendered":"<p><img decoding=\"async\" alt=\"0592-PARENT\" class=\"alignnone size-full wp-image-2149\" src=\"\/wp-content\/uploads\/2026\/01\/0592-PARENT_desc.jpg\" width=\"100%\" style=\"width: 100%; height: auto; display: block;\" srcset=\"https:\/\/e-flore.store\/wp-content\/uploads\/2026\/01\/0592-PARENT_desc.jpg 957w, https:\/\/e-flore.store\/wp-content\/uploads\/2026\/01\/0592-PARENT_desc-600x450.jpg 600w, https:\/\/e-flore.store\/wp-content\/uploads\/2026\/01\/0592-PARENT_desc-300x225.jpg 300w\" sizes=\"(max-width: 957px) 100vw, 957px\" \/><\/p>\n<div id=\"eflore-spacer-v55\" style=\"height: 0px; clear: both; width: 100%; display: block;\"><\/div>\n<p style=\"margin-bottom: 10px; margin-top: 30px;\"><strong>PAKL\u0100JU SAUS\u0100S \u0136\u012aMISK\u0100S T\u012aR\u012a\u0160ANAS L\u012aDZEKLIS<\/strong><\/p>\n<p style=\"margin-bottom: 10px; margin-top: 30px;\"><strong>\u012apa\u0161\u012bbas<\/strong><\/p>\n<p style=\"margin-bottom: 8px; margin-top: 0px; line-height: 1.6;\">&#8211; L\u012bdzeklis ir piln\u012bgi nekait\u012bgs apk\u0101rt\u0113jai videi, biolo\u0123iski sadal\u0101s dab\u0101 piln\u012bb\u0101.<\/p>\n<p style=\"margin-bottom: 8px; margin-top: 0px; line-height: 1.6;\">&#8211; Str\u0101d\u0101jot ar l\u012bdzekli nav j\u0101raiz\u0113jas par \u016bdens \u0161\u0137\u012bduma traipiem.<\/p>\n<p style=\"margin-bottom: 8px; margin-top: 0px; line-height: 1.6;\">&#8211; L\u012bdzeklis pasarg\u0101 apstr\u0101d\u0101to virsmu no atk\u0101rtota pies\u0101r\u0146ojuma.<\/p>\n<p style=\"margin-bottom: 8px; margin-top: 0px; line-height: 1.6;\">&#8211; Izmantojot l\u012bdzekli var \u013coti \u0101tri not\u012br\u012bt m\u012bkst\u0101 gr\u012bdas seguma net\u012br\u0101k\u0101s vietas pie ieej\u0101m un intens\u012bv\u0101k noslogotaj\u0101s viet\u0101s.<\/p>\n<p style=\"margin-bottom: 8px; margin-top: 0px; line-height: 1.6;\">&#8211; Nav j\u0101gaida kam\u0113r apstr\u0101d\u0101t\u0101 virsma no\u017e\u016bs.<\/p>\n<p style=\"margin-bottom: 10px; margin-top: 30px;\"><strong>Pielieto\u0161anas iesp\u0113jas<\/strong><\/p>\n<p style=\"margin-bottom: 8px; margin-top: 0px; line-height: 1.6;\">Higi\u0113niska un sausa gr\u012bdas m\u012bksto segumu t\u012br\u012b\u0161ana.<\/p>\n<p style=\"margin-bottom: 10px; margin-top: 30px;\"><strong>Pielieto\u0161anas veidi un uzglab\u0101\u0161ana<\/strong><\/p>\n<p style=\"margin-bottom: 8px; margin-top: 0px; line-height: 1.6;\">&#8211; Pulveri izb\u0101rst\u012bt uz apstr\u0101d\u0101jam\u0101s m\u012bkst\u0101 seguma virsmas: 1 kg apm\u0113ram uz 14 \u2013 20 kvadr\u0101tmetriem. Apstr\u0101d\u0101t virsmu ar cietu birsti.<\/p>\n<p style=\"margin-bottom: 8px; margin-top: 0px; line-height: 1.6;\">&#8211; \u012apa\u0161i smagos gad\u012bjumos t\u012br\u0101mo virsmu vispirms apstr\u0101d\u0101t ar l\u012bdzekli Florin Fleckenloser.<\/p>\n<p style=\"margin-bottom: 8px; margin-top: 0px; line-height: 1.6;\">&#8211; P\u0113c 30 \u2013 60 min\u016bt\u0113m net\u012bro pulveri var sav\u0101kt un virsmu apstr\u0101d\u0101t ar putek\u013cu suc\u0113ju.<\/p>\n<p style=\"margin-bottom: 8px; margin-top: 0px; line-height: 1.6;\">&#8211; Uzglab\u0101t b\u0113rniem nepieejam\u0101 viet\u0101, p\u0113c darba k\u0101rt\u012bgi mazg\u0101t rokas, iepakojumu uzglab\u0101t cie\u0161i aizv\u0113rtu.<\/p>\n<p style=\"margin-bottom: 10px; margin-top: 30px;\"><strong>Tehniskais raksturojums<\/strong><\/p>\n<p style=\"margin-bottom: 8px; margin-top: 0px; line-height: 1.6;\"><strong>Fizisk\u0101 forma<\/strong>: pulveris<\/p>\n<p style=\"margin-bottom: 8px; margin-top: 0px; line-height: 1.6;\"><strong>pH l\u012bmenis<\/strong>: 6<\/p>\n<p style=\"margin-bottom: 8px; margin-top: 0px; line-height: 1.6;\"><strong>Sast\u0101vs<\/strong>: virsmaktiv\u0101s vielas, isopropanols, dab\u012bgais balasts, aromatizatori<\/p>\n","protected":false},"excerpt":{"rendered":"<p>PAKL\u0100JU SAUS\u0100S \u0136\u012aMISK\u0100S T\u012aR\u012a\u0160ANAS L\u012aDZEKLIS \u012apa\u0161\u012bbas &#8211; L\u012bdzeklis ir piln\u012bgi nekait\u012bgs apk\u0101rt\u0113jai videi, biolo\u0123iski sadal\u0101s dab\u0101 piln\u012bb\u0101. &#8211; Str\u0101d\u0101jot ar l\u012bdzekli nav j\u0101raiz\u0113jas par \u016bdens \u0161\u0137\u012bduma traipiem. &#8211; L\u012bdzeklis pasarg\u0101 apstr\u0101d\u0101to virsmu no atk\u0101rtota pies\u0101r\u0146ojuma. &#8211; Izmantojot l\u012bdzekli var \u013coti \u0101tri not\u012br\u012bt m\u012bkst\u0101 gr\u012bdas seguma net\u012br\u0101k\u0101s vietas pie ieej\u0101m un intens\u012bv\u0101k noslogotaj\u0101s viet\u0101s. &#8211; Nav&#8230;<\/p>\n","protected":false},"featured_media":4429,"template":"","meta":[],"product_brand":[337],"product_cat":[353,356,362],"product_tag":[],"class_list":{"0":"post-4428","1":"product","2":"type-product","3":"status-publish","4":"has-post-thumbnail","6":"product_brand-flore-chemie","7":"product_cat-flore-chemie-produkti","8":"product_cat-viesnicu-un-gastronomijas-nozares","9":"product_cat-lidzekli-gridu-un-miksto-segumu-mazgasanai-un-kopsanai","11":"first","12":"instock","13":"shipping-taxable","14":"purchasable","15":"product-type-simple"},"_links":{"self":[{"href":"https:\/\/e-flore.store\/lv\/wp-json\/wp\/v2\/product\/4428","targetHints":{"allow":["GET"]}}],"collection":[{"href":"https:\/\/e-flore.store\/lv\/wp-json\/wp\/v2\/product"}],"about":[{"href":"https:\/\/e-flore.store\/lv\/wp-json\/wp\/v2\/types\/product"}],"wp:featuredmedia":[{"embeddable":true,"href":"https:\/\/e-flore.store\/lv\/wp-json\/wp\/v2\/media\/4429"}],"wp:attachment":[{"href":"https:\/\/e-flore.store\/lv\/wp-json\/wp\/v2\/media?parent=4428"}],"wp:term":[{"taxonomy":"product_brand","embeddable":true,"href":"https:\/\/e-flore.store\/lv\/wp-json\/wp\/v2\/product_brand?post=4428"},{"taxonomy":"product_cat","embeddable":true,"href":"https:\/\/e-flore.store\/lv\/wp-json\/wp\/v2\/product_cat?post=4428"},{"taxonomy":"product_tag","embeddable":true,"href":"https:\/\/e-flore.store\/lv\/wp-json\/wp\/v2\/product_tag?post=4428"}],"curies":[{"name":"wp","href":"https:\/\/api.w.org\/{rel}","templated":true}]}}