{"id":4430,"date":"2026-02-03T16:04:05","date_gmt":"2026-02-03T14:04:05","guid":{"rendered":"https:\/\/demo8.izveide.id.lv\/?post_type=product&#038;p=4430"},"modified":"2026-03-26T15:01:31","modified_gmt":"2026-03-26T13:01:31","slug":"alk-028-ci-code-028","status":"publish","type":"product","link":"https:\/\/e-flore.store\/lv\/produkts\/alk-028-ci-code-028\/","title":{"rendered":"ALK 028 CI (kods 028)"},"content":{"rendered":"<p><img decoding=\"async\" style=\"width: 100%; height: auto; display: block;\" src=\"\/wp-content\/uploads\/2026\/01\/028-PARENT_desc.jpg\" \/><\/p>\n<div id=\"eflore-spacer-v55\" style=\"height: 0px; clear: both; width: 100%; display: block;\"><\/div>\n<p style=\"margin-bottom: 10px; margin-top: 30px;\"><strong>MAZG\u0100\u0160ANAS L\u012aDZEKLIS CIETAM \u016aDENIM TRAUKU MAZG\u0100\u0160ANAS MA\u0160\u012aN\u0100M<\/strong><\/p>\n<p style=\"margin-bottom: 10px; margin-top: 30px;\"><strong>\u012apa\u0161\u012bbas<\/strong><\/p>\n<p style=\"margin-bottom: 8px; margin-top: 0px; line-height: 1.6;\">\u0160\u0137idrs s\u0101rmains mazg\u0101\u0161anas l\u012bdzeklis trauku mazg\u0101\u0161anai autom\u0101tiskaj\u0101s trauku mazg\u0101\u0161anas ma\u0161\u012bn\u0101s. Pateicoties produkta \u012bpa\u0161ajai formulai tas lieliski tiek gal\u0101 ar net\u012brumiem un ka\u013c\u0137akmeni un ir ide\u0101li piem\u0113rots lieto\u0161anai pat \u013coti cieta \u016bdens apst\u0101k\u013cos. Nomazg\u0101 katlus, traukus, gl\u0101zes, galda piederumus utt. K\u0101 s\u0101rmains l\u012bdzeklis tas viegli noskalojas pat ja to lieto \u013coti liel\u0101s dev\u0101s.<\/p>\n<p style=\"margin-bottom: 10px; margin-top: 30px;\"><strong>Pielietojuma sf\u0113ras<\/strong><\/p>\n<p style=\"margin-bottom: 8px; margin-top: 0px; line-height: 1.6;\">Virtuves, \u0113dn\u012bcas, b\u0101ri, restor\u0101ni utt.<\/p>\n<p style=\"margin-bottom: 10px; margin-top: 30px;\"><strong>Lieto\u0161anas instrukcija<\/strong><\/p>\n<p style=\"margin-bottom: 8px; margin-top: 0px; line-height: 1.6;\">&#8211; Trauku mazg\u0101jam\u0101s ma\u0161\u012bn\u0101s bez doz\u0113\u0161anas ier\u012bces mazg\u0101\u0161anas l\u012bdzekli ieliet tie\u0161i \u016bden\u012b, ko izmanto trauku mazg\u0101\u0161anai.<\/p>\n<p style=\"margin-bottom: 8px; margin-top: 0px; line-height: 1.6;\">&#8211; Ma\u0161\u012bn\u0101s ar integr\u0113tu doz\u0113\u0161anas ier\u012bci ieliet l\u012bdzekli attiec\u012bgaj\u0101 doz\u0113\u0161anas ier\u012bces nodal\u012bjum\u0101.<\/p>\n<p style=\"margin-bottom: 8px; margin-top: 0px; line-height: 1.6;\">&#8211; Trauku mazg\u0101\u0161anas ma\u0161\u012bn\u0101s ar \u0101r\u0113j\u0101m autom\u0101tisk\u0101m doz\u0113\u0161anas ier\u012bc\u0113m ievietojiet ies\u016bk\u0161anas cauruli trauk\u0101 ar mazg\u0101\u0161anas l\u012bdzekli. Piel\u0101gojiet doz\u0113\u0161anas ier\u012bci doz\u0113\u0161anai saska\u0146\u0101 ar ieteikumiem, kas sniegti \u0161aj\u0101 tabul\u0101:<\/p>\n<table style=\"width: 100%; border-collapse: collapse; margin-bottom: 15px;\">\n<tbody>\n<tr>\n<td style=\"border: 1px solid #ddd; padding: 8px;\">\u016adens<\/td>\n<td style=\"border: 1px solid #ddd; padding: 8px;\">Doz\u0101cija<\/td>\n<\/tr>\n<tr>\n<td style=\"border: 1px solid #ddd; padding: 8px;\">M\u012bksts (0\u201310 \u00b0F)<\/td>\n<td style=\"border: 1px solid #ddd; padding: 8px;\">1,3 &#8211; 1,8 g \/ l<\/td>\n<\/tr>\n<tr>\n<td style=\"border: 1px solid #ddd; padding: 8px;\">Vid\u0113ji ciets (10-20 \u00b0F)<\/td>\n<td style=\"border: 1px solid #ddd; padding: 8px;\">1,8 &#8211; 2,3 g \/ l<\/td>\n<\/tr>\n<tr>\n<td style=\"border: 1px solid #ddd; padding: 8px;\">Ciets (20-30 \u00b0F)<\/td>\n<td style=\"border: 1px solid #ddd; padding: 8px;\">2,3 &#8211; 2,8 g \/ l<\/td>\n<\/tr>\n<tr>\n<td style=\"border: 1px solid #ddd; padding: 8px;\">\u013boti ciets (virs 30 \u00b0F)<\/td>\n<td style=\"border: 1px solid #ddd; padding: 8px;\">2,8 &#8211; 3,3 g \/ l<\/td>\n<\/tr>\n<\/tbody>\n<\/table>\n<p style=\"margin-bottom: 10px; margin-top: 30px;\"><strong>\u0136\u012bmisk\u0101s un fizik\u0101l\u0101s \u012bpa\u0161\u012bbas<\/strong><\/p>\n<p style=\"margin-bottom: 8px; margin-top: 0px; line-height: 1.6;\"><strong>Izskats:<\/strong> caursp\u012bd\u012bgs \u0161\u0137idrums<\/p>\n<p style=\"margin-bottom: 8px; margin-top: 0px; line-height: 1.6;\"><strong>Kr\u0101sa:<\/strong> dzelten\u012bga<\/p>\n<p style=\"margin-bottom: 8px; margin-top: 0px; line-height: 1.6;\"><strong>Smar\u017ea:<\/strong> rakstur\u012bga<\/p>\n<p style=\"margin-bottom: 8px; margin-top: 0px; line-height: 1.6;\"><strong>Bl\u012bvums:<\/strong> 1,210 +\/- 0,02 g \/ ml 20 \u00b0C temperat\u016br\u0101<\/p>\n<p style=\"margin-bottom: 8px; margin-top: 0px; line-height: 1.6;\"><strong>pH:<\/strong> &gt; 13<\/p>\n<p style=\"margin-bottom: 8px; margin-top: 0px; line-height: 1.6;\"><strong>Br\u012bdin\u0101jumi!<\/strong> Izvairieties no produkta saskares ar sk\u0101b\u0101m un halogen\u0113t\u0101m viel\u0101m, alum\u012bniju un viegliem met\u0101liem. Pirms lieto\u0161anas uzman\u012bgi izp\u0113tiet dro\u0161\u012bbas datu lapu. Lietojiet produktu tikai ori\u0123in\u0101l\u0101 iepakojum\u0101.<\/p>\n","protected":false},"excerpt":{"rendered":"<p>MAZG\u0100\u0160ANAS L\u012aDZEKLIS CIETAM \u016aDENIM TRAUKU MAZG\u0100\u0160ANAS MA\u0160\u012aN\u0100M \u012apa\u0161\u012bbas \u0160\u0137idrs s\u0101rmains mazg\u0101\u0161anas l\u012bdzeklis trauku mazg\u0101\u0161anai autom\u0101tiskaj\u0101s trauku mazg\u0101\u0161anas ma\u0161\u012bn\u0101s. Pateicoties produkta \u012bpa\u0161ajai formulai tas lieliski tiek gal\u0101 ar net\u012brumiem un ka\u013c\u0137akmeni un ir ide\u0101li piem\u0113rots lieto\u0161anai pat \u013coti cieta \u016bdens apst\u0101k\u013cos. Nomazg\u0101 katlus, traukus, gl\u0101zes, galda piederumus utt. K\u0101 s\u0101rmains l\u012bdzeklis tas viegli noskalojas pat ja&#8230;<\/p>\n","protected":false},"featured_media":7623,"template":"","meta":[],"product_brand":[342],"product_cat":[353,356,365],"product_tag":[],"class_list":{"0":"post-4430","1":"product","2":"type-product","3":"status-publish","4":"has-post-thumbnail","6":"product_brand-serpento-future-chemicals","7":"product_cat-flore-chemie-produkti","8":"product_cat-viesnicu-un-gastronomijas-nozares","9":"product_cat-trauku-mazgasanas-lidzekli","11":"first","12":"instock","13":"shipping-taxable","14":"purchasable","15":"product-type-variable","16":"has-default-attributes"},"_links":{"self":[{"href":"https:\/\/e-flore.store\/lv\/wp-json\/wp\/v2\/product\/4430","targetHints":{"allow":["GET"]}}],"collection":[{"href":"https:\/\/e-flore.store\/lv\/wp-json\/wp\/v2\/product"}],"about":[{"href":"https:\/\/e-flore.store\/lv\/wp-json\/wp\/v2\/types\/product"}],"wp:featuredmedia":[{"embeddable":true,"href":"https:\/\/e-flore.store\/lv\/wp-json\/wp\/v2\/media\/7623"}],"wp:attachment":[{"href":"https:\/\/e-flore.store\/lv\/wp-json\/wp\/v2\/media?parent=4430"}],"wp:term":[{"taxonomy":"product_brand","embeddable":true,"href":"https:\/\/e-flore.store\/lv\/wp-json\/wp\/v2\/product_brand?post=4430"},{"taxonomy":"product_cat","embeddable":true,"href":"https:\/\/e-flore.store\/lv\/wp-json\/wp\/v2\/product_cat?post=4430"},{"taxonomy":"product_tag","embeddable":true,"href":"https:\/\/e-flore.store\/lv\/wp-json\/wp\/v2\/product_tag?post=4430"}],"curies":[{"name":"wp","href":"https:\/\/api.w.org\/{rel}","templated":true}]}}