{"id":4435,"date":"2026-02-03T16:04:05","date_gmt":"2026-02-03T14:04:05","guid":{"rendered":"https:\/\/demo8.izveide.id.lv\/?post_type=product&#038;p=4435"},"modified":"2026-03-26T15:01:34","modified_gmt":"2026-03-26T13:01:34","slug":"lisan-code-0055","status":"publish","type":"product","link":"https:\/\/e-flore.store\/lv\/produkts\/lisan-code-0055\/","title":{"rendered":"Lisan (kods 0055)"},"content":{"rendered":"<p><img decoding=\"async\" src=\"\/wp-content\/uploads\/2026\/01\/0055-PARENT_desc.jpg\" style=\"width: 100%; height: auto; display: block;\"><\/p>\n<div id=\"eflore-spacer-v55\" style=\"height: 0px; clear: both; width: 100%; display: block;\"><\/div>\n<p style=\"margin-bottom: 10px; margin-top: 30px;\"><strong>TRAUKU MAZG\u0100\u0160ANAS \u0160AMP\u016aNS<\/strong><\/p>\n<p style=\"margin-bottom: 10px; margin-top: 30px;\"><strong>\u012apa\u0161\u012bbas<\/strong><\/p>\n<p style=\"margin-bottom: 8px; margin-top: 0px; line-height: 1.6;\">&#8211; Koncentr\u0113ts trauku mazg\u0101\u0161anas \u0161amp\u016bns ar \u0101du aizsarg\u0101jo\u0161\u0101m piedev\u0101m.\u00a0Sadal\u0101s dab\u0101 vair\u0101k par 90%.<\/p>\n<p style=\"margin-bottom: 8px; margin-top: 0px; line-height: 1.6;\">&#8211; Piem\u0113rots trauku, virtuves iek\u0101rtu un invent\u0101ra mazg\u0101\u0161anai.<\/p>\n<p style=\"margin-bottom: 8px; margin-top: 0px; line-height: 1.6;\">&#8211; Trauki k\u013c\u016bst sp\u012bd\u012bgi bez \u017e\u0101v\u0113\u0161anas.<\/p>\n<p style=\"margin-bottom: 8px; margin-top: 0px; line-height: 1.6;\">&#8211; No\u0146em taukus, olbaltumvielas, asinis, e\u013c\u013cu, k\u0101 ar\u012b cita veida organisko pies\u0101r\u0146ojumu.<\/p>\n<p style=\"margin-bottom: 8px; margin-top: 0px; line-height: 1.6;\">&#8211; L\u012bdzeklim piem\u012bt lielisks arom\u0101ts.<\/p>\n<p style=\"margin-bottom: 10px; margin-top: 30px;\"><strong>Pielieto\u0161anas iesp\u0113jas<\/strong><\/p>\n<p style=\"margin-bottom: 8px; margin-top: 0px; line-height: 1.6;\">&#8211; Visp\u0101r\u0113jam pielietojumam at\u0161\u0137aid\u012bt proporcij\u0101s no 1:300 l\u012bdz pat 1:500.<\/p>\n<p style=\"margin-bottom: 8px; margin-top: 0px; line-height: 1.6;\">&#8211; \u013boti net\u012bras virsmas mazg\u0101t ar l\u012bdzekli at\u0161\u0137aid\u012btu proporcij\u0101s 1:10 l\u012bdz 1:50.<\/p>\n<p style=\"margin-bottom: 8px; margin-top: 0px; line-height: 1.6;\">&#8211; Vid\u0113ja pies\u0101r\u0146ojuma virsmu mazg\u0101\u0161anai at\u0161\u0137aid\u012bt no 1:50 l\u012bdz 1:100.<\/p>\n<p style=\"margin-bottom: 10px; margin-top: 30px;\"><strong>Pielieto\u0161anas veidi un uzglab\u0101\u0161ana<\/strong><\/p>\n<p style=\"margin-bottom: 8px; margin-top: 0px; line-height: 1.6;\">&#8211; Sarg\u0101t l\u012bdzekli no sasal\u0161anas.<\/p>\n<p style=\"margin-bottom: 8px; margin-top: 0px; line-height: 1.6;\">&#8211; Nelietot trauku mazg\u0101jamaj\u0101s ma\u0161\u012bn\u0101s, jo l\u012bdzeklis stipri puto.<\/p>\n<p style=\"margin-bottom: 8px; margin-top: 0px; line-height: 1.6;\">&#8211; L\u012bdzeklim piem\u012bt ekskluz\u012bva sp\u0113ja mazg\u0101t un t\u012br\u012bt kokosriekstu e\u013c\u013cas pies\u0101r\u0146ojumu.<\/p>\n<p style=\"margin-bottom: 10px; margin-top: 30px;\"><strong>Tehniskais raksturojums<\/strong><\/p>\n<p style=\"margin-bottom: 8px; margin-top: 0px; line-height: 1.6;\"><strong>Fizisk\u0101 forma<\/strong>: \u0161\u0137idrums<\/p>\n<p style=\"margin-bottom: 8px; margin-top: 0px; line-height: 1.6;\"><strong>Bl\u012bvums (20 \u00baC)<\/strong>: 1.02 g \/ ml<\/p>\n<p style=\"margin-bottom: 8px; margin-top: 0px; line-height: 1.6;\"><strong>pH l\u012bmenis<\/strong>: 7<\/p>\n<p style=\"margin-bottom: 8px; margin-top: 0px; line-height: 1.6;\"><strong>V\u0101r\u012b\u0161an\u0101s diapazons<\/strong>: +100 \u00baC<\/p>\n<p style=\"margin-bottom: 8px; margin-top: 0px; line-height: 1.6;\"><strong>Sast\u0101vs<\/strong>: anjon\u0101s un nejon\u0101s virsmakt\u012bv\u0101s vielas, konservanti, kr\u0101svielas un smar\u017evielas<\/p>\n","protected":false},"excerpt":{"rendered":"<p>TRAUKU MAZG\u0100\u0160ANAS \u0160AMP\u016aNS \u012apa\u0161\u012bbas &#8211; Koncentr\u0113ts trauku mazg\u0101\u0161anas \u0161amp\u016bns ar \u0101du aizsarg\u0101jo\u0161\u0101m piedev\u0101m.\u00a0Sadal\u0101s dab\u0101 vair\u0101k par 90%. &#8211; Piem\u0113rots trauku, virtuves iek\u0101rtu un invent\u0101ra mazg\u0101\u0161anai. &#8211; Trauki k\u013c\u016bst sp\u012bd\u012bgi bez \u017e\u0101v\u0113\u0161anas. &#8211; No\u0146em taukus, olbaltumvielas, asinis, e\u013c\u013cu, k\u0101 ar\u012b cita veida organisko pies\u0101r\u0146ojumu. &#8211; L\u012bdzeklim piem\u012bt lielisks arom\u0101ts. Pielieto\u0161anas iesp\u0113jas &#8211; Visp\u0101r\u0113jam pielietojumam at\u0161\u0137aid\u012bt proporcij\u0101s&#8230;<\/p>\n","protected":false},"featured_media":4436,"template":"","meta":[],"product_brand":[337],"product_cat":[353,356,365],"product_tag":[],"class_list":{"0":"post-4435","1":"product","2":"type-product","3":"status-publish","4":"has-post-thumbnail","6":"product_brand-flore-chemie","7":"product_cat-flore-chemie-produkti","8":"product_cat-viesnicu-un-gastronomijas-nozares","9":"product_cat-trauku-mazgasanas-lidzekli","11":"first","12":"instock","13":"shipping-taxable","14":"purchasable","15":"product-type-variable","16":"has-default-attributes"},"_links":{"self":[{"href":"https:\/\/e-flore.store\/lv\/wp-json\/wp\/v2\/product\/4435","targetHints":{"allow":["GET"]}}],"collection":[{"href":"https:\/\/e-flore.store\/lv\/wp-json\/wp\/v2\/product"}],"about":[{"href":"https:\/\/e-flore.store\/lv\/wp-json\/wp\/v2\/types\/product"}],"wp:featuredmedia":[{"embeddable":true,"href":"https:\/\/e-flore.store\/lv\/wp-json\/wp\/v2\/media\/4436"}],"wp:attachment":[{"href":"https:\/\/e-flore.store\/lv\/wp-json\/wp\/v2\/media?parent=4435"}],"wp:term":[{"taxonomy":"product_brand","embeddable":true,"href":"https:\/\/e-flore.store\/lv\/wp-json\/wp\/v2\/product_brand?post=4435"},{"taxonomy":"product_cat","embeddable":true,"href":"https:\/\/e-flore.store\/lv\/wp-json\/wp\/v2\/product_cat?post=4435"},{"taxonomy":"product_tag","embeddable":true,"href":"https:\/\/e-flore.store\/lv\/wp-json\/wp\/v2\/product_tag?post=4435"}],"curies":[{"name":"wp","href":"https:\/\/api.w.org\/{rel}","templated":true}]}}