{"id":4441,"date":"2026-02-03T16:04:06","date_gmt":"2026-02-03T14:04:06","guid":{"rendered":"https:\/\/demo8.izveide.id.lv\/?post_type=product&#038;p=4441"},"modified":"2026-03-26T15:01:26","modified_gmt":"2026-03-26T13:01:26","slug":"doctan-power-klar-universal-geschirrklarspuler-code-1132","status":"publish","type":"product","link":"https:\/\/e-flore.store\/lv\/produkts\/doctan-power-klar-universal-geschirrklarspuler-code-1132\/","title":{"rendered":"Doctan Power Klar Universal Geschirrklarsp\u00fcler (kods 1132)"},"content":{"rendered":"<p><img decoding=\"async\" alt=\"1132-PARENT\" class=\"alignnone size-full wp-image-2152\" src=\"\/wp-content\/uploads\/2026\/01\/1132-PARENT_desc.jpg\" width=\"100%\" style=\"width: 100%; height: auto; display: block;\" srcset=\"https:\/\/e-flore.store\/wp-content\/uploads\/2026\/01\/1132-PARENT_desc.jpg 762w, https:\/\/e-flore.store\/wp-content\/uploads\/2026\/01\/1132-PARENT_desc-600x565.jpg 600w, https:\/\/e-flore.store\/wp-content\/uploads\/2026\/01\/1132-PARENT_desc-300x283.jpg 300w\" sizes=\"(max-width: 762px) 100vw, 762px\" \/><\/p>\n<div id=\"eflore-spacer-v55\" style=\"height: 0px; clear: both; width: 100%; display: block;\"><\/div>\n<p style=\"margin-bottom: 10px; margin-top: 30px;\"><strong>DOCTAN POWER KLAR UNIVERSAL GESCHIRRKLARSP<\/strong>\u00dc<strong>LER<\/strong><\/p>\n<p style=\"margin-bottom: 10px; margin-top: 30px;\"><strong>DOCTAN POWER KLAR UNIVERSAL<\/strong><\/p>\n<p style=\"margin-bottom: 8px; margin-top: 0px; line-height: 1.6;\">ist ein konzentrierter, besonders schaumfreier Klarsp\u00fcler mit sehr gutem Netzverm\u00f6gen. In der Anwendung ist Doctan Power Klar Universal sparsam und schont dabei Ihr Sp\u00fclgut sowie Ihre Sp\u00fclmaschine.Es ist als leicht saurer Klarsp\u00fcler nicht nur f\u00fcr Porzellan, Edelstahl und Kunststoffe geeignet,sondern auch f\u00fcr Gl\u00e4ser. Das Sp\u00fclgut trocknet selbstt\u00e4tig und glanzklar. Die Wirksamkeit von Doctan Power Klar Universalist auch bei hoher Wasserh\u00e4rte gegeben.<\/p>\n<p style=\"margin-bottom: 10px; margin-top: 30px;\"><strong>ANWENDUNGSBEREICH<\/strong><\/p>\n<p style=\"margin-bottom: 8px; margin-top: 0px; line-height: 1.6;\">gewerbliche Sp\u00fclmaschinen mit nachf\u00fcllbarem Klarsp\u00fcldosierger\u00e4t<\/p>\n<p style=\"margin-bottom: 10px; margin-top: 30px;\"><strong>VERARBEITUNGSHINWEISE<\/strong><\/p>\n<p style=\"margin-bottom: 8px; margin-top: 0px; line-height: 1.6;\">Den Kanister an die Zuleitung des Dosierger\u00e4tes anschlie\u00dfen oder Doctan Power Klar Universal in den Vorratsbeh\u00e4lter des Dosierger\u00e4tes f\u00fcllen. Dosierung 0,1 &#8211; 0,7 ml\/l Wasser je nach Wasserh\u00e4rte und Geschirrmaterial Einstellungshilfe<\/p>\n<p style=\"margin-bottom: 8px; margin-top: 0px; line-height: 1.6;\">optimale Einstellung: glatt ablaufender Wasserfilm<\/p>\n<p style=\"margin-bottom: 8px; margin-top: 0px; line-height: 1.6;\">\u00dcberdosierung: Bl\u00e4schenbildung auf dem Geschirr<\/p>\n<p style=\"margin-bottom: 8px; margin-top: 0px; line-height: 1.6;\">Unterdosierung: Tropfenbildung auf dem Geschirr<\/p>\n<p style=\"margin-bottom: 10px; margin-top: 30px;\"><strong>WEITERER HINWEIS<\/strong><\/p>\n<p style=\"margin-bottom: 8px; margin-top: 0px; line-height: 1.6;\">Doctan Power Klar Universal zum Erhalt der Produkteigenschaften bitte frostfrei lagern.<\/p>\n<p style=\"margin-bottom: 10px; margin-top: 30px;\"><strong>TECHNISCHE DATEN<\/strong><\/p>\n<p style=\"margin-bottom: 8px; margin-top: 0px; line-height: 1.6;\"><strong>Form<\/strong>: fl\u00fcssig<\/p>\n<p style=\"margin-bottom: 8px; margin-top: 0px; line-height: 1.6;\"><strong>Dichte (20 \u00b0C)<\/strong>: ca. 1,0 g\/ml<\/p>\n<p style=\"margin-bottom: 8px; margin-top: 0px; line-height: 1.6;\"><strong>pH-Wert (Konz)<\/strong>: ca. 2,1<\/p>\n<p style=\"margin-bottom: 8px; margin-top: 0px; line-height: 1.6;\"><strong>Lagerf\u00e4higkeit<\/strong>: 4 Jahre<\/p>\n<p style=\"margin-bottom: 8px; margin-top: 0px; line-height: 1.6;\"><strong>INHALTSSTOFFE<\/strong>: nichtionische Tenside<\/p>\n","protected":false},"excerpt":{"rendered":"<p>DOCTAN POWER KLAR UNIVERSAL GESCHIRRKLARSP\u00dcLER DOCTAN POWER KLAR UNIVERSAL ist ein konzentrierter, besonders schaumfreier Klarsp\u00fcler mit sehr gutem Netzverm\u00f6gen. In der Anwendung ist Doctan Power Klar Universal sparsam und schont dabei Ihr Sp\u00fclgut sowie Ihre Sp\u00fclmaschine.Es ist als leicht saurer Klarsp\u00fcler nicht nur f\u00fcr Porzellan, Edelstahl und Kunststoffe geeignet,sondern auch f\u00fcr Gl\u00e4ser. Das Sp\u00fclgut trocknet&#8230;<\/p>\n","protected":false},"featured_media":4442,"template":"","meta":[],"product_brand":[337],"product_cat":[353,356,365],"product_tag":[],"class_list":{"0":"post-4441","1":"product","2":"type-product","3":"status-publish","4":"has-post-thumbnail","6":"product_brand-flore-chemie","7":"product_cat-flore-chemie-produkti","8":"product_cat-viesnicu-un-gastronomijas-nozares","9":"product_cat-trauku-mazgasanas-lidzekli","11":"first","12":"instock","13":"shipping-taxable","14":"purchasable","15":"product-type-variable","16":"has-default-attributes"},"_links":{"self":[{"href":"https:\/\/e-flore.store\/lv\/wp-json\/wp\/v2\/product\/4441","targetHints":{"allow":["GET"]}}],"collection":[{"href":"https:\/\/e-flore.store\/lv\/wp-json\/wp\/v2\/product"}],"about":[{"href":"https:\/\/e-flore.store\/lv\/wp-json\/wp\/v2\/types\/product"}],"wp:featuredmedia":[{"embeddable":true,"href":"https:\/\/e-flore.store\/lv\/wp-json\/wp\/v2\/media\/4442"}],"wp:attachment":[{"href":"https:\/\/e-flore.store\/lv\/wp-json\/wp\/v2\/media?parent=4441"}],"wp:term":[{"taxonomy":"product_brand","embeddable":true,"href":"https:\/\/e-flore.store\/lv\/wp-json\/wp\/v2\/product_brand?post=4441"},{"taxonomy":"product_cat","embeddable":true,"href":"https:\/\/e-flore.store\/lv\/wp-json\/wp\/v2\/product_cat?post=4441"},{"taxonomy":"product_tag","embeddable":true,"href":"https:\/\/e-flore.store\/lv\/wp-json\/wp\/v2\/product_tag?post=4441"}],"curies":[{"name":"wp","href":"https:\/\/api.w.org\/{rel}","templated":true}]}}