{"id":4459,"date":"2026-02-03T16:04:11","date_gmt":"2026-02-03T14:04:11","guid":{"rendered":"https:\/\/demo8.izveide.id.lv\/?post_type=product&#038;p=4459"},"modified":"2026-03-26T15:01:15","modified_gmt":"2026-03-26T13:01:15","slug":"pvc-glanzseife-code-0048","status":"publish","type":"product","link":"https:\/\/e-flore.store\/lv\/produkts\/pvc-glanzseife-code-0048\/","title":{"rendered":"PVC-Glanzseife (kods 0048)"},"content":{"rendered":"<p><img decoding=\"async\" src=\"\/wp-content\/uploads\/2026\/01\/0048-PARENT_desc.jpg\" style=\"width: 100%; height: auto; display: block;\"><\/p>\n<div id=\"eflore-spacer-v55\" style=\"height: 0px; clear: both; width: 100%; display: block;\"><\/div>\n<p style=\"margin-bottom: 10px; margin-top: 30px;\"><strong>KONCENTR\u0112TS T\u012aR\u012a\u0160ANAS L\u012aDZEKLIS AR SP\u012aDUMA EFEKTU<\/strong><\/p>\n<p style=\"margin-bottom: 10px; margin-top: 30px;\"><strong>\u012apa\u0161\u012bbas<\/strong><\/p>\n<p style=\"margin-bottom: 8px; margin-top: 0px; line-height: 1.6;\">&#8211; Augsti koncentr\u0113ts gr\u012bdu t\u012br\u012b\u0161anas l\u012bdzeklis ar aizsargpiedev\u0101m, kur\u0161 p\u0113c pielieto\u0161anas padara apstr\u0101d\u0101to virsmu sp\u012bd\u012bgu.<\/p>\n<p style=\"margin-bottom: 8px; margin-top: 0px; line-height: 1.6;\">&#8211; T\u0101 k\u0101 l\u012bdzeklis ir mazputojo\u0161s, to var izmantot ar\u012b darb\u0101 ar t\u012br\u012b\u0161anas iek\u0101rt\u0101m.<\/p>\n<p style=\"margin-bottom: 10px; margin-top: 30px;\"><strong>Pielieto\u0161anas iesp\u0113jas<\/strong><\/p>\n<p style=\"margin-bottom: 8px; margin-top: 0px; line-height: 1.6;\">L\u012bdzeklis lieliski t\u012bra jebkuru cieto materi\u0101lu gr\u012bdas virsmas, piem\u0113ram, akmens, marmora, PVC jeb sint\u0113tisk\u0101s.<\/p>\n<p style=\"margin-bottom: 10px; margin-top: 30px;\"><strong>Pielieto\u0161anas veidi un uzglab\u0101\u0161ana<\/strong><\/p>\n<p style=\"margin-bottom: 8px; margin-top: 0px; line-height: 1.6;\">&#8211; L\u012bdzekli pielietot t\u012brot gr\u012bdas virsmu ar s\u016bkli, mopu, dr\u0101nu jeb birsti. Lietot at\u0161\u0137aid\u012btu l\u012bdz pat attiec\u012bbai 1:20, 1:50, 1:100, 1:200, 1:500, l\u012bdz 1:2000 darbam ar ma\u0161\u012bn\u0101m. P\u0113c t\u012br\u012b\u0161anas \u013caut virsmai no\u017e\u016bt.<\/p>\n<p style=\"margin-bottom: 8px; margin-top: 0px; line-height: 1.6;\">&#8211; P\u0113c apstr\u0101des pul\u0113\u0161ana pastiprina sp\u012bduma efektu.<\/p>\n<p style=\"margin-bottom: 8px; margin-top: 0px; line-height: 1.6;\">&#8211; Optim\u0101l\u0101 doz\u0113\u0161ana: uz 40 litriem ma\u0161\u012bnas tvertn\u0113s 50 &#8211; 80 ml koncentr\u0101ta, labi sajaukt. Doz\u0113 atkar\u012bb\u0101 no gr\u012bdas seguma veida un t\u0101 pies\u0101r\u0146ot\u012bbas pak\u0101pes.<\/p>\n<p style=\"margin-bottom: 10px; margin-top: 30px;\"><strong>Tehniskais raksturojums<\/strong><\/p>\n<p style=\"margin-bottom: 8px; margin-top: 0px; line-height: 1.6;\"><strong>Fizisk\u0101 forma<\/strong>: \u0161\u0137idrums<\/p>\n<p style=\"margin-bottom: 8px; margin-top: 0px; line-height: 1.6;\"><strong>Bl\u012bvums (20 \u00baC)<\/strong>: 1.02 g\/ml<\/p>\n<p style=\"margin-bottom: 8px; margin-top: 0px; line-height: 1.6;\"><strong>pH l\u012bmenis<\/strong>: 8<\/p>\n<p style=\"margin-bottom: 8px; margin-top: 0px; line-height: 1.6;\"><strong>Sast\u0101vs<\/strong>: tens\u012bdi, kr\u0101svielas, konservanti<\/p>\n","protected":false},"excerpt":{"rendered":"<p>KONCENTR\u0112TS T\u012aR\u012a\u0160ANAS L\u012aDZEKLIS AR SP\u012aDUMA EFEKTU \u012apa\u0161\u012bbas &#8211; Augsti koncentr\u0113ts gr\u012bdu t\u012br\u012b\u0161anas l\u012bdzeklis ar aizsargpiedev\u0101m, kur\u0161 p\u0113c pielieto\u0161anas padara apstr\u0101d\u0101to virsmu sp\u012bd\u012bgu. &#8211; T\u0101 k\u0101 l\u012bdzeklis ir mazputojo\u0161s, to var izmantot ar\u012b darb\u0101 ar t\u012br\u012b\u0161anas iek\u0101rt\u0101m. Pielieto\u0161anas iesp\u0113jas L\u012bdzeklis lieliski t\u012bra jebkuru cieto materi\u0101lu gr\u012bdas virsmas, piem\u0113ram, akmens, marmora, PVC jeb sint\u0113tisk\u0101s. Pielieto\u0161anas veidi un&#8230;<\/p>\n","protected":false},"featured_media":4460,"template":"","meta":[],"product_brand":[337],"product_cat":[353,356,362],"product_tag":[],"class_list":{"0":"post-4459","1":"product","2":"type-product","3":"status-publish","4":"has-post-thumbnail","6":"product_brand-flore-chemie","7":"product_cat-flore-chemie-produkti","8":"product_cat-viesnicu-un-gastronomijas-nozares","9":"product_cat-lidzekli-gridu-un-miksto-segumu-mazgasanai-un-kopsanai","11":"first","12":"instock","13":"shipping-taxable","14":"purchasable","15":"product-type-variable","16":"has-default-attributes"},"_links":{"self":[{"href":"https:\/\/e-flore.store\/lv\/wp-json\/wp\/v2\/product\/4459","targetHints":{"allow":["GET"]}}],"collection":[{"href":"https:\/\/e-flore.store\/lv\/wp-json\/wp\/v2\/product"}],"about":[{"href":"https:\/\/e-flore.store\/lv\/wp-json\/wp\/v2\/types\/product"}],"wp:featuredmedia":[{"embeddable":true,"href":"https:\/\/e-flore.store\/lv\/wp-json\/wp\/v2\/media\/4460"}],"wp:attachment":[{"href":"https:\/\/e-flore.store\/lv\/wp-json\/wp\/v2\/media?parent=4459"}],"wp:term":[{"taxonomy":"product_brand","embeddable":true,"href":"https:\/\/e-flore.store\/lv\/wp-json\/wp\/v2\/product_brand?post=4459"},{"taxonomy":"product_cat","embeddable":true,"href":"https:\/\/e-flore.store\/lv\/wp-json\/wp\/v2\/product_cat?post=4459"},{"taxonomy":"product_tag","embeddable":true,"href":"https:\/\/e-flore.store\/lv\/wp-json\/wp\/v2\/product_tag?post=4459"}],"curies":[{"name":"wp","href":"https:\/\/api.w.org\/{rel}","templated":true}]}}