{"id":4465,"date":"2026-02-03T16:04:12","date_gmt":"2026-02-03T14:04:12","guid":{"rendered":"https:\/\/demo8.izveide.id.lv\/?post_type=product&#038;p=4465"},"modified":"2026-03-26T15:01:07","modified_gmt":"2026-03-26T13:01:07","slug":"flor-acryl-wischpflege-code-0142","status":"publish","type":"product","link":"https:\/\/e-flore.store\/lv\/produkts\/flor-acryl-wischpflege-code-0142\/","title":{"rendered":"Flor Acryl Wischpflege (kods 0142)"},"content":{"rendered":"<p><img decoding=\"async\" src=\"\/wp-content\/uploads\/2026\/01\/0142-PARENT_desc.jpg\" style=\"width: 100%; height: auto; display: block;\"><\/p>\n<div id=\"eflore-spacer-v55\" style=\"height: 0px; clear: both; width: 100%; display: block;\"><\/div>\n<p style=\"margin-bottom: 10px; margin-top: 30px;\"><strong>KOP\u0160ANAS L\u012aDZEKLIS GR\u012aD\u0100M<\/strong><\/p>\n<p style=\"margin-bottom: 10px; margin-top: 30px;\"><strong>\u012apa\u0161\u012bbas<\/strong><\/p>\n<p style=\"margin-bottom: 8px; margin-top: 0px; line-height: 1.6;\">&#8211; Stipri koncentr\u0113ts, efekt\u012bvs l\u012bdzeklis, kur\u0161 satur akril\u0101tus.\u00a0Sadal\u0101s dab\u0101 vair\u0101k par 90%.<\/p>\n<p style=\"margin-bottom: 8px; margin-top: 0px; line-height: 1.6;\">&#8211; Apstr\u0101d\u0101t\u0101s virsmas k\u013c\u016bst sp\u012bd\u012bg\u0101kas, bet ne slidenas.<\/p>\n<p style=\"margin-bottom: 8px; margin-top: 0px; line-height: 1.6;\">&#8211; Gr\u012bdas vislab\u0101k apstr\u0101d\u0101t l\u012bdzekli lietojot kop\u0101 ar produktu Nr.192 \u2013 Flor Acryl Super.<\/p>\n<p style=\"margin-bottom: 10px; margin-top: 30px;\"><strong>Pielieto\u0161anas iesp\u0113jas<\/strong><\/p>\n<p style=\"margin-bottom: 8px; margin-top: 0px; line-height: 1.6;\">L\u012bdzeklis ir \u013coti efekt\u012bvs lietojot to jebkura ciet\u0101 seguma gr\u012bd\u0101m, ieskaitot akmens segumus.<\/p>\n<p style=\"margin-bottom: 10px; margin-top: 30px;\"><strong>Pielieto\u0161anas veidi un uzglab\u0101\u0161ana<\/strong><\/p>\n<p style=\"margin-bottom: 8px; margin-top: 0px; line-height: 1.6;\">L\u012bdzekli pielietot at\u0161\u0137aid\u012bt\u0101 veid\u0101, proporcij\u0101 1:10, 1:40 l\u012bdz 1:200, atkar\u012bb\u0101 no seguma pies\u0101r\u0146ojuma pak\u0101pes un v\u0113lam\u0101 efekta.<\/p>\n<p style=\"margin-bottom: 10px; margin-top: 30px;\"><strong>Tehniskais raksturojums<\/strong><\/p>\n<p style=\"margin-bottom: 8px; margin-top: 0px; line-height: 1.6;\"><strong>Fizisk\u0101 forma<\/strong>: \u0161\u0137idrums<\/p>\n<p style=\"margin-bottom: 8px; margin-top: 0px; line-height: 1.6;\"><strong>Bl\u012bvums (20 \u00baC)<\/strong>: 1.19 g \/ ml<\/p>\n<p style=\"margin-bottom: 8px; margin-top: 0px; line-height: 1.6;\"><strong>pH l\u012bmenis<\/strong>: 8<\/p>\n<p style=\"margin-bottom: 8px; margin-top: 0px; line-height: 1.6;\"><strong>Sast\u0101vs<\/strong>: virsmakt\u012bv\u0101s vielas, 2-propanols<\/p>\n","protected":false},"excerpt":{"rendered":"<p>KOP\u0160ANAS L\u012aDZEKLIS GR\u012aD\u0100M \u012apa\u0161\u012bbas &#8211; Stipri koncentr\u0113ts, efekt\u012bvs l\u012bdzeklis, kur\u0161 satur akril\u0101tus.\u00a0Sadal\u0101s dab\u0101 vair\u0101k par 90%. &#8211; Apstr\u0101d\u0101t\u0101s virsmas k\u013c\u016bst sp\u012bd\u012bg\u0101kas, bet ne slidenas. &#8211; Gr\u012bdas vislab\u0101k apstr\u0101d\u0101t l\u012bdzekli lietojot kop\u0101 ar produktu Nr.192 \u2013 Flor Acryl Super. Pielieto\u0161anas iesp\u0113jas L\u012bdzeklis ir \u013coti efekt\u012bvs lietojot to jebkura ciet\u0101 seguma gr\u012bd\u0101m, ieskaitot akmens segumus. Pielieto\u0161anas veidi&#8230;<\/p>\n","protected":false},"featured_media":4466,"template":"","meta":[],"product_brand":[337],"product_cat":[353,356,362],"product_tag":[],"class_list":{"0":"post-4465","1":"product","2":"type-product","3":"status-publish","4":"has-post-thumbnail","6":"product_brand-flore-chemie","7":"product_cat-flore-chemie-produkti","8":"product_cat-viesnicu-un-gastronomijas-nozares","9":"product_cat-lidzekli-gridu-un-miksto-segumu-mazgasanai-un-kopsanai","11":"first","12":"instock","13":"shipping-taxable","14":"purchasable","15":"product-type-variable","16":"has-default-attributes"},"_links":{"self":[{"href":"https:\/\/e-flore.store\/lv\/wp-json\/wp\/v2\/product\/4465","targetHints":{"allow":["GET"]}}],"collection":[{"href":"https:\/\/e-flore.store\/lv\/wp-json\/wp\/v2\/product"}],"about":[{"href":"https:\/\/e-flore.store\/lv\/wp-json\/wp\/v2\/types\/product"}],"wp:featuredmedia":[{"embeddable":true,"href":"https:\/\/e-flore.store\/lv\/wp-json\/wp\/v2\/media\/4466"}],"wp:attachment":[{"href":"https:\/\/e-flore.store\/lv\/wp-json\/wp\/v2\/media?parent=4465"}],"wp:term":[{"taxonomy":"product_brand","embeddable":true,"href":"https:\/\/e-flore.store\/lv\/wp-json\/wp\/v2\/product_brand?post=4465"},{"taxonomy":"product_cat","embeddable":true,"href":"https:\/\/e-flore.store\/lv\/wp-json\/wp\/v2\/product_cat?post=4465"},{"taxonomy":"product_tag","embeddable":true,"href":"https:\/\/e-flore.store\/lv\/wp-json\/wp\/v2\/product_tag?post=4465"}],"curies":[{"name":"wp","href":"https:\/\/api.w.org\/{rel}","templated":true}]}}