{"id":4477,"date":"2026-02-03T16:04:13","date_gmt":"2026-02-03T14:04:13","guid":{"rendered":"https:\/\/demo8.izveide.id.lv\/?post_type=product&#038;p=4477"},"modified":"2026-03-26T15:01:02","modified_gmt":"2026-03-26T13:01:02","slug":"flamil-fettloser-code-0485","status":"publish","type":"product","link":"https:\/\/e-flore.store\/lv\/produkts\/flamil-fettloser-code-0485\/","title":{"rendered":"Flamil Fettl\u00f6ser (kods 0485)"},"content":{"rendered":"<p><img decoding=\"async\" style=\"width: 100%; height: auto; display: block;\" src=\"\/wp-content\/uploads\/2026\/01\/0485-PARENT_desc.jpg\" \/><\/p>\n<div id=\"eflore-spacer-v55\" style=\"height: 0px; clear: both; width: 100%; display: block;\"><\/div>\n<p style=\"margin-bottom: 10px; margin-top: 30px;\"><strong>TAUKU UN OLBALTUMVIELU T\u012aR\u012a\u0160ANAS L\u012aDZEKLIS<\/strong><\/p>\n<p style=\"margin-bottom: 10px; margin-top: 30px;\"><strong>\u012apa\u0161\u012bbas<\/strong><\/p>\n<p style=\"margin-bottom: 8px; margin-top: 0px; line-height: 1.6;\">&#8211; S\u0101rmains virtuves t\u012br\u012b\u0161anas l\u012bdzeklis.<\/p>\n<p style=\"margin-bottom: 8px; margin-top: 0px; line-height: 1.6;\">&#8211; Intens\u012bva tauku un olbaltumvielu \u0161\u0137\u012bdin\u0101\u0161anas sp\u0113ja.<\/p>\n<p style=\"margin-bottom: 8px; margin-top: 0px; line-height: 1.6;\">&#8211; Sp\u0113c\u012bgs, saudz\u012bgs pret materi\u0101liem, piem\u012bt pat\u012bkams arom\u0101ts.<\/p>\n<p style=\"margin-bottom: 8px; margin-top: 0px; line-height: 1.6;\">&#8211; Labas atdal\u012b\u0161anas sp\u0113jas e\u013c\u013cas separatoros.<\/p>\n<p style=\"margin-bottom: 8px; margin-top: 0px; line-height: 1.6;\">&#8211; Atst\u0101j virsmu bez t\u012br\u012b\u0161anas nogulsn\u0113m.<\/p>\n<p>&nbsp;<\/p>\n<p style=\"margin-bottom: 8px; margin-top: 0px; line-height: 1.6;\"><strong>Pielieto\u0161anas iesp\u0113jas <\/strong><\/p>\n<p style=\"margin-bottom: 8px; margin-top: 0px; line-height: 1.6;\">Visi s\u0101rmu iztur\u012bgie materi\u0101li, virsmas un m\u0113beles virtuv\u0113 un p\u0101rtikas r\u016bpniec\u012bb\u0101.<\/p>\n<p>&nbsp;<\/p>\n<p style=\"margin-bottom: 8px; margin-top: 0px; line-height: 1.6;\"><strong>Pielieto\u0161anas veidi un uzglab\u0101\u0161ana <\/strong><\/p>\n<p style=\"margin-bottom: 8px; margin-top: 0px; line-height: 1.6;\">Flamil Fettl\u00f6ser\u00a0ir koncentr\u0101ts.<\/p>\n<p style=\"margin-bottom: 8px; margin-top: 0px; line-height: 1.6;\">&#8211; Visp\u0101r\u0113j\u0101 t\u012br\u012b\u0161ana: 1:100 l\u012bdz 1:300<\/p>\n<p style=\"margin-bottom: 8px; margin-top: 0px; line-height: 1.6;\">&#8211; Izsmidzin\u0101\u0161anas \/ putu iek\u0101rtas: no 1:10 l\u012bdz 1:50.<\/p>\n<p style=\"margin-bottom: 8px; margin-top: 0px; line-height: 1.6;\">&#8211; HD ier\u012bces: no 1:100 l\u012bdz 1:500<\/p>\n<p>&nbsp;<\/p>\n<p style=\"margin-bottom: 8px; margin-top: 0px; line-height: 1.6;\">\u013baut l\u012bdzeklim iedarboties apm\u0113ram 1 l\u012bdz 5 min\u016btes un not\u012br\u012bt iz\u0161\u0137\u012bdin\u0101tos net\u012brumus ar dr\u0101nu, otu vai \u016bdens str\u016bklu.<\/p>\n<p style=\"margin-bottom: 10px; margin-top: 30px;\"><strong>Tehniskais raksturojums<\/strong><\/p>\n<p style=\"margin-bottom: 8px; margin-top: 0px; line-height: 1.6;\"><strong>Fizisk\u0101 forma<\/strong>: \u0161\u0137idrums<\/p>\n<p style=\"margin-bottom: 8px; margin-top: 0px; line-height: 1.6;\"><strong>Bl\u012bvums (25 \u00b0C)<\/strong>: aptuveni 1 g \/ ml<\/p>\n<p style=\"margin-bottom: 8px; margin-top: 0px; line-height: 1.6;\"><strong>V\u0101r\u012b\u0161an\u0101s diapazons<\/strong>: aptuveni 100 \u00b0C<\/p>\n<p style=\"margin-bottom: 8px; margin-top: 0px; line-height: 1.6;\"><strong>pH l\u012bmenis<\/strong>: 11,8 &#8211; 12,8<\/p>\n<p style=\"margin-bottom: 8px; margin-top: 0px; line-height: 1.6;\"><strong>Viskozit\u0101te<\/strong>: 10 mPas<\/p>\n<p style=\"margin-bottom: 8px; margin-top: 0px; line-height: 1.6;\"><strong>Sast\u0101vs<\/strong>: anjonu un nejonu virsmakt\u012bv\u0101s vielas, \u016bden\u012b \u0161\u0137\u012bsto\u0161i \u0161\u0137\u012bdin\u0101t\u0101ji, NTA, korozijas inhibitori, neorganiskie s\u0101\u013ci, smar\u017evielas<\/p>\n","protected":false},"excerpt":{"rendered":"<p>TAUKU UN OLBALTUMVIELU T\u012aR\u012a\u0160ANAS L\u012aDZEKLIS \u012apa\u0161\u012bbas &#8211; S\u0101rmains virtuves t\u012br\u012b\u0161anas l\u012bdzeklis. &#8211; Intens\u012bva tauku un olbaltumvielu \u0161\u0137\u012bdin\u0101\u0161anas sp\u0113ja. &#8211; Sp\u0113c\u012bgs, saudz\u012bgs pret materi\u0101liem, piem\u012bt pat\u012bkams arom\u0101ts. &#8211; Labas atdal\u012b\u0161anas sp\u0113jas e\u013c\u013cas separatoros. &#8211; Atst\u0101j virsmu bez t\u012br\u012b\u0161anas nogulsn\u0113m. &nbsp; Pielieto\u0161anas iesp\u0113jas Visi s\u0101rmu iztur\u012bgie materi\u0101li, virsmas un m\u0113beles virtuv\u0113 un p\u0101rtikas r\u016bpniec\u012bb\u0101. &nbsp; Pielieto\u0161anas veidi&#8230;<\/p>\n","protected":false},"featured_media":4478,"template":"","meta":[],"product_brand":[337],"product_cat":[353,356,359],"product_tag":[],"class_list":{"0":"post-4477","1":"product","2":"type-product","3":"status-publish","4":"has-post-thumbnail","6":"product_brand-flore-chemie","7":"product_cat-flore-chemie-produkti","8":"product_cat-viesnicu-un-gastronomijas-nozares","9":"product_cat-visparejie-mazgasanas-tirisanas-un-kopsanas-lidzekli","11":"first","12":"instock","13":"shipping-taxable","14":"purchasable","15":"product-type-variable","16":"has-default-attributes"},"_links":{"self":[{"href":"https:\/\/e-flore.store\/lv\/wp-json\/wp\/v2\/product\/4477","targetHints":{"allow":["GET"]}}],"collection":[{"href":"https:\/\/e-flore.store\/lv\/wp-json\/wp\/v2\/product"}],"about":[{"href":"https:\/\/e-flore.store\/lv\/wp-json\/wp\/v2\/types\/product"}],"wp:featuredmedia":[{"embeddable":true,"href":"https:\/\/e-flore.store\/lv\/wp-json\/wp\/v2\/media\/4478"}],"wp:attachment":[{"href":"https:\/\/e-flore.store\/lv\/wp-json\/wp\/v2\/media?parent=4477"}],"wp:term":[{"taxonomy":"product_brand","embeddable":true,"href":"https:\/\/e-flore.store\/lv\/wp-json\/wp\/v2\/product_brand?post=4477"},{"taxonomy":"product_cat","embeddable":true,"href":"https:\/\/e-flore.store\/lv\/wp-json\/wp\/v2\/product_cat?post=4477"},{"taxonomy":"product_tag","embeddable":true,"href":"https:\/\/e-flore.store\/lv\/wp-json\/wp\/v2\/product_tag?post=4477"}],"curies":[{"name":"wp","href":"https:\/\/api.w.org\/{rel}","templated":true}]}}