{"id":4483,"date":"2026-02-03T16:04:14","date_gmt":"2026-02-03T14:04:14","guid":{"rendered":"https:\/\/demo8.izveide.id.lv\/?post_type=product&#038;p=4483"},"modified":"2026-03-26T15:00:55","modified_gmt":"2026-03-26T13:00:55","slug":"flor-konz-code-0045","status":"publish","type":"product","link":"https:\/\/e-flore.store\/lv\/produkts\/flor-konz-code-0045\/","title":{"rendered":"Flor Konz (kods 0045)"},"content":{"rendered":"<p><img decoding=\"async\" src=\"\/wp-content\/uploads\/2026\/01\/0045-PARENT_desc.jpg\" style=\"width: 100%; height: auto; display: block;\"><\/p>\n<div id=\"eflore-spacer-v55\" style=\"height: 0px; clear: both; width: 100%; display: block;\"><\/div>\n<p style=\"margin-bottom: 10px; margin-top: 30px;\"><strong>VISPUS\u012aGA PIELIETOJUMA T\u012aR\u012a\u0160ANAS L\u012aDZEKLIS VIS\u0100M MAZG\u0100JAM\u0100M VIRSM\u0100M<\/strong><\/p>\n<p style=\"margin-bottom: 10px; margin-top: 30px;\"><strong>\u012apa\u0161\u012bbas<\/strong><\/p>\n<p style=\"margin-bottom: 8px; margin-top: 0px; line-height: 1.6;\">&#8211; T\u012bra un attauko jebkuru cietu virsmu, k\u0101 ar\u012b izstr\u0101d\u0101jumus no dab\u012bg\u0101s un m\u0101ksl\u012bg\u0101s \u0101das, polster\u0113jumus un tekstila izstr\u0101d\u0101jumus.<\/p>\n<p style=\"margin-bottom: 8px; margin-top: 0px; line-height: 1.6;\">&#8211; Piem\u0113rots visa veida \u0101r\u0113jo fas\u0101\u017eu t\u012br\u012b\u0161anai.<\/p>\n<p style=\"margin-bottom: 8px; margin-top: 0px; line-height: 1.6;\">&#8211; L\u012bdzeklis nesatur ziepes, sk\u0101bes, amonjaku un br\u012bvos alkalo\u012bdus.<\/p>\n<p style=\"margin-bottom: 8px; margin-top: 0px; line-height: 1.6;\">&#8211; Piem\u0113rots efekt\u012bvai virsmu att\u012br\u012b\u0161anai no taukiem, e\u013c\u013cas, putek\u013ciem, vaska un citiem pies\u0101r\u0146ojumiem.<\/p>\n<p style=\"margin-bottom: 8px; margin-top: 0px; line-height: 1.6;\">&#8211; Saudz\u0113jo\u0161s cilv\u0113ka \u0101dai. pH neitr\u0101ls.<\/p>\n<p style=\"margin-bottom: 8px; margin-top: 0px; line-height: 1.6;\">&#8211; Nesatur dab\u0101 nesadalo\u0161os tens\u012bdus (APEO, NTA, EDTA, AOX).<\/p>\n<p style=\"margin-bottom: 8px; margin-top: 0px; line-height: 1.6;\">&#8211; V\u0101cijas Baseinu Apvien\u012bbas un V\u0101cijas Publisko Baseinu Apvien\u012bbas Feder\u0101cijas (Deutsche Gesellschaft Fur Das Badewesen E.V.&#038; Bundesfachverband Offentliche Bader E.V.) sertifik\u0101ts.<\/p>\n<p style=\"margin-bottom: 10px; margin-top: 30px;\"><strong>Pielieto\u0161anas iesp\u0113jas<\/strong><\/p>\n<p style=\"margin-bottom: 8px; margin-top: 0px; line-height: 1.6;\">&#8211; Jebkuru segumu gr\u012bdu kop\u0161ana no akmens, marmora, PVC, lamin\u0101ta un plastik\u0101tiem.<\/p>\n<p style=\"margin-bottom: 8px; margin-top: 0px; line-height: 1.6;\">&#8211; Mazg\u0101jamo tape\u0161u un kr\u0101sotu virsmu t\u012br\u012b\u0161ana.<\/p>\n<p style=\"margin-bottom: 8px; margin-top: 0px; line-height: 1.6;\">&#8211; Lakot\u0101m virsm\u0101m, durv\u012bm, logu r\u0101mjiem, griestiem.<\/p>\n<p style=\"margin-bottom: 8px; margin-top: 0px; line-height: 1.6;\">&#8211; Dab\u012bg\u0101 koka virsm\u0101m, dab\u012bgajai un m\u0101ksl\u012bgajai \u0101dai.<\/p>\n<p style=\"margin-bottom: 8px; margin-top: 0px; line-height: 1.6;\">&#8211; Keramisk\u0101m, stikla un spogu\u013cu virsm\u0101m.<\/p>\n<p style=\"margin-bottom: 8px; margin-top: 0px; line-height: 1.6;\">&#8211; Du\u0161\u0101m, tualet\u0113m un vannas istab\u0101m.<\/p>\n<p style=\"margin-bottom: 8px; margin-top: 0px; line-height: 1.6;\">&#8211; Visu virsmu t\u012br\u012b\u0161ana transportl\u012bdzek\u013cos &#8211; visa veida salona apdares materi\u0101li, stikli, kr\u0101sot\u0101s un lakot\u0101s virsmas.<\/p>\n<p style=\"margin-bottom: 8px; margin-top: 0px; line-height: 1.6;\">&#8211; Visa veida koka izstr\u0101d\u0101jumu t\u012br\u012b\u0161ana t.sk. koka virsmas pirt\u012bs.<\/p>\n<p style=\"margin-bottom: 10px; margin-top: 30px;\"><strong>Pielieto\u0161anas veidi un uzglab\u0101\u0161ana<\/strong><\/p>\n<p style=\"margin-bottom: 8px; margin-top: 0px; line-height: 1.6;\">&#8211; Visp\u0101r\u0113jai t\u012br\u012b\u0161anai at\u0161\u0137aid\u012bt proporcij\u0101 1:100 l\u012bdz 1:200, t\u012br\u012b\u0161anai ar ma\u0161\u012bn\u0101m l\u012bdz 1:500, attauko\u0161anai 1:40, 1:5 vai 1:10 vasku no\u0146em\u0161anai.<\/p>\n<p style=\"margin-bottom: 8px; margin-top: 0px; line-height: 1.6;\">&#8211; Sarg\u0101t no sasal\u0161anas!<\/p>\n<p style=\"margin-bottom: 10px; margin-top: 30px;\"><strong>Tehniskais raksturojums<\/strong><\/p>\n<p style=\"margin-bottom: 8px; margin-top: 0px; line-height: 1.6;\"><strong>Fizisk\u0101 forma<\/strong>: \u0161\u0137idrums<\/p>\n<p style=\"margin-bottom: 8px; margin-top: 0px; line-height: 1.6;\"><strong>Bl\u012bvums (20 \u00baC)<\/strong>: 1 g \/ ml<\/p>\n<p style=\"margin-bottom: 8px; margin-top: 0px; line-height: 1.6;\"><strong>pH l\u012bmenis<\/strong>: 6,5 &#8211; 7<\/p>\n<p style=\"margin-bottom: 8px; margin-top: 0px; line-height: 1.6;\"><strong>V\u0101r\u012b\u0161an\u0101s diapazons<\/strong>: +100 \u00baC<\/p>\n<p style=\"margin-bottom: 8px; margin-top: 0px; line-height: 1.6;\"><strong>Sast\u0101vs<\/strong>: virsmu akt\u012bv\u0101s vielas, kr\u0101svielas un konservanti<\/p>\n","protected":false},"excerpt":{"rendered":"<p>VISPUS\u012aGA PIELIETOJUMA T\u012aR\u012a\u0160ANAS L\u012aDZEKLIS VIS\u0100M MAZG\u0100JAM\u0100M VIRSM\u0100M \u012apa\u0161\u012bbas &#8211; T\u012bra un attauko jebkuru cietu virsmu, k\u0101 ar\u012b izstr\u0101d\u0101jumus no dab\u012bg\u0101s un m\u0101ksl\u012bg\u0101s \u0101das, polster\u0113jumus un tekstila izstr\u0101d\u0101jumus. &#8211; Piem\u0113rots visa veida \u0101r\u0113jo fas\u0101\u017eu t\u012br\u012b\u0161anai. &#8211; L\u012bdzeklis nesatur ziepes, sk\u0101bes, amonjaku un br\u012bvos alkalo\u012bdus. &#8211; Piem\u0113rots efekt\u012bvai virsmu att\u012br\u012b\u0161anai no taukiem, e\u013c\u013cas, putek\u013ciem, vaska un citiem&#8230;<\/p>\n","protected":false},"featured_media":4484,"template":"","meta":[],"product_brand":[337],"product_cat":[353,356,359],"product_tag":[],"class_list":{"0":"post-4483","1":"product","2":"type-product","3":"status-publish","4":"has-post-thumbnail","6":"product_brand-flore-chemie","7":"product_cat-flore-chemie-produkti","8":"product_cat-viesnicu-un-gastronomijas-nozares","9":"product_cat-visparejie-mazgasanas-tirisanas-un-kopsanas-lidzekli","11":"first","12":"instock","13":"shipping-taxable","14":"purchasable","15":"product-type-variable","16":"has-default-attributes"},"_links":{"self":[{"href":"https:\/\/e-flore.store\/lv\/wp-json\/wp\/v2\/product\/4483","targetHints":{"allow":["GET"]}}],"collection":[{"href":"https:\/\/e-flore.store\/lv\/wp-json\/wp\/v2\/product"}],"about":[{"href":"https:\/\/e-flore.store\/lv\/wp-json\/wp\/v2\/types\/product"}],"wp:featuredmedia":[{"embeddable":true,"href":"https:\/\/e-flore.store\/lv\/wp-json\/wp\/v2\/media\/4484"}],"wp:attachment":[{"href":"https:\/\/e-flore.store\/lv\/wp-json\/wp\/v2\/media?parent=4483"}],"wp:term":[{"taxonomy":"product_brand","embeddable":true,"href":"https:\/\/e-flore.store\/lv\/wp-json\/wp\/v2\/product_brand?post=4483"},{"taxonomy":"product_cat","embeddable":true,"href":"https:\/\/e-flore.store\/lv\/wp-json\/wp\/v2\/product_cat?post=4483"},{"taxonomy":"product_tag","embeddable":true,"href":"https:\/\/e-flore.store\/lv\/wp-json\/wp\/v2\/product_tag?post=4483"}],"curies":[{"name":"wp","href":"https:\/\/api.w.org\/{rel}","templated":true}]}}