{"id":4495,"date":"2026-02-03T16:04:19","date_gmt":"2026-02-03T14:04:19","guid":{"rendered":"https:\/\/demo8.izveide.id.lv\/?post_type=product&#038;p=4495"},"modified":"2026-03-26T15:00:42","modified_gmt":"2026-03-26T13:00:42","slug":"florin-wh-ultra-code-0568","status":"publish","type":"product","link":"https:\/\/e-flore.store\/lv\/produkts\/florin-wh-ultra-code-0568\/","title":{"rendered":"Florin WH Ultra (kods 0568)"},"content":{"rendered":"<p><img decoding=\"async\" src=\"\/wp-content\/uploads\/2026\/01\/0568-PARENT_desc.jpg\" style=\"width: 100%; height: auto; display: block;\"><\/p>\n<div id=\"eflore-spacer-v55\" style=\"height: 0px; clear: both; width: 100%; display: block;\"><\/div>\n<p style=\"margin-bottom: 10px; margin-top: 30px;\"><strong>SPECI\u0100LAIS T\u012aR\u012a\u0160ANAS L\u012aDZEKLIS MET\u0100LA VIRSM\u0100M<\/strong><\/p>\n<p style=\"margin-bottom: 10px; margin-top: 30px;\"><strong>\u012apa\u0161\u012bbas<\/strong><\/p>\n<p style=\"margin-bottom: 8px; margin-top: 0px; line-height: 1.6;\">&#8211; \u012apa\u0161i sp\u0113c\u012bgs mazg\u0101\u0161anas l\u012bdzeklis r\u016bpnieciskam pielietojumam.<\/p>\n<p style=\"margin-bottom: 8px; margin-top: 0px; line-height: 1.6;\">&#8211; \u0100tri un efekt\u012bvi not\u012bra no sk\u0101bes iztur\u012bgiem materi\u0101liem tauku un ka\u013c\u0137a savienojumus, miner\u0101lo pies\u0101r\u0146ojumu un r\u016bsu, not\u012bra brem\u017eu putek\u013cus no automa\u0161\u012bnu diskiem, \u0161\u0137\u012bdina ar\u012b bitumu.<\/p>\n<p style=\"margin-bottom: 8px; margin-top: 0px; line-height: 1.6;\">&#8211; Efekt\u012bvs putek\u013cu, miner\u0101lo izcelsmes net\u012brumu t\u012br\u012b\u0161anai no plastmasu nojum\u0113m, tentiem.<\/p>\n<p style=\"margin-bottom: 8px; margin-top: 0px; line-height: 1.6;\">&#8211; \u0112ku fas\u0101\u017eu mazg\u0101\u0161ana (tikai, ja ir stabils kr\u0101sojums vai strukt\u016bra).<\/p>\n<p style=\"margin-bottom: 8px; margin-top: 0px; line-height: 1.6;\">&#8211; Uzman\u012bbu! L\u012bdzekli nav ieteicams lietot uz hrom\u0113t\u0101m un vieglo met\u0101lu virsm\u0101m. Gad\u012bjumos, kad j\u0101mazg\u0101 \u0161\u0101das virsmas, vispirms izm\u0113\u0123in\u0101t l\u012bdzek\u013ca iedarb\u012bbu neliel\u0101 daudzum\u0101 neuzkr\u012bto\u0161\u0101 viet\u0101.<\/p>\n<p style=\"margin-bottom: 8px; margin-top: 0px; line-height: 1.6;\">&#8211; L\u012bdzeklis ir piem\u0113rots lieto\u0161anai automazg\u0101tav\u0101s, k\u0101 ar\u012b liel\u0101s virtuv\u0113s gr\u012bdu t\u012br\u012b\u0161anai.<\/p>\n<p style=\"margin-bottom: 10px; margin-top: 30px;\"><strong>Pielieto\u0161anas iesp\u0113jas<\/strong><\/p>\n<p style=\"margin-bottom: 8px; margin-top: 0px; line-height: 1.6;\">L\u012bdzeklis \u0101tri un efekt\u012bvi not\u012bra virsmas automazg\u0101tav\u0101s, ve\u013cas mazg\u0101tav\u0101s, remonta darbn\u012bc\u0101s, k\u0101 ar\u012b cit\u0101s r\u016bpniecisk\u0101s plat\u012bb\u0101s.<\/p>\n<p style=\"margin-bottom: 10px; margin-top: 30px;\"><strong>Pielieto\u0161anas veidi un uzglab\u0101\u0161ana<\/strong><\/p>\n<p style=\"margin-bottom: 8px; margin-top: 0px; line-height: 1.6;\">&#8211; Pamatt\u012br\u012b\u0161anas darbiem izmantot l\u012bdzekli at\u0161\u0137aid\u012btu proporcij\u0101 1:5.<\/p>\n<p style=\"margin-bottom: 8px; margin-top: 0px; line-height: 1.6;\">&#8211; Turpm\u0101k\u0101s lieto\u0161anas reiz\u0113s at\u0161\u0137aid\u012bt proporcij\u0101s 1:10 l\u012bdz 1:20.<\/p>\n<p style=\"margin-bottom: 8px; margin-top: 0px; line-height: 1.6;\">&#8211; Lietot aukstu \u016bdeni. L\u012bdzekli uzkl\u0101t uz apstr\u0101d\u0101jam\u0101s virsmas ar pulverizatora jeb birstes pal\u012bdz\u012bbu un \u013caut tam iedarboties. P\u0113c t\u012br\u012b\u0161anas darba virsmu noskalot ar \u016bdens str\u016bklu.<\/p>\n<p style=\"margin-bottom: 8px; margin-top: 0px; line-height: 1.6;\">&#8211; Uzglab\u0101t v\u0113s\u0101 viet\u0101!<\/p>\n<p style=\"margin-bottom: 8px; margin-top: 0px; line-height: 1.6;\">&#8211; Uzman\u012bbu! Sarg\u0101t no b\u0113rniem! Uzglab\u0101t sl\u0113gt\u0101 veid\u0101. Sarg\u0101t acis un \u0101du. Str\u0101d\u0101t labi ventil\u0113t\u0101s telp\u0101s. Telp\u0101s ar v\u0101ju ventil\u0101ciju, lietot respiratoru. Nok\u013c\u016bstot ac\u012bs, mazg\u0101t ar lielu \u016bdens daudzumu.<\/p>\n<p style=\"margin-bottom: 10px; margin-top: 30px;\"><strong>Tehniskais raksturojums<\/strong><\/p>\n<p style=\"margin-bottom: 8px; margin-top: 0px; line-height: 1.6;\"><strong>Fizisk\u0101 forma<\/strong>: \u0161\u0137idrums<\/p>\n<p style=\"margin-bottom: 8px; margin-top: 0px; line-height: 1.6;\"><strong>Bl\u012bvums (20 \u00baC)<\/strong>: 1.2 &#8211; 1.17 g\/ml<\/p>\n<p style=\"margin-bottom: 8px; margin-top: 0px; line-height: 1.6;\"><strong>pH l\u012bmenis (1% \u0161\u0137\u012bdums)<\/strong>: 1,2 &#8211; 2,2<\/p>\n<p style=\"margin-bottom: 8px; margin-top: 0px; line-height: 1.6;\"><strong>Sast\u0101vs<\/strong>: anjon\u0101s virsmu akt\u012bv\u0101s vielas, neorganisk\u0101s sk\u0101bes, \u0161\u0137\u012bdin\u0101t\u0101ji, tens\u012bdi<\/p>\n","protected":false},"excerpt":{"rendered":"<p>SPECI\u0100LAIS T\u012aR\u012a\u0160ANAS L\u012aDZEKLIS MET\u0100LA VIRSM\u0100M \u012apa\u0161\u012bbas &#8211; \u012apa\u0161i sp\u0113c\u012bgs mazg\u0101\u0161anas l\u012bdzeklis r\u016bpnieciskam pielietojumam. &#8211; \u0100tri un efekt\u012bvi not\u012bra no sk\u0101bes iztur\u012bgiem materi\u0101liem tauku un ka\u013c\u0137a savienojumus, miner\u0101lo pies\u0101r\u0146ojumu un r\u016bsu, not\u012bra brem\u017eu putek\u013cus no automa\u0161\u012bnu diskiem, \u0161\u0137\u012bdina ar\u012b bitumu. &#8211; Efekt\u012bvs putek\u013cu, miner\u0101lo izcelsmes net\u012brumu t\u012br\u012b\u0161anai no plastmasu nojum\u0113m, tentiem. &#8211; \u0112ku fas\u0101\u017eu mazg\u0101\u0161ana (tikai,&#8230;<\/p>\n","protected":false},"featured_media":4496,"template":"","meta":[],"product_brand":[337],"product_cat":[353,356,359],"product_tag":[],"class_list":{"0":"post-4495","1":"product","2":"type-product","3":"status-publish","4":"has-post-thumbnail","6":"product_brand-flore-chemie","7":"product_cat-flore-chemie-produkti","8":"product_cat-viesnicu-un-gastronomijas-nozares","9":"product_cat-visparejie-mazgasanas-tirisanas-un-kopsanas-lidzekli","11":"first","12":"instock","13":"shipping-taxable","14":"purchasable","15":"product-type-variable","16":"has-default-attributes"},"_links":{"self":[{"href":"https:\/\/e-flore.store\/lv\/wp-json\/wp\/v2\/product\/4495","targetHints":{"allow":["GET"]}}],"collection":[{"href":"https:\/\/e-flore.store\/lv\/wp-json\/wp\/v2\/product"}],"about":[{"href":"https:\/\/e-flore.store\/lv\/wp-json\/wp\/v2\/types\/product"}],"wp:featuredmedia":[{"embeddable":true,"href":"https:\/\/e-flore.store\/lv\/wp-json\/wp\/v2\/media\/4496"}],"wp:attachment":[{"href":"https:\/\/e-flore.store\/lv\/wp-json\/wp\/v2\/media?parent=4495"}],"wp:term":[{"taxonomy":"product_brand","embeddable":true,"href":"https:\/\/e-flore.store\/lv\/wp-json\/wp\/v2\/product_brand?post=4495"},{"taxonomy":"product_cat","embeddable":true,"href":"https:\/\/e-flore.store\/lv\/wp-json\/wp\/v2\/product_cat?post=4495"},{"taxonomy":"product_tag","embeddable":true,"href":"https:\/\/e-flore.store\/lv\/wp-json\/wp\/v2\/product_tag?post=4495"}],"curies":[{"name":"wp","href":"https:\/\/api.w.org\/{rel}","templated":true}]}}