{"id":4507,"date":"2026-02-03T16:04:20","date_gmt":"2026-02-03T14:04:20","guid":{"rendered":"https:\/\/demo8.izveide.id.lv\/?post_type=product&#038;p=4507"},"modified":"2026-03-26T15:00:39","modified_gmt":"2026-03-26T13:00:39","slug":"alk-cachemire-code-p006","status":"publish","type":"product","link":"https:\/\/e-flore.store\/lv\/produkts\/alk-cachemire-code-p006\/","title":{"rendered":"ALK CACHEMIRE (kods P006)"},"content":{"rendered":"<p><img decoding=\"async\" style=\"width: 100%; height: auto; display: block;\" src=\"\/wp-content\/uploads\/2026\/01\/P006-PARENT_desc.jpg\" \/><\/p>\n<div id=\"eflore-spacer-v55\" style=\"height: 0px; clear: both; width: 100%; display: block;\"><\/div>\n<p style=\"margin-bottom: 10px; margin-top: 30px;\"><strong>\u0160\u0136IDRAIS MAZG\u0100\u0160ANAS L\u012aDZEKLIS VILNAS UN DELIK\u0100TU AUDUMU IZSTR\u0100D\u0100JUMU MAZG\u0100\u0160ANAI<\/strong><\/p>\n<p style=\"margin-bottom: 10px; margin-top: 30px;\"><strong>\u012apa\u0161\u012bbas un specifik\u0101cijas<\/strong><\/p>\n<p style=\"margin-bottom: 8px; margin-top: 0px; line-height: 1.6;\">Neitr\u0101ls, \u0161\u0137idrs mazg\u0101\u0161anas l\u012bdzeklis ar pat\u012bkamu ziedu smar\u017eu, kas paredz\u0113ts mazg\u0101\u0161anai ar rok\u0101m un mazg\u0101\u0161anai ve\u013casma\u0161\u012bn\u0101s izstr\u0101d\u0101jumiem no delik\u0101ta auduma, vilnas utt. L\u012bdzeklis ir bag\u0101tin\u0101ts ar \u012bpa\u0161\u0101m virsmakt\u012bv\u0101m viel\u0101m, \u012bpa\u0161\u0101m piedev\u0101m un optiskiem balin\u0101t\u0101jiem, kas \u013cauj sasniegt izcilus mazg\u0101\u0161anas rezult\u0101tus nesaboj\u0101jot audumu un neradot \u0161\u0137iedru savel\u0161anos un saspie\u0161anos.<\/p>\n<p style=\"margin-bottom: 10px; margin-top: 30px;\"><strong>Pielieto\u0161anas sf\u0113ras<\/strong><\/p>\n<p style=\"margin-bottom: 8px; margin-top: 0px; line-height: 1.6;\">Ve\u013cas mazg\u0101\u0161ana.<\/p>\n<p style=\"margin-bottom: 10px; margin-top: 30px;\"><strong>Lieto\u0161anas instrukcija<\/strong><\/p>\n<p style=\"margin-bottom: 8px; margin-top: 0px; line-height: 1.6;\">Tabul\u0101 nor\u0101d\u012btas ieteicam\u0101s l\u012bdzek\u013ca devas uz kg sausas ve\u013cas izmantojot vid\u0113jas ciet\u012bbas \u016bdeni (10-20 \u00b0F):<\/p>\n<table style=\"width: 100%; border-collapse: collapse; margin-bottom: 15px;\">\n<tbody>\n<tr>\n<td style=\"border: 1px solid #ddd; padding: 8px;\">Pies\u0101r\u0146ojuma pak\u0101pe<\/td>\n<td style=\"border: 1px solid #ddd; padding: 8px;\">Doz\u0101cija<\/td>\n<td style=\"border: 1px solid #ddd; padding: 8px;\">Pies\u0101r\u0146ojuma pak\u0101pe<\/td>\n<td style=\"border: 1px solid #ddd; padding: 8px;\">Doz\u0101cija<\/td>\n<\/tr>\n<tr>\n<td style=\"border: 1px solid #ddd; padding: 8px;\">V\u0101ja<\/td>\n<td style=\"border: 1px solid #ddd; padding: 8px;\">5-10 g\/kg<\/td>\n<td style=\"border: 1px solid #ddd; padding: 8px;\">Stipra<\/td>\n<td style=\"border: 1px solid #ddd; padding: 8px;\">15-20 g\/kg<\/td>\n<\/tr>\n<tr>\n<td style=\"border: 1px solid #ddd; padding: 8px;\">Vid\u0113ja<\/td>\n<td style=\"border: 1px solid #ddd; padding: 8px;\">10-15 g\/kg<\/td>\n<td style=\"border: 1px solid #ddd; padding: 8px;\">Iem\u0113rk\u0161ana<\/td>\n<td style=\"border: 1px solid #ddd; padding: 8px;\">5-10 g\/kg<\/td>\n<\/tr>\n<\/tbody>\n<\/table>\n<p style=\"margin-bottom: 8px; margin-top: 0px; line-height: 1.6;\">MAZG\u0100\u0160ANA AR ROK\u0100M: ievietot ve\u013cu ieg\u016btaj\u0101 \u0161\u0137\u012bdum\u0101, \u013caut tai pamirkt vismaz 5 min\u016btes, tad veikt parasto mazg\u0101\u0161anas proced\u016bru un p\u0113c tam r\u016bp\u012bgi izskalot aukst\u0101 \u016bden\u012b.<\/p>\n<p style=\"margin-bottom: 8px; margin-top: 0px; line-height: 1.6;\">MAZG\u0100\u0160ANA VE\u013bASMA\u0160\u012aN\u0100: ielejiet vajadz\u012bgo l\u012bdzek\u013cu daudzumu atbilsto\u0161aj\u0101 doz\u0101cijas nodal\u012bjum\u0101 un iest\u0101diet delik\u0101to audumu mazg\u0101\u0161anas re\u017e\u012bmu iev\u0113rojot ve\u013cas mazg\u0101\u0161anas ma\u0161\u012bnas lieto\u0161anas instrukciju.<\/p>\n<p style=\"margin-bottom: 10px; margin-top: 30px;\"><strong>\u0136\u012bmisk\u0101s un fizik\u0101l\u0101s \u012bpa\u0161\u012bbas<\/strong><\/p>\n<p style=\"margin-bottom: 8px; margin-top: 0px; line-height: 1.6;\"><strong>Fizisk\u0101 forma:<\/strong> caursp\u012bd\u012bgs \u0161\u0137idrums<\/p>\n<p style=\"margin-bottom: 8px; margin-top: 0px; line-height: 1.6;\"><strong>Kr\u0101sa:<\/strong> s\u0101rta<\/p>\n<p style=\"margin-bottom: 8px; margin-top: 0px; line-height: 1.6;\"><strong>Smar\u017ea:<\/strong> ziedu<\/p>\n<p style=\"margin-bottom: 8px; margin-top: 0px; line-height: 1.6;\"><strong>Bl\u012bvums:<\/strong> 1,00 +\/- 0,02 g\/ml pie 20 \u00b0C<\/p>\n<p style=\"margin-bottom: 8px; margin-top: 0px; line-height: 1.6;\"><strong>pH:<\/strong> 8,37 +\/- 0,5<\/p>\n<p style=\"margin-bottom: 8px; margin-top: 0px; line-height: 1.6;\"><strong>Virsmakt\u012bv\u0101 viela:<\/strong> anjonu, nejonu<\/p>\n<p style=\"margin-bottom: 8px; margin-top: 0px; line-height: 1.6;\"><strong>Biolo\u0123isk\u0101 no\u0101rd\u012b\u0161an\u0101s:<\/strong> vair\u0101k nek\u0101 90%<\/p>\n<p style=\"margin-bottom: 8px; margin-top: 0px; line-height: 1.6;\"><strong>Br\u012bdin\u0101jumi!<\/strong> Pirms lieto\u0161anas uzman\u012bgi izlasiet dro\u0161\u012bbas datu lapu.<\/p>\n","protected":false},"excerpt":{"rendered":"<p>\u0160\u0136IDRAIS MAZG\u0100\u0160ANAS L\u012aDZEKLIS VILNAS UN DELIK\u0100TU AUDUMU IZSTR\u0100D\u0100JUMU MAZG\u0100\u0160ANAI \u012apa\u0161\u012bbas un specifik\u0101cijas Neitr\u0101ls, \u0161\u0137idrs mazg\u0101\u0161anas l\u012bdzeklis ar pat\u012bkamu ziedu smar\u017eu, kas paredz\u0113ts mazg\u0101\u0161anai ar rok\u0101m un mazg\u0101\u0161anai ve\u013casma\u0161\u012bn\u0101s izstr\u0101d\u0101jumiem no delik\u0101ta auduma, vilnas utt. L\u012bdzeklis ir bag\u0101tin\u0101ts ar \u012bpa\u0161\u0101m virsmakt\u012bv\u0101m viel\u0101m, \u012bpa\u0161\u0101m piedev\u0101m un optiskiem balin\u0101t\u0101jiem, kas \u013cauj sasniegt izcilus mazg\u0101\u0161anas rezult\u0101tus nesaboj\u0101jot audumu un&#8230;<\/p>\n","protected":false},"featured_media":4508,"template":"","meta":[],"product_brand":[342],"product_cat":[353,356,359],"product_tag":[],"class_list":{"0":"post-4507","1":"product","2":"type-product","3":"status-publish","4":"has-post-thumbnail","6":"product_brand-serpento-future-chemicals","7":"product_cat-flore-chemie-produkti","8":"product_cat-viesnicu-un-gastronomijas-nozares","9":"product_cat-visparejie-mazgasanas-tirisanas-un-kopsanas-lidzekli","11":"first","12":"instock","13":"shipping-taxable","14":"purchasable","15":"product-type-variable","16":"has-default-attributes"},"_links":{"self":[{"href":"https:\/\/e-flore.store\/lv\/wp-json\/wp\/v2\/product\/4507","targetHints":{"allow":["GET"]}}],"collection":[{"href":"https:\/\/e-flore.store\/lv\/wp-json\/wp\/v2\/product"}],"about":[{"href":"https:\/\/e-flore.store\/lv\/wp-json\/wp\/v2\/types\/product"}],"wp:featuredmedia":[{"embeddable":true,"href":"https:\/\/e-flore.store\/lv\/wp-json\/wp\/v2\/media\/4508"}],"wp:attachment":[{"href":"https:\/\/e-flore.store\/lv\/wp-json\/wp\/v2\/media?parent=4507"}],"wp:term":[{"taxonomy":"product_brand","embeddable":true,"href":"https:\/\/e-flore.store\/lv\/wp-json\/wp\/v2\/product_brand?post=4507"},{"taxonomy":"product_cat","embeddable":true,"href":"https:\/\/e-flore.store\/lv\/wp-json\/wp\/v2\/product_cat?post=4507"},{"taxonomy":"product_tag","embeddable":true,"href":"https:\/\/e-flore.store\/lv\/wp-json\/wp\/v2\/product_tag?post=4507"}],"curies":[{"name":"wp","href":"https:\/\/api.w.org\/{rel}","templated":true}]}}