{"id":4511,"date":"2026-02-03T16:04:21","date_gmt":"2026-02-03T14:04:21","guid":{"rendered":"https:\/\/demo8.izveide.id.lv\/?post_type=product&#038;p=4511"},"modified":"2026-03-26T15:00:36","modified_gmt":"2026-03-26T13:00:36","slug":"florin-s-plus-code-0014","status":"publish","type":"product","link":"https:\/\/e-flore.store\/lv\/produkts\/florin-s-plus-code-0014\/","title":{"rendered":"Florin S Plus (kods 0014)"},"content":{"rendered":"<p><img decoding=\"async\" src=\"\/wp-content\/uploads\/2026\/01\/0014-PARENT_desc.jpg\" style=\"width: 100%; height: auto; display: block;\"><\/p>\n<div id=\"eflore-spacer-v55\" style=\"height: 0px; clear: both; width: 100%; display: block;\"><\/div>\n<p style=\"margin-bottom: 10px; margin-top: 30px;\"><strong>EFEKT\u012aVS L\u012aDZEKLIS KA\u013b\u0136A-OLBALTUMVIELU SAVIENOJUMU \u0160\u0136\u012aDIN\u0100\u0160ANAI<\/strong><\/p>\n<p style=\"margin-bottom: 8px; margin-top: 0px; line-height: 1.6;\">V\u0101cijas Baseinu Apvien\u012bbas un V\u0101cijas Publisko Baseinu Apvien\u012bbas Feder\u0101cijas sertifik\u0101ts (Deutsche Gesellschaft Fur Das Badewesen E.V.&#038; Bundesfachverband Offentliche Bader E.V.)<\/p>\n<p style=\"margin-bottom: 10px; margin-top: 30px;\"><strong>\u012apa\u0161\u012bbas<\/strong><\/p>\n<p style=\"margin-bottom: 8px; margin-top: 0px; line-height: 1.6;\">&#8211; \u0160\u0137\u012bdina un likvid\u0113 kombin\u0113tos ka\u013c\u0137a savienojumus ar taukiem vai olbaltumviel\u0101m.<\/p>\n<p style=\"margin-bottom: 8px; margin-top: 0px; line-height: 1.6;\">&#8211; Likvid\u0113 \u201e\u016bdens mali\u0146u\u201d uz baseinu vai rezervu\u0101ru sien\u0101m. Biolo\u0123iski sadal\u0101s dab\u0101.<\/p>\n<p style=\"margin-bottom: 8px; margin-top: 0px; line-height: 1.6;\">&#8211; Bez gr\u016bt\u012bb\u0101m no\u0146em un izt\u012bra magnija savienojumu, miner\u0101lu izcelsmes net\u012brumus, lieliski \u0161\u0137\u012bdina ur\u012bna akmeni, t\u0101pat ar\u012b r\u016bsu, kas izveidojusies uz aparat\u016bras vai iek\u0101rt\u0101m mitruma ietekm\u0113.<\/p>\n<p style=\"margin-bottom: 8px; margin-top: 0px; line-height: 1.6;\">&#8211; Iev\u0113rojot lieto\u0161anas instrukciju neboj\u0101 hrom\u0113tas deta\u013cas, ner\u016bs\u0113jo\u0161o t\u0113raudu, gumijas vai bl\u012bves.<\/p>\n<p style=\"margin-bottom: 8px; margin-top: 0px; line-height: 1.6;\">&#8211; Lieliski aizvieto b\u012bstamos s\u0113rsk\u0101bi vai s\u0101lssk\u0101bi saturo\u0161os t\u012br\u012b\u0161anas l\u012bdzek\u013cus.<\/p>\n<p style=\"margin-bottom: 8px; margin-top: 0px; line-height: 1.6;\">&#8211; Dezinfic\u0113jo\u0161\u0101s vielas nov\u0113r\u0161 pel\u0113jumu, nov\u0113r\u0161 a\u013c\u0123u veido\u0161anos uz baseinu vai tvert\u0146u sien\u0101m, izn\u012bcina bakt\u0113rijas un s\u0113n\u012btes.<\/p>\n<p style=\"margin-bottom: 10px; margin-top: 30px;\"><strong>Pielieto\u0161anas iesp\u0113jas<\/strong><\/p>\n<p style=\"margin-bottom: 8px; margin-top: 0px; line-height: 1.6;\">&#8211; Da\u017e\u0101da santehnika viesn\u012bc\u0101s, restor\u0101nos, slimn\u012bc\u0101s, prim\u0101r\u0101s apr\u016bpes iest\u0101d\u0113s, baseinos, fitnesa un sporta centros, k\u0101 ar\u012b daudz kur citur (piem\u0113ram: izlietnes, du\u0161kab\u012bnes, sanit\u0101rie mezgli utt.).<\/p>\n<p style=\"margin-bottom: 8px; margin-top: 0px; line-height: 1.6;\">&#8211; P\u0101rtikas r\u016bpniec\u012bba: ceptuves, virtuves, lopu kautuves, alusdar\u012btavas, ga\u013cas p\u0101rstr\u0101des uz\u0146\u0113mumi, piena p\u0101rstr\u0101des uz\u0146\u0113mumi u.c. (piem\u0113ram: katli, cep\u0161anas kr\u0101snis, karst\u0101 \u016bdens vanni\u0146as \u0113dienu temperat\u016bras uztur\u0113\u0161anai virtuv\u0113s utt.).<\/p>\n<p style=\"margin-bottom: 8px; margin-top: 0px; line-height: 1.6;\">&#8211; Kanaliz\u0101cijas att\u012br\u012b\u0161anas stacijas, \u016bdens apg\u0101des stacijas.<\/p>\n<p style=\"margin-bottom: 10px; margin-top: 30px;\"><strong>Pielieto\u0161ana<\/strong><\/p>\n<p style=\"margin-bottom: 8px; margin-top: 0px; line-height: 1.6;\">&#8211; Koncentr\u0101cija darba \u0161\u0137\u012bdumiem ir atkar\u012bga no pies\u0101r\u0146ot\u012bbas pak\u0101pes.<\/p>\n<p style=\"margin-bottom: 8px; margin-top: 0px; line-height: 1.6;\">&#8211; Uzkl\u0101t ar iegremd\u0113\u0161anas vai ar\u012b uzsmidzin\u0101\u0161anas metod\u0113m attiec\u012bb\u0101s 1:1 pie stipra pies\u0101r\u0146ojuma. 1:100 pie visp\u0101r\u012bgas t\u012br\u012b\u0161anas vai dezinfekcijas (putu pistoles pielieto\u0161ana vielas efektivit\u0101ti pat dubulto).<\/p>\n<p style=\"margin-bottom: 8px; margin-top: 0px; line-height: 1.6;\">&#8211; Uzglab\u0101jot sarg\u0101t no sasal\u0161anas!<\/p>\n<p style=\"margin-bottom: 8px; margin-top: 0px; line-height: 1.6;\">&#8211; Pielietojot l\u012bdzekli vec\u0101s att\u012bro\u0161\u0101s vann\u0101s piev\u0113rst uzman\u012bbu pH l\u012bmenim.<\/p>\n<p style=\"margin-bottom: 8px; margin-top: 0px; line-height: 1.6;\">&#8211; \u013boti stipr\u0101m ka\u013c\u0137u un miner\u0101lu nogulsn\u0113m vispirms izmantot Florin WH Extra Stark (produkta kods 375).<\/p>\n<p style=\"margin-bottom: 10px; margin-top: 30px;\"><strong>Tehniskais raksturojums<\/strong><\/p>\n<p style=\"margin-bottom: 8px; margin-top: 0px; line-height: 1.6;\"><strong>Fizisk\u0101 forma<\/strong>: \u0161\u0137idrums<\/p>\n<p style=\"margin-bottom: 8px; margin-top: 0px; line-height: 1.6;\"><strong>Bl\u012bvums (20 \u00b0\u0421)<\/strong>: apm\u0113ram 1,10 g \/ ml<\/p>\n<p style=\"margin-bottom: 8px; margin-top: 0px; line-height: 1.6;\"><strong>p\u041d l\u012bmenis (koncentr\u0101ts)<\/strong>: <1<\/p>\n<p style=\"margin-bottom: 8px; margin-top: 0px; line-height: 1.6;\"><strong>p\u041d l\u012bmenis (10% \u0161\u0137\u012bdums)<\/strong>: 1-2<\/p>\n<p style=\"margin-bottom: 8px; margin-top: 0px; line-height: 1.6;\"><strong>p\u041d l\u012bmenis (1% \u0161\u0137\u012bdums)<\/strong>: apm\u0113ram 2<\/p>\n<p style=\"margin-bottom: 8px; margin-top: 0px; line-height: 1.6;\"><strong>V\u0101r\u012b\u0161an\u0101s diapazons<\/strong>: +100 \u00ba\u0421<\/p>\n<p style=\"margin-bottom: 8px; margin-top: 0px; line-height: 1.6;\"><strong>Sast\u0101vs<\/strong>: nejonie PAV, fosforsk\u0101be, amidosulf\u0101tsk\u0101be, amonija savienojumi, antikorozijas inhibitori, kr\u0101svielas un aromatizatori<\/p>\n","protected":false},"excerpt":{"rendered":"<p>EFEKT\u012aVS L\u012aDZEKLIS KA\u013b\u0136A-OLBALTUMVIELU SAVIENOJUMU \u0160\u0136\u012aDIN\u0100\u0160ANAI V\u0101cijas Baseinu Apvien\u012bbas un V\u0101cijas Publisko Baseinu Apvien\u012bbas Feder\u0101cijas sertifik\u0101ts (Deutsche Gesellschaft Fur Das Badewesen E.V.&#038; Bundesfachverband Offentliche Bader E.V.) \u012apa\u0161\u012bbas &#8211; \u0160\u0137\u012bdina un likvid\u0113 kombin\u0113tos ka\u013c\u0137a savienojumus ar taukiem vai olbaltumviel\u0101m. &#8211; Likvid\u0113 \u201e\u016bdens mali\u0146u\u201d uz baseinu vai rezervu\u0101ru sien\u0101m. Biolo\u0123iski sadal\u0101s dab\u0101. &#8211; Bez gr\u016bt\u012bb\u0101m no\u0146em un izt\u012bra&#8230;<\/p>\n","protected":false},"featured_media":4512,"template":"","meta":[],"product_brand":[337],"product_cat":[353,356,359],"product_tag":[],"class_list":{"0":"post-4511","1":"product","2":"type-product","3":"status-publish","4":"has-post-thumbnail","6":"product_brand-flore-chemie","7":"product_cat-flore-chemie-produkti","8":"product_cat-viesnicu-un-gastronomijas-nozares","9":"product_cat-visparejie-mazgasanas-tirisanas-un-kopsanas-lidzekli","11":"first","12":"instock","13":"shipping-taxable","14":"purchasable","15":"product-type-variable","16":"has-default-attributes"},"_links":{"self":[{"href":"https:\/\/e-flore.store\/lv\/wp-json\/wp\/v2\/product\/4511","targetHints":{"allow":["GET"]}}],"collection":[{"href":"https:\/\/e-flore.store\/lv\/wp-json\/wp\/v2\/product"}],"about":[{"href":"https:\/\/e-flore.store\/lv\/wp-json\/wp\/v2\/types\/product"}],"wp:featuredmedia":[{"embeddable":true,"href":"https:\/\/e-flore.store\/lv\/wp-json\/wp\/v2\/media\/4512"}],"wp:attachment":[{"href":"https:\/\/e-flore.store\/lv\/wp-json\/wp\/v2\/media?parent=4511"}],"wp:term":[{"taxonomy":"product_brand","embeddable":true,"href":"https:\/\/e-flore.store\/lv\/wp-json\/wp\/v2\/product_brand?post=4511"},{"taxonomy":"product_cat","embeddable":true,"href":"https:\/\/e-flore.store\/lv\/wp-json\/wp\/v2\/product_cat?post=4511"},{"taxonomy":"product_tag","embeddable":true,"href":"https:\/\/e-flore.store\/lv\/wp-json\/wp\/v2\/product_tag?post=4511"}],"curies":[{"name":"wp","href":"https:\/\/api.w.org\/{rel}","templated":true}]}}