{"id":4517,"date":"2026-02-03T14:04:21","date_gmt":"2026-02-03T12:04:21","guid":{"rendered":"https:\/\/demo8.izveide.id.lv\/?post_type=product&#038;p=4517"},"modified":"2026-03-26T15:14:00","modified_gmt":"2026-03-26T13:14:00","slug":"acd-ammorbident-code-p001","status":"publish","type":"product","link":"https:\/\/e-flore.store\/lv\/produkts\/acd-ammorbident-code-p001\/","title":{"rendered":"ACD AMMORBIDENT (kods P001)"},"content":{"rendered":"<p><img decoding=\"async\" style=\"display: block; margin-left: auto; margin-right: auto; width: 100%; height: auto;\" src=\"\/wp-content\/uploads\/2026\/01\/P001-PARENT_desc.jpg\"><\/p>\n<div id=\"eflore-spacer-v55\" style=\"height: 0px; clear: both; width: 100%; display: block;\"><\/div>\n<p style=\"margin-bottom: 10px; margin-top: 30px;\"><strong>AROMATIZ\u0112TS VE\u013bAS M\u012aKSTIN\u0100T\u0100JS<\/strong><\/p>\n<p style=\"margin-bottom: 10px; margin-top: 30px;\"><strong>\u012apa\u0161\u012bbas un specifik\u0101cijas<\/strong><\/p>\n<p style=\"margin-bottom: 8px; margin-top: 0px; line-height: 1.6;\">L\u012bdzeklis ar pat\u012bkamu ziedu smar\u017eu. Tas sast\u0101v no \u013coti delik\u0101t\u0101m sast\u0101vda\u013c\u0101m ar lielisk\u0101m m\u012bkstino\u0161\u0101m \u012bpa\u0161\u012bb\u0101m, kas pie\u0161\u0137ir maigumu un z\u012bdain\u012bbu pat rupjam audumam. L\u012bdzeklis samazina audumam piel\u012bpo\u0161o putek\u013cu daudzumu un sa\u012bsina \u017e\u016b\u0161anas laiku. Ide\u0101ls vilnai: padara to m\u012bkstu un sp\u012bd\u012bgu. Tam piem\u012bt antibakteri\u0101las un prets\u0113n\u012b\u0161u \u012bpa\u0161\u012bbas.<\/p>\n<p style=\"margin-bottom: 10px; margin-top: 30px;\"><strong>Pielieto\u0161anas sf\u0113ras<\/strong><\/p>\n<p style=\"margin-bottom: 8px; margin-top: 0px; line-height: 1.6;\">Viesn\u012bcas, restor\u0101ni, ve\u013cas mazg\u0101tavas, \u0137\u012bmisk\u0101s t\u012br\u012btavas, apr\u016bpes nami, koplieto\u0161anas telpas kopum\u0101.<\/p>\n<p style=\"margin-bottom: 10px; margin-top: 30px;\"><strong>Lieto\u0161anas instrukcija<\/strong><\/p>\n<p style=\"margin-bottom: 8px; margin-top: 0px; line-height: 1.6;\">Ve\u013cas mazg\u0101jam\u0101s ma\u0161\u012bn\u0101s, kas nav apr\u012bkotas ar \u0101r\u0113jiem dozatoriem, iepildiet produktu atbilsto\u0161aj\u0101 nodal\u012bjum\u0101 pamat un \/ vai priek\u0161mazg\u0101\u0161anai iev\u0113rojot ve\u013cas mazg\u0101\u0161anas ma\u0161\u012bnas lieto\u0161anas instrukciju. Ve\u013cas mazg\u0101jam\u0101s ma\u0161\u012bn\u0101s ar \u0101r\u0113ju autom\u0101tisku doz\u0113\u0161anas ier\u012bci ievietojiet aspir\u0101cijas cauruli konteiner\u012b ar l\u012bdzekli un noregul\u0113jiet doz\u0113\u0161anas ier\u012bci t\u0101, lai veidotu proporciju 5 ml &#8211; 10 ml l\u012bdzek\u013ca uz katru kilogramu saus\u0101s ve\u013cas.<\/p>\n<p style=\"margin-bottom: 10px; margin-top: 30px;\"><strong>\u0136\u012bmisk\u0101s un fizik\u0101l\u0101s \u012bpa\u0161\u012bbas<\/strong><\/p>\n<p style=\"margin-bottom: 8px; margin-top: 0px; line-height: 1.6;\"><strong>Fizisk\u0101 forma<\/strong>:\u00a0viskozs \u0161\u0137idrums<\/p>\n<p style=\"margin-bottom: 8px; margin-top: 0px; line-height: 1.6;\"><strong>Kr\u0101sa<\/strong>: gai\u0161i zila<\/p>\n<p style=\"margin-bottom: 8px; margin-top: 0px; line-height: 1.6;\"><strong>Smar\u017ea<\/strong>: t\u012bkami aromatiz\u0113ta<\/p>\n<p style=\"margin-bottom: 8px; margin-top: 0px; line-height: 1.6;\"><strong>Bl\u012bvums<\/strong>:\u00a01,00 +\/- 0,02 g\/ml pie 20 \u00b0C<\/p>\n<p style=\"margin-bottom: 8px; margin-top: 0px; line-height: 1.6;\"><strong>pH<\/strong>: 5,0 +\/- 0,05<\/p>\n<p style=\"margin-bottom: 8px; margin-top: 0px; line-height: 1.6;\"><strong>Virsmakt\u012bv\u0101 viela<\/strong>:\u00a0katjonu<\/p>\n<p style=\"margin-bottom: 8px; margin-top: 0px; line-height: 1.6;\"><strong>Biolo\u0123isk\u0101 no\u0101rd\u012b\u0161an\u0101s<\/strong>: vair\u0101k nek\u0101 90%<\/p>\n<p style=\"margin-bottom: 8px; margin-top: 0px; line-height: 1.6;\"><strong>Br\u012bdin\u0101jumi!<\/strong>\u00a0Pirms lieto\u0161anas uzman\u012bgi izlasiet dro\u0161\u012bbas datu lapu. Nelietot l\u012bdzekli uz auduma koncentr\u0113t\u0101 veid\u0101.<\/p>\n","protected":false},"excerpt":{"rendered":"<p>AROMATIZ\u0112TS VE\u013bAS M\u012aKSTIN\u0100T\u0100JS \u012apa\u0161\u012bbas un specifik\u0101cijas L\u012bdzeklis ar pat\u012bkamu ziedu smar\u017eu. Tas sast\u0101v no \u013coti delik\u0101t\u0101m sast\u0101vda\u013c\u0101m ar lielisk\u0101m m\u012bkstino\u0161\u0101m \u012bpa\u0161\u012bb\u0101m, kas pie\u0161\u0137ir maigumu un z\u012bdain\u012bbu pat rupjam audumam. L\u012bdzeklis samazina audumam piel\u012bpo\u0161o putek\u013cu daudzumu un sa\u012bsina \u017e\u016b\u0161anas laiku. Ide\u0101ls vilnai: padara to m\u012bkstu un sp\u012bd\u012bgu. Tam piem\u012bt antibakteri\u0101las un prets\u0113n\u012b\u0161u \u012bpa\u0161\u012bbas. Pielieto\u0161anas sf\u0113ras Viesn\u012bcas,&#8230;<\/p>\n","protected":false},"featured_media":4518,"template":"","meta":[],"product_brand":[342],"product_cat":[353,356,359],"product_tag":[],"class_list":{"0":"post-4517","1":"product","2":"type-product","3":"status-publish","4":"has-post-thumbnail","6":"product_brand-serpento-future-chemicals","7":"product_cat-flore-chemie-produkti","8":"product_cat-viesnicu-un-gastronomijas-nozares","9":"product_cat-visparejie-mazgasanas-tirisanas-un-kopsanas-lidzekli","11":"first","12":"instock","13":"shipping-taxable","14":"purchasable","15":"product-type-variable","16":"has-default-attributes"},"_links":{"self":[{"href":"https:\/\/e-flore.store\/lv\/wp-json\/wp\/v2\/product\/4517","targetHints":{"allow":["GET"]}}],"collection":[{"href":"https:\/\/e-flore.store\/lv\/wp-json\/wp\/v2\/product"}],"about":[{"href":"https:\/\/e-flore.store\/lv\/wp-json\/wp\/v2\/types\/product"}],"wp:featuredmedia":[{"embeddable":true,"href":"https:\/\/e-flore.store\/lv\/wp-json\/wp\/v2\/media\/4518"}],"wp:attachment":[{"href":"https:\/\/e-flore.store\/lv\/wp-json\/wp\/v2\/media?parent=4517"}],"wp:term":[{"taxonomy":"product_brand","embeddable":true,"href":"https:\/\/e-flore.store\/lv\/wp-json\/wp\/v2\/product_brand?post=4517"},{"taxonomy":"product_cat","embeddable":true,"href":"https:\/\/e-flore.store\/lv\/wp-json\/wp\/v2\/product_cat?post=4517"},{"taxonomy":"product_tag","embeddable":true,"href":"https:\/\/e-flore.store\/lv\/wp-json\/wp\/v2\/product_tag?post=4517"}],"curies":[{"name":"wp","href":"https:\/\/api.w.org\/{rel}","templated":true}]}}