{"id":4521,"date":"2026-02-03T14:04:22","date_gmt":"2026-02-03T14:04:22","guid":{"rendered":"https:\/\/demo8.izveide.id.lv\/?post_type=product&#038;p=4521"},"modified":"2026-03-26T15:13:56","modified_gmt":"2026-03-26T13:13:56","slug":"alk-candor-bq-code-p004","status":"publish","type":"product","link":"https:\/\/e-flore.store\/lv\/produkts\/alk-candor-bq-code-p004\/","title":{"rendered":"ALK CANDOR BQ (kods P004)"},"content":{"rendered":"<p><img decoding=\"async\" style=\"display: block; margin-left: auto; margin-right: auto; width: 100%; height: auto;\" src=\"\/wp-content\/uploads\/2026\/02\/ALK-CANDOR-BQ-code-P004_P004-PARENT_desc.jpg\" \/><\/p>\n<p style=\"margin-bottom: 10px; margin-top: 30px;\"><strong>\u0160\u0136IDRAIS MAZG\u0100\u0160ANAS L\u012aDZEKLIS AUTOM\u0100TISKAJ\u0100M VE\u013bAS MAZG\u0100\u0160ANAS MA\u0160\u012aN\u0100M<\/strong><\/p>\n<p style=\"margin-bottom: 10px; margin-top: 30px;\"><strong>\u012apa\u0161\u012bbas un specifik\u0101cijas<\/strong><\/p>\n<p style=\"margin-bottom: 8px; margin-top: 0px; line-height: 1.6;\">\u0160\u0137idrais mazg\u0101\u0161anas l\u012bdzeklis ve\u013cas mazg\u0101jam\u0101m ma\u0161\u012bn\u0101m. Tam ir pat\u012bkams ziedu arom\u0101ts. Sast\u0101v\u0101 ietilpst ziepju vielas, r\u016bp\u012bgi atlas\u012btas sast\u0101vda\u013cas, anjonu un nejonu virsmakt\u012bv\u0101s vielas, optiskie balin\u0101t\u0101ji, suspend\u0113t\u0101ji un komponenti, kas kontrol\u0113 puto\u0161anu. Produkta \u012bpa\u0161\u0101 formula nodro\u0161ina augstas kvalit\u0101tes mazg\u0101\u0161anu vienlaic\u012bgi ar produkta dro\u0161\u012bbu apk\u0101rt\u0113jai videi. Nesatur fosf\u0101tus, \u0161\u0137\u012bdin\u0101t\u0101jus un oksid\u0113t\u0101jus.<\/p>\n<p style=\"margin-bottom: 10px; margin-top: 30px;\"><strong>Pielieto\u0161anas sf\u0113ras<\/strong><\/p>\n<p style=\"margin-bottom: 8px; margin-top: 0px; line-height: 1.6;\">Profesion\u0101la ve\u013cas mazg\u0101\u0161ana.<\/p>\n<p style=\"margin-bottom: 10px; margin-top: 30px;\"><strong>Lieto\u0161anas instrukcija<\/strong><\/p>\n<p style=\"margin-bottom: 8px; margin-top: 0px; line-height: 1.6;\">Ieteicam\u0101s devas uz kilogramu saus\u0101s ve\u013cas mazg\u0101\u0161anai autom\u0101tiskaj\u0101 ve\u013cas mazg\u0101\u0161anas ma\u0161\u012bn\u0101:<\/p>\n<table style=\"border-collapse: collapse; width: 100%; margin-bottom: 15px;\" border=\"1\">\n<tbody>\n<tr>\n<td style=\"padding: 5px;\">Pies\u0101r\u0146ojuma pak\u0101pe<\/td>\n<td style=\"padding: 5px;\">V\u0101ja<\/td>\n<td style=\"padding: 5px;\">Vid\u0113ja<\/td>\n<td style=\"padding: 5px;\">Stipra<\/td>\n<\/tr>\n<tr>\n<td style=\"padding: 5px;\">M\u012bksts \u016bdens (0-15\u00b0F)<\/td>\n<td style=\"padding: 5px;\">10 ml<\/td>\n<td style=\"padding: 5px;\">13 ml<\/td>\n<td style=\"padding: 5px;\">16 ml<\/td>\n<\/tr>\n<tr>\n<td style=\"padding: 5px;\">Vid\u0113js ciets \u016bdens (15-25\u00b0F)<\/td>\n<td style=\"padding: 5px;\">13 ml<\/td>\n<td style=\"padding: 5px;\">16 ml<\/td>\n<td style=\"padding: 5px;\">20 ml<\/td>\n<\/tr>\n<tr>\n<td style=\"padding: 5px;\">Ciets \u016bdens (vair\u0101k par 25\u00b0F)<\/td>\n<td style=\"padding: 5px;\">16 ml<\/td>\n<td style=\"padding: 5px;\">20 ml<\/td>\n<td style=\"padding: 5px;\">25 ml<\/td>\n<\/tr>\n<\/tbody>\n<\/table>\n<p style=\"margin-bottom: 8px; margin-top: 0px; line-height: 1.6;\">Ve\u013cas mazg\u0101jam\u0101s ma\u0161\u012bn\u0101s ar \u0101r\u0113j\u0101m autom\u0101tiskaj\u0101m doz\u0113\u0161anas ier\u012bc\u0113m ievietojiet ier\u012bces aspir\u0101cijas cauruli konteiner\u012b ar l\u012bdzekli un piel\u0101gojiet doz\u0113\u0161anas ier\u012bci atbilsto\u0161i doz\u0113\u0161anai uz vienu kilogramu sausas ve\u013cas, atkar\u012bb\u0101 no pies\u0101r\u0146ojuma pak\u0101pes, \u016bdens ciet\u012bbas un izv\u0113l\u0113t\u0101 mazg\u0101\u0161anas cikla.<\/p>\n<p style=\"margin-bottom: 8px; margin-top: 0px; line-height: 1.6;\">Ve\u013cas mazg\u0101jam\u0101s ma\u0161\u012bn\u0101s, kas nav apr\u012bkotas ar \u0101r\u0113ju doz\u0113\u0161anas ier\u012bci, mazg\u0101\u0161anas l\u012bdzekli ielej atbilsto\u0161aj\u0101 integr\u0113t\u0101s m\u0113r\u012b\u0161anas ier\u012bces nodal\u012bjum\u0101 un s\u0101k mazg\u0101\u0161anas ciklu (bez priek\u0161mazg\u0101\u0161anas).<\/p>\n<p style=\"margin-bottom: 8px; margin-top: 0px; line-height: 1.6;\">Ja tiek izmantota doz\u0113\u0161anas lode, taj\u0101 ielej vajadz\u012bgo l\u012bdzek\u013ca daudzumu un ievieto tie\u0161i ve\u013cas mazg\u0101\u0161anas ma\u0161\u012bn\u0101. S\u0101ciet mazg\u0101\u0161anas ciklu (bez priek\u0161mazg\u0101\u0161anas). Ve\u013cas mazg\u0101jam\u0101s ma\u0161\u012bn\u0101s ar \u017e\u0101v\u0113\u0161anas funkciju pirms \u017e\u0101v\u0113\u0161anas cikla iz\u0146emiet doz\u0113\u0161anas lodi.<\/p>\n<p style=\"margin-bottom: 8px; margin-top: 0px; line-height: 1.6;\">Ja ir gr\u016bti izmazg\u0101jami traipi (no e\u013c\u013cas, v\u012bna, kafijas, aug\u013ciem u.c.), vispirms uzkl\u0101jiet l\u012bdzekli t\u012br\u0101 veid\u0101 tie\u0161i uz traipa (bet ne smalkiem audumiem) un p\u0113c tam veiciet parasto mazg\u0101\u0161anas ciklu.<\/p>\n<p style=\"margin-bottom: 8px; margin-top: 0px; line-height: 1.6;\">Mazg\u0101\u0161anai ar rok\u0101m at\u0161\u0137aid\u012bt 80-100 ml l\u012bdzek\u013ca 10 litros \u016bdens, atst\u0101t ve\u013cu iem\u0113rktu mazg\u0101\u0161anas \u0161\u0137\u012bdum\u0101 apm\u0113ram uz 1 stundu, p\u0113c tam mazg\u0101t un r\u016bp\u012bgi izskalot.<\/p>\n<p style=\"margin-bottom: 10px; margin-top: 30px;\"><strong>\u0136\u012bmisk\u0101s un fizik\u0101l\u0101s \u012bpa\u0161\u012bbas<\/strong><\/p>\n<p style=\"margin-bottom: 8px; margin-top: 0px; line-height: 1.6;\"><strong>Fizisk\u0101 forma:<\/strong> \u0161\u0137idrums<\/p>\n<p style=\"margin-bottom: 8px; margin-top: 0px; line-height: 1.6;\"><strong>Kr\u0101sa:<\/strong> op\u0101la<\/p>\n<p style=\"margin-bottom: 8px; margin-top: 0px; line-height: 1.6;\"><strong>Smar\u017ea:<\/strong> ziedu<\/p>\n<p style=\"margin-bottom: 8px; margin-top: 0px; line-height: 1.6;\"><strong>Bl\u012bvums:<\/strong> 1,030 pie 20 \u00b0C<\/p>\n<p style=\"margin-bottom: 8px; margin-top: 0px; line-height: 1.6;\"><strong>pH:<\/strong> 9,7 +\/- 0,5<\/p>\n<p style=\"margin-bottom: 8px; margin-top: 0px; line-height: 1.6;\"><strong>Virsmakt\u012bv\u0101 viela:<\/strong> anjonu, nejonu<\/p>\n<p style=\"margin-bottom: 8px; margin-top: 0px; line-height: 1.6;\"><strong>Biolo\u0123isk\u0101 no\u0101rd\u012b\u0161an\u0101s:<\/strong> vair\u0101k nek\u0101 90%<\/p>\n<p style=\"margin-bottom: 8px; margin-top: 0px; line-height: 1.6;\"><strong>Br\u012bdin\u0101jumi!<\/strong> Pirms lieto\u0161anas uzman\u012bgi izlasiet dro\u0161\u012bbas datu lapu.<\/p>\n","protected":false},"excerpt":{"rendered":"<p>\u0160\u0136IDRAIS MAZG\u0100\u0160ANAS L\u012aDZEKLIS AUTOM\u0100TISKAJ\u0100M VE\u013bAS MAZG\u0100\u0160ANAS MA\u0160\u012aN\u0100M \u012apa\u0161\u012bbas un specifik\u0101cijas \u0160\u0137idrais mazg\u0101\u0161anas l\u012bdzeklis ve\u013cas mazg\u0101jam\u0101m ma\u0161\u012bn\u0101m. Tam ir pat\u012bkams ziedu arom\u0101ts. Sast\u0101v\u0101 ietilpst ziepju vielas, r\u016bp\u012bgi atlas\u012btas sast\u0101vda\u013cas, anjonu un nejonu virsmakt\u012bv\u0101s vielas, optiskie balin\u0101t\u0101ji, suspend\u0113t\u0101ji un komponenti, kas kontrol\u0113 puto\u0161anu. Produkta \u012bpa\u0161\u0101 formula nodro\u0161ina augstas kvalit\u0101tes mazg\u0101\u0161anu vienlaic\u012bgi ar produkta dro\u0161\u012bbu apk\u0101rt\u0113jai videi. Nesatur&#8230;<\/p>\n","protected":false},"featured_media":4522,"template":"","meta":[],"product_brand":[342],"product_cat":[353,356,359],"product_tag":[],"class_list":{"0":"post-4521","1":"product","2":"type-product","3":"status-publish","4":"has-post-thumbnail","6":"product_brand-serpento-future-chemicals","7":"product_cat-flore-chemie-produkti","8":"product_cat-viesnicu-un-gastronomijas-nozares","9":"product_cat-visparejie-mazgasanas-tirisanas-un-kopsanas-lidzekli","11":"first","12":"instock","13":"shipping-taxable","14":"purchasable","15":"product-type-variable","16":"has-default-attributes"},"_links":{"self":[{"href":"https:\/\/e-flore.store\/lv\/wp-json\/wp\/v2\/product\/4521","targetHints":{"allow":["GET"]}}],"collection":[{"href":"https:\/\/e-flore.store\/lv\/wp-json\/wp\/v2\/product"}],"about":[{"href":"https:\/\/e-flore.store\/lv\/wp-json\/wp\/v2\/types\/product"}],"wp:featuredmedia":[{"embeddable":true,"href":"https:\/\/e-flore.store\/lv\/wp-json\/wp\/v2\/media\/4522"}],"wp:attachment":[{"href":"https:\/\/e-flore.store\/lv\/wp-json\/wp\/v2\/media?parent=4521"}],"wp:term":[{"taxonomy":"product_brand","embeddable":true,"href":"https:\/\/e-flore.store\/lv\/wp-json\/wp\/v2\/product_brand?post=4521"},{"taxonomy":"product_cat","embeddable":true,"href":"https:\/\/e-flore.store\/lv\/wp-json\/wp\/v2\/product_cat?post=4521"},{"taxonomy":"product_tag","embeddable":true,"href":"https:\/\/e-flore.store\/lv\/wp-json\/wp\/v2\/product_tag?post=4521"}],"curies":[{"name":"wp","href":"https:\/\/api.w.org\/{rel}","templated":true}]}}