{"id":4526,"date":"2026-02-03T16:04:23","date_gmt":"2026-02-03T14:04:23","guid":{"rendered":"https:\/\/demo8.izveide.id.lv\/?post_type=product&#038;p=4526"},"modified":"2026-03-26T15:00:31","modified_gmt":"2026-03-26T13:00:31","slug":"flamil-50-super-code-0050","status":"publish","type":"product","link":"https:\/\/e-flore.store\/lv\/produkts\/flamil-50-super-code-0050\/","title":{"rendered":"Flamil 50 Super (kods 0050)"},"content":{"rendered":"<p><img decoding=\"async\" style=\"width: 100%; height: auto; display: block;\" src=\"\/wp-content\/uploads\/2026\/01\/0050-PARENT_desc.jpg\"><\/p>\n<div id=\"eflore-spacer-v55\" style=\"height: 0px; clear: both; width: 100%; display: block;\"><\/div>\n<p style=\"margin-bottom: 10px; margin-top: 30px;\"><strong>EFEKT\u012aVS T\u012aR\u012a\u0160ANAS L\u012aDZEKLIS P\u0100RTIKAS R\u016aPNIEC\u012aBAI<\/strong><\/p>\n<p style=\"margin-bottom: 10px; margin-top: 30px;\"><strong>\u012apa\u0161\u012bbas<\/strong><\/p>\n<p style=\"margin-bottom: 8px; margin-top: 0px; line-height: 1.6;\">&#8211; Nekait\u012bgs \u0101dai, piln\u012bgi \u0161\u0137\u012bst \u016bden\u012b.<\/p>\n<p style=\"margin-bottom: 8px; margin-top: 0px; line-height: 1.6;\">&#8211; Apstr\u0101d\u0101t\u0101s virsmas k\u013c\u016bst t\u012bras un attaukotas.<\/p>\n<p style=\"margin-bottom: 8px; margin-top: 0px; line-height: 1.6;\">&#8211; L\u012bdzeklis lieliski t\u012bra virsmas no taukiem, olbaltumviel\u0101m, asins traipiem un cita pies\u0101r\u0146ojuma.<\/p>\n<p style=\"margin-bottom: 8px; margin-top: 0px; line-height: 1.6;\">&#8211; L\u012bdzeklis labi saglab\u0101 t\u012bro\u0161\u0101s \u012bpa\u0161\u012bbas ar\u012b v\u0101j\u0101 \u0161\u0137\u012bdum\u0101 un ciet\u0101 \u016bden\u012b.<\/p>\n<p style=\"margin-bottom: 8px; margin-top: 0px; line-height: 1.6;\">&#8211; Efekt\u012bvs darb\u0101 ar augstspiediena mazg\u0101\u0161anas aparat\u016bru.<\/p>\n<p style=\"margin-bottom: 8px; margin-top: 0px; line-height: 1.6;\">&#8211; L\u012bdzeklis lieliski t\u012bra m\u0113be\u013cu audumu un m\u012bkstos segumus no nikot\u012bna traipiem, nesatur ne\u0161\u0137\u012bsto\u0161us savienojumus.<\/p>\n<p style=\"margin-bottom: 8px; margin-top: 0px; line-height: 1.6;\">&#8211; L\u012bdzeklim ir speci\u0101lais V\u0101cijas sertifik\u0101ts izmanto\u0161anai dzelzce\u013ca vagonu t\u012br\u012b\u0161anai, apliec\u012bba Nr.1073146.<\/p>\n<p style=\"margin-bottom: 10px; margin-top: 30px;\"><strong>Pielieto\u0161anas iesp\u0113jas<\/strong><\/p>\n<p style=\"margin-bottom: 8px; margin-top: 0px; line-height: 1.6;\">&#8211; Br\u012bvi pielietojams vis\u0101s p\u0101rtikas r\u016bpniec\u012bbas sf\u0113r\u0101s, k\u0101 ar\u012b farm\u0101cijas r\u016bpniec\u012bb\u0101.<\/p>\n<p style=\"margin-bottom: 8px; margin-top: 0px; line-height: 1.6;\">&#8211; Neaizst\u0101jams piena un ga\u013cas r\u016bpniec\u012bb\u0101.<\/p>\n<p style=\"margin-bottom: 8px; margin-top: 0px; line-height: 1.6;\">&#8211; Maizes ceptuv\u0113s.<\/p>\n<p style=\"margin-bottom: 8px; margin-top: 0px; line-height: 1.6;\">&#8211; Jebkur\u0101s liela apjoma virtuv\u0113s. \u012apa\u0161i efekt\u012bvs tvaika nos\u016bc\u0113ju t\u012br\u012b\u0161an\u0101.<\/p>\n<p style=\"margin-bottom: 10px; margin-top: 30px;\"><strong>Pielieto\u0161anas veidi un uzglab\u0101\u0161ana<\/strong><\/p>\n<p style=\"margin-bottom: 8px; margin-top: 0px; line-height: 1.6;\">&#8211; Visp\u0101r\u0113jai t\u012br\u012b\u0161anai at\u0161\u0137aid\u012bt proporcij\u0101 1:10 &#8211; 1:100, t\u012br\u012b\u0161anai ar ma\u0161\u012bn\u0101m l\u012bdz 1:500.<\/p>\n<p style=\"margin-bottom: 8px; margin-top: 0px; line-height: 1.6;\">&#8211; L\u012bdzekli iesp\u0113jams uzkl\u0101t uz apstr\u0101d\u0101jam\u0101s virsmas ar smidzin\u0101\u0161anas iek\u0101rtu, k\u0101 ar\u012b vienk\u0101r\u0161i ar s\u016bkli vai dr\u0101nu.<\/p>\n<p style=\"margin-bottom: 8px; margin-top: 0px; line-height: 1.6;\">&#8211; L\u012bdzek\u013ca efektivit\u0101te paaugstin\u0101s veidojot darba \u0161\u0137\u012bdumu no +50 \u00baC l\u012bdz +60 \u00baC.<\/p>\n<p style=\"margin-bottom: 10px; margin-top: 30px;\"><strong>Tehniskais raksturojums<\/strong><\/p>\n<p style=\"margin-bottom: 8px; margin-top: 0px; line-height: 1.6;\"><strong>Fizisk\u0101 forma<\/strong>: \u0161\u0137idrums<\/p>\n<p style=\"margin-bottom: 8px; margin-top: 0px; line-height: 1.6;\"><strong>Bl\u012bvums (20 \u00baC)<\/strong>: 1.05 g\/ml<\/p>\n<p style=\"margin-bottom: 8px; margin-top: 0px; line-height: 1.6;\"><strong>pH l\u012bmenis<\/strong>: 12<\/p>\n<p style=\"margin-bottom: 8px; margin-top: 0px; line-height: 1.6;\"><strong>Sast\u0101vs<\/strong>: virsmu akt\u012bv\u0101s vielas, organiskie alkalo\u012bdi<\/p>\n","protected":false},"excerpt":{"rendered":"<p>EFEKT\u012aVS T\u012aR\u012a\u0160ANAS L\u012aDZEKLIS P\u0100RTIKAS R\u016aPNIEC\u012aBAI \u012apa\u0161\u012bbas &#8211; Nekait\u012bgs \u0101dai, piln\u012bgi \u0161\u0137\u012bst \u016bden\u012b. &#8211; Apstr\u0101d\u0101t\u0101s virsmas k\u013c\u016bst t\u012bras un attaukotas. &#8211; L\u012bdzeklis lieliski t\u012bra virsmas no taukiem, olbaltumviel\u0101m, asins traipiem un cita pies\u0101r\u0146ojuma. &#8211; L\u012bdzeklis labi saglab\u0101 t\u012bro\u0161\u0101s \u012bpa\u0161\u012bbas ar\u012b v\u0101j\u0101 \u0161\u0137\u012bdum\u0101 un ciet\u0101 \u016bden\u012b. &#8211; Efekt\u012bvs darb\u0101 ar augstspiediena mazg\u0101\u0161anas aparat\u016bru. &#8211; L\u012bdzeklis lieliski t\u012bra&#8230;<\/p>\n","protected":false},"featured_media":4527,"template":"","meta":[],"product_brand":[337],"product_cat":[353,356,359],"product_tag":[],"class_list":{"0":"post-4526","1":"product","2":"type-product","3":"status-publish","4":"has-post-thumbnail","6":"product_brand-flore-chemie","7":"product_cat-flore-chemie-produkti","8":"product_cat-viesnicu-un-gastronomijas-nozares","9":"product_cat-visparejie-mazgasanas-tirisanas-un-kopsanas-lidzekli","11":"first","12":"instock","13":"shipping-taxable","14":"purchasable","15":"product-type-variable","16":"has-default-attributes"},"_links":{"self":[{"href":"https:\/\/e-flore.store\/lv\/wp-json\/wp\/v2\/product\/4526","targetHints":{"allow":["GET"]}}],"collection":[{"href":"https:\/\/e-flore.store\/lv\/wp-json\/wp\/v2\/product"}],"about":[{"href":"https:\/\/e-flore.store\/lv\/wp-json\/wp\/v2\/types\/product"}],"wp:featuredmedia":[{"embeddable":true,"href":"https:\/\/e-flore.store\/lv\/wp-json\/wp\/v2\/media\/4527"}],"wp:attachment":[{"href":"https:\/\/e-flore.store\/lv\/wp-json\/wp\/v2\/media?parent=4526"}],"wp:term":[{"taxonomy":"product_brand","embeddable":true,"href":"https:\/\/e-flore.store\/lv\/wp-json\/wp\/v2\/product_brand?post=4526"},{"taxonomy":"product_cat","embeddable":true,"href":"https:\/\/e-flore.store\/lv\/wp-json\/wp\/v2\/product_cat?post=4526"},{"taxonomy":"product_tag","embeddable":true,"href":"https:\/\/e-flore.store\/lv\/wp-json\/wp\/v2\/product_tag?post=4526"}],"curies":[{"name":"wp","href":"https:\/\/api.w.org\/{rel}","templated":true}]}}