{"id":4538,"date":"2026-02-03T16:04:26","date_gmt":"2026-02-03T14:04:26","guid":{"rendered":"https:\/\/demo8.izveide.id.lv\/?post_type=product&#038;p=4538"},"modified":"2026-03-26T15:00:13","modified_gmt":"2026-03-26T13:00:13","slug":"sanox-code-0018","status":"publish","type":"product","link":"https:\/\/e-flore.store\/lv\/produkts\/sanox-code-0018\/","title":{"rendered":"Sanox (kods 0018)"},"content":{"rendered":"<p><img decoding=\"async\" src=\"\/wp-content\/uploads\/2026\/01\/0018-PARENT_desc.jpg\" style=\"width: 100%; height: auto; display: block;\"><\/p>\n<div id=\"eflore-spacer-v55\" style=\"height: 0px; clear: both; width: 100%; display: block;\"><\/div>\n<p style=\"margin-bottom: 10px; margin-top: 30px;\"><strong>PUTOJO\u0160S SK\u0100BAIS T\u012aR\u012a\u0160ANAS L\u012aDZEKLIS<\/strong><\/p>\n<p style=\"margin-bottom: 10px; margin-top: 30px;\"><strong>\u012apa\u0161\u012bbas<\/strong><\/p>\n<p style=\"margin-bottom: 8px; margin-top: 0px; line-height: 1.6;\">&#8211; Speci\u0101lais t\u012br\u012b\u0161anas l\u012bdzeklis, \u012bpa\u0161i piem\u0113rots sist\u0113mu att\u012br\u012b\u0161anai no r\u016bsas, taukiem.<\/p>\n<p style=\"margin-bottom: 8px; margin-top: 0px; line-height: 1.6;\">&#8211; \u0160\u0137\u012bdina kalcija un magnija nogulsnes, k\u0101 ar\u012b citas neorganisk\u0101s nogulsnes.<\/p>\n<p style=\"margin-bottom: 8px; margin-top: 0px; line-height: 1.6;\">&#8211; Piem\u0113rots efekt\u012bvai virsmu t\u012br\u012b\u0161anai no r\u016bsas, ur\u012bna akmens, piena akmens un ziepju paliek\u0101m.<\/p>\n<p style=\"margin-bottom: 8px; margin-top: 0px; line-height: 1.6;\">&#8211; Str\u0101d\u0101jot p\u0113c instrukcijas, l\u012bdzekli var pielietot ner\u016bs\u0113jo\u0161\u0101 t\u0113rauda virsm\u0101m.<\/p>\n<p style=\"margin-bottom: 8px; margin-top: 0px; line-height: 1.6;\">&#8211; Sast\u0101v\u0101 eso\u0161\u0101s dezinfic\u0113jo\u0161\u0101s vielas nov\u0113r\u0161 mikroorganismu vairo\u0161anos, k\u0101 ar\u012b s\u0113n\u012b\u0161u un p\u016b\u0161anas bakt\u0113riju att\u012bst\u012bbu.<\/p>\n<p style=\"margin-bottom: 10px; margin-top: 30px;\"><strong>Pielieto\u0161anas iesp\u0113jas<\/strong><\/p>\n<p style=\"margin-bottom: 8px; margin-top: 0px; line-height: 1.6;\">&#8211; Cementa r\u016bpniec\u012bba, \u016bdens att\u012br\u012b\u0161anas iek\u0101rtas, nos\u0113dumakas, \u016bdens apg\u0101des sist\u0113mas, str\u0101d\u0101jot ar sk\u0101bju iztur\u012bg\u0101m virsm\u0101m.<\/p>\n<p style=\"margin-bottom: 8px; margin-top: 0px; line-height: 1.6;\">&#8211; Viesn\u012bcas, p\u0101rtikas r\u016bpniec\u012bba un tirdzniec\u012bba, slimn\u012bcas, peldbaseini, pirtis, sanit\u0101rie mezgli.<\/p>\n<p style=\"margin-bottom: 8px; margin-top: 0px; line-height: 1.6;\">&#8211; Ga\u013cas un piena r\u016bpniec\u012bbas uz\u0146\u0113mumi, e\u013c\u013cas ra\u017eo\u0161ana, alus br\u016b\u017ei.<\/p>\n<p style=\"margin-bottom: 10px; margin-top: 30px;\"><strong>Pielieto\u0161anas veidi un uzglab\u0101\u0161ana<\/strong><\/p>\n<p style=\"margin-bottom: 8px; margin-top: 0px; line-height: 1.6;\">&#8211; Visp\u0101r\u0113jai t\u012br\u012b\u0161anai at\u0161\u0137aid\u012bt proporcij\u0101 1:10 l\u012bdz 1:30.<\/p>\n<p style=\"margin-bottom: 8px; margin-top: 0px; line-height: 1.6;\">&#8211; T\u012br\u012b\u0161anai ar ma\u0161\u012bn\u0101m at\u0161\u0137aid\u012bt proporcij\u0101 l\u012bdz 1:100, s\u0101kum\u0101 uzsmidzin\u0101t \u0161\u0137\u012bdumu uz virsmas un \u013caut tam iedarboties, p\u0113c tam noskalot ar \u016bdeni.<\/p>\n<p style=\"margin-bottom: 8px; margin-top: 0px; line-height: 1.6;\">&#8211; Uzman\u012bbu! Sarg\u0101t no b\u0113rniem! L\u012bdzeklim nok\u013c\u016bstot ac\u012bs jeb uz \u0101das, skalot ar lielu \u016bdens daudzumu.<\/p>\n<p style=\"margin-bottom: 10px; margin-top: 30px;\"><strong>Tehniskais raksturojums<\/strong>:<\/p>\n<p style=\"margin-bottom: 8px; margin-top: 0px; line-height: 1.6;\"><strong>Fizisk\u0101 forma<\/strong>: \u0161\u0137idrums<\/p>\n<p style=\"margin-bottom: 8px; margin-top: 0px; line-height: 1.6;\"><strong>Bl\u012bvums (20 \u00baC)<\/strong>: 1.10 g \/ ml<\/p>\n<p style=\"margin-bottom: 8px; margin-top: 0px; line-height: 1.6;\"><strong>pH l\u012bmenis<\/strong>: 1<\/p>\n<p style=\"margin-bottom: 8px; margin-top: 0px; line-height: 1.6;\"><strong>Sast\u0101vs<\/strong>: virsmakt\u012bv\u0101s vielas, sk\u0101bes, alkohols, antikorozijas inhibitori<\/p>\n","protected":false},"excerpt":{"rendered":"<p>PUTOJO\u0160S SK\u0100BAIS T\u012aR\u012a\u0160ANAS L\u012aDZEKLIS \u012apa\u0161\u012bbas &#8211; Speci\u0101lais t\u012br\u012b\u0161anas l\u012bdzeklis, \u012bpa\u0161i piem\u0113rots sist\u0113mu att\u012br\u012b\u0161anai no r\u016bsas, taukiem. &#8211; \u0160\u0137\u012bdina kalcija un magnija nogulsnes, k\u0101 ar\u012b citas neorganisk\u0101s nogulsnes. &#8211; Piem\u0113rots efekt\u012bvai virsmu t\u012br\u012b\u0161anai no r\u016bsas, ur\u012bna akmens, piena akmens un ziepju paliek\u0101m. &#8211; Str\u0101d\u0101jot p\u0113c instrukcijas, l\u012bdzekli var pielietot ner\u016bs\u0113jo\u0161\u0101 t\u0113rauda virsm\u0101m. &#8211; Sast\u0101v\u0101 eso\u0161\u0101s dezinfic\u0113jo\u0161\u0101s&#8230;<\/p>\n","protected":false},"featured_media":4539,"template":"","meta":[],"product_brand":[337],"product_cat":[353,356,359],"product_tag":[],"class_list":{"0":"post-4538","1":"product","2":"type-product","3":"status-publish","4":"has-post-thumbnail","6":"product_brand-flore-chemie","7":"product_cat-flore-chemie-produkti","8":"product_cat-viesnicu-un-gastronomijas-nozares","9":"product_cat-visparejie-mazgasanas-tirisanas-un-kopsanas-lidzekli","11":"first","12":"instock","13":"shipping-taxable","14":"purchasable","15":"product-type-variable","16":"has-default-attributes"},"_links":{"self":[{"href":"https:\/\/e-flore.store\/lv\/wp-json\/wp\/v2\/product\/4538","targetHints":{"allow":["GET"]}}],"collection":[{"href":"https:\/\/e-flore.store\/lv\/wp-json\/wp\/v2\/product"}],"about":[{"href":"https:\/\/e-flore.store\/lv\/wp-json\/wp\/v2\/types\/product"}],"wp:featuredmedia":[{"embeddable":true,"href":"https:\/\/e-flore.store\/lv\/wp-json\/wp\/v2\/media\/4539"}],"wp:attachment":[{"href":"https:\/\/e-flore.store\/lv\/wp-json\/wp\/v2\/media?parent=4538"}],"wp:term":[{"taxonomy":"product_brand","embeddable":true,"href":"https:\/\/e-flore.store\/lv\/wp-json\/wp\/v2\/product_brand?post=4538"},{"taxonomy":"product_cat","embeddable":true,"href":"https:\/\/e-flore.store\/lv\/wp-json\/wp\/v2\/product_cat?post=4538"},{"taxonomy":"product_tag","embeddable":true,"href":"https:\/\/e-flore.store\/lv\/wp-json\/wp\/v2\/product_tag?post=4538"}],"curies":[{"name":"wp","href":"https:\/\/api.w.org\/{rel}","templated":true}]}}