{"id":4544,"date":"2026-02-03T16:04:27","date_gmt":"2026-02-03T14:04:27","guid":{"rendered":"https:\/\/demo8.izveide.id.lv\/?post_type=product&#038;p=4544"},"modified":"2026-03-26T14:59:58","modified_gmt":"2026-03-26T12:59:58","slug":"flamil-250-code-0025","status":"publish","type":"product","link":"https:\/\/e-flore.store\/lv\/produkts\/flamil-250-code-0025\/","title":{"rendered":"Flamil 250 (kods 0025)"},"content":{"rendered":"<p><img decoding=\"async\" src=\"\/wp-content\/uploads\/2026\/01\/0025-PARENT_desc.jpg\" style=\"width: 100%; height: auto; display: block;\"><\/p>\n<div id=\"eflore-spacer-v55\" style=\"height: 0px; clear: both; width: 100%; display: block;\"><\/div>\n<p style=\"margin-bottom: 10px; margin-top: 30px;\"><strong>L\u012aDZEKLIS STIKLU T\u012aR\u012a\u0160ANAI<\/strong><\/p>\n<p style=\"margin-bottom: 10px; margin-top: 30px;\"><strong>\u012apa\u0161\u012bbas<\/strong><\/p>\n<p style=\"margin-bottom: 8px; margin-top: 0px; line-height: 1.6;\">&#8211; Efekt\u012bvs un dro\u0161s l\u012bdzeklis gludaj\u0101m stikla virsm\u0101m un spogu\u013ciem.<\/p>\n<p style=\"margin-bottom: 8px; margin-top: 0px; line-height: 1.6;\">&#8211; Dro\u0161s apk\u0101rt\u0113jai videi, sp\u0113j\u012bgs biolo\u0123iski sadal\u012bties, nepiem\u012bt nepat\u012bkama smar\u017ea, nav aler\u0123isks un nekairina \u0101du.<\/p>\n<p style=\"margin-bottom: 8px; margin-top: 0px; line-height: 1.6;\">&#8211; Stipri koncentr\u0113ts, ekonom\u0113 izmaksas ar zemo darba \u0161\u0137\u012bduma pa\u0161izmaksu \u2013 satur efekt\u012bvus komponentus, kas saudz\u0113jo\u0161i iedarbojas uz apstr\u0101d\u0101jamo virsmu da\u017eu sekun\u017eu laik\u0101 not\u012brot to un attaukojot.<\/p>\n<p style=\"margin-bottom: 8px; margin-top: 0px; line-height: 1.6;\">&#8211; Not\u012bra tauku paliekas, silikona paliekas, atst\u0101tos ple\u0137us no rok\u0101m, sodr\u0113jus un citus net\u012brumus, k\u0101 ar\u012b efekt\u012bvi un \u0101tri no\u0146em kukai\u0146u atst\u0101t\u0101s p\u0113das.<\/p>\n<p style=\"margin-bottom: 8px; margin-top: 0px; line-height: 1.6;\">&#8211; Rada molekul\u0101ru aizsargsl\u0101ni, kas samazina net\u012brumu dabisko veido\u0161anos uz stikla virsm\u0101m.<\/p>\n<p style=\"margin-bottom: 8px; margin-top: 0px; line-height: 1.6;\">&#8211; Rada antistatisku efektu.<\/p>\n<p style=\"margin-bottom: 8px; margin-top: 0px; line-height: 1.6;\">&#8211; Ekonomisks augstas koncentr\u0101cijas l\u012bdzeklis, \u0161\u0137aid\u0101s ar \u016bdeni attiec\u012bb\u0101s 1:100 &#8211; 1:500. 2-10ml koncentr\u0101ta uz 1 litru \u016bdens.<\/p>\n<p style=\"margin-bottom: 8px; margin-top: 0px; line-height: 1.6;\">&#8211; Koncentr\u0101cijas paaugstin\u0101\u0161ana efektivit\u0101ti neuzlabo!<\/p>\n<p style=\"margin-bottom: 8px; margin-top: 0px; line-height: 1.6;\">&#8211; T\u012bra \u0101tri un pamat\u012bgi!<\/p>\n<p style=\"margin-bottom: 10px; margin-top: 30px;\"><strong>Pielieto\u0161anas sf\u0113ras<\/strong><\/p>\n<p style=\"margin-bottom: 8px; margin-top: 0px; line-height: 1.6;\">&#8211; Logi, stikla durvis, spogu\u013ci.<\/p>\n<p style=\"margin-bottom: 8px; margin-top: 0px; line-height: 1.6;\">&#8211; Marmors, fl\u012bzes, plastmasa, lakotas virsmas.<\/p>\n<p style=\"margin-bottom: 8px; margin-top: 0px; line-height: 1.6;\">&#8211; Lustras, \u017eal\u016bzijas, fajanss, ner\u016bs\u0113jo\u0161ais t\u0113rauds.<\/p>\n<p style=\"margin-bottom: 8px; margin-top: 0px; line-height: 1.6;\">&#8211; Automobi\u013cu iek\u0161\u0113j\u0101 un \u0101r\u0113j\u0101 t\u012br\u012b\u0161ana.<\/p>\n<p style=\"margin-bottom: 10px; margin-top: 30px;\"><strong>Pielieto\u0161ana<\/strong><\/p>\n<p style=\"margin-bottom: 8px; margin-top: 0px; line-height: 1.6;\">&#8211; Darba \u0161\u0137\u012bdumu uzsmidzin\u0101t vai uzkl\u0101t uz virsmas.<\/p>\n<p style=\"margin-bottom: 8px; margin-top: 0px; line-height: 1.6;\">&#8211; At\u0161\u0137aid\u012bt ar \u016bdeni attiec\u012bb\u0101 1:100 &#8211; 1:500, atkar\u012bb\u0101 no virsmu pies\u0101r\u0146ot\u012bbas.<\/p>\n<p style=\"margin-bottom: 8px; margin-top: 0px; line-height: 1.6;\">&#8211; At\u0161\u0137aidot ar siltu \u016bdeni l\u012bdzek\u013ca efektivit\u0101te palielin\u0101s.<\/p>\n<p style=\"margin-bottom: 8px; margin-top: 0px; line-height: 1.6;\">&#8211; Izmantot tikai koncentr\u0101tu var, bet tas efektivit\u0101ti nepaaugstina.<\/p>\n<p style=\"margin-bottom: 8px; margin-top: 0px; line-height: 1.6;\">&#8211; L\u012bdzekli uzkl\u0101t uz virsmas, atst\u0101t iedarboties k\u0101du laiku, no\u0146emt iz\u0161\u0137\u012bdin\u0101tos net\u012brumus ar dr\u0101nu, \u0161vammi, birsti vai gumijas sliedi.<\/p>\n<p style=\"margin-bottom: 10px; margin-top: 30px;\"><strong>Tehniskais raksturojums<\/strong><\/p>\n<p style=\"margin-bottom: 8px; margin-top: 0px; line-height: 1.6;\"><strong>Fizisk\u0101 forma<\/strong>: \u0161\u0137idrums<\/p>\n<p style=\"margin-bottom: 8px; margin-top: 0px; line-height: 1.6;\"><strong>Bl\u012bvums (20 \u00b0\u0421)<\/strong>: aptuveni 0,996 -1,016 g \/ ml<\/p>\n<p style=\"margin-bottom: 8px; margin-top: 0px; line-height: 1.6;\"><strong>p\u041d l\u012bmenis (1%)<\/strong>: aptuveni 9.0-9.5<\/p>\n<p style=\"margin-bottom: 8px; margin-top: 0px; line-height: 1.6;\"><strong>Sast\u0101vs<\/strong>: virsmaakt\u012bv\u0101s vielas, glikoli<\/p>\n","protected":false},"excerpt":{"rendered":"<p>L\u012aDZEKLIS STIKLU T\u012aR\u012a\u0160ANAI \u012apa\u0161\u012bbas &#8211; Efekt\u012bvs un dro\u0161s l\u012bdzeklis gludaj\u0101m stikla virsm\u0101m un spogu\u013ciem. &#8211; Dro\u0161s apk\u0101rt\u0113jai videi, sp\u0113j\u012bgs biolo\u0123iski sadal\u012bties, nepiem\u012bt nepat\u012bkama smar\u017ea, nav aler\u0123isks un nekairina \u0101du. &#8211; Stipri koncentr\u0113ts, ekonom\u0113 izmaksas ar zemo darba \u0161\u0137\u012bduma pa\u0161izmaksu \u2013 satur efekt\u012bvus komponentus, kas saudz\u0113jo\u0161i iedarbojas uz apstr\u0101d\u0101jamo virsmu da\u017eu sekun\u017eu laik\u0101 not\u012brot to un&#8230;<\/p>\n","protected":false},"featured_media":4545,"template":"","meta":[],"product_brand":[337],"product_cat":[359,353,356],"product_tag":[],"class_list":{"0":"post-4544","1":"product","2":"type-product","3":"status-publish","4":"has-post-thumbnail","6":"product_brand-flore-chemie","7":"product_cat-visparejie-mazgasanas-tirisanas-un-kopsanas-lidzekli","8":"product_cat-flore-chemie-produkti","9":"product_cat-viesnicu-un-gastronomijas-nozares","11":"first","12":"instock","13":"shipping-taxable","14":"purchasable","15":"product-type-variable","16":"has-default-attributes"},"_links":{"self":[{"href":"https:\/\/e-flore.store\/lv\/wp-json\/wp\/v2\/product\/4544","targetHints":{"allow":["GET"]}}],"collection":[{"href":"https:\/\/e-flore.store\/lv\/wp-json\/wp\/v2\/product"}],"about":[{"href":"https:\/\/e-flore.store\/lv\/wp-json\/wp\/v2\/types\/product"}],"wp:featuredmedia":[{"embeddable":true,"href":"https:\/\/e-flore.store\/lv\/wp-json\/wp\/v2\/media\/4545"}],"wp:attachment":[{"href":"https:\/\/e-flore.store\/lv\/wp-json\/wp\/v2\/media?parent=4544"}],"wp:term":[{"taxonomy":"product_brand","embeddable":true,"href":"https:\/\/e-flore.store\/lv\/wp-json\/wp\/v2\/product_brand?post=4544"},{"taxonomy":"product_cat","embeddable":true,"href":"https:\/\/e-flore.store\/lv\/wp-json\/wp\/v2\/product_cat?post=4544"},{"taxonomy":"product_tag","embeddable":true,"href":"https:\/\/e-flore.store\/lv\/wp-json\/wp\/v2\/product_tag?post=4544"}],"curies":[{"name":"wp","href":"https:\/\/api.w.org\/{rel}","templated":true}]}}