{"id":4550,"date":"2026-02-03T16:04:28","date_gmt":"2026-02-03T14:04:28","guid":{"rendered":"https:\/\/demo8.izveide.id.lv\/?post_type=product&#038;p=4550"},"modified":"2026-03-26T14:59:48","modified_gmt":"2026-03-26T12:59:48","slug":"flamil-88-code-0088","status":"publish","type":"product","link":"https:\/\/e-flore.store\/lv\/produkts\/flamil-88-code-0088\/","title":{"rendered":"Flamil 88 (kods 0088)"},"content":{"rendered":"<p><img decoding=\"async\" src=\"\/wp-content\/uploads\/2026\/01\/0088-PARENT_desc.jpg\" style=\"width: 100%; height: auto; display: block;\"><\/p>\n<div id=\"eflore-spacer-v55\" style=\"height: 0px; clear: both; width: 100%; display: block;\"><\/div>\n<p style=\"margin-bottom: 10px; margin-top: 30px;\"><strong>EFEKT\u012aVA PUL\u0112\u0160ANAS PASTA<\/strong><\/p>\n<p style=\"margin-bottom: 10px; margin-top: 30px;\"><strong>\u012apa\u0161\u012bbas<\/strong><\/p>\n<p style=\"margin-bottom: 8px; margin-top: 0px; line-height: 1.6;\">&#8211; Vienlaic\u012bgi t\u012bra, pul\u0113 un aizsarg\u0101 apstr\u0101d\u0101jam\u0101s virsmas.<\/p>\n<p style=\"margin-bottom: 8px; margin-top: 0px; line-height: 1.6;\">&#8211; Veido sp\u012bdumu uz apstr\u0101d\u0101jam\u0101s virsmas, nesatur abraz\u012bvus.<\/p>\n<p style=\"margin-bottom: 8px; margin-top: 0px; line-height: 1.6;\">&#8211; L\u012bdzeklis veido uz apstr\u0101d\u0101jam\u0101s virsmas \u013coti pl\u0101nu aizsargk\u0101rti\u0146u, kas virsmu pasarg\u0101 no jauna pies\u0101r\u0146ojuma un izdil\u0161anas.<\/p>\n<p style=\"margin-bottom: 8px; margin-top: 0px; line-height: 1.6;\">&#8211; Piem\u0113rots efekt\u012bvai virsmu pul\u0113\u0161anai un t\u012br\u012b\u0161anai.<\/p>\n<p style=\"margin-bottom: 8px; margin-top: 0px; line-height: 1.6;\">&#8211; Nesatur b\u012bstamas vielas.<\/p>\n<p style=\"margin-bottom: 10px; margin-top: 30px;\"><strong>Pielieto\u0161anas iesp\u0113jas<\/strong><\/p>\n<p style=\"margin-bottom: 8px; margin-top: 0px; line-height: 1.6;\">&#8211; Visu veidu met\u0101la virsmu t\u012br\u012b\u0161ana un pul\u0113\u0161ana.<\/p>\n<p style=\"margin-bottom: 8px; margin-top: 0px; line-height: 1.6;\">&#8211; Pul\u0113tu akmens virsmu t\u012br\u012b\u0161ana un pul\u0113\u0161ana, k\u0101 ar\u012b emalj\u0113tu virsmu pul\u0113\u0161ana.<\/p>\n<p style=\"margin-bottom: 8px; margin-top: 0px; line-height: 1.6;\">&#8211; Plastmasas un stikla virsmu pul\u0113\u0161ana l\u012bdz sp\u012bdumam.<\/p>\n<p style=\"margin-bottom: 10px; margin-top: 30px;\"><strong>Pielieto\u0161anas veidi un uzglab\u0101\u0161ana<\/strong><\/p>\n<p style=\"margin-bottom: 8px; margin-top: 0px; line-height: 1.6;\">&#8211; L\u012bdzekli uzkl\u0101t, v\u0113lams, uz nedaudz mitras virsmas, \u013coti pl\u0101n\u0101 k\u0101rt\u0101, un \u013caut tam 10 \u2013 12 min\u016btes iedarboties.<\/p>\n<p style=\"margin-bottom: 8px; margin-top: 0px; line-height: 1.6;\">&#8211; Pul\u0113t ar m\u012bkstu materi\u0101lu, piem\u0113ram, pap\u012bra dvielis, ri\u0146\u0137veida kust\u012bb\u0101m. P\u0113c pul\u0113\u0161anas proced\u016bras apstr\u0101d\u0101to virsmu v\u0113lams noskalot ar siltu \u016bdeni.<\/p>\n<p style=\"margin-bottom: 10px; margin-top: 30px;\"><strong>Tehniskais raksturojums<\/strong><\/p>\n<p style=\"margin-bottom: 8px; margin-top: 0px; line-height: 1.6;\"><strong>Fizisk\u0101 forma<\/strong>: pasta<\/p>\n<p style=\"margin-bottom: 8px; margin-top: 0px; line-height: 1.6;\"><strong>Bl\u012bvums (20 \u00baC)<\/strong>: 1.30 g \/ ml<\/p>\n<p style=\"margin-bottom: 8px; margin-top: 0px; line-height: 1.6;\"><strong>Sast\u0101vs<\/strong>: virsmakt\u012bv\u0101s vielas, \u0161\u0137\u012bdin\u0101t\u0101ji<\/p>\n","protected":false},"excerpt":{"rendered":"<p>EFEKT\u012aVA PUL\u0112\u0160ANAS PASTA \u012apa\u0161\u012bbas &#8211; Vienlaic\u012bgi t\u012bra, pul\u0113 un aizsarg\u0101 apstr\u0101d\u0101jam\u0101s virsmas. &#8211; Veido sp\u012bdumu uz apstr\u0101d\u0101jam\u0101s virsmas, nesatur abraz\u012bvus. &#8211; L\u012bdzeklis veido uz apstr\u0101d\u0101jam\u0101s virsmas \u013coti pl\u0101nu aizsargk\u0101rti\u0146u, kas virsmu pasarg\u0101 no jauna pies\u0101r\u0146ojuma un izdil\u0161anas. &#8211; Piem\u0113rots efekt\u012bvai virsmu pul\u0113\u0161anai un t\u012br\u012b\u0161anai. &#8211; Nesatur b\u012bstamas vielas. Pielieto\u0161anas iesp\u0113jas &#8211; Visu veidu met\u0101la virsmu&#8230;<\/p>\n","protected":false},"featured_media":4551,"template":"","meta":[],"product_brand":[337],"product_cat":[353,356,359],"product_tag":[],"class_list":{"0":"post-4550","1":"product","2":"type-product","3":"status-publish","4":"has-post-thumbnail","6":"product_brand-flore-chemie","7":"product_cat-flore-chemie-produkti","8":"product_cat-viesnicu-un-gastronomijas-nozares","9":"product_cat-visparejie-mazgasanas-tirisanas-un-kopsanas-lidzekli","11":"first","12":"instock","13":"shipping-taxable","14":"purchasable","15":"product-type-variable","16":"has-default-attributes"},"_links":{"self":[{"href":"https:\/\/e-flore.store\/lv\/wp-json\/wp\/v2\/product\/4550","targetHints":{"allow":["GET"]}}],"collection":[{"href":"https:\/\/e-flore.store\/lv\/wp-json\/wp\/v2\/product"}],"about":[{"href":"https:\/\/e-flore.store\/lv\/wp-json\/wp\/v2\/types\/product"}],"wp:featuredmedia":[{"embeddable":true,"href":"https:\/\/e-flore.store\/lv\/wp-json\/wp\/v2\/media\/4551"}],"wp:attachment":[{"href":"https:\/\/e-flore.store\/lv\/wp-json\/wp\/v2\/media?parent=4550"}],"wp:term":[{"taxonomy":"product_brand","embeddable":true,"href":"https:\/\/e-flore.store\/lv\/wp-json\/wp\/v2\/product_brand?post=4550"},{"taxonomy":"product_cat","embeddable":true,"href":"https:\/\/e-flore.store\/lv\/wp-json\/wp\/v2\/product_cat?post=4550"},{"taxonomy":"product_tag","embeddable":true,"href":"https:\/\/e-flore.store\/lv\/wp-json\/wp\/v2\/product_tag?post=4550"}],"curies":[{"name":"wp","href":"https:\/\/api.w.org\/{rel}","templated":true}]}}