{"id":4554,"date":"2026-02-03T16:04:28","date_gmt":"2026-02-03T14:04:28","guid":{"rendered":"https:\/\/demo8.izveide.id.lv\/?post_type=product&#038;p=4554"},"modified":"2026-03-26T14:59:54","modified_gmt":"2026-03-26T12:59:54","slug":"flamil-bio-ol-ex-code-0402","status":"publish","type":"product","link":"https:\/\/e-flore.store\/lv\/produkts\/flamil-bio-ol-ex-code-0402\/","title":{"rendered":"Flamil Bio-\u00d6l-Ex (kods 0402)"},"content":{"rendered":"<p><img decoding=\"async\" class=\"alignnone size-full wp-image-2145\" style=\"width: 100%; height: auto; display: block;\" src=\"\/wp-content\/uploads\/2026\/01\/0402-PARENT_desc.jpg\" alt=\"0402-PARENT\" width=\"100%\" srcset=\"https:\/\/e-flore.store\/wp-content\/uploads\/2026\/01\/0402-PARENT_desc.jpg 800w, https:\/\/e-flore.store\/wp-content\/uploads\/2026\/01\/0402-PARENT_desc-600x450.jpg 600w, https:\/\/e-flore.store\/wp-content\/uploads\/2026\/01\/0402-PARENT_desc-300x225.jpg 300w\" sizes=\"(max-width: 800px) 100vw, 800px\" \/><\/p>\n<div id=\"eflore-spacer-v55\" style=\"height: 0px; clear: both; width: 100%; display: block;\"><\/div>\n<p style=\"margin-bottom: 10px; margin-top: 30px;\"><strong>L\u012aDZEKLIS AUGU E\u013b\u013bAS T\u012aR\u012a\u0160ANAI<\/strong><\/p>\n<p style=\"margin-bottom: 10px; margin-top: 30px;\"><strong>\u012apa\u0161\u012bbas<\/strong><\/p>\n<p style=\"margin-bottom: 8px; margin-top: 0px; line-height: 1.6;\">&#8211; Efekt\u012bvs l\u012bdzeklis, izstr\u0101d\u0101ts saska\u0146\u0101 ar jaun\u0101kaj\u0101m zin\u0101tnes tehnolo\u0123ij\u0101m, kur\u0161 not\u012bra e\u013c\u013cu bez meh\u0101niskas iedarb\u012bbas.<\/p>\n<p style=\"margin-bottom: 8px; margin-top: 0px; line-height: 1.6;\">&#8211; \u0160\u0137\u012bdina un bez paliek\u0101m no\u0146em augu e\u013c\u013cu, taukus, sodr\u0113jus, tai skait\u0101 ar\u012b no kr\u0101sot\u0101m virsm\u0101m.<\/p>\n<p style=\"margin-bottom: 8px; margin-top: 0px; line-height: 1.6;\">&#8211; L\u012bdzeklis labi \u0161\u0137\u012bst \u016bden\u012b, nesatur b\u012bstamas un toksiskas vielas un \u0137\u012bmiskos \u0161\u0137\u012bdin\u0101t\u0101jus.<\/p>\n<p style=\"margin-bottom: 8px; margin-top: 0px; line-height: 1.6;\">&#8211; Piem\u0113rots izmanto\u0161anai p\u0101rtikas r\u016bpniec\u012bb\u0101.<\/p>\n<p style=\"margin-bottom: 8px; margin-top: 0px; line-height: 1.6;\">&#8211; Nekait\u012bgs met\u0101la virsm\u0101m, plastmasai, stiklam.<\/p>\n<p style=\"margin-bottom: 10px; margin-top: 30px;\"><strong>Pielieto\u0161anas iesp\u0113jas<\/strong><\/p>\n<p style=\"margin-bottom: 8px; margin-top: 0px; line-height: 1.6;\">&#8211; L\u012bdzeklis izmantojams visa veida tilp\u0146u t\u012br\u012b\u0161anai no dab\u012bgo e\u013c\u013cu pies\u0101r\u0146ojuma.<\/p>\n<p style=\"margin-bottom: 8px; margin-top: 0px; line-height: 1.6;\">&#8211; Transporta l\u012bdzek\u013cu att\u012br\u012b\u0161ana no e\u013c\u013cas paliek\u0101m, gan ar\u012b jebkuru citu e\u013c\u013cainu virsmu t\u012br\u012b\u0161ana.<\/p>\n<p style=\"margin-bottom: 8px; margin-top: 0px; line-height: 1.6;\">&#8211; Uzsmidzin\u0101t l\u012bdzekli uz apstr\u0101d\u0101jam\u0101s virsmas un \u013caut tam iedarboties apm\u0113ram 5 min\u016btes, p\u0113c tam noskalot ar augstspiediena mazg\u0101\u0161anas iek\u0101rtu vai vienk\u0101r\u0161i nomazg\u0101t ar t\u012bru \u016bdeni un birsti jeb s\u016bkli.<\/p>\n<p style=\"margin-bottom: 8px; margin-top: 0px; line-height: 1.6;\">&#8211; Uzman\u012bbu! Nepie\u013caut l\u012bdzek\u013ca no\u017e\u016b\u0161anu uz apstr\u0101d\u0101jam\u0101s virsmas! Sarg\u0101t no sasal\u0161anas!<\/p>\n<p style=\"margin-bottom: 10px; margin-top: 30px;\"><strong>Pielieto\u0161anas veidi un uzglab\u0101\u0161ana<\/strong><\/p>\n<p style=\"margin-bottom: 8px; margin-top: 0px; line-height: 1.6;\">&#8211; L\u012bdzekli izmantot at\u0161\u0137aidot proporcij\u0101 no 1:5 l\u012bdz 1:10.<\/p>\n<p style=\"margin-bottom: 8px; margin-top: 0px; line-height: 1.6;\">&#8211; Uzglab\u0101t l\u012bdzekli b\u0113rniem nepieejam\u0101 viet\u0101.<\/p>\n<p style=\"margin-bottom: 8px; margin-top: 0px; line-height: 1.6;\">&#8211; L\u012bdzeklis kairina acis un \u0101du. Str\u0101d\u0101jot valk\u0101t aizsargbrilles.<\/p>\n<p>&nbsp;<\/p>\n<p style=\"margin-bottom: 8px; margin-top: 0px; line-height: 1.6;\">Tehniskais raksturojums<\/p>\n<p style=\"margin-bottom: 8px; margin-top: 0px; line-height: 1.6;\"><strong>Fizisk\u0101 forma<\/strong>: \u0161\u0137idrums<\/p>\n<p style=\"margin-bottom: 8px; margin-top: 0px; line-height: 1.6;\"><strong>Bl\u012bvums (20 \u00baC)<\/strong>: 1.10 g \/ ml<\/p>\n<p style=\"margin-bottom: 8px; margin-top: 0px; line-height: 1.6;\"><strong>pH l\u012bmenis<\/strong>: 11.3<\/p>\n<p style=\"margin-bottom: 8px; margin-top: 0px; line-height: 1.6;\"><strong>Sast\u0101vs<\/strong>: k\u0101lija hidroks\u012bds, fosf\u0101ti, tens\u012bdi<\/p>\n","protected":false},"excerpt":{"rendered":"<p>L\u012aDZEKLIS AUGU E\u013b\u013bAS T\u012aR\u012a\u0160ANAI \u012apa\u0161\u012bbas &#8211; Efekt\u012bvs l\u012bdzeklis, izstr\u0101d\u0101ts saska\u0146\u0101 ar jaun\u0101kaj\u0101m zin\u0101tnes tehnolo\u0123ij\u0101m, kur\u0161 not\u012bra e\u013c\u013cu bez meh\u0101niskas iedarb\u012bbas. &#8211; \u0160\u0137\u012bdina un bez paliek\u0101m no\u0146em augu e\u013c\u013cu, taukus, sodr\u0113jus, tai skait\u0101 ar\u012b no kr\u0101sot\u0101m virsm\u0101m. &#8211; L\u012bdzeklis labi \u0161\u0137\u012bst \u016bden\u012b, nesatur b\u012bstamas un toksiskas vielas un \u0137\u012bmiskos \u0161\u0137\u012bdin\u0101t\u0101jus. &#8211; Piem\u0113rots izmanto\u0161anai p\u0101rtikas r\u016bpniec\u012bb\u0101. &#8211;&#8230;<\/p>\n","protected":false},"featured_media":4555,"template":"","meta":[],"product_brand":[337],"product_cat":[353,356,359],"product_tag":[],"class_list":{"0":"post-4554","1":"product","2":"type-product","3":"status-publish","4":"has-post-thumbnail","6":"product_brand-flore-chemie","7":"product_cat-flore-chemie-produkti","8":"product_cat-viesnicu-un-gastronomijas-nozares","9":"product_cat-visparejie-mazgasanas-tirisanas-un-kopsanas-lidzekli","11":"first","12":"instock","13":"shipping-taxable","14":"purchasable","15":"product-type-variable","16":"has-default-attributes"},"_links":{"self":[{"href":"https:\/\/e-flore.store\/lv\/wp-json\/wp\/v2\/product\/4554","targetHints":{"allow":["GET"]}}],"collection":[{"href":"https:\/\/e-flore.store\/lv\/wp-json\/wp\/v2\/product"}],"about":[{"href":"https:\/\/e-flore.store\/lv\/wp-json\/wp\/v2\/types\/product"}],"wp:featuredmedia":[{"embeddable":true,"href":"https:\/\/e-flore.store\/lv\/wp-json\/wp\/v2\/media\/4555"}],"wp:attachment":[{"href":"https:\/\/e-flore.store\/lv\/wp-json\/wp\/v2\/media?parent=4554"}],"wp:term":[{"taxonomy":"product_brand","embeddable":true,"href":"https:\/\/e-flore.store\/lv\/wp-json\/wp\/v2\/product_brand?post=4554"},{"taxonomy":"product_cat","embeddable":true,"href":"https:\/\/e-flore.store\/lv\/wp-json\/wp\/v2\/product_cat?post=4554"},{"taxonomy":"product_tag","embeddable":true,"href":"https:\/\/e-flore.store\/lv\/wp-json\/wp\/v2\/product_tag?post=4554"}],"curies":[{"name":"wp","href":"https:\/\/api.w.org\/{rel}","templated":true}]}}