{"id":4560,"date":"2026-02-03T16:04:29","date_gmt":"2026-02-03T14:04:29","guid":{"rendered":"https:\/\/demo8.izveide.id.lv\/?post_type=product&#038;p=4560"},"modified":"2026-03-26T14:59:44","modified_gmt":"2026-03-26T12:59:44","slug":"florin-orangid-code-0951","status":"publish","type":"product","link":"https:\/\/e-flore.store\/lv\/produkts\/florin-orangid-code-0951\/","title":{"rendered":"Florin Orangid (kods 0951)"},"content":{"rendered":"<p><img decoding=\"async\" src=\"\/wp-content\/uploads\/2026\/01\/0951-PARENT_desc.jpg\" style=\"width: 100%; height: auto; display: block;\"><\/p>\n<div id=\"eflore-spacer-v55\" style=\"height: 0px; clear: both; width: 100%; display: block;\"><\/div>\n<p style=\"margin-bottom: 10px; margin-top: 30px;\"><strong>AROMATIZ\u0112TS T\u012aR\u012a\u0160ANAS L\u012aDZEKLIS AR SP\u012aDUMA EFEKTU<\/strong><\/p>\n<p style=\"margin-bottom: 10px; margin-top: 30px;\"><strong>\u012apa\u0161\u012bbas<\/strong><\/p>\n<p style=\"margin-bottom: 8px; margin-top: 0px; line-height: 1.6;\">&#8211; L\u012bdzeklis ar speci\u0101l\u0101m piedev\u0101m pat\u012bkama arom\u0101ta un sp\u012bduma rad\u012b\u0161anai uz t\u012br\u0101maj\u0101m virsm\u0101m.<\/p>\n<p style=\"margin-bottom: 8px; margin-top: 0px; line-height: 1.6;\">&#8211; Pielietojams jebkuru delik\u0101tu virsmu t\u012br\u012b\u0161anai.<\/p>\n<p style=\"margin-bottom: 8px; margin-top: 0px; line-height: 1.6;\">&#8211; Saudz\u0113 materi\u0101lus.<\/p>\n<p style=\"margin-bottom: 8px; margin-top: 0px; line-height: 1.6;\">&#8211; Piedod not\u012br\u012btaj\u0101m virsm\u0101m sp\u012bdumu un piepilda telpu ar pat\u012bkamu arom\u0101tu.<\/p>\n<p style=\"margin-bottom: 8px; margin-top: 0px; line-height: 1.6;\">&#8211; \u013boti \u0101tri \u017e\u016bst un neatst\u0101j uz virsm\u0101m t\u012br\u012b\u0161anas \u201ep\u0113das\u201d.<\/p>\n<p style=\"margin-bottom: 8px; margin-top: 0px; line-height: 1.6;\">&#8211; Sarg\u0101t l\u012bdzekli no sasal\u0161anas!<\/p>\n<p style=\"margin-bottom: 10px; margin-top: 30px;\"><strong>Pielieto\u0161anas iesp\u0113jas<\/strong><\/p>\n<p style=\"margin-bottom: 8px; margin-top: 0px; line-height: 1.6;\">Sienas, visu veidu gr\u012bdu segumi, fl\u012bzes, stikls, plastmasa, glanc\u0113tas virsmas, Formika, utt.<\/p>\n<p style=\"margin-bottom: 10px; margin-top: 30px;\"><strong>Pielieto\u0161ana<\/strong><\/p>\n<p style=\"margin-bottom: 8px; margin-top: 0px; line-height: 1.6;\">&#8211; Florin\u00ae Orangid ir ide\u0101li piem\u0113rots manu\u0101lai t\u012br\u012b\u0161anai.<\/p>\n<p style=\"margin-bottom: 8px; margin-top: 0px; line-height: 1.6;\">&#8211; L\u012bdzekli at\u0161\u0137aid\u012bt ar \u016bdeni proporcij\u0101 1:100 \u2013 1:200 atkar\u012bb\u0101 no pielietojuma veida (t.i. 50 &#8211; 100 ml uz 10 L \u016bdens).<\/p>\n<p style=\"margin-bottom: 10px; margin-top: 30px;\"><strong>Tehniskais raksturojums<\/strong><\/p>\n<p style=\"margin-bottom: 8px; margin-top: 0px; line-height: 1.6;\"><strong>Fizisk\u0101 forma<\/strong>: \u00a0 \u00a0 \u00a0 \u00a0      \u0161\u0137idrums<\/p>\n<p style=\"margin-bottom: 8px; margin-top: 0px; line-height: 1.6;\"><strong>Bl\u012bvums ( 20 \u00b0C)<\/strong>: \u00a0 \u00a0apm\u0113ram 1,0 g \/ cm\u00b3<\/p>\n<p style=\"margin-bottom: 8px; margin-top: 0px; line-height: 1.6;\"><strong>pH l\u012bmenis<\/strong>: \u00a0 \u00a0 \u00a0 \u00a0 \u00a0 \u00a0\u00a0      9,6 &#8211; 10,6<\/p>\n<p style=\"margin-bottom: 8px; margin-top: 0px; line-height: 1.6;\"><strong>Sast\u0101vs<\/strong>: \u00a0 \u00a0 \u00a0 \u00a0 \u00a0 \u00a0 \u00a0 \u00a0 \u00a0      virsmakt\u012bv\u0101s vielas, solubilizers, smar\u017evielas<\/p>\n","protected":false},"excerpt":{"rendered":"<p>AROMATIZ\u0112TS T\u012aR\u012a\u0160ANAS L\u012aDZEKLIS AR SP\u012aDUMA EFEKTU \u012apa\u0161\u012bbas &#8211; L\u012bdzeklis ar speci\u0101l\u0101m piedev\u0101m pat\u012bkama arom\u0101ta un sp\u012bduma rad\u012b\u0161anai uz t\u012br\u0101maj\u0101m virsm\u0101m. &#8211; Pielietojams jebkuru delik\u0101tu virsmu t\u012br\u012b\u0161anai. &#8211; Saudz\u0113 materi\u0101lus. &#8211; Piedod not\u012br\u012btaj\u0101m virsm\u0101m sp\u012bdumu un piepilda telpu ar pat\u012bkamu arom\u0101tu. &#8211; \u013boti \u0101tri \u017e\u016bst un neatst\u0101j uz virsm\u0101m t\u012br\u012b\u0161anas \u201ep\u0113das\u201d. &#8211; Sarg\u0101t l\u012bdzekli no sasal\u0161anas!&#8230;<\/p>\n","protected":false},"featured_media":4561,"template":"","meta":[],"product_brand":[337],"product_cat":[353,356,359],"product_tag":[],"class_list":{"0":"post-4560","1":"product","2":"type-product","3":"status-publish","4":"has-post-thumbnail","6":"product_brand-flore-chemie","7":"product_cat-flore-chemie-produkti","8":"product_cat-viesnicu-un-gastronomijas-nozares","9":"product_cat-visparejie-mazgasanas-tirisanas-un-kopsanas-lidzekli","11":"first","12":"instock","13":"shipping-taxable","14":"purchasable","15":"product-type-variable","16":"has-default-attributes"},"_links":{"self":[{"href":"https:\/\/e-flore.store\/lv\/wp-json\/wp\/v2\/product\/4560","targetHints":{"allow":["GET"]}}],"collection":[{"href":"https:\/\/e-flore.store\/lv\/wp-json\/wp\/v2\/product"}],"about":[{"href":"https:\/\/e-flore.store\/lv\/wp-json\/wp\/v2\/types\/product"}],"wp:featuredmedia":[{"embeddable":true,"href":"https:\/\/e-flore.store\/lv\/wp-json\/wp\/v2\/media\/4561"}],"wp:attachment":[{"href":"https:\/\/e-flore.store\/lv\/wp-json\/wp\/v2\/media?parent=4560"}],"wp:term":[{"taxonomy":"product_brand","embeddable":true,"href":"https:\/\/e-flore.store\/lv\/wp-json\/wp\/v2\/product_brand?post=4560"},{"taxonomy":"product_cat","embeddable":true,"href":"https:\/\/e-flore.store\/lv\/wp-json\/wp\/v2\/product_cat?post=4560"},{"taxonomy":"product_tag","embeddable":true,"href":"https:\/\/e-flore.store\/lv\/wp-json\/wp\/v2\/product_tag?post=4560"}],"curies":[{"name":"wp","href":"https:\/\/api.w.org\/{rel}","templated":true}]}}