{"id":4566,"date":"2026-02-03T16:04:30","date_gmt":"2026-02-03T14:04:30","guid":{"rendered":"https:\/\/demo8.izveide.id.lv\/?post_type=product&#038;p=4566"},"modified":"2026-03-26T14:59:40","modified_gmt":"2026-03-26T12:59:40","slug":"florin-summer-breeze-code-0833","status":"publish","type":"product","link":"https:\/\/e-flore.store\/lv\/produkts\/florin-summer-breeze-code-0833\/","title":{"rendered":"Florin Summer Breeze (kods 0833)"},"content":{"rendered":"<p><img decoding=\"async\" src=\"\/wp-content\/uploads\/2026\/01\/0833-PARENT_desc.jpg\" style=\"width: 100%; height: auto; display: block;\"><\/p>\n<div id=\"eflore-spacer-v55\" style=\"height: 0px; clear: both; width: 100%; display: block;\"><\/div>\n<p style=\"margin-bottom: 10px; margin-top: 30px;\"><strong>ALKOHOLU SATURO\u0160S T\u012aR\u012a\u0160ANAS L\u012aDZEKLIS VIS\u0100M \u016aDENSIZTUR\u012aG\u0100M VIRSM\u0100M<\/strong><\/p>\n<p style=\"margin-bottom: 10px; margin-top: 30px;\"><strong>\u012apa\u0161\u012bbas<\/strong><\/p>\n<p style=\"margin-bottom: 8px; margin-top: 0px; line-height: 1.6;\">&#8211; Vienlaic\u012bgi att\u012bra un atsvaidzina visas \u016bdensiztur\u012bg\u0101s virsmas, pie\u0161\u0137ir mirdzo\u0161u sp\u012bdumu un notur\u012bgu smar\u017eu.<\/p>\n<p style=\"margin-bottom: 8px; margin-top: 0px; line-height: 1.6;\">&#8211; FLORIN SUMMER BREEZE ir ide\u0101ls t\u012br\u012b\u0161anas l\u012bdzeklis no FLORE-CHEMIE kl\u0101sta, kas piem\u0113rots vis\u0101m j\u016bt\u012bg\u0101m virsm\u0101m. Vienk\u0101r\u0161a pielieto\u0161ana, saudz\u012bgs pret materi\u0101lu un \u0101du, neatst\u0101j t\u012br\u012b\u0161anas &#8220;p\u0113das&#8221;.<\/p>\n<p style=\"margin-bottom: 10px; margin-top: 30px;\"><strong>Pielieto\u0161anas iesp\u0113jas<\/strong><\/p>\n<p style=\"margin-bottom: 8px; margin-top: 0px; line-height: 1.6;\">&#8211; Visa veida gr\u012bdas segumi, fl\u012bzes, stikls, plastmasa, glaz\u0113tas virsmas, Formika, sienas u.c.<\/p>\n<p style=\"margin-bottom: 10px; margin-top: 30px;\"><strong>Pielieto\u0161anas veidi un uzglab\u0101\u0161ana<\/strong><\/p>\n<p style=\"margin-bottom: 8px; margin-top: 0px; line-height: 1.6;\">&#8211; FLORIN SUMMER BREEZE piem\u0113rots t\u012br\u012b\u0161anai gan manu\u0101li, gan meh\u0101niski.<\/p>\n<p style=\"margin-bottom: 8px; margin-top: 0px; line-height: 1.6;\">&#8211; L\u012bdzekli at\u0161\u0137aid\u012bt ar \u016bdeni proporcij\u0101 1:200 \u2013 1:400 atkar\u012bb\u0101 no pielietojuma (t.i. 20 -40 ml uz 8 L \u016bdens).<\/p>\n<p style=\"margin-bottom: 10px; margin-top: 30px;\"><strong>Tehniskais raksturojums<\/strong><\/p>\n<p style=\"margin-bottom: 8px; margin-top: 0px; line-height: 1.6;\"><strong>Fizisk\u0101 forma<\/strong>: \u0161\u0137idrums<\/p>\n<p style=\"margin-bottom: 8px; margin-top: 0px; line-height: 1.6;\"><strong>Uzliesmo\u0161anas punkts<\/strong>: 40 \u00baC<\/p>\n<p style=\"margin-bottom: 8px; margin-top: 0px; line-height: 1.6;\"><strong>Deg\u0161anas temperat\u016bra<\/strong>: 425 \u00baC<\/p>\n<p style=\"margin-bottom: 8px; margin-top: 0px; line-height: 1.6;\"><strong>Tvaika spiediens (20 \u00baC)<\/strong>: 57 h Pa<\/p>\n<p style=\"margin-bottom: 8px; margin-top: 0px; line-height: 1.6;\"><strong>Sast\u0101vs<\/strong>: amfot\u0113ri tens\u012bdi, spirti, smar\u017ee\u013c\u013cas, kr\u0101svielas<\/p>\n","protected":false},"excerpt":{"rendered":"<p>ALKOHOLU SATURO\u0160S T\u012aR\u012a\u0160ANAS L\u012aDZEKLIS VIS\u0100M \u016aDENSIZTUR\u012aG\u0100M VIRSM\u0100M \u012apa\u0161\u012bbas &#8211; Vienlaic\u012bgi att\u012bra un atsvaidzina visas \u016bdensiztur\u012bg\u0101s virsmas, pie\u0161\u0137ir mirdzo\u0161u sp\u012bdumu un notur\u012bgu smar\u017eu. &#8211; FLORIN SUMMER BREEZE ir ide\u0101ls t\u012br\u012b\u0161anas l\u012bdzeklis no FLORE-CHEMIE kl\u0101sta, kas piem\u0113rots vis\u0101m j\u016bt\u012bg\u0101m virsm\u0101m. Vienk\u0101r\u0161a pielieto\u0161ana, saudz\u012bgs pret materi\u0101lu un \u0101du, neatst\u0101j t\u012br\u012b\u0161anas &#8220;p\u0113das&#8221;. Pielieto\u0161anas iesp\u0113jas &#8211; Visa veida gr\u012bdas segumi,&#8230;<\/p>\n","protected":false},"featured_media":4567,"template":"","meta":[],"product_brand":[337],"product_cat":[359,353,356],"product_tag":[],"class_list":{"0":"post-4566","1":"product","2":"type-product","3":"status-publish","4":"has-post-thumbnail","6":"product_brand-flore-chemie","7":"product_cat-visparejie-mazgasanas-tirisanas-un-kopsanas-lidzekli","8":"product_cat-flore-chemie-produkti","9":"product_cat-viesnicu-un-gastronomijas-nozares","11":"first","12":"instock","13":"shipping-taxable","14":"purchasable","15":"product-type-variable","16":"has-default-attributes"},"_links":{"self":[{"href":"https:\/\/e-flore.store\/lv\/wp-json\/wp\/v2\/product\/4566","targetHints":{"allow":["GET"]}}],"collection":[{"href":"https:\/\/e-flore.store\/lv\/wp-json\/wp\/v2\/product"}],"about":[{"href":"https:\/\/e-flore.store\/lv\/wp-json\/wp\/v2\/types\/product"}],"wp:featuredmedia":[{"embeddable":true,"href":"https:\/\/e-flore.store\/lv\/wp-json\/wp\/v2\/media\/4567"}],"wp:attachment":[{"href":"https:\/\/e-flore.store\/lv\/wp-json\/wp\/v2\/media?parent=4566"}],"wp:term":[{"taxonomy":"product_brand","embeddable":true,"href":"https:\/\/e-flore.store\/lv\/wp-json\/wp\/v2\/product_brand?post=4566"},{"taxonomy":"product_cat","embeddable":true,"href":"https:\/\/e-flore.store\/lv\/wp-json\/wp\/v2\/product_cat?post=4566"},{"taxonomy":"product_tag","embeddable":true,"href":"https:\/\/e-flore.store\/lv\/wp-json\/wp\/v2\/product_tag?post=4566"}],"curies":[{"name":"wp","href":"https:\/\/api.w.org\/{rel}","templated":true}]}}