{"id":4572,"date":"2026-02-03T16:04:31","date_gmt":"2026-02-03T14:04:31","guid":{"rendered":"https:\/\/demo8.izveide.id.lv\/?post_type=product&#038;p=4572"},"modified":"2026-03-26T14:59:36","modified_gmt":"2026-03-26T12:59:36","slug":"alk-40-ci-code-p040","status":"publish","type":"product","link":"https:\/\/e-flore.store\/lv\/produkts\/alk-40-ci-code-p040\/","title":{"rendered":"ALK 40 CI (kods P040)"},"content":{"rendered":"<p><img decoding=\"async\" src=\"\/wp-content\/uploads\/2026\/01\/P040-PARENT_desc.jpg\" style=\"width: 100%; height: auto; display: block;\"><\/p>\n<div id=\"eflore-spacer-v55\" style=\"height: 0px; clear: both; width: 100%; display: block;\"><\/div>\n<p style=\"margin-bottom: 10px; margin-top: 30px;\"><strong>PLA\u0160A PIELIETOJUMA MAZG\u0100\u0160ANAS L\u012aDZEKLIS<\/strong><\/p>\n<p style=\"margin-bottom: 10px; margin-top: 30px;\"><strong>\u012apa\u0161\u012bbas<\/strong><\/p>\n<p style=\"margin-bottom: 8px; margin-top: 0px; line-height: 1.6;\">Univers\u0101ls mazg\u0101\u0161anas l\u012bdzeklis, kas sp\u0113j not\u012br\u012bt taukus, e\u013c\u013cu, iz\u017euvu\u0161us net\u012brumus, sare\u017e\u0123\u012btus traipus, p\u0101rtikas atliekas utt. To var izmantot gandr\u012bz uz vis\u0101m virsm\u0101m, kur var izmantot \u016bdeni, jo t\u0101 sast\u0101v\u0101 nav sp\u0113c\u012bgu s\u0101rmu vai \u0161\u0137\u012bdin\u0101t\u0101ju, kuru pamat\u0101 ir og\u013c\u016bde\u0146ra\u017ei. T\u0101 k\u0101 produkts maz puto, to ir viegli noskalot, un to var izmantot ar\u012b mazg\u0101\u0161anas iek\u0101rt\u0101s (gr\u012bdas mazg\u0101\u0161anas ma\u0161\u012bnas, augstspiediena mazg\u0101t\u0101ji utt.).<\/p>\n<p style=\"margin-bottom: 10px; margin-top: 30px;\"><strong>Lieto\u0161anas nozares<\/strong><\/p>\n<p style=\"margin-bottom: 8px; margin-top: 0px; line-height: 1.6;\">B\u016bdams univers\u0101ls produkts, tas ir izmantojams daudz\u0101s nozar\u0113s un gandr\u012bz vis\u0101m mazg\u0101jam\u0101m virsm\u0101m: plastmasas, met\u0101li, lakotas virsmas, fl\u012bzes, porcel\u0101ns, audumi, tapetes utt.<\/p>\n<p style=\"margin-bottom: 10px; margin-top: 30px;\"><strong>Lieto\u0161anas instrukcija<\/strong><\/p>\n<p style=\"margin-bottom: 8px; margin-top: 0px; line-height: 1.6;\">Produktu at\u0161\u0137aid\u012bt proporcij\u0101 1:1 l\u012bdz 1:10 atkar\u012bb\u0101 no net\u012brumu veida un net\u012br\u012bbas pak\u0101pes. Ieg\u016bto \u0161\u0137\u012bdumu izsmidzin\u0101t, uzkl\u0101t ar dr\u0101nu vai otu. P\u0113c uzkl\u0101\u0161anas gaid\u012bt apm\u0113ram vienu min\u016bti un p\u0113c tam, ja nepiecie\u0161ams, paberz\u0113t virsmu. Visbeidzot, r\u016bp\u012bgi noskalot ar \u016bdeni. Mazg\u0101\u0161anai ar iek\u0101rt\u0101m (gr\u012bdas mazg\u0101\u0161anas ma\u0161\u012bnas, augstspiediena mazg\u0101t\u0101ji) produktu at\u0161\u0137aid\u012bt no 1:10 l\u012bdz 1:30 un izpild\u012bt iek\u0101rt\u0101m pievienotos to lieto\u0161anas nor\u0101d\u012bjumus.<\/p>\n<p style=\"margin-bottom: 10px; margin-top: 30px;\"><strong>\u0136\u012bmiski fizik\u0101lie tehniskie dati<\/strong><\/p>\n<p style=\"margin-bottom: 8px; margin-top: 0px; line-height: 1.6;\"><strong>Izskats<\/strong>: dzidrs \u0161\u0137idrums<\/p>\n<p style=\"margin-bottom: 8px; margin-top: 0px; line-height: 1.6;\"><strong>Kr\u0101sa<\/strong>: fluoresc\u0113jo\u0161i dzeltena<\/p>\n<p style=\"margin-bottom: 8px; margin-top: 0px; line-height: 1.6;\"><strong>Smar\u017ea<\/strong>: rakstur\u012bga<\/p>\n<p style=\"margin-bottom: 8px; margin-top: 0px; line-height: 1.6;\"><strong>Bl\u012bvums<\/strong>: 1060 +\/- 0,02 g \/ ml 20 \u00b0C temperat\u016br\u0101<\/p>\n<p style=\"margin-bottom: 8px; margin-top: 0px; line-height: 1.6;\"><strong>pH<\/strong>: 12,7 +\/- 0,3<\/p>\n<p style=\"margin-bottom: 8px; margin-top: 0px; line-height: 1.6;\"><strong>Virsmakt\u012bv\u0101s vielas<\/strong>: anjonu, nejonu<\/p>\n<p style=\"margin-bottom: 8px; margin-top: 0px; line-height: 1.6;\"><strong>Biolo\u0123isk\u0101 no\u0101rd\u012b\u0161an\u0101s<\/strong>: virs 90%<\/p>\n","protected":false},"excerpt":{"rendered":"<p>PLA\u0160A PIELIETOJUMA MAZG\u0100\u0160ANAS L\u012aDZEKLIS \u012apa\u0161\u012bbas Univers\u0101ls mazg\u0101\u0161anas l\u012bdzeklis, kas sp\u0113j not\u012br\u012bt taukus, e\u013c\u013cu, iz\u017euvu\u0161us net\u012brumus, sare\u017e\u0123\u012btus traipus, p\u0101rtikas atliekas utt. To var izmantot gandr\u012bz uz vis\u0101m virsm\u0101m, kur var izmantot \u016bdeni, jo t\u0101 sast\u0101v\u0101 nav sp\u0113c\u012bgu s\u0101rmu vai \u0161\u0137\u012bdin\u0101t\u0101ju, kuru pamat\u0101 ir og\u013c\u016bde\u0146ra\u017ei. T\u0101 k\u0101 produkts maz puto, to ir viegli noskalot, un to var&#8230;<\/p>\n","protected":false},"featured_media":4573,"template":"","meta":[],"product_brand":[337],"product_cat":[353,356,359],"product_tag":[],"class_list":{"0":"post-4572","1":"product","2":"type-product","3":"status-publish","4":"has-post-thumbnail","6":"product_brand-flore-chemie","7":"product_cat-flore-chemie-produkti","8":"product_cat-viesnicu-un-gastronomijas-nozares","9":"product_cat-visparejie-mazgasanas-tirisanas-un-kopsanas-lidzekli","11":"first","12":"instock","13":"shipping-taxable","14":"purchasable","15":"product-type-variable","16":"has-default-attributes"},"_links":{"self":[{"href":"https:\/\/e-flore.store\/lv\/wp-json\/wp\/v2\/product\/4572","targetHints":{"allow":["GET"]}}],"collection":[{"href":"https:\/\/e-flore.store\/lv\/wp-json\/wp\/v2\/product"}],"about":[{"href":"https:\/\/e-flore.store\/lv\/wp-json\/wp\/v2\/types\/product"}],"wp:featuredmedia":[{"embeddable":true,"href":"https:\/\/e-flore.store\/lv\/wp-json\/wp\/v2\/media\/4573"}],"wp:attachment":[{"href":"https:\/\/e-flore.store\/lv\/wp-json\/wp\/v2\/media?parent=4572"}],"wp:term":[{"taxonomy":"product_brand","embeddable":true,"href":"https:\/\/e-flore.store\/lv\/wp-json\/wp\/v2\/product_brand?post=4572"},{"taxonomy":"product_cat","embeddable":true,"href":"https:\/\/e-flore.store\/lv\/wp-json\/wp\/v2\/product_cat?post=4572"},{"taxonomy":"product_tag","embeddable":true,"href":"https:\/\/e-flore.store\/lv\/wp-json\/wp\/v2\/product_tag?post=4572"}],"curies":[{"name":"wp","href":"https:\/\/api.w.org\/{rel}","templated":true}]}}