{"id":4577,"date":"2026-02-03T16:04:32","date_gmt":"2026-02-03T14:04:32","guid":{"rendered":"https:\/\/demo8.izveide.id.lv\/?post_type=product&#038;p=4577"},"modified":"2026-03-26T14:59:33","modified_gmt":"2026-03-26T12:59:33","slug":"flamil-grf-perfekt-code-0481","status":"publish","type":"product","link":"https:\/\/e-flore.store\/lv\/produkts\/flamil-grf-perfekt-code-0481\/","title":{"rendered":"Flamil GRF Perfekt (kods 0481)"},"content":{"rendered":"<p><img decoding=\"async\" style=\"width: 100%; height: auto; display: block;\" src=\"\/wp-content\/uploads\/2026\/01\/0481-PARENT_desc.jpg\" \/><\/p>\n<div id=\"eflore-spacer-v55\" style=\"height: 0px; clear: both; width: 100%; display: block;\"><\/div>\n<p style=\"margin-bottom: 10px; margin-top: 30px;\"><strong>TRAUKU MAZG\u0100\u0160ANAS L\u012aDZEKLIS MAZG\u0100JO\u0160\u0100S MA\u0160\u012aN\u0100S<\/strong><\/p>\n<p style=\"margin-bottom: 10px; margin-top: 30px;\"><strong>\u012apa\u0161\u012bbas<\/strong><\/p>\n<p style=\"margin-bottom: 8px; margin-top: 0px; line-height: 1.6;\">&#8211; L\u012bdzeklis trauku un virtuves invent\u0101ra mazg\u0101\u0161anai lietojot trauku mazg\u0101jam\u0101s ma\u0161\u012bnas.<\/p>\n<p style=\"margin-bottom: 8px; margin-top: 0px; line-height: 1.6;\">&#8211; Piem\u0113rots darbam gan lietojot cietu, gan m\u012bkstu \u016bdeni.<\/p>\n<p style=\"margin-bottom: 8px; margin-top: 0px; line-height: 1.6;\">&#8211; Pielietojum\u0101 \u013coti ekonomisks.<\/p>\n<p style=\"margin-bottom: 8px; margin-top: 0px; line-height: 1.6;\">&#8211; Neputojo\u0161s.<\/p>\n<p style=\"margin-bottom: 10px; margin-top: 30px;\"><strong>Pielieto\u0161anas iesp\u0113jas<\/strong><\/p>\n<p style=\"margin-bottom: 8px; margin-top: 0px; line-height: 1.6;\">&#8211; Trauku mazg\u0101jamaj\u0101s ma\u0161\u012bn\u0101s, kuras apr\u012bkotas ar \u0161\u0137idruma doz\u0113jo\u0161o s\u016bkni.<\/p>\n<p style=\"margin-bottom: 8px; margin-top: 0px; line-height: 1.6;\">&#8211; Jebkurai nozarei.<\/p>\n<p style=\"margin-bottom: 10px; margin-top: 30px;\"><strong>Pielieto\u0161anas veidi un uzglab\u0101\u0161ana<\/strong><\/p>\n<p style=\"margin-bottom: 8px; margin-top: 0px; line-height: 1.6;\">Koncentr\u0101cija ir atkar\u012bga no \u016bdens ciet\u012bbas pak\u0101pes:<\/p>\n<table style=\"width: 100%; border-collapse: collapse; margin-bottom: 15px;\">\n<tbody>\n<tr>\n<td style=\"border: 1px solid #ddd; padding: 8px;\">M\u012bksts \u016bdens<\/td>\n<td style=\"border: 1px solid #ddd; padding: 8px;\">7 dH<\/td>\n<td style=\"border: 1px solid #ddd; padding: 8px;\">3 g\/l<\/td>\n<\/tr>\n<tr>\n<td style=\"border: 1px solid #ddd; padding: 8px;\">Vid\u0113ji ciets \u016bdens<\/td>\n<td style=\"border: 1px solid #ddd; padding: 8px;\">14 dH<\/td>\n<td style=\"border: 1px solid #ddd; padding: 8px;\">5 g\/l<\/td>\n<\/tr>\n<tr>\n<td style=\"border: 1px solid #ddd; padding: 8px;\">Ciets \u016bdens<\/td>\n<td style=\"border: 1px solid #ddd; padding: 8px;\">21 dH<\/td>\n<td style=\"border: 1px solid #ddd; padding: 8px;\">7 g\/l<\/td>\n<\/tr>\n<tr>\n<td style=\"border: 1px solid #ddd; padding: 8px;\">\u013boti ciets \u016bdens<\/td>\n<td style=\"border: 1px solid #ddd; padding: 8px;\">virs 21 dH<\/td>\n<td style=\"border: 1px solid #ddd; padding: 8px;\">9 g\/l<\/td>\n<\/tr>\n<\/tbody>\n<\/table>\n<p style=\"margin-bottom: 10px; margin-top: 30px;\"><strong>Tehniskais raksturojums<\/strong><\/p>\n<p style=\"margin-bottom: 8px; margin-top: 0px; line-height: 1.6;\"><strong>Fizisk\u0101 forma:<\/strong> \u0161\u0137idrums<\/p>\n<p style=\"margin-bottom: 8px; margin-top: 0px; line-height: 1.6;\"><strong>Bl\u012bvums (20 \u00b0C):<\/strong> 1.33 g \/ ml<\/p>\n<p style=\"margin-bottom: 8px; margin-top: 0px; line-height: 1.6;\"><strong>pH l\u012bmenis:<\/strong> 14<\/p>\n<p style=\"margin-bottom: 8px; margin-top: 0px; line-height: 1.6;\"><strong>Viskozit\u0101te:<\/strong> zem 20<\/p>\n<p style=\"margin-bottom: 8px; margin-top: 0px; line-height: 1.6;\"><strong>Sast\u0101vs:<\/strong> k\u0101lija hidroks\u012bds, fosf\u0101ti, silik\u0101ti, n\u0101trija hipohlor\u012bds, papildvielas<\/p>\n","protected":false},"excerpt":{"rendered":"<p>TRAUKU MAZG\u0100\u0160ANAS L\u012aDZEKLIS MAZG\u0100JO\u0160\u0100S MA\u0160\u012aN\u0100S \u012apa\u0161\u012bbas &#8211; L\u012bdzeklis trauku un virtuves invent\u0101ra mazg\u0101\u0161anai lietojot trauku mazg\u0101jam\u0101s ma\u0161\u012bnas. &#8211; Piem\u0113rots darbam gan lietojot cietu, gan m\u012bkstu \u016bdeni. &#8211; Pielietojum\u0101 \u013coti ekonomisks. &#8211; Neputojo\u0161s. Pielieto\u0161anas iesp\u0113jas &#8211; Trauku mazg\u0101jamaj\u0101s ma\u0161\u012bn\u0101s, kuras apr\u012bkotas ar \u0161\u0137idruma doz\u0113jo\u0161o s\u016bkni. &#8211; Jebkurai nozarei. Pielieto\u0161anas veidi un uzglab\u0101\u0161ana Koncentr\u0101cija ir atkar\u012bga no&#8230;<\/p>\n","protected":false},"featured_media":4578,"template":"","meta":[],"product_brand":[337],"product_cat":[353,356,365],"product_tag":[],"class_list":{"0":"post-4577","1":"product","2":"type-product","3":"status-publish","4":"has-post-thumbnail","6":"product_brand-flore-chemie","7":"product_cat-flore-chemie-produkti","8":"product_cat-viesnicu-un-gastronomijas-nozares","9":"product_cat-trauku-mazgasanas-lidzekli","11":"first","12":"instock","13":"shipping-taxable","14":"purchasable","15":"product-type-variable","16":"has-default-attributes"},"_links":{"self":[{"href":"https:\/\/e-flore.store\/lv\/wp-json\/wp\/v2\/product\/4577","targetHints":{"allow":["GET"]}}],"collection":[{"href":"https:\/\/e-flore.store\/lv\/wp-json\/wp\/v2\/product"}],"about":[{"href":"https:\/\/e-flore.store\/lv\/wp-json\/wp\/v2\/types\/product"}],"wp:featuredmedia":[{"embeddable":true,"href":"https:\/\/e-flore.store\/lv\/wp-json\/wp\/v2\/media\/4578"}],"wp:attachment":[{"href":"https:\/\/e-flore.store\/lv\/wp-json\/wp\/v2\/media?parent=4577"}],"wp:term":[{"taxonomy":"product_brand","embeddable":true,"href":"https:\/\/e-flore.store\/lv\/wp-json\/wp\/v2\/product_brand?post=4577"},{"taxonomy":"product_cat","embeddable":true,"href":"https:\/\/e-flore.store\/lv\/wp-json\/wp\/v2\/product_cat?post=4577"},{"taxonomy":"product_tag","embeddable":true,"href":"https:\/\/e-flore.store\/lv\/wp-json\/wp\/v2\/product_tag?post=4577"}],"curies":[{"name":"wp","href":"https:\/\/api.w.org\/{rel}","templated":true}]}}