{"id":4583,"date":"2026-02-03T16:04:34","date_gmt":"2026-02-03T14:04:34","guid":{"rendered":"https:\/\/demo8.izveide.id.lv\/?post_type=product&#038;p=4583"},"modified":"2026-03-26T14:59:26","modified_gmt":"2026-03-26T12:59:26","slug":"flor-acryl-super-code-0192","status":"publish","type":"product","link":"https:\/\/e-flore.store\/lv\/produkts\/flor-acryl-super-code-0192\/","title":{"rendered":"Flor Acryl Super (kods 0192)"},"content":{"rendered":"<p><img decoding=\"async\" style=\"width: 100%; height: auto; display: block;\" src=\"\/wp-content\/uploads\/2026\/01\/0192-PARENT_desc.jpg\" \/><\/p>\n<div id=\"eflore-spacer-v55\" style=\"height: 0px; clear: both; width: 100%; display: block;\"><\/div>\n<p style=\"margin-bottom: 10px; margin-top: 30px;\"><strong>AUGSTAS SP\u012aD\u012aBAS UNIVERS\u0100LS HERM\u0112TI\u0136IS<\/strong><\/p>\n<p style=\"margin-bottom: 10px; margin-top: 30px;\"><strong>FLOR\u00ae ACRYL SUPER<\/strong><\/p>\n<p style=\"margin-bottom: 8px; margin-top: 0px; line-height: 1.6;\">Veido iztur\u012bgu, ilglaic\u012bgu un caursp\u012bd\u012bgu aizsargpl\u0113vi ar uz glud\u0101m virsm\u0101m aizsarg\u0101jot virsmas pret meh\u0101nisk\u0101m ietekm\u0113m. Virsma p\u0113c apstr\u0101des ir nesl\u012bdo\u0161a, pa\u0161sp\u012bdo\u0161a, net\u012brumus atgr\u016bdo\u0161a un viegli kopjama. P\u0113c no\u017e\u016b\u0161anas sp\u012bdums tiek pan\u0101kts bez pul\u0113\u0161anas. FLOR\u00ae ACRYL SUPER ir videi draudz\u012bgs un ar maigu smar\u017eu.<\/p>\n<p style=\"margin-bottom: 10px; margin-top: 30px;\"><strong>PIELIETOJUMA JOMAS<\/strong><\/p>\n<p style=\"margin-bottom: 8px; margin-top: 0px; line-height: 1.6;\">Linolejs, gumijas virsmas, PVC, plastmasas p\u0101rkl\u0101jumi, dab\u012bg\u0101 un m\u0101ksl\u012bg\u0101 akmens virsmas, lakotas koka un parketa gr\u012bdas<\/p>\n<p style=\"margin-bottom: 10px; margin-top: 30px;\"><strong>PIELIETO\u0160ANAS INSTRUKCIJA<\/strong><\/p>\n<p style=\"margin-bottom: 8px; margin-top: 0px; line-height: 1.6;\">Atkar\u012bb\u0101 no v\u0113lam\u0101 pl\u0113ves biezuma uzkl\u0101t FLOR\u00ae ACRYL SUPER koncentr\u0113t\u0101 veid\u0101 vai at\u0161\u0137aid\u012btu ar \u016bdeni. Uzkl\u0101t l\u012bdzekli pl\u0101n\u0101 sl\u0101n\u012b, izmantojot s\u016bkli vai nepl\u016bksnojo\u0161u dr\u0101nu, tikai uz saus\u0101m, attaukot\u0101m un nevaskot\u0101m virsm\u0101m. Uz \u013coti absorb\u0113jo\u0161\u0101m virsm\u0101m nepiecie\u0161amas vair\u0101kas uzkl\u0101\u0161anas reizes.<\/p>\n<p style=\"margin-bottom: 10px; margin-top: 30px;\"><strong>PAPILDINFORM\u0100CIJA<\/strong><\/p>\n<p style=\"margin-bottom: 8px; margin-top: 0px; line-height: 1.6;\">Pirms lieto\u0161anas uz materi\u0101liem, kas nav nor\u0101d\u012bti, veiciet iepriek\u0161\u0113ju p\u0101rbaudi neuzkr\u012bto\u0161\u0101 viet\u0101. Lai saglab\u0101tu produkta \u012bpa\u0161\u012bbas, uzglab\u0101jiet FLOR\u00ae ACRYL SUPER viet\u0101, kas pasarg\u0101ta no sala.<\/p>\n<p style=\"margin-bottom: 8px; margin-top: 0px; line-height: 1.6;\">S\u0101kot ar lieto\u0161anas koncentr\u0101ciju 1:3, FLOR\u00ae ACRYL SUPER vairs nav pak\u013cauts mar\u0137\u0113\u0161anas pras\u012bb\u0101m.<\/p>\n<p style=\"margin-bottom: 10px; margin-top: 30px;\"><strong>TEHNISKIE DATI<\/strong><\/p>\n<p style=\"margin-bottom: 8px; margin-top: 0px; line-height: 1.6;\"><strong>Forma<\/strong>: \u0161\u0137idrums<\/p>\n<p style=\"margin-bottom: 8px; margin-top: 0px; line-height: 1.6;\"><strong>Bl\u012bvums (20 \u00b0C)<\/strong>: aptuveni 1,0 g\/ml<\/p>\n<p style=\"margin-bottom: 8px; margin-top: 0px; line-height: 1.6;\"><strong>pH v\u0113rt\u012bba (20 \u00b0C, koncentr\u0101ts)<\/strong>: aptuveni 8<\/p>\n<p style=\"margin-bottom: 8px; margin-top: 0px; line-height: 1.6;\"><strong>V\u0101r\u012b\u0161an\u0101s temperat\u016bra<\/strong>: &gt; 100 \u00b0C<\/p>\n<p style=\"margin-bottom: 8px; margin-top: 0px; line-height: 1.6;\"><strong>SAST\u0100VDA\u013bAS<\/strong> : Poliakril\u0101ti, \u0161\u0137\u012bdin\u0101t\u0101ji, vasks, plastifikatori, cinka komplekss, mitrino\u0161s l\u012bdzeklis<\/p>\n","protected":false},"excerpt":{"rendered":"<p>AUGSTAS SP\u012aD\u012aBAS UNIVERS\u0100LS HERM\u0112TI\u0136IS FLOR\u00ae ACRYL SUPER Veido iztur\u012bgu, ilglaic\u012bgu un caursp\u012bd\u012bgu aizsargpl\u0113vi ar uz glud\u0101m virsm\u0101m aizsarg\u0101jot virsmas pret meh\u0101nisk\u0101m ietekm\u0113m. Virsma p\u0113c apstr\u0101des ir nesl\u012bdo\u0161a, pa\u0161sp\u012bdo\u0161a, net\u012brumus atgr\u016bdo\u0161a un viegli kopjama. P\u0113c no\u017e\u016b\u0161anas sp\u012bdums tiek pan\u0101kts bez pul\u0113\u0161anas. FLOR\u00ae ACRYL SUPER ir videi draudz\u012bgs un ar maigu smar\u017eu. PIELIETOJUMA JOMAS Linolejs, gumijas virsmas,&#8230;<\/p>\n","protected":false},"featured_media":4584,"template":"","meta":[],"product_brand":[337],"product_cat":[353,356,362],"product_tag":[],"class_list":{"0":"post-4583","1":"product","2":"type-product","3":"status-publish","4":"has-post-thumbnail","6":"product_brand-flore-chemie","7":"product_cat-flore-chemie-produkti","8":"product_cat-viesnicu-un-gastronomijas-nozares","9":"product_cat-lidzekli-gridu-un-miksto-segumu-mazgasanai-un-kopsanai","11":"first","12":"instock","13":"shipping-taxable","14":"purchasable","15":"product-type-variable","16":"has-default-attributes"},"_links":{"self":[{"href":"https:\/\/e-flore.store\/lv\/wp-json\/wp\/v2\/product\/4583","targetHints":{"allow":["GET"]}}],"collection":[{"href":"https:\/\/e-flore.store\/lv\/wp-json\/wp\/v2\/product"}],"about":[{"href":"https:\/\/e-flore.store\/lv\/wp-json\/wp\/v2\/types\/product"}],"wp:featuredmedia":[{"embeddable":true,"href":"https:\/\/e-flore.store\/lv\/wp-json\/wp\/v2\/media\/4584"}],"wp:attachment":[{"href":"https:\/\/e-flore.store\/lv\/wp-json\/wp\/v2\/media?parent=4583"}],"wp:term":[{"taxonomy":"product_brand","embeddable":true,"href":"https:\/\/e-flore.store\/lv\/wp-json\/wp\/v2\/product_brand?post=4583"},{"taxonomy":"product_cat","embeddable":true,"href":"https:\/\/e-flore.store\/lv\/wp-json\/wp\/v2\/product_cat?post=4583"},{"taxonomy":"product_tag","embeddable":true,"href":"https:\/\/e-flore.store\/lv\/wp-json\/wp\/v2\/product_tag?post=4583"}],"curies":[{"name":"wp","href":"https:\/\/api.w.org\/{rel}","templated":true}]}}