{"id":4589,"date":"2026-02-03T16:04:35","date_gmt":"2026-02-03T14:04:35","guid":{"rendered":"https:\/\/demo8.izveide.id.lv\/?post_type=product&#038;p=4589"},"modified":"2026-03-26T14:59:21","modified_gmt":"2026-03-26T12:59:21","slug":"flusan-dk-code-0427","status":"publish","type":"product","link":"https:\/\/e-flore.store\/lv\/produkts\/flusan-dk-code-0427\/","title":{"rendered":"Fl\u00fcsan DK (kods 0427)"},"content":{"rendered":"<p><img decoding=\"async\" alt=\"0427-PARENT\" class=\"alignnone size-full wp-image-454\" src=\"\/wp-content\/uploads\/2026\/01\/0427-PARENT_desc.jpg\" width=\"100%\" style=\"width: 100%; height: auto; display: block;\" srcset=\"https:\/\/e-flore.store\/wp-content\/uploads\/2026\/01\/0427-PARENT_desc.jpg 490w, https:\/\/e-flore.store\/wp-content\/uploads\/2026\/01\/0427-PARENT_desc-205x300.jpg 205w\" sizes=\"(max-width: 490px) 100vw, 490px\" \/><\/p>\n<div id=\"eflore-spacer-v55\" style=\"height: 0px; clear: both; width: 100%; display: block;\"><\/div>\n<p style=\"margin-bottom: 10px; margin-top: 30px;\"><strong>BAKTERIC\u012aD\u0100S-DEZINFIC\u0112JO\u0160\u0100S ZIEPES \u0136ERME\u0145A KOP\u0160ANAI<\/strong><\/p>\n<p style=\"margin-bottom: 10px; margin-top: 30px;\"><strong>\u012apa\u0161\u012bbas<\/strong><\/p>\n<p style=\"margin-bottom: 8px; margin-top: 0px; line-height: 1.6;\">&#8211; Pat\u012bkamas dezinfic\u0113jo\u0161\u0101s ziepes ar \u0101du m\u012bkstino\u0161\u0101m \u012bpa\u0161\u012bb\u0101m.<\/p>\n<p style=\"margin-bottom: 8px; margin-top: 0px; line-height: 1.6;\">&#8211; Piem\u012bt bakteric\u012bd\u0101s, prets\u0113n\u012b\u0161u, pretv\u012brusu \u012bpa\u0161\u012bbas. Iedarbojas pat uz rauga s\u0113n\u012bti.<\/p>\n<p style=\"margin-bottom: 8px; margin-top: 0px; line-height: 1.6;\">&#8211; \u012apa\u0161i piem\u0113rotas pie paaugstin\u0101tas sterilit\u0101tes pras\u012bb\u0101m.<\/p>\n<p style=\"margin-bottom: 8px; margin-top: 0px; line-height: 1.6;\">&#8211; Var pielietot patog\u0113no s\u0113n\u012b\u0161u izn\u012bcin\u0101\u0161anai vai to izplat\u012bbas samazin\u0101\u0161anai.<\/p>\n<p style=\"margin-bottom: 8px; margin-top: 0px; line-height: 1.6;\">&#8211; Ir V\u0101cijas DGHM vielu sarakst\u0101.<\/p>\n<p style=\"margin-bottom: 8px; margin-top: 0px; line-height: 1.6;\">&#8211; Koncentr\u0113t\u0101 veid\u0101 B-hepat\u012btu izn\u012bcina 1 min\u016btes laik\u0101.<\/p>\n<p style=\"margin-bottom: 10px; margin-top: 30px;\"><strong>Pielieto\u0161anas iesp\u0113jas<\/strong><\/p>\n<p style=\"margin-bottom: 8px; margin-top: 0px; line-height: 1.6;\">&#8211; P\u0101rtikas r\u016bpniec\u012bba, tirdzniec\u012bbas vietas, slimn\u012bcas, pansion\u0101ti, m\u0101c\u012bbu iest\u0101des, prim\u0101r\u0101s apr\u016bpes iest\u0101des u.c.<\/p>\n<p style=\"margin-bottom: 8px; margin-top: 0px; line-height: 1.6;\">&#8211; Nepielieto tikai oblig\u0101t\u0101s dezinfekcijas oper\u0101ciju blokos.<\/p>\n<p style=\"margin-bottom: 10px; margin-top: 30px;\"><strong>Pielieto\u0161ana<\/strong><\/p>\n<p style=\"margin-bottom: 8px; margin-top: 0px; line-height: 1.6;\">&#8211; Ieziep\u0113t sausu \u0101du ar 3ml ziepju daudzumu un \u013caut iedarboties 30 sekundes, p\u0113c tam noskalot.<\/p>\n<p style=\"margin-bottom: 8px; margin-top: 0px; line-height: 1.6;\">&#8211; L\u012bdzeklis nesatur abraz\u012bvas da\u013cas, bet lieliski mazg\u0101 pat \u201eie\u0113du\u0161os\u201d net\u012brumus.<\/p>\n<p style=\"margin-bottom: 8px; margin-top: 0px; line-height: 1.6;\">&#8211; P\u0113c lieto\u0161anas rekomend\u0113jam apstr\u0101d\u0101t \u0101du ar kop\u0161anas kr\u0113mu Florin Hautpflege Liquid (Produkta kods: 506).<\/p>\n<p style=\"margin-bottom: 10px; margin-top: 30px;\"><strong>Tehniskais raksturojums<\/strong><\/p>\n<p style=\"margin-bottom: 8px; margin-top: 0px; line-height: 1.6;\"><strong>Fizisk\u0101 forma<\/strong>:\u00a0 \u0161\u0137idrums<\/p>\n<p style=\"margin-bottom: 8px; margin-top: 0px; line-height: 1.6;\"><strong>Bl\u012bvums (20 \u00b0\u0421)<\/strong>: aptuveni 0.93 g \/ ml<\/p>\n<p style=\"margin-bottom: 8px; margin-top: 0px; line-height: 1.6;\"><strong>p\u041d l\u012bmenis (10% \u0161\u0137\u012bdums)<\/strong>: 6.3<\/p>\n<p style=\"margin-bottom: 8px; margin-top: 0px; line-height: 1.6;\"><strong>Viskozit\u0101te (20 \u00b0\u0421)<\/strong>: aptuveni 900 MgPa*\u0441<\/p>\n<p style=\"margin-bottom: 8px; margin-top: 0px; line-height: 1.6;\"><strong>Sast\u0101vs<\/strong>: kvateramonija savienojumi, nejonie tens\u012bdi, bl\u012bvvielas, pH regulatori, alkohols<\/p>\n","protected":false},"excerpt":{"rendered":"<p>BAKTERIC\u012aD\u0100S-DEZINFIC\u0112JO\u0160\u0100S ZIEPES \u0136ERME\u0145A KOP\u0160ANAI \u012apa\u0161\u012bbas &#8211; Pat\u012bkamas dezinfic\u0113jo\u0161\u0101s ziepes ar \u0101du m\u012bkstino\u0161\u0101m \u012bpa\u0161\u012bb\u0101m. &#8211; Piem\u012bt bakteric\u012bd\u0101s, prets\u0113n\u012b\u0161u, pretv\u012brusu \u012bpa\u0161\u012bbas. Iedarbojas pat uz rauga s\u0113n\u012bti. &#8211; \u012apa\u0161i piem\u0113rotas pie paaugstin\u0101tas sterilit\u0101tes pras\u012bb\u0101m. &#8211; Var pielietot patog\u0113no s\u0113n\u012b\u0161u izn\u012bcin\u0101\u0161anai vai to izplat\u012bbas samazin\u0101\u0161anai. &#8211; Ir V\u0101cijas DGHM vielu sarakst\u0101. &#8211; Koncentr\u0113t\u0101 veid\u0101 B-hepat\u012btu izn\u012bcina 1 min\u016btes laik\u0101&#8230;.<\/p>\n","protected":false},"featured_media":4590,"template":"","meta":[],"product_brand":[337],"product_cat":[353,356,368],"product_tag":[],"class_list":{"0":"post-4589","1":"product","2":"type-product","3":"status-publish","4":"has-post-thumbnail","6":"product_brand-flore-chemie","7":"product_cat-flore-chemie-produkti","8":"product_cat-viesnicu-un-gastronomijas-nozares","9":"product_cat-dezinfekcijas-mazgasanas-lidzekli","11":"first","12":"instock","13":"shipping-taxable","14":"purchasable","15":"product-type-variable","16":"has-default-attributes"},"_links":{"self":[{"href":"https:\/\/e-flore.store\/lv\/wp-json\/wp\/v2\/product\/4589","targetHints":{"allow":["GET"]}}],"collection":[{"href":"https:\/\/e-flore.store\/lv\/wp-json\/wp\/v2\/product"}],"about":[{"href":"https:\/\/e-flore.store\/lv\/wp-json\/wp\/v2\/types\/product"}],"wp:featuredmedia":[{"embeddable":true,"href":"https:\/\/e-flore.store\/lv\/wp-json\/wp\/v2\/media\/4590"}],"wp:attachment":[{"href":"https:\/\/e-flore.store\/lv\/wp-json\/wp\/v2\/media?parent=4589"}],"wp:term":[{"taxonomy":"product_brand","embeddable":true,"href":"https:\/\/e-flore.store\/lv\/wp-json\/wp\/v2\/product_brand?post=4589"},{"taxonomy":"product_cat","embeddable":true,"href":"https:\/\/e-flore.store\/lv\/wp-json\/wp\/v2\/product_cat?post=4589"},{"taxonomy":"product_tag","embeddable":true,"href":"https:\/\/e-flore.store\/lv\/wp-json\/wp\/v2\/product_tag?post=4589"}],"curies":[{"name":"wp","href":"https:\/\/api.w.org\/{rel}","templated":true}]}}