{"id":4595,"date":"2026-02-03T16:04:36","date_gmt":"2026-02-03T14:04:36","guid":{"rendered":"https:\/\/demo8.izveide.id.lv\/?post_type=product&#038;p=4595"},"modified":"2026-03-26T14:59:17","modified_gmt":"2026-03-26T12:59:17","slug":"flore-hd-code-0500","status":"publish","type":"product","link":"https:\/\/e-flore.store\/lv\/produkts\/flore-hd-code-0500\/","title":{"rendered":"Flore HD (kods 0500)"},"content":{"rendered":"<p><img decoding=\"async\" class=\"alignnone size-full wp-image-470\" style=\"width: 100%; height: auto; display: block;\" src=\"\/wp-content\/uploads\/2026\/01\/0500-PARENT_desc.jpg\" alt=\"0500-PARENT\" width=\"100%\" srcset=\"https:\/\/e-flore.store\/wp-content\/uploads\/2026\/01\/0500-PARENT_desc.jpg 958w, https:\/\/e-flore.store\/wp-content\/uploads\/2026\/01\/0500-PARENT_desc-600x209.jpg 600w, https:\/\/e-flore.store\/wp-content\/uploads\/2026\/01\/0500-PARENT_desc-300x105.jpg 300w\" sizes=\"(max-width: 958px) 100vw, 958px\" \/><\/p>\n<div id=\"eflore-spacer-v55\" style=\"height: 0px; clear: both; width: 100%; display: block;\"><\/div>\n<p style=\"margin-bottom: 10px; margin-top: 30px;\"><strong>DEZINFIC\u0112JO\u0160S L\u012aDZEKLIS ROK\u0100M UN VIRSM\u0100M UZ ALKOHOLA B\u0100ZES<\/strong><\/p>\n<p style=\"margin-bottom: 10px; margin-top: 30px;\"><strong>\u012apa\u0161\u012bbas<\/strong><\/p>\n<p style=\"margin-bottom: 8px; margin-top: 0px; line-height: 1.6;\">&#8211; Efekt\u012bvs l\u012bdzeklis roku un virsmu dezinfekcijai.<\/p>\n<p style=\"margin-bottom: 8px; margin-top: 0px; line-height: 1.6;\">&#8211; 3 ml l\u012bdzek\u013ca iedarbojas 30 sekun\u017eu laik\u0101.<\/p>\n<p style=\"margin-bottom: 8px; margin-top: 0px; line-height: 1.6;\">&#8211; L\u012bdzeklis nekairina \u0101du, neizraisa blakusiedarb\u012bbas efektus, tam piem\u012bt m\u012bkstino\u0161s \u0101das efekts.<\/p>\n<p style=\"margin-bottom: 8px; margin-top: 0px; line-height: 1.6;\">&#8211; Piem\u0113rots izmanto\u0161anai slimn\u012bc\u0101s, p\u0101rtikas r\u016bpniec\u012bb\u0101, viesn\u012bc\u0101s u.c.<\/p>\n<p style=\"margin-bottom: 10px; margin-top: 30px;\"><strong>Pielieto\u0161anas iesp\u0113jas<\/strong><\/p>\n<p style=\"margin-bottom: 8px; margin-top: 0px; line-height: 1.6;\">&#8211; Uzkl\u0101t l\u012bdzekli uz dezinfic\u0113jam\u0101s virsmas istabas temperat\u016br\u0101 un \u013caut tam iedarboties. Nav j\u0101noslauka.<\/p>\n<p style=\"margin-bottom: 8px; margin-top: 0px; line-height: 1.6;\">&#8211; Ieberz\u0113t rok\u0101s 3 ml l\u012bdzek\u013ca un \u013caut tam iedarboties 30 sekundes.<\/p>\n<p style=\"margin-bottom: 8px; margin-top: 0px; line-height: 1.6;\">&#8211; L\u012bdzeklis nav piem\u0113rots izmanto\u0161anai uz akrila, organisk\u0101 stikla virsm\u0101m.<\/p>\n<p style=\"margin-bottom: 10px; margin-top: 30px;\"><strong>Pielieto\u0161anas veidi un uzglab\u0101\u0161ana<\/strong><\/p>\n<p style=\"margin-bottom: 8px; margin-top: 0px; line-height: 1.6;\">&#8211; Uzglab\u0101t l\u012bdzekli b\u0113rniem nepieejam\u0101 viet\u0101.<\/p>\n<p style=\"margin-bottom: 8px; margin-top: 0px; line-height: 1.6;\">&#8211; L\u012bdzeklis ir ugunsnedro\u0161s.<\/p>\n<p style=\"margin-bottom: 10px; margin-top: 30px;\"><strong>Tehniskais raksturojums<\/strong><\/p>\n<p style=\"margin-bottom: 8px; margin-top: 0px; line-height: 1.6;\"><strong>Fizisk\u0101 forma<\/strong>: \u0161\u0137idrums<\/p>\n<p style=\"margin-bottom: 8px; margin-top: 0px; line-height: 1.6;\"><strong>Bl\u012bvums (20 \u00baC)<\/strong>: 0.876 g\/ml<\/p>\n<p style=\"margin-bottom: 8px; margin-top: 0px; line-height: 1.6;\"><strong>pH l\u012bmenis<\/strong>: 8<\/p>\n<p style=\"margin-bottom: 8px; margin-top: 0px; line-height: 1.6;\"><strong>Sast\u0101vs<\/strong>: izopropanols, butadiols, papildvielas<\/p>\n","protected":false},"excerpt":{"rendered":"<p>DEZINFIC\u0112JO\u0160S L\u012aDZEKLIS ROK\u0100M UN VIRSM\u0100M UZ ALKOHOLA B\u0100ZES \u012apa\u0161\u012bbas &#8211; Efekt\u012bvs l\u012bdzeklis roku un virsmu dezinfekcijai. &#8211; 3 ml l\u012bdzek\u013ca iedarbojas 30 sekun\u017eu laik\u0101. &#8211; L\u012bdzeklis nekairina \u0101du, neizraisa blakusiedarb\u012bbas efektus, tam piem\u012bt m\u012bkstino\u0161s \u0101das efekts. &#8211; Piem\u0113rots izmanto\u0161anai slimn\u012bc\u0101s, p\u0101rtikas r\u016bpniec\u012bb\u0101, viesn\u012bc\u0101s u.c. Pielieto\u0161anas iesp\u0113jas &#8211; Uzkl\u0101t l\u012bdzekli uz dezinfic\u0113jam\u0101s virsmas istabas temperat\u016br\u0101 un&#8230;<\/p>\n","protected":false},"featured_media":7686,"template":"","meta":[],"product_brand":[337],"product_cat":[353,356,368],"product_tag":[],"class_list":{"0":"post-4595","1":"product","2":"type-product","3":"status-publish","4":"has-post-thumbnail","6":"product_brand-flore-chemie","7":"product_cat-flore-chemie-produkti","8":"product_cat-viesnicu-un-gastronomijas-nozares","9":"product_cat-dezinfekcijas-mazgasanas-lidzekli","11":"first","12":"instock","13":"shipping-taxable","14":"purchasable","15":"product-type-variable","16":"has-default-attributes"},"_links":{"self":[{"href":"https:\/\/e-flore.store\/lv\/wp-json\/wp\/v2\/product\/4595","targetHints":{"allow":["GET"]}}],"collection":[{"href":"https:\/\/e-flore.store\/lv\/wp-json\/wp\/v2\/product"}],"about":[{"href":"https:\/\/e-flore.store\/lv\/wp-json\/wp\/v2\/types\/product"}],"wp:featuredmedia":[{"embeddable":true,"href":"https:\/\/e-flore.store\/lv\/wp-json\/wp\/v2\/media\/7686"}],"wp:attachment":[{"href":"https:\/\/e-flore.store\/lv\/wp-json\/wp\/v2\/media?parent=4595"}],"wp:term":[{"taxonomy":"product_brand","embeddable":true,"href":"https:\/\/e-flore.store\/lv\/wp-json\/wp\/v2\/product_brand?post=4595"},{"taxonomy":"product_cat","embeddable":true,"href":"https:\/\/e-flore.store\/lv\/wp-json\/wp\/v2\/product_cat?post=4595"},{"taxonomy":"product_tag","embeddable":true,"href":"https:\/\/e-flore.store\/lv\/wp-json\/wp\/v2\/product_tag?post=4595"}],"curies":[{"name":"wp","href":"https:\/\/api.w.org\/{rel}","templated":true}]}}