{"id":4601,"date":"2026-02-03T16:04:37","date_gmt":"2026-02-03T14:04:37","guid":{"rendered":"https:\/\/demo8.izveide.id.lv\/?post_type=product&#038;p=4601"},"modified":"2026-03-26T14:59:12","modified_gmt":"2026-03-26T12:59:12","slug":"flamil-csr-code-0418","status":"publish","type":"product","link":"https:\/\/e-flore.store\/lv\/produkts\/flamil-csr-code-0418\/","title":{"rendered":"Flamil CSR (kods 0418)"},"content":{"rendered":"<p><img decoding=\"async\" alt=\"0418-PARENT\" class=\"alignnone size-full wp-image-445\" src=\"\/wp-content\/uploads\/2026\/01\/0418-PARENT_desc.jpg\" width=\"100%\" style=\"width: 100%; height: auto; display: block;\" srcset=\"https:\/\/e-flore.store\/wp-content\/uploads\/2026\/01\/0418-PARENT_desc.jpg 957w, https:\/\/e-flore.store\/wp-content\/uploads\/2026\/01\/0418-PARENT_desc-600x450.jpg 600w, https:\/\/e-flore.store\/wp-content\/uploads\/2026\/01\/0418-PARENT_desc-300x225.jpg 300w\" sizes=\"(max-width: 957px) 100vw, 957px\" \/><\/p>\n<div id=\"eflore-spacer-v55\" style=\"height: 0px; clear: both; width: 100%; display: block;\"><\/div>\n<p style=\"margin-bottom: 10px; margin-top: 30px;\"><strong>DEZINFIC\u0112JO\u0160I MAZG\u0100JO\u0160S L\u012aDZEKLIS P\u0100RTIKAS R\u016aPNIEC\u012aBAI<\/strong><\/p>\n<p style=\"margin-bottom: 10px; margin-top: 30px;\"><strong>\u012apa\u0161\u012bbas<\/strong><\/p>\n<p style=\"margin-bottom: 8px; margin-top: 0px; line-height: 1.6;\">&#8211; Putojo\u0161s, satur akt\u012bvo hloru.<\/p>\n<p style=\"margin-bottom: 8px; margin-top: 0px; line-height: 1.6;\">&#8211; Visp\u0101r\u012bga pielietojuma mazg\u0101\u0161ana un dezinfekcija.<\/p>\n<p style=\"margin-bottom: 8px; margin-top: 0px; line-height: 1.6;\">&#8211; Iek\u0101rtu un ma\u0161\u012bnu mazg\u0101\u0161ana p\u0101rtikas r\u016bpniec\u012bb\u0101.<\/p>\n<p style=\"margin-bottom: 8px; margin-top: 0px; line-height: 1.6;\">&#8211; Ra\u017eo\u0161anas telpu uzkop\u0161ana.<\/p>\n<p style=\"margin-bottom: 8px; margin-top: 0px; line-height: 1.6;\">&#8211; Neapstr\u0101d\u0101t kr\u0101sainos met\u0101lus!<\/p>\n<p style=\"margin-bottom: 10px; margin-top: 30px;\"><strong>Pielieto\u0161ana<\/strong><\/p>\n<p style=\"margin-bottom: 8px; margin-top: 0px; line-height: 1.6;\">Darba \u0161\u0137\u012bdums 5% &#8211; 10%, atkar\u012bb\u0101 no mazg\u0101jam\u0101s virsmas un t\u0101s pies\u0101r\u0146ot\u012bbas pak\u0101pes.<\/p>\n<p style=\"margin-bottom: 10px; margin-top: 30px;\"><strong>Tehniskais raksturojums<\/strong><\/p>\n<p style=\"margin-bottom: 8px; margin-top: 0px; line-height: 1.6;\"><strong>Fizisk\u0101 forma<\/strong>: \u0161\u0137idrums<\/p>\n<p style=\"margin-bottom: 8px; margin-top: 0px; line-height: 1.6;\"><strong>Bl\u012bvums<\/strong>: aptuveni 1,12 g \/ ml<\/p>\n<p style=\"margin-bottom: 8px; margin-top: 0px; line-height: 1.6;\"><strong>p\u041d l\u012bmenis (1%, 20 \u00b0\u0421)<\/strong>: 12.2<\/p>\n<p style=\"margin-bottom: 8px; margin-top: 0px; line-height: 1.6;\"><strong>Sast\u0101vs<\/strong>: anjoniem PAV, n\u0101trija hipohlor\u012bds, k\u0101lija hidroks\u012bds, fosf\u0101ti, tens\u012bdi<\/p>\n","protected":false},"excerpt":{"rendered":"<p>DEZINFIC\u0112JO\u0160I MAZG\u0100JO\u0160S L\u012aDZEKLIS P\u0100RTIKAS R\u016aPNIEC\u012aBAI \u012apa\u0161\u012bbas &#8211; Putojo\u0161s, satur akt\u012bvo hloru. &#8211; Visp\u0101r\u012bga pielietojuma mazg\u0101\u0161ana un dezinfekcija. &#8211; Iek\u0101rtu un ma\u0161\u012bnu mazg\u0101\u0161ana p\u0101rtikas r\u016bpniec\u012bb\u0101. &#8211; Ra\u017eo\u0161anas telpu uzkop\u0161ana. &#8211; Neapstr\u0101d\u0101t kr\u0101sainos met\u0101lus! Pielieto\u0161ana Darba \u0161\u0137\u012bdums 5% &#8211; 10%, atkar\u012bb\u0101 no mazg\u0101jam\u0101s virsmas un t\u0101s pies\u0101r\u0146ot\u012bbas pak\u0101pes. Tehniskais raksturojums Fizisk\u0101 forma: \u0161\u0137idrums Bl\u012bvums: aptuveni 1,12 g&#8230;<\/p>\n","protected":false},"featured_media":4602,"template":"","meta":[],"product_brand":[337],"product_cat":[353,356,368],"product_tag":[],"class_list":{"0":"post-4601","1":"product","2":"type-product","3":"status-publish","4":"has-post-thumbnail","6":"product_brand-flore-chemie","7":"product_cat-flore-chemie-produkti","8":"product_cat-viesnicu-un-gastronomijas-nozares","9":"product_cat-dezinfekcijas-mazgasanas-lidzekli","11":"first","12":"instock","13":"shipping-taxable","14":"purchasable","15":"product-type-variable","16":"has-default-attributes"},"_links":{"self":[{"href":"https:\/\/e-flore.store\/lv\/wp-json\/wp\/v2\/product\/4601","targetHints":{"allow":["GET"]}}],"collection":[{"href":"https:\/\/e-flore.store\/lv\/wp-json\/wp\/v2\/product"}],"about":[{"href":"https:\/\/e-flore.store\/lv\/wp-json\/wp\/v2\/types\/product"}],"wp:featuredmedia":[{"embeddable":true,"href":"https:\/\/e-flore.store\/lv\/wp-json\/wp\/v2\/media\/4602"}],"wp:attachment":[{"href":"https:\/\/e-flore.store\/lv\/wp-json\/wp\/v2\/media?parent=4601"}],"wp:term":[{"taxonomy":"product_brand","embeddable":true,"href":"https:\/\/e-flore.store\/lv\/wp-json\/wp\/v2\/product_brand?post=4601"},{"taxonomy":"product_cat","embeddable":true,"href":"https:\/\/e-flore.store\/lv\/wp-json\/wp\/v2\/product_cat?post=4601"},{"taxonomy":"product_tag","embeddable":true,"href":"https:\/\/e-flore.store\/lv\/wp-json\/wp\/v2\/product_tag?post=4601"}],"curies":[{"name":"wp","href":"https:\/\/api.w.org\/{rel}","templated":true}]}}