{"id":4607,"date":"2026-02-03T16:04:38","date_gmt":"2026-02-03T14:04:38","guid":{"rendered":"https:\/\/demo8.izveide.id.lv\/?post_type=product&#038;p=4607"},"modified":"2026-03-26T14:59:08","modified_gmt":"2026-03-26T12:59:08","slug":"florin-antismell-super-code-0497","status":"publish","type":"product","link":"https:\/\/e-flore.store\/lv\/produkts\/florin-antismell-super-code-0497\/","title":{"rendered":"Florin Antismell Super (kods 0497)"},"content":{"rendered":"<p><img decoding=\"async\" alt=\"0497-PARENT\" class=\"alignnone size-full wp-image-466\" src=\"\/wp-content\/uploads\/2026\/01\/0497-PARENT_desc.jpg\" width=\"100%\" style=\"width: 100%; height: auto; display: block;\" srcset=\"https:\/\/e-flore.store\/wp-content\/uploads\/2026\/01\/0497-PARENT_desc.jpg 958w, https:\/\/e-flore.store\/wp-content\/uploads\/2026\/01\/0497-PARENT_desc-600x400.jpg 600w, https:\/\/e-flore.store\/wp-content\/uploads\/2026\/01\/0497-PARENT_desc-300x200.jpg 300w\" sizes=\"(max-width: 958px) 100vw, 958px\" \/><\/p>\n<div id=\"eflore-spacer-v55\" style=\"height: 0px; clear: both; width: 100%; display: block;\"><\/div>\n<p style=\"margin-bottom: 10px; margin-top: 30px;\"><strong>DEZINFIC\u0112JO\u0160S L\u012aDZEKLIS BIOTUALET\u0112M<\/strong><\/p>\n<p style=\"margin-bottom: 10px; margin-top: 30px;\"><strong>\u012apa\u0161\u012bbas<\/strong><\/p>\n<p style=\"margin-bottom: 8px; margin-top: 0px; line-height: 1.6;\">&#8211; \u0160\u0137idrs dezinfekcijas l\u012bdzeklis.<\/p>\n<p style=\"margin-bottom: 8px; margin-top: 0px; line-height: 1.6;\">&#8211; Nesatur formaldeh\u012bdus.<\/p>\n<p style=\"margin-bottom: 8px; margin-top: 0px; line-height: 1.6;\">&#8211; \u0100trai un dro\u0161ai dezinfekcijai p\u0101rvietojamaj\u0101s biotualet\u0113s.<\/p>\n<p style=\"margin-bottom: 8px; margin-top: 0px; line-height: 1.6;\">&#8211; Ar samazin\u0101tu puto\u0161an\u0101s l\u012bmeni.<\/p>\n<p style=\"margin-bottom: 8px; margin-top: 0px; line-height: 1.6;\">&#8211; Pat\u012bkama smar\u017ea.<\/p>\n<p style=\"margin-bottom: 8px; margin-top: 0px; line-height: 1.6;\">&#8211; Piln\u012bgi nekait\u012bgs plastmasas virsm\u0101m.<\/p>\n<p style=\"margin-bottom: 10px; margin-top: 30px;\"><strong>Pielieto\u0161anas iesp\u0113jas<\/strong><\/p>\n<p style=\"margin-bottom: 8px; margin-top: 0px; line-height: 1.6;\">Speci\u0101li biotualet\u0113m.<\/p>\n<p style=\"margin-bottom: 10px; margin-top: 30px;\"><strong>Pielieto\u0161ana<\/strong><\/p>\n<p style=\"margin-bottom: 8px; margin-top: 0px; line-height: 1.6;\">&#8211; L\u012bdzeklis pieliet kl\u0101t sanmezglu notek\u016bdenim.<\/p>\n<p style=\"margin-bottom: 8px; margin-top: 0px; line-height: 1.6;\">&#8211; Pat\u0113r\u0113jamo \u0161\u0137\u012bdumu var bez probl\u0113m\u0101m izliet att\u012br\u012b\u0161anas sist\u0113m\u0101.<\/p>\n<p style=\"margin-bottom: 8px; margin-top: 0px; line-height: 1.6;\">&#8211; At\u0161\u0137aidot proporcij\u0101 1:100 nenodara kait\u0113jumu att\u012br\u012b\u0161anas sist\u0113mas bakt\u0113rij\u0101m.<\/p>\n<p style=\"margin-bottom: 8px; margin-top: 0px; line-height: 1.6;\">&#8211; 1:330 \u2013 1:2000, lai nov\u0113rstu nepat\u012bkamo smaku.<\/p>\n<p style=\"margin-bottom: 10px; margin-top: 30px;\"><strong>Tehniskais raksturojums<\/strong><\/p>\n<p style=\"margin-bottom: 8px; margin-top: 0px; line-height: 1.6;\"><strong>Fizisk\u0101 forma<\/strong>: \u0161\u0137idrums<\/p>\n<p style=\"margin-bottom: 8px; margin-top: 0px; line-height: 1.6;\"><strong>Bl\u012bvums(20 \u00baC)<\/strong>: 1.02 g \/ ml<\/p>\n<p style=\"margin-bottom: 8px; margin-top: 0px; line-height: 1.6;\"><strong>pH (koncentr\u0101ts)<\/strong>: 5.5<\/p>\n<p style=\"margin-bottom: 8px; margin-top: 0px; line-height: 1.6;\"><strong>Sast\u0101vs<\/strong>: glut\u0101ra aldeh\u012bds, alif\u0101tisk\u0101 spirta alkoksil\u0101ts<\/p>\n","protected":false},"excerpt":{"rendered":"<p>DEZINFIC\u0112JO\u0160S L\u012aDZEKLIS BIOTUALET\u0112M \u012apa\u0161\u012bbas &#8211; \u0160\u0137idrs dezinfekcijas l\u012bdzeklis. &#8211; Nesatur formaldeh\u012bdus. &#8211; \u0100trai un dro\u0161ai dezinfekcijai p\u0101rvietojamaj\u0101s biotualet\u0113s. &#8211; Ar samazin\u0101tu puto\u0161an\u0101s l\u012bmeni. &#8211; Pat\u012bkama smar\u017ea. &#8211; Piln\u012bgi nekait\u012bgs plastmasas virsm\u0101m. Pielieto\u0161anas iesp\u0113jas Speci\u0101li biotualet\u0113m. Pielieto\u0161ana &#8211; L\u012bdzeklis pieliet kl\u0101t sanmezglu notek\u016bdenim. &#8211; Pat\u0113r\u0113jamo \u0161\u0137\u012bdumu var bez probl\u0113m\u0101m izliet att\u012br\u012b\u0161anas sist\u0113m\u0101. &#8211; At\u0161\u0137aidot proporcij\u0101 1:100&#8230;<\/p>\n","protected":false},"featured_media":4608,"template":"","meta":[],"product_brand":[337],"product_cat":[353,356,368],"product_tag":[],"class_list":{"0":"post-4607","1":"product","2":"type-product","3":"status-publish","4":"has-post-thumbnail","6":"product_brand-flore-chemie","7":"product_cat-flore-chemie-produkti","8":"product_cat-viesnicu-un-gastronomijas-nozares","9":"product_cat-dezinfekcijas-mazgasanas-lidzekli","11":"first","12":"instock","13":"shipping-taxable","14":"purchasable","15":"product-type-variable","16":"has-default-attributes"},"_links":{"self":[{"href":"https:\/\/e-flore.store\/lv\/wp-json\/wp\/v2\/product\/4607","targetHints":{"allow":["GET"]}}],"collection":[{"href":"https:\/\/e-flore.store\/lv\/wp-json\/wp\/v2\/product"}],"about":[{"href":"https:\/\/e-flore.store\/lv\/wp-json\/wp\/v2\/types\/product"}],"wp:featuredmedia":[{"embeddable":true,"href":"https:\/\/e-flore.store\/lv\/wp-json\/wp\/v2\/media\/4608"}],"wp:attachment":[{"href":"https:\/\/e-flore.store\/lv\/wp-json\/wp\/v2\/media?parent=4607"}],"wp:term":[{"taxonomy":"product_brand","embeddable":true,"href":"https:\/\/e-flore.store\/lv\/wp-json\/wp\/v2\/product_brand?post=4607"},{"taxonomy":"product_cat","embeddable":true,"href":"https:\/\/e-flore.store\/lv\/wp-json\/wp\/v2\/product_cat?post=4607"},{"taxonomy":"product_tag","embeddable":true,"href":"https:\/\/e-flore.store\/lv\/wp-json\/wp\/v2\/product_tag?post=4607"}],"curies":[{"name":"wp","href":"https:\/\/api.w.org\/{rel}","templated":true}]}}