{"id":4613,"date":"2026-02-03T16:04:39","date_gmt":"2026-02-03T14:04:39","guid":{"rendered":"https:\/\/demo8.izveide.id.lv\/?post_type=product&#038;p=4613"},"modified":"2026-03-26T14:58:55","modified_gmt":"2026-03-26T12:58:55","slug":"neu032-ci-code-032","status":"publish","type":"product","link":"https:\/\/e-flore.store\/lv\/produkts\/neu032-ci-code-032\/","title":{"rendered":"NEU032 CI (kods 032)"},"content":{"rendered":"<p><img decoding=\"async\" class=\"alignnone size-full wp-image-337\" style=\"width: 100%; height: auto; display: block;\" src=\"\/wp-content\/uploads\/2026\/01\/032-PARENT_desc.jpg\" alt=\"032-PARENT\" width=\"100%\" srcset=\"https:\/\/e-flore.store\/wp-content\/uploads\/2026\/01\/032-PARENT_desc.jpg 1500w, https:\/\/e-flore.store\/wp-content\/uploads\/2026\/01\/032-PARENT_desc-600x338.jpg 600w, https:\/\/e-flore.store\/wp-content\/uploads\/2026\/01\/032-PARENT_desc-300x169.jpg 300w, https:\/\/e-flore.store\/wp-content\/uploads\/2026\/01\/032-PARENT_desc-1024x576.jpg 1024w\" sizes=\"(max-width: 1500px) 100vw, 1500px\" \/><\/p>\n<p style=\"margin-bottom: 10px; margin-top: 30px;\"><strong>KONCENTR\u0112TS L\u012aDZEKLIS SANIT\u0100RAI APSTR\u0100DEI<\/strong><\/p>\n<p style=\"margin-bottom: 10px; margin-top: 30px;\"><strong>\u012apa\u0161\u012bbas<\/strong><\/p>\n<p style=\"margin-bottom: 8px; margin-top: 0px; line-height: 1.6;\">\u013boti koncentr\u0113ts sanit\u0101rijas l\u012bdzeklis uz kvatern\u0101ro amonija s\u0101\u013cu b\u0101zes. Piem\u012bt sanit\u0101rijas \u012bpa\u0161\u012bbas attiec\u012bb\u0101 uz daudzu veidu mikroorganismiem. Produkts efekt\u012bvi izn\u012bcina a\u013c\u0123es, ir bez smar\u017eas, nekairino\u0161s un nekait\u012bgs virsm\u0101m, t\u0101p\u0113c ir piem\u0113rots pielieto\u0161anai daudz\u0101s jom\u0101s. Ide\u0101li piem\u0113rots gr\u012bdas, sienu, da\u017e\u0101du virsmu un apr\u012bkojuma apstr\u0101dei. Pateicoties t\u0101 \u012bpa\u0161\u012bb\u0101m tas lieliski nov\u0113r\u0161 nepat\u012bkam\u0101s smakas.<\/p>\n<p style=\"margin-bottom: 10px; margin-top: 30px;\"><strong>Pielietojuma sf\u0113ras<\/strong><\/p>\n<p style=\"margin-bottom: 8px; margin-top: 0px; line-height: 1.6;\">Viesn\u012bcas, b\u0101ri, skolas, veco \u013cau\u017eu pansion\u0101ti, b\u0113rnud\u0101rzi, peldbaseini, sporta centri, sporta z\u0101les, superm\u0101rketi, veikali, farm\u0101cija, piena un p\u0101rtikas r\u016bpniec\u012bba, v\u012bna un dz\u0113rienu r\u016bpniec\u012bba, lauksaimniec\u012bba.<\/p>\n<p style=\"margin-bottom: 10px; margin-top: 30px;\"><strong>Lieto\u0161anas instrukcija<\/strong><\/p>\n<p style=\"margin-bottom: 8px; margin-top: 0px; line-height: 1.6;\">&#8220;NEU032 Cl&#8221; izmantojam\u0101 koncentr\u0101cija galvenok\u0101rt ir atkar\u012bga no temperat\u016bras, iedarb\u012bbas laika un pH. Ieteicam\u0101 koncentr\u0101cija un iedarb\u012bbas laiks pie 20 \u00b0C un pH 7.<\/p>\n<p style=\"margin-bottom: 10px; margin-top: 30px;\"><strong>VISP\u0100R\u012aG\u0100 SANIT\u0100R\u0100 APSTR\u0100DE:<\/strong><\/p>\n<table style=\"width: 100%; border-collapse: collapse; margin-bottom: 15px;\">\n<tbody>\n<tr style=\"background-color: #f2f2f2;\">\n<td style=\"border: 1px solid #ddd; padding: 8px;\"><strong>Produkts<\/strong><\/td>\n<td style=\"border: 1px solid #ddd; padding: 8px;\"><strong>\u016adens<\/strong><\/td>\n<td style=\"border: 1px solid #ddd; padding: 8px;\"><strong>Iedarb\u012bbas laiks<\/strong><\/td>\n<\/tr>\n<tr>\n<td style=\"border: 1px solid #ddd; padding: 8px;\">50 ml<\/td>\n<td style=\"border: 1px solid #ddd; padding: 8px;\">10 L<\/td>\n<td style=\"border: 1px solid #ddd; padding: 8px;\">2,5 min<\/td>\n<\/tr>\n<tr>\n<td style=\"border: 1px solid #ddd; padding: 8px;\">30 ml<\/td>\n<td style=\"border: 1px solid #ddd; padding: 8px;\">10 L<\/td>\n<td style=\"border: 1px solid #ddd; padding: 8px;\">5 min<\/td>\n<\/tr>\n<tr>\n<td style=\"border: 1px solid #ddd; padding: 8px;\">20 ml<\/td>\n<td style=\"border: 1px solid #ddd; padding: 8px;\">10 L<\/td>\n<td style=\"border: 1px solid #ddd; padding: 8px;\">10 min<\/td>\n<\/tr>\n<tr>\n<td style=\"border: 1px solid #ddd; padding: 8px;\">10 ml<\/td>\n<td style=\"border: 1px solid #ddd; padding: 8px;\">10 L<\/td>\n<td style=\"border: 1px solid #ddd; padding: 8px;\">20 min<\/td>\n<\/tr>\n<\/tbody>\n<\/table>\n<p style=\"margin-bottom: 10px; margin-top: 30px;\"><strong>AKT\u012aV\u0100 SANIT\u0100R\u0100 APSTR\u0100DE:<\/strong><\/p>\n<p style=\"margin-bottom: 8px; margin-top: 0px; line-height: 1.6;\">100 ml l\u012bdzek\u013ca uz 10 litriem \u016bdens &#8211; iedarb\u012bbas laiks vid\u0113ji 5 min\u016btes.<\/p>\n<p style=\"margin-bottom: 10px; margin-top: 30px;\"><strong>NEPAT\u012aKAMO SMAKU NEITRALIZ\u0112\u0160ANA:<\/strong><\/p>\n<p style=\"margin-bottom: 8px; margin-top: 0px; line-height: 1.6;\">200 ml l\u012bdzek\u013ca uz 10 litriem \u016bdens &#8211; iedarb\u012bbas laiks vid\u0113ji 15 min\u016btes.<\/p>\n<p style=\"margin-bottom: 10px; margin-top: 30px;\"><strong>LAUKSAIMNIEC\u012aBAS UN P\u0100RTIKAS R\u016aPNIEC\u012aBAS IEK\u0100RTU UN VIRSMU SANIT\u0100R\u0100 APSTR\u0100DE:<\/strong><\/p>\n<p style=\"margin-bottom: 8px; margin-top: 0px; line-height: 1.6;\">No 20 l\u012bdz 400 ml produkta uz 10 litriem \u016bdens, atkar\u012bb\u0101 no apstr\u0101des veida. Ieg\u016bto \u0161\u0137\u012bdumu uzkl\u0101t uz virsmas un atst\u0101t uz br\u012bdi iedarboties (skat\u012bt iepriek\u0161 min\u0113tos ieteikumus). Ja lieto koncentr\u0113tu \u0161\u0137\u012bdumu un lieto p\u0101rtikas r\u016bpniec\u012bb\u0101, p\u0113c apstr\u0101des noskalot ar \u016bdeni. Produkta efektivit\u0101te tiek palielin\u0101ta izmantojot karstu \u016bdeni (apm\u0113ram 40 \u00b0C).<\/p>\n<p style=\"margin-bottom: 10px; margin-top: 30px;\"><strong>\u0136\u012bmisk\u0101s un fizik\u0101l\u0101s \u012bpa\u0161\u012bbas<\/strong><\/p>\n<p style=\"margin-bottom: 8px; margin-top: 0px; line-height: 1.6;\"><strong>Izskats:<\/strong> \u0161\u0137idrums<\/p>\n<p style=\"margin-bottom: 8px; margin-top: 0px; line-height: 1.6;\"><strong>Kr\u0101sa:<\/strong> zila<\/p>\n<p style=\"margin-bottom: 8px; margin-top: 0px; line-height: 1.6;\"><strong>Smar\u017ea:<\/strong> praktiski bez smar\u017eas<\/p>\n<p style=\"margin-bottom: 8px; margin-top: 0px; line-height: 1.6;\"><strong>Bl\u012bvums:<\/strong> 1,00 +\/- 0,02 g \/ ml 20 \u00b0C temperat\u016br\u0101<\/p>\n<p style=\"margin-bottom: 8px; margin-top: 0px; line-height: 1.6;\"><strong>pH:<\/strong> neitr\u0101ls<\/p>\n<p style=\"margin-bottom: 8px; margin-top: 0px; line-height: 1.6;\"><strong>Virsmakt\u012bv\u0101 viela:<\/strong> katjonu<\/p>\n<p style=\"margin-bottom: 8px; margin-top: 0px; line-height: 1.6;\"><strong>Biolo\u0123isk\u0101 no\u0101rd\u012b\u0161an\u0101s:<\/strong> vair\u0101k par 90%<\/p>\n<p style=\"margin-bottom: 8px; margin-top: 0px; line-height: 1.6;\"><strong>Akt\u012bv\u0101 sast\u0101vda\u013ca:<\/strong> 5% fenoksi-etoksi paraizobutils, etils, benzils, amonijs, hlor\u012bds<\/p>\n<p style=\"margin-bottom: 8px; margin-top: 0px; line-height: 1.6;\"><strong>Br\u012bdin\u0101jumi!<\/strong> Pirms lieto\u0161anas uzman\u012bgi izlasiet dro\u0161\u012bbas datu lapu. Nelietot uz marmora, gran\u012bta un ka\u013c\u0137akmens virsm\u0101m un nepie\u013caut saskarsmi ar t\u0101m.<\/p>\n","protected":false},"excerpt":{"rendered":"<p>KONCENTR\u0112TS L\u012aDZEKLIS SANIT\u0100RAI APSTR\u0100DEI \u012apa\u0161\u012bbas \u013boti koncentr\u0113ts sanit\u0101rijas l\u012bdzeklis uz kvatern\u0101ro amonija s\u0101\u013cu b\u0101zes. Piem\u012bt sanit\u0101rijas \u012bpa\u0161\u012bbas attiec\u012bb\u0101 uz daudzu veidu mikroorganismiem. Produkts efekt\u012bvi izn\u012bcina a\u013c\u0123es, ir bez smar\u017eas, nekairino\u0161s un nekait\u012bgs virsm\u0101m, t\u0101p\u0113c ir piem\u0113rots pielieto\u0161anai daudz\u0101s jom\u0101s. Ide\u0101li piem\u0113rots gr\u012bdas, sienu, da\u017e\u0101du virsmu un apr\u012bkojuma apstr\u0101dei. Pateicoties t\u0101 \u012bpa\u0161\u012bb\u0101m tas lieliski nov\u0113r\u0161 nepat\u012bkam\u0101s&#8230;<\/p>\n","protected":false},"featured_media":4614,"template":"","meta":[],"product_brand":[337],"product_cat":[353,356,368],"product_tag":[],"class_list":{"0":"post-4613","1":"product","2":"type-product","3":"status-publish","4":"has-post-thumbnail","6":"product_brand-flore-chemie","7":"product_cat-flore-chemie-produkti","8":"product_cat-viesnicu-un-gastronomijas-nozares","9":"product_cat-dezinfekcijas-mazgasanas-lidzekli","11":"first","12":"instock","13":"shipping-taxable","14":"purchasable","15":"product-type-variable","16":"has-default-attributes"},"_links":{"self":[{"href":"https:\/\/e-flore.store\/lv\/wp-json\/wp\/v2\/product\/4613","targetHints":{"allow":["GET"]}}],"collection":[{"href":"https:\/\/e-flore.store\/lv\/wp-json\/wp\/v2\/product"}],"about":[{"href":"https:\/\/e-flore.store\/lv\/wp-json\/wp\/v2\/types\/product"}],"wp:featuredmedia":[{"embeddable":true,"href":"https:\/\/e-flore.store\/lv\/wp-json\/wp\/v2\/media\/4614"}],"wp:attachment":[{"href":"https:\/\/e-flore.store\/lv\/wp-json\/wp\/v2\/media?parent=4613"}],"wp:term":[{"taxonomy":"product_brand","embeddable":true,"href":"https:\/\/e-flore.store\/lv\/wp-json\/wp\/v2\/product_brand?post=4613"},{"taxonomy":"product_cat","embeddable":true,"href":"https:\/\/e-flore.store\/lv\/wp-json\/wp\/v2\/product_cat?post=4613"},{"taxonomy":"product_tag","embeddable":true,"href":"https:\/\/e-flore.store\/lv\/wp-json\/wp\/v2\/product_tag?post=4613"}],"curies":[{"name":"wp","href":"https:\/\/api.w.org\/{rel}","templated":true}]}}