{"id":4618,"date":"2026-02-03T16:04:39","date_gmt":"2026-02-03T14:04:39","guid":{"rendered":"https:\/\/demo8.izveide.id.lv\/?post_type=product&#038;p=4618"},"modified":"2026-03-26T14:59:02","modified_gmt":"2026-03-26T12:59:02","slug":"flamil-konvekt-code-0007","status":"publish","type":"product","link":"https:\/\/e-flore.store\/lv\/produkts\/flamil-konvekt-code-0007\/","title":{"rendered":"Flamil Konvekt (kods 0007)"},"content":{"rendered":"<p><img decoding=\"async\" alt=\"0007-PARENT\" class=\"alignnone size-full wp-image-2154\" src=\"\/wp-content\/uploads\/2026\/01\/0007-PARENT_desc.png\" width=\"100%\" style=\"width: 100%; height: auto; display: block;\" srcset=\"https:\/\/e-flore.store\/wp-content\/uploads\/2026\/01\/0007-PARENT_desc.png 1024w, https:\/\/e-flore.store\/wp-content\/uploads\/2026\/01\/0007-PARENT_desc-600x321.png 600w, https:\/\/e-flore.store\/wp-content\/uploads\/2026\/01\/0007-PARENT_desc-300x160.png 300w\" sizes=\"(max-width: 1024px) 100vw, 1024px\" \/><\/p>\n<div id=\"eflore-spacer-v55\" style=\"height: 0px; clear: both; width: 100%; display: block;\"><\/div>\n<p style=\"margin-bottom: 10px; margin-top: 30px;\"><strong>L\u012aDZEKLIS GRILU UN CEP\u0160ANAS KR\u0100\u0160\u0145U T\u012aR\u012a\u0160ANAI<\/strong><\/p>\n<p style=\"margin-bottom: 10px; margin-top: 30px;\"><strong>\u012apa\u0161\u012bbas<\/strong><\/p>\n<p style=\"margin-bottom: 8px; margin-top: 0px; line-height: 1.6;\">L\u012bdzeklis efekt\u012bvi t\u012bra virsmas no gr\u016bti no\u0146emamiem taukiem, e\u013c\u013c\u0101m, olbaltumviel\u0101m, un citiem piedegumiem.<\/p>\n<p style=\"margin-bottom: 10px; margin-top: 30px;\"><strong>Pielieto\u0161anas iesp\u0113jas<\/strong><\/p>\n<p style=\"margin-bottom: 8px; margin-top: 0px; line-height: 1.6;\">Piem\u0113rots grilu, cep\u0161anas kr\u0101\u0161\u0146u, konvekcijas kr\u0101\u0161\u0146u, k\u016bpin\u0101\u0161anas iek\u0101rtu, pannu, r\u0101mju, filtru un ultravioleto staru iek\u0101rtu t\u012br\u012b\u0161anai.<\/p>\n<p style=\"margin-bottom: 10px; margin-top: 30px;\"><strong>Pielieto\u0161anas veidi un uzglab\u0101\u0161ana<\/strong><\/p>\n<p style=\"margin-bottom: 10px; margin-top: 30px;\"><strong>&#8211; T\u012br\u012b\u0161anai at\u0161\u0137aid\u012bt ar \u016bdeni sekojo\u0161\u0101s proporcij\u0101s:<\/strong><\/p>\n<p style=\"margin-bottom: 8px; margin-top: 0px; line-height: 1.6;\">1:10 l\u012bdz 1:50 lielaj\u0101m cep\u0161anas kr\u0101sn\u012bm.<\/p>\n<p style=\"margin-bottom: 8px; margin-top: 0px; line-height: 1.6;\">1:10 l\u012bdz 1:100 p\u0101rtikas r\u016bpniec\u012bbas iek\u0101rt\u0101m.<\/p>\n<p style=\"margin-bottom: 8px; margin-top: 0px; line-height: 1.6;\">1:25 l\u012bdz 1:50 pann\u0101m.<\/p>\n<p style=\"margin-bottom: 8px; margin-top: 0px; line-height: 1.6;\">&#8211; Atkar\u012bb\u0101 no pies\u0101r\u0146ojuma pak\u0101pes l\u012bdzekli vajadz\u012bgaj\u0101 proporcij\u0101 sajaukt ar siltu \u016bdeni, uzsmidzin\u0101t uz virsmas un \u013caut tam iedarboties l\u012bdz 10 min\u016bt\u0113m, p\u0113c tam noskalot ar stipru \u016bdens str\u016bklu vai not\u012br\u012bt iz\u0161\u0137\u012bdin\u0101tos net\u012brumus ar s\u016bkli vai birsti un p\u0113c tam not\u012br\u012bto virsmu r\u016bp\u012bgi noskalot ar \u016bdeni. Vajadz\u012bbas gad\u012bjum\u0101 atk\u0101rtot procesu.<\/p>\n<p style=\"margin-bottom: 8px; margin-top: 0px; line-height: 1.6;\">&#8211; Uzman\u012bbu! Sarg\u0101t no b\u0113rniem! L\u012bdzeklim nok\u013c\u016bstot ac\u012bs jeb uz \u0101das, skalot ar lielu \u016bdens daudzumu. Notiekot nelaimes gad\u012bjumam, nekav\u0113joties griezties pie \u0101rsta. Lietot cimdus un aizsargt\u0113rpu. B\u012bstam\u012bbas kategorija \u201cC\u201d.<\/p>\n<p style=\"margin-bottom: 10px; margin-top: 30px;\"><strong>Tehniskais raksturojums<\/strong><\/p>\n<p style=\"margin-bottom: 8px; margin-top: 0px; line-height: 1.6;\"><strong>Fizisk\u0101 forma<\/strong>: \u0161\u0137idrums<\/p>\n<p style=\"margin-bottom: 8px; margin-top: 0px; line-height: 1.6;\"><strong>Bl\u012bvums (20 \u00baC)<\/strong>: 1.3 g \/ ml<\/p>\n<p style=\"margin-bottom: 8px; margin-top: 0px; line-height: 1.6;\"><strong>pH l\u012bmenis<\/strong>: 14<\/p>\n<p style=\"margin-bottom: 8px; margin-top: 0px; line-height: 1.6;\"><strong>V\u0101r\u012b\u0161an\u0101s diapazons<\/strong>: +100 \u00baC<\/p>\n<p style=\"margin-bottom: 8px; margin-top: 0px; line-height: 1.6;\"><strong>Sast\u0101vs<\/strong>: virsmakt\u012bv\u0101s vielas, n\u0101trija hidroks\u012bds<\/p>\n","protected":false},"excerpt":{"rendered":"<p>L\u012aDZEKLIS GRILU UN CEP\u0160ANAS KR\u0100\u0160\u0145U T\u012aR\u012a\u0160ANAI \u012apa\u0161\u012bbas L\u012bdzeklis efekt\u012bvi t\u012bra virsmas no gr\u016bti no\u0146emamiem taukiem, e\u013c\u013c\u0101m, olbaltumviel\u0101m, un citiem piedegumiem. Pielieto\u0161anas iesp\u0113jas Piem\u0113rots grilu, cep\u0161anas kr\u0101\u0161\u0146u, konvekcijas kr\u0101\u0161\u0146u, k\u016bpin\u0101\u0161anas iek\u0101rtu, pannu, r\u0101mju, filtru un ultravioleto staru iek\u0101rtu t\u012br\u012b\u0161anai. Pielieto\u0161anas veidi un uzglab\u0101\u0161ana &#8211; T\u012br\u012b\u0161anai at\u0161\u0137aid\u012bt ar \u016bdeni sekojo\u0161\u0101s proporcij\u0101s: 1:10 l\u012bdz 1:50 lielaj\u0101m cep\u0161anas kr\u0101sn\u012bm&#8230;.<\/p>\n","protected":false},"featured_media":4619,"template":"","meta":[],"product_brand":[337],"product_cat":[353,356,374],"product_tag":[],"class_list":{"0":"post-4618","1":"product","2":"type-product","3":"status-publish","4":"has-post-thumbnail","6":"product_brand-flore-chemie","7":"product_cat-flore-chemie-produkti","8":"product_cat-viesnicu-un-gastronomijas-nozares","9":"product_cat-specialie-mazgasanas-tirisanas-un-kopsanas-lidzekli-partikas-rupniecibai-virtuvem-ceptuvem-kupinasanas-cehiem-saldetavam-u-c","11":"first","12":"instock","13":"shipping-taxable","14":"purchasable","15":"product-type-variable","16":"has-default-attributes"},"_links":{"self":[{"href":"https:\/\/e-flore.store\/lv\/wp-json\/wp\/v2\/product\/4618","targetHints":{"allow":["GET"]}}],"collection":[{"href":"https:\/\/e-flore.store\/lv\/wp-json\/wp\/v2\/product"}],"about":[{"href":"https:\/\/e-flore.store\/lv\/wp-json\/wp\/v2\/types\/product"}],"wp:featuredmedia":[{"embeddable":true,"href":"https:\/\/e-flore.store\/lv\/wp-json\/wp\/v2\/media\/4619"}],"wp:attachment":[{"href":"https:\/\/e-flore.store\/lv\/wp-json\/wp\/v2\/media?parent=4618"}],"wp:term":[{"taxonomy":"product_brand","embeddable":true,"href":"https:\/\/e-flore.store\/lv\/wp-json\/wp\/v2\/product_brand?post=4618"},{"taxonomy":"product_cat","embeddable":true,"href":"https:\/\/e-flore.store\/lv\/wp-json\/wp\/v2\/product_cat?post=4618"},{"taxonomy":"product_tag","embeddable":true,"href":"https:\/\/e-flore.store\/lv\/wp-json\/wp\/v2\/product_tag?post=4618"}],"curies":[{"name":"wp","href":"https:\/\/api.w.org\/{rel}","templated":true}]}}