{"id":4624,"date":"2026-02-03T16:04:42","date_gmt":"2026-02-03T14:04:42","guid":{"rendered":"https:\/\/demo8.izveide.id.lv\/?post_type=product&#038;p=4624"},"modified":"2026-03-26T14:58:48","modified_gmt":"2026-03-26T12:58:48","slug":"flamil-konvekt-paste-code-0390","status":"publish","type":"product","link":"https:\/\/e-flore.store\/lv\/produkts\/flamil-konvekt-paste-code-0390\/","title":{"rendered":"Flamil Konvekt Paste (kods 0390)"},"content":{"rendered":"<p><img decoding=\"async\" alt=\"0390-PARENT\" class=\"alignnone size-full wp-image-436\" src=\"\/wp-content\/uploads\/2026\/01\/0390-PARENT_desc.jpg\" width=\"100%\" style=\"width: 100%; height: auto; display: block;\" srcset=\"https:\/\/e-flore.store\/wp-content\/uploads\/2026\/01\/0390-PARENT_desc.jpg 1078w, https:\/\/e-flore.store\/wp-content\/uploads\/2026\/01\/0390-PARENT_desc-600x368.jpg 600w, https:\/\/e-flore.store\/wp-content\/uploads\/2026\/01\/0390-PARENT_desc-300x184.jpg 300w, https:\/\/e-flore.store\/wp-content\/uploads\/2026\/01\/0390-PARENT_desc-1024x628.jpg 1024w\" sizes=\"(max-width: 1078px) 100vw, 1078px\" \/><\/p>\n<div id=\"eflore-spacer-v55\" style=\"height: 0px; clear: both; width: 100%; display: block;\"><\/div>\n<p style=\"margin-bottom: 10px; margin-top: 30px;\"><strong>L\u012aDZEKLIS GRILU UN CEP\u0160ANAS KR\u0100\u0160\u0145U T\u012aR\u012a\u0160ANAI<\/strong><\/p>\n<p style=\"margin-bottom: 10px; margin-top: 30px;\"><strong>\u012apa\u0161\u012bbas<\/strong><\/p>\n<p style=\"margin-bottom: 8px; margin-top: 0px; line-height: 1.6;\">&#8211; \u0100tri un efekt\u012bvi att\u012bra gr\u016bti att\u012br\u0101mas virsmas no piedegu\u0161iem un sve\u0137ainiem augu un dz\u012bvnieku taukiem un e\u013c\u013c\u0101m virtuv\u0113s.<\/p>\n<p style=\"margin-bottom: 8px; margin-top: 0px; line-height: 1.6;\">&#8211; Not\u012bra akme\u0146og\u013cu, e\u013c\u013cu u.c. sve\u0137ainus komponentus r\u016bpnieciskaj\u0101s nozar\u0113s.<\/p>\n<p style=\"margin-bottom: 8px; margin-top: 0px; line-height: 1.6;\">&#8211; Neskr\u0101p\u0113 virsmas.<\/p>\n<p style=\"margin-bottom: 10px; margin-top: 30px;\"><strong>Pielieto\u0161anas iesp\u0113jas<\/strong><\/p>\n<p style=\"margin-bottom: 8px; margin-top: 0px; line-height: 1.6;\">&#8211; P\u0101rtikas r\u016bpniec\u012bba.<\/p>\n<p style=\"margin-bottom: 8px; margin-top: 0px; line-height: 1.6;\">&#8211; Sabiedrisk\u0101s \u0113din\u0101\u0161anas virtuves.<\/p>\n<p style=\"margin-bottom: 8px; margin-top: 0px; line-height: 1.6;\">&#8211; R\u016bpniecisk\u0101 ra\u017eo\u0161ana.<\/p>\n<p style=\"margin-bottom: 10px; margin-top: 30px;\"><strong>Pielieto\u0161anas veidi un uzglab\u0101\u0161ana<\/strong><\/p>\n<p style=\"margin-bottom: 8px; margin-top: 0px; line-height: 1.6;\">&#8211; T\u012br\u012b\u0161anai l\u012bdzekli lietot neat\u0161\u0137aid\u012bt\u0101 veid\u0101.<\/p>\n<p style=\"margin-bottom: 8px; margin-top: 0px; line-height: 1.6;\">&#8211; Atkar\u012bb\u0101 no pies\u0101r\u0146ojuma pak\u0101pes l\u012bdzekli uzkl\u0101j uz aukstas vai siltas virsmas ar smidzin\u0101\u0161anas iek\u0101rtu, dr\u0101nu vai s\u016bkli apm\u0113ram uz 1 stundu. \u013boti net\u012br\u0101m virsm\u0101m l\u012bdzekli atst\u0101t uz nakti.<\/p>\n<p style=\"margin-bottom: 8px; margin-top: 0px; line-height: 1.6;\">&#8211; Sav\u0101kt iz\u0161\u0137\u012bdin\u0101tos net\u012brumus izmantojot dr\u0101nu vai s\u016bkli vai noskalot ar stipru \u016bdens str\u016bklu. Nepiecie\u0161am\u012bbas gad\u012bjum\u0101 atk\u0101rtot procesu.<\/p>\n<p style=\"margin-bottom: 8px; margin-top: 0px; line-height: 1.6;\">&#8211; Uzman\u012bbu! Sarg\u0101t no b\u0113rniem! L\u012bdzeklim nok\u013c\u016bstot ac\u012bs jeb uz \u0101das, skalot ar lielu \u016bdens daudzumu. Notiekot nelaimes gad\u012bjumam, nekav\u0113joties griezties pie \u0101rsta. Lietot cimdus un aizsargt\u0113rpu. B\u012bstam\u012bbas kategorija \u201cC\u201d.<\/p>\n<p style=\"margin-bottom: 10px; margin-top: 30px;\"><strong>Tehniskais raksturojums<\/strong><\/p>\n<p style=\"margin-bottom: 8px; margin-top: 0px; line-height: 1.6;\"><strong>Fizisk\u0101 forma<\/strong>: pasta<\/p>\n<p style=\"margin-bottom: 8px; margin-top: 0px; line-height: 1.6;\"><strong>Bl\u012bvums (20 \u00baC)<\/strong>: 1.16 \u2013 1.18 g\/ml<\/p>\n<p style=\"margin-bottom: 8px; margin-top: 0px; line-height: 1.6;\"><strong>pH l\u012bmenis<\/strong>: 12 &#8211; 12.5<\/p>\n<p style=\"margin-bottom: 8px; margin-top: 0px; line-height: 1.6;\"><strong>Tvaika spiediens<\/strong>: ca 20 hPa<\/p>\n<p style=\"margin-bottom: 8px; margin-top: 0px; line-height: 1.6;\"><strong>Sast\u0101vs<\/strong>: nejonu virsmakt\u012bv\u0101s vielas, k\u0101lija hidroks\u012bds, fosf\u0101ti, kompleksie savienojumi, sabiezin\u0101t\u0101ji<\/p>\n","protected":false},"excerpt":{"rendered":"<p>L\u012aDZEKLIS GRILU UN CEP\u0160ANAS KR\u0100\u0160\u0145U T\u012aR\u012a\u0160ANAI \u012apa\u0161\u012bbas &#8211; \u0100tri un efekt\u012bvi att\u012bra gr\u016bti att\u012br\u0101mas virsmas no piedegu\u0161iem un sve\u0137ainiem augu un dz\u012bvnieku taukiem un e\u013c\u013c\u0101m virtuv\u0113s. &#8211; Not\u012bra akme\u0146og\u013cu, e\u013c\u013cu u.c. sve\u0137ainus komponentus r\u016bpnieciskaj\u0101s nozar\u0113s. &#8211; Neskr\u0101p\u0113 virsmas. Pielieto\u0161anas iesp\u0113jas &#8211; P\u0101rtikas r\u016bpniec\u012bba. &#8211; Sabiedrisk\u0101s \u0113din\u0101\u0161anas virtuves. &#8211; R\u016bpniecisk\u0101 ra\u017eo\u0161ana. Pielieto\u0161anas veidi un uzglab\u0101\u0161ana &#8211;&#8230;<\/p>\n","protected":false},"featured_media":4625,"template":"","meta":[],"product_brand":[337],"product_cat":[353,356,374],"product_tag":[],"class_list":{"0":"post-4624","1":"product","2":"type-product","3":"status-publish","4":"has-post-thumbnail","6":"product_brand-flore-chemie","7":"product_cat-flore-chemie-produkti","8":"product_cat-viesnicu-un-gastronomijas-nozares","9":"product_cat-specialie-mazgasanas-tirisanas-un-kopsanas-lidzekli-partikas-rupniecibai-virtuvem-ceptuvem-kupinasanas-cehiem-saldetavam-u-c","11":"first","12":"instock","13":"shipping-taxable","14":"purchasable","15":"product-type-variable","16":"has-default-attributes"},"_links":{"self":[{"href":"https:\/\/e-flore.store\/lv\/wp-json\/wp\/v2\/product\/4624","targetHints":{"allow":["GET"]}}],"collection":[{"href":"https:\/\/e-flore.store\/lv\/wp-json\/wp\/v2\/product"}],"about":[{"href":"https:\/\/e-flore.store\/lv\/wp-json\/wp\/v2\/types\/product"}],"wp:featuredmedia":[{"embeddable":true,"href":"https:\/\/e-flore.store\/lv\/wp-json\/wp\/v2\/media\/4625"}],"wp:attachment":[{"href":"https:\/\/e-flore.store\/lv\/wp-json\/wp\/v2\/media?parent=4624"}],"wp:term":[{"taxonomy":"product_brand","embeddable":true,"href":"https:\/\/e-flore.store\/lv\/wp-json\/wp\/v2\/product_brand?post=4624"},{"taxonomy":"product_cat","embeddable":true,"href":"https:\/\/e-flore.store\/lv\/wp-json\/wp\/v2\/product_cat?post=4624"},{"taxonomy":"product_tag","embeddable":true,"href":"https:\/\/e-flore.store\/lv\/wp-json\/wp\/v2\/product_tag?post=4624"}],"curies":[{"name":"wp","href":"https:\/\/api.w.org\/{rel}","templated":true}]}}