{"id":4636,"date":"2026-02-03T16:04:44","date_gmt":"2026-02-03T14:04:44","guid":{"rendered":"https:\/\/demo8.izveide.id.lv\/?post_type=product&#038;p=4636"},"modified":"2026-03-26T14:58:38","modified_gmt":"2026-03-26T12:58:38","slug":"flamil-abfluss-cleaner-code-0541","status":"publish","type":"product","link":"https:\/\/e-flore.store\/lv\/produkts\/flamil-abfluss-cleaner-code-0541\/","title":{"rendered":"Flamil Abfluss Cleaner (kods 0541)"},"content":{"rendered":"<p><img decoding=\"async\" alt=\"0541-PARENT\" class=\"alignnone size-full wp-image-487\" src=\"\/wp-content\/uploads\/2026\/01\/0541-PARENT_desc.jpg\" width=\"100%\" style=\"width: 100%; height: auto; display: block;\" srcset=\"https:\/\/e-flore.store\/wp-content\/uploads\/2026\/01\/0541-PARENT_desc.jpg 958w, https:\/\/e-flore.store\/wp-content\/uploads\/2026\/01\/0541-PARENT_desc-600x425.jpg 600w, https:\/\/e-flore.store\/wp-content\/uploads\/2026\/01\/0541-PARENT_desc-300x212.jpg 300w\" sizes=\"(max-width: 958px) 100vw, 958px\" \/><\/p>\n<div id=\"eflore-spacer-v55\" style=\"height: 0px; clear: both; width: 100%; display: block;\"><\/div>\n<p style=\"margin-bottom: 10px; margin-top: 30px;\"><strong>EFEKT\u012aVS L\u012aDZEKLIS KANALIZ\u0100CIJAS CAURU\u013bU T\u012aR\u012a\u0160ANAI<\/strong><\/p>\n<p style=\"margin-bottom: 10px; margin-top: 30px;\"><strong>\u012apa\u0161\u012bbas<\/strong><\/p>\n<p style=\"margin-bottom: 8px; margin-top: 0px; line-height: 1.6;\">&#8211; Piln\u012bgi iz\u0161\u0137\u012bdina caurul\u0113s uzkr\u0101ju\u0161os matus, taukus un citus net\u012brumus.<\/p>\n<p style=\"margin-bottom: 8px; margin-top: 0px; line-height: 1.6;\">&#8211; Bez meh\u0101niskas iedarb\u012bbas \u0161\u0137\u012bdina tualetes pap\u012bru un citu saciet\u0113ju\u0161u pies\u0101r\u0146ojumu.<\/p>\n<p style=\"margin-bottom: 8px; margin-top: 0px; line-height: 1.6;\">&#8211; L\u012bdzeklim nepiem\u012bt nepat\u012bkama smaka k\u0101 vairumam l\u012bdz\u012bgu prepar\u0101tu.<\/p>\n<p style=\"margin-bottom: 8px; margin-top: 0px; line-height: 1.6;\">&#8211; Neboj\u0101 cauru\u013cu materi\u0101lu.<\/p>\n<p style=\"margin-bottom: 10px; margin-top: 30px;\"><strong>Pielieto\u0161anas iesp\u0113jas<\/strong><\/p>\n<p style=\"margin-bottom: 8px; margin-top: 0px; line-height: 1.6;\">&#8211; L\u012bdzeklis lieliski pier\u0101d\u012bjis sevi darb\u012bb\u0101 friz\u0113tav\u0101s, slimn\u012bc\u0101s, pansion\u0101tos, pirt\u012bs, baseinos, sporta centros u.c.<\/p>\n<p style=\"margin-bottom: 8px; margin-top: 0px; line-height: 1.6;\">&#8211; T\u012bra jebkura materi\u0101la kanaliz\u0101cijas caurules, kuru pies\u0101r\u0146ojuma iemesls ir mati, vilna, ziepes, tauki un dub\u013ci.<\/p>\n<p style=\"margin-bottom: 10px; margin-top: 30px;\"><strong>Pielieto\u0161anas veidi un uzglab\u0101\u0161ana<\/strong><\/p>\n<p style=\"margin-bottom: 8px; margin-top: 0px; line-height: 1.6;\">L\u012bdzekli izmantot piepildot kanaliz\u0101cijas cauruli pirms aizs\u0113r\u0113juma vietas, at\u0161\u0137aid\u012btu attiec\u012bb\u0101 1:1 l\u012bdz 1:10, atkar\u012bb\u0101 no aizs\u0113r\u0113juma pak\u0101pes, un atst\u0101t to iedarboties vismaz uz 1 nakti.<\/p>\n<p style=\"margin-bottom: 10px; margin-top: 30px;\"><strong>Tehniskais raksturojums<\/strong><\/p>\n<p style=\"margin-bottom: 8px; margin-top: 0px; line-height: 1.6;\"><strong>Fizisk\u0101 forma<\/strong>: \u0161\u0137idrums<\/p>\n<p style=\"margin-bottom: 8px; margin-top: 0px; line-height: 1.6;\"><strong>Bl\u012bvums (20 \u00baC)<\/strong>: 1.31 g \/ ml<\/p>\n<p style=\"margin-bottom: 8px; margin-top: 0px; line-height: 1.6;\"><strong>pH l\u012bmenis<\/strong>: 14<\/p>\n<p style=\"margin-bottom: 8px; margin-top: 0px; line-height: 1.6;\"><strong>Sast\u0101vs<\/strong>: n\u0101trija hidroks\u012bds, tens\u012bdi<\/p>\n","protected":false},"excerpt":{"rendered":"<p>EFEKT\u012aVS L\u012aDZEKLIS KANALIZ\u0100CIJAS CAURU\u013bU T\u012aR\u012a\u0160ANAI \u012apa\u0161\u012bbas &#8211; Piln\u012bgi iz\u0161\u0137\u012bdina caurul\u0113s uzkr\u0101ju\u0161os matus, taukus un citus net\u012brumus. &#8211; Bez meh\u0101niskas iedarb\u012bbas \u0161\u0137\u012bdina tualetes pap\u012bru un citu saciet\u0113ju\u0161u pies\u0101r\u0146ojumu. &#8211; L\u012bdzeklim nepiem\u012bt nepat\u012bkama smaka k\u0101 vairumam l\u012bdz\u012bgu prepar\u0101tu. &#8211; Neboj\u0101 cauru\u013cu materi\u0101lu. Pielieto\u0161anas iesp\u0113jas &#8211; L\u012bdzeklis lieliski pier\u0101d\u012bjis sevi darb\u012bb\u0101 friz\u0113tav\u0101s, slimn\u012bc\u0101s, pansion\u0101tos, pirt\u012bs, baseinos, sporta centros&#8230;<\/p>\n","protected":false},"featured_media":4637,"template":"","meta":[],"product_brand":[337],"product_cat":[353,356,374],"product_tag":[],"class_list":{"0":"post-4636","1":"product","2":"type-product","3":"status-publish","4":"has-post-thumbnail","6":"product_brand-flore-chemie","7":"product_cat-flore-chemie-produkti","8":"product_cat-viesnicu-un-gastronomijas-nozares","9":"product_cat-specialie-mazgasanas-tirisanas-un-kopsanas-lidzekli-partikas-rupniecibai-virtuvem-ceptuvem-kupinasanas-cehiem-saldetavam-u-c","11":"first","12":"instock","13":"shipping-taxable","14":"purchasable","15":"product-type-variable","16":"has-default-attributes"},"_links":{"self":[{"href":"https:\/\/e-flore.store\/lv\/wp-json\/wp\/v2\/product\/4636","targetHints":{"allow":["GET"]}}],"collection":[{"href":"https:\/\/e-flore.store\/lv\/wp-json\/wp\/v2\/product"}],"about":[{"href":"https:\/\/e-flore.store\/lv\/wp-json\/wp\/v2\/types\/product"}],"wp:featuredmedia":[{"embeddable":true,"href":"https:\/\/e-flore.store\/lv\/wp-json\/wp\/v2\/media\/4637"}],"wp:attachment":[{"href":"https:\/\/e-flore.store\/lv\/wp-json\/wp\/v2\/media?parent=4636"}],"wp:term":[{"taxonomy":"product_brand","embeddable":true,"href":"https:\/\/e-flore.store\/lv\/wp-json\/wp\/v2\/product_brand?post=4636"},{"taxonomy":"product_cat","embeddable":true,"href":"https:\/\/e-flore.store\/lv\/wp-json\/wp\/v2\/product_cat?post=4636"},{"taxonomy":"product_tag","embeddable":true,"href":"https:\/\/e-flore.store\/lv\/wp-json\/wp\/v2\/product_tag?post=4636"}],"curies":[{"name":"wp","href":"https:\/\/api.w.org\/{rel}","templated":true}]}}