{"id":4657,"date":"2026-02-03T16:04:47","date_gmt":"2026-02-03T14:04:47","guid":{"rendered":"https:\/\/demo8.izveide.id.lv\/?post_type=product&#038;p=4657"},"modified":"2026-03-26T14:58:23","modified_gmt":"2026-03-26T12:58:23","slug":"florin-fr-code-0327","status":"publish","type":"product","link":"https:\/\/e-flore.store\/lv\/produkts\/florin-fr-code-0327\/","title":{"rendered":"Florin FR (kods 0327)"},"content":{"rendered":"<p><img decoding=\"async\" alt=\"0327-PARENT\" class=\"alignnone size-full wp-image-430\" src=\"\/wp-content\/uploads\/2026\/01\/0327-PARENT_desc.jpg\" width=\"100%\" style=\"width: 100%; height: auto; display: block;\" srcset=\"https:\/\/e-flore.store\/wp-content\/uploads\/2026\/01\/0327-PARENT_desc.jpg 957w, https:\/\/e-flore.store\/wp-content\/uploads\/2026\/01\/0327-PARENT_desc-600x450.jpg 600w, https:\/\/e-flore.store\/wp-content\/uploads\/2026\/01\/0327-PARENT_desc-300x225.jpg 300w\" sizes=\"(max-width: 957px) 100vw, 957px\" \/><\/p>\n<div id=\"eflore-spacer-v55\" style=\"height: 0px; clear: both; width: 100%; display: block;\"><\/div>\n<p style=\"margin-bottom: 10px; margin-top: 30px;\"><strong>RITE\u0145U DISKU UN BREM\u017dU KLU\u010cU T\u012aR\u012aT\u0100JS<\/strong><\/p>\n<p style=\"margin-bottom: 10px; margin-top: 30px;\"><strong>\u012apa\u0161\u012bbas<\/strong><\/p>\n<p style=\"margin-bottom: 8px; margin-top: 0px; line-height: 1.6;\">&#8211; Bez gr\u016bt\u012bb\u0101m likvid\u0113 net\u012brumus, e\u013c\u013cu, brem\u017eu putek\u013cus.<\/p>\n<p style=\"margin-bottom: 8px; margin-top: 0px; line-height: 1.6;\">&#8211; Not\u012bra pat \u013coti iest\u0101v\u0113ju\u0161os net\u012brumus.<\/p>\n<p style=\"margin-bottom: 8px; margin-top: 0px; line-height: 1.6;\">&#8211; Aizvieto daudzk\u0101rt\u0113ju apstr\u0101di.<\/p>\n<p style=\"margin-bottom: 8px; margin-top: 0px; line-height: 1.6;\">&#8211; Dro\u0161s un \u0113rts lieto\u0161an\u0101.<\/p>\n<p style=\"margin-bottom: 8px; margin-top: 0px; line-height: 1.6;\">&#8211; Procentu\u0101li augsts mazg\u0101jo\u0161o vielu saturs.<\/p>\n<p style=\"margin-bottom: 10px; margin-top: 30px;\"><strong>Pielieto\u0161anas sf\u0113ras<\/strong><\/p>\n<p style=\"margin-bottom: 8px; margin-top: 0px; line-height: 1.6;\">&#8211; Vieglie un kravas automob\u012b\u013ci.<\/p>\n<p style=\"margin-bottom: 8px; margin-top: 0px; line-height: 1.6;\">&#8211; Der manu\u0101lai, k\u0101 ar\u012b meh\u0101niskai t\u012br\u012b\u0161anai.<\/p>\n<p style=\"margin-bottom: 10px; margin-top: 30px;\"><strong>Pielieto\u0161ana<\/strong><\/p>\n<p style=\"margin-bottom: 8px; margin-top: 0px; line-height: 1.6;\">&#8211; At\u0161\u0137aid\u012bt ar aukstu \u016bdeni attiec\u012bb\u0101 1:5 &#8211; 1:10 vai, \u012bpa\u0161i smagos gad\u012bjumos (piedegumi), t\u012br\u0101 veid\u0101 un uzkl\u0101t uz virsmas izsmidzinot ar augstspiediena iek\u0101rtu vai rokas smidzin\u0101t\u0101ju.<\/p>\n<p style=\"margin-bottom: 8px; margin-top: 0px; line-height: 1.6;\">&#8211; P\u0113c neilga laika noskalot ar \u016bdeni, v\u0113lams ar augstspiediena iek\u0101rtu.<\/p>\n<p style=\"margin-bottom: 8px; margin-top: 0px; line-height: 1.6;\">&#8211; Nelietot uz karst\u0101m virsm\u0101m vai tie\u0161os saules staros.<\/p>\n<p style=\"margin-bottom: 8px; margin-top: 0px; line-height: 1.6;\">&#8211; Uzglab\u0101jot sarg\u0101t no sasal\u0161anas.<\/p>\n<p style=\"margin-bottom: 10px; margin-top: 30px;\"><strong>Tehniskais raksturojums<\/strong><\/p>\n<p style=\"margin-bottom: 8px; margin-top: 0px; line-height: 1.6;\"><strong>Fizisk\u0101 forma<\/strong>: \u0161\u0137idrums<\/p>\n<p style=\"margin-bottom: 8px; margin-top: 0px; line-height: 1.6;\"><strong>Bl\u012bvums (20 \u00b0\u0421)<\/strong>: aptuveni 1.09 g \/ ml<\/p>\n<p style=\"margin-bottom: 8px; margin-top: 0px; line-height: 1.6;\"><strong>p\u041d l\u012bmenis (10% \u0161\u0137\u012bdums)<\/strong>: aptuveni 1.3<\/p>\n<p style=\"margin-bottom: 8px; margin-top: 0px; line-height: 1.6;\"><strong>Uzliesmo\u0161anas diapazons<\/strong>: +100 \u00b0\u0421<\/p>\n<p style=\"margin-bottom: 8px; margin-top: 0px; line-height: 1.6;\"><strong>Sast\u0101vs<\/strong>: tens\u012bdi, fosf\u0101ti, fosforsk\u0101be, amidosulf\u0101tsk\u0101be, pretkorozijas inhibitori, \u010detrk\u0101r\u0161a amonija savienojumi, kr\u0101sviela<\/p>\n","protected":false},"excerpt":{"rendered":"<p>RITE\u0145U DISKU UN BREM\u017dU KLU\u010cU T\u012aR\u012aT\u0100JS \u012apa\u0161\u012bbas &#8211; Bez gr\u016bt\u012bb\u0101m likvid\u0113 net\u012brumus, e\u013c\u013cu, brem\u017eu putek\u013cus. &#8211; Not\u012bra pat \u013coti iest\u0101v\u0113ju\u0161os net\u012brumus. &#8211; Aizvieto daudzk\u0101rt\u0113ju apstr\u0101di. &#8211; Dro\u0161s un \u0113rts lieto\u0161an\u0101. &#8211; Procentu\u0101li augsts mazg\u0101jo\u0161o vielu saturs. Pielieto\u0161anas sf\u0113ras &#8211; Vieglie un kravas automob\u012b\u013ci. &#8211; Der manu\u0101lai, k\u0101 ar\u012b meh\u0101niskai t\u012br\u012b\u0161anai. Pielieto\u0161ana &#8211; At\u0161\u0137aid\u012bt ar aukstu&#8230;<\/p>\n","protected":false},"featured_media":4658,"template":"","meta":[],"product_brand":[337],"product_cat":[353,380,377],"product_tag":[],"class_list":{"0":"post-4657","1":"product","2":"type-product","3":"status-publish","4":"has-post-thumbnail","6":"product_brand-flore-chemie","7":"product_cat-flore-chemie-produkti","8":"product_cat-auto-tehniskie-mazgasanas-tirisanas-un-kopsanas-lidzekli","9":"product_cat-industrija-rupnieciba-masinbuve-elektroiekartas","11":"first","12":"instock","13":"shipping-taxable","14":"purchasable","15":"product-type-variable","16":"has-default-attributes"},"_links":{"self":[{"href":"https:\/\/e-flore.store\/lv\/wp-json\/wp\/v2\/product\/4657","targetHints":{"allow":["GET"]}}],"collection":[{"href":"https:\/\/e-flore.store\/lv\/wp-json\/wp\/v2\/product"}],"about":[{"href":"https:\/\/e-flore.store\/lv\/wp-json\/wp\/v2\/types\/product"}],"wp:featuredmedia":[{"embeddable":true,"href":"https:\/\/e-flore.store\/lv\/wp-json\/wp\/v2\/media\/4658"}],"wp:attachment":[{"href":"https:\/\/e-flore.store\/lv\/wp-json\/wp\/v2\/media?parent=4657"}],"wp:term":[{"taxonomy":"product_brand","embeddable":true,"href":"https:\/\/e-flore.store\/lv\/wp-json\/wp\/v2\/product_brand?post=4657"},{"taxonomy":"product_cat","embeddable":true,"href":"https:\/\/e-flore.store\/lv\/wp-json\/wp\/v2\/product_cat?post=4657"},{"taxonomy":"product_tag","embeddable":true,"href":"https:\/\/e-flore.store\/lv\/wp-json\/wp\/v2\/product_tag?post=4657"}],"curies":[{"name":"wp","href":"https:\/\/api.w.org\/{rel}","templated":true}]}}