{"id":4663,"date":"2026-02-03T16:04:48","date_gmt":"2026-02-03T14:04:48","guid":{"rendered":"https:\/\/demo8.izveide.id.lv\/?post_type=product&#038;p=4663"},"modified":"2026-03-26T14:58:18","modified_gmt":"2026-03-26T12:58:18","slug":"florin-autopur-neu-code-0043","status":"publish","type":"product","link":"https:\/\/e-flore.store\/lv\/produkts\/florin-autopur-neu-code-0043\/","title":{"rendered":"Florin Autopur Neu (kods 0043)"},"content":{"rendered":"<p><img decoding=\"async\" alt=\"0043-PARENT\" class=\"alignnone size-full wp-image-347\" src=\"\/wp-content\/uploads\/2026\/01\/0043-PARENT_desc.jpg\" width=\"100%\" style=\"width: 100%; height: auto; display: block;\" srcset=\"https:\/\/e-flore.store\/wp-content\/uploads\/2026\/01\/0043-PARENT_desc.jpg 957w, https:\/\/e-flore.store\/wp-content\/uploads\/2026\/01\/0043-PARENT_desc-600x450.jpg 600w, https:\/\/e-flore.store\/wp-content\/uploads\/2026\/01\/0043-PARENT_desc-300x225.jpg 300w\" sizes=\"(max-width: 957px) 100vw, 957px\" \/><\/p>\n<div id=\"eflore-spacer-v55\" style=\"height: 0px; clear: both; width: 100%; display: block;\"><\/div>\n<p style=\"margin-bottom: 10px; margin-top: 30px;\"><strong>VIDEI DRAUDZ\u012aGS AUTO \u0160AMP\u016aNS LIEL\u0100M VIRSM\u0100M<\/strong><\/p>\n<p style=\"margin-bottom: 10px; margin-top: 30px;\"><strong>\u012apa\u0161\u012bbas<\/strong><\/p>\n<p style=\"margin-bottom: 8px; margin-top: 0px; line-height: 1.6;\">&#8211; Videi draudz\u012bgs auto \u0161amp\u016bns ar optim\u0101lu t\u012br\u012b\u0161anas un kondicion\u0113\u0161anas efektu. Piln\u012bb\u0101 sadal\u0101s dab\u0101.<\/p>\n<p style=\"margin-bottom: 8px; margin-top: 0px; line-height: 1.6;\">&#8211; Uzlabota vielas formula bez gr\u016bt\u012bb\u0101m att\u012bra un reiz\u0113 aizsarg\u0101 t\u012br\u0101m\u0101s virsmas \u2013 kr\u0101su, plastmasas, gumiju.<\/p>\n<p style=\"margin-bottom: 8px; margin-top: 0px; line-height: 1.6;\">&#8211; \u0100tri not\u012bra taukus, kukai\u0146us, kv\u0113pus. Tiek gal\u0101 pat ar iest\u0101v\u0113ju\u0161os pies\u0101r\u0146ojumu.<\/p>\n<p style=\"margin-bottom: 8px; margin-top: 0px; line-height: 1.6;\">&#8211; Pasarg\u0101 kr\u0101su un laku no dabisk\u0101s iz\u017e\u016b\u0161anas.<\/p>\n<p style=\"margin-bottom: 8px; margin-top: 0px; line-height: 1.6;\">&#8211; Pat vecas kr\u0101sas un lakas atg\u016bst savu sp\u012bdumu.<\/p>\n<p style=\"margin-bottom: 8px; margin-top: 0px; line-height: 1.6;\">&#8211; Dro\u0161s un \u0113rts pielieto\u0161an\u0101, ar pat\u012bkamu smar\u017eu.<\/p>\n<p style=\"margin-bottom: 8px; margin-top: 0px; line-height: 1.6;\">&#8211; Nepaliek notec\u0113jumu \u201cp\u0113das\u201d pat ciet\u0101 \u016bden\u012b. Nav nepiecie\u0161ama noslauc\u012b\u0161ana t\u0101p\u0113c \u012bpa\u0161i piem\u0113rots lielo transportl\u012bdzek\u013cu t\u012br\u012b\u0161anai.<\/p>\n<p style=\"margin-bottom: 10px; margin-top: 30px;\"><strong>Pielieto\u0161anas iesp\u0113jas<\/strong><\/p>\n<p style=\"margin-bottom: 8px; margin-top: 0px; line-height: 1.6;\">&#8211; Vieglie un kravas automob\u012b\u013ci, autobusi, vagoni, konteineri u.c. tehnika.<\/p>\n<p style=\"margin-bottom: 8px; margin-top: 0px; line-height: 1.6;\">&#8211; Der manu\u0101lai, k\u0101 ar\u012b meh\u0101niskai \/ autom\u0101tiskai t\u012br\u012b\u0161anai.<\/p>\n<p style=\"margin-bottom: 10px; margin-top: 30px;\"><strong>Pielieto\u0161ana<\/strong><\/p>\n<p style=\"margin-bottom: 8px; margin-top: 0px; line-height: 1.6;\">&#8211; At\u0161\u0137aid\u012bt ar \u016bdeni attiec\u012bb\u0101s 1:100 l\u012bdz 1:500 un uzkl\u0101t uz virsmas\u00a0ar s\u016bkli vai\u00a0izsmidzinot ar augstspiediena iek\u0101rtu, rokas smidzin\u0101t\u0101ju. Manu\u0101l\u0101 apstr\u0101de ar s\u016bkli, birsti vai dr\u0101nu.<\/p>\n<p style=\"margin-bottom: 8px; margin-top: 0px; line-height: 1.6;\">&#8211; Noskalot ar \u016bdeni.<\/p>\n<p style=\"margin-bottom: 8px; margin-top: 0px; line-height: 1.6;\">&#8211; Nav nepiecie\u0161ams virsmu noslauc\u012bt sausu.<\/p>\n<p style=\"margin-bottom: 8px; margin-top: 0px; line-height: 1.6;\">&#8211; Nav v\u0113lams lietot uz karst\u0101m virsm\u0101m vai tie\u0161os saules staros.<\/p>\n<p style=\"margin-bottom: 8px; margin-top: 0px; line-height: 1.6;\">&#8211; Uzglab\u0101jot sarg\u0101t no sasal\u0161anas.<\/p>\n<p style=\"margin-bottom: 10px; margin-top: 30px;\"><strong>Tehniskais raksturojums<\/strong><\/p>\n<p style=\"margin-bottom: 8px; margin-top: 0px; line-height: 1.6;\"><strong>Fizisk\u0101 forma<\/strong>: \u0161\u0137idrums<\/p>\n<p style=\"margin-bottom: 8px; margin-top: 0px; line-height: 1.6;\"><strong>Bl\u012bvums (20 \u00b0\u0421)<\/strong>: aptuveni 1.01 g \/ ml<\/p>\n<p style=\"margin-bottom: 8px; margin-top: 0px; line-height: 1.6;\"><strong>p\u041d l\u012bmenis<\/strong>: 2 \u2013 3<\/p>\n<p style=\"margin-bottom: 8px; margin-top: 0px; line-height: 1.6;\"><strong>Sast\u0101vs<\/strong>: anjonu un nejonu virsmakt\u012bv\u0101s vielas, konservanti, kop\u0161anas elementi<\/p>\n","protected":false},"excerpt":{"rendered":"<p>VIDEI DRAUDZ\u012aGS AUTO \u0160AMP\u016aNS LIEL\u0100M VIRSM\u0100M \u012apa\u0161\u012bbas &#8211; Videi draudz\u012bgs auto \u0161amp\u016bns ar optim\u0101lu t\u012br\u012b\u0161anas un kondicion\u0113\u0161anas efektu. Piln\u012bb\u0101 sadal\u0101s dab\u0101. &#8211; Uzlabota vielas formula bez gr\u016bt\u012bb\u0101m att\u012bra un reiz\u0113 aizsarg\u0101 t\u012br\u0101m\u0101s virsmas \u2013 kr\u0101su, plastmasas, gumiju. &#8211; \u0100tri not\u012bra taukus, kukai\u0146us, kv\u0113pus. Tiek gal\u0101 pat ar iest\u0101v\u0113ju\u0161os pies\u0101r\u0146ojumu. &#8211; Pasarg\u0101 kr\u0101su un laku no&#8230;<\/p>\n","protected":false},"featured_media":4664,"template":"","meta":[],"product_brand":[337],"product_cat":[380,353,377],"product_tag":[],"class_list":{"0":"post-4663","1":"product","2":"type-product","3":"status-publish","4":"has-post-thumbnail","6":"product_brand-flore-chemie","7":"product_cat-auto-tehniskie-mazgasanas-tirisanas-un-kopsanas-lidzekli","8":"product_cat-flore-chemie-produkti","9":"product_cat-industrija-rupnieciba-masinbuve-elektroiekartas","11":"first","12":"instock","13":"shipping-taxable","14":"purchasable","15":"product-type-variable","16":"has-default-attributes"},"_links":{"self":[{"href":"https:\/\/e-flore.store\/lv\/wp-json\/wp\/v2\/product\/4663","targetHints":{"allow":["GET"]}}],"collection":[{"href":"https:\/\/e-flore.store\/lv\/wp-json\/wp\/v2\/product"}],"about":[{"href":"https:\/\/e-flore.store\/lv\/wp-json\/wp\/v2\/types\/product"}],"wp:featuredmedia":[{"embeddable":true,"href":"https:\/\/e-flore.store\/lv\/wp-json\/wp\/v2\/media\/4664"}],"wp:attachment":[{"href":"https:\/\/e-flore.store\/lv\/wp-json\/wp\/v2\/media?parent=4663"}],"wp:term":[{"taxonomy":"product_brand","embeddable":true,"href":"https:\/\/e-flore.store\/lv\/wp-json\/wp\/v2\/product_brand?post=4663"},{"taxonomy":"product_cat","embeddable":true,"href":"https:\/\/e-flore.store\/lv\/wp-json\/wp\/v2\/product_cat?post=4663"},{"taxonomy":"product_tag","embeddable":true,"href":"https:\/\/e-flore.store\/lv\/wp-json\/wp\/v2\/product_tag?post=4663"}],"curies":[{"name":"wp","href":"https:\/\/api.w.org\/{rel}","templated":true}]}}