{"id":4675,"date":"2026-02-03T16:04:52","date_gmt":"2026-02-03T14:04:52","guid":{"rendered":"https:\/\/demo8.izveide.id.lv\/?post_type=product&#038;p=4675"},"modified":"2026-03-26T14:58:04","modified_gmt":"2026-03-26T12:58:04","slug":"flamil-100-code-0010","status":"publish","type":"product","link":"https:\/\/e-flore.store\/lv\/produkts\/flamil-100-code-0010\/","title":{"rendered":"Flamil 100 (kods 0010)"},"content":{"rendered":"<p><img decoding=\"async\" alt=\"0010-PARENT\" class=\"alignnone size-full wp-image-314\" src=\"\/wp-content\/uploads\/2026\/01\/0010-PARENT_desc.jpg\" width=\"100%\" style=\"width: 100%; height: auto; display: block;\" srcset=\"https:\/\/e-flore.store\/wp-content\/uploads\/2026\/01\/0010-PARENT_desc.jpg 957w, https:\/\/e-flore.store\/wp-content\/uploads\/2026\/01\/0010-PARENT_desc-600x450.jpg 600w, https:\/\/e-flore.store\/wp-content\/uploads\/2026\/01\/0010-PARENT_desc-300x225.jpg 300w\" sizes=\"(max-width: 957px) 100vw, 957px\" \/><\/p>\n<div id=\"eflore-spacer-v55\" style=\"height: 0px; clear: both; width: 100%; display: block;\"><\/div>\n<p style=\"margin-bottom: 10px; margin-top: 30px;\"><strong>UNIVERS\u0100LS T\u012aR\u012a\u0160ANAS L\u012aDZEKLIS VIRSM\u0100M<\/strong><\/p>\n<p style=\"margin-bottom: 10px; margin-top: 30px;\"><strong>\u012apa\u0161\u012bbas<\/strong><\/p>\n<p style=\"margin-bottom: 8px; margin-top: 0px; line-height: 1.6;\">&#8211; Sp\u0113ja dab\u0101 biolo\u0123iski sadal\u012bties.<\/p>\n<p style=\"margin-bottom: 8px; margin-top: 0px; line-height: 1.6;\">&#8211; Dro\u0161s \u0161\u0137\u012bdin\u0101t\u0101js, videi draudz\u012bgs, ugunsdro\u0161s, netoksisks, nav kod\u012bgs un nav nepat\u012bkamas smar\u017eas.<\/p>\n<p style=\"margin-bottom: 8px; margin-top: 0px; line-height: 1.6;\">&#8211; T\u012bra pamat\u012bgi un gal\u012bgi.<\/p>\n<p style=\"margin-bottom: 8px; margin-top: 0px; line-height: 1.6;\">&#8211; Neitr\u0101ls prepar\u0101ts, draudz\u012bgs vis\u0101m virsm\u0101m.<\/p>\n<p style=\"margin-bottom: 8px; margin-top: 0px; line-height: 1.6;\">&#8211; Lieliski no\u0146em sodr\u0113jus, e\u013c\u013cas, taukus, sve\u0137us, tinti, pel\u0113jumus, statiskus dub\u013cus un citus gr\u016bti nomazg\u0101jamus net\u012brumus.<\/p>\n<p style=\"margin-bottom: 8px; margin-top: 0px; line-height: 1.6;\">&#8211; Stipri koncentr\u0113ts un ekonomisks. Atkar\u012bb\u0101 no pies\u0101r\u0146ot\u012bbas pak\u0101pes \u0161\u0137aid\u0101s ar \u016bdeni no 1:4 l\u012bdz 1:200.<\/p>\n<p style=\"margin-bottom: 8px; margin-top: 0px; line-height: 1.6;\">&#8211; Satur jauno biokatalizatoru DL 300, pateicoties kam paaugstin\u0101s plastmasu, tentu un lakotu virsmu elast\u012bba t\u0101d\u0113j\u0101di pasarg\u0101jot virsmas no plais\u0101\u0161an\u0101s.<\/p>\n<p style=\"margin-bottom: 8px; margin-top: 0px; line-height: 1.6;\">&#8211; Atst\u0101j t\u012bru virsmu, nepaliek mazg\u0101\u0161anas p\u0113das.<\/p>\n<p style=\"margin-bottom: 10px; margin-top: 30px;\"><strong>Pielieto\u0161anas iesp\u0113jas<\/strong><\/p>\n<p style=\"margin-bottom: 8px; margin-top: 0px; line-height: 1.6;\">Tenti, logi, durvis, ledusskapji, fl\u012bzes, marmors, gr\u012bdas, automob\u012b\u013ci, lakotas un plastmasas virsmas, lidma\u0161\u012bnu, vilcienu, kuteru, konteineru u.c. apkope un t\u012br\u012b\u0161ana.<\/p>\n<p style=\"margin-bottom: 10px; margin-top: 30px;\"><strong>Pielieto\u0161ana<\/strong><\/p>\n<p style=\"margin-bottom: 8px; margin-top: 0px; line-height: 1.6;\">&#8211; Aukst\u0101 \u016bden\u012b prepar\u0101ta iedarb\u012bba palielin\u0101s. Piem\u0113rots darbam ar augstspiediena iek\u0101rt\u0101m.<\/p>\n<p style=\"margin-bottom: 8px; margin-top: 0px; line-height: 1.6;\">&#8211; Uzkl\u0101t uz virsmas, nogaid\u012bt 5 \u2013 10 min\u016btes, p\u0113c tam not\u012br\u012bt net\u012brumus ar birsti vai \u016bdens str\u016bklu.<\/p>\n<p style=\"margin-bottom: 10px; margin-top: 30px;\"><strong>&#8211; At\u0161\u0137aid\u012bt ar \u016bdeni atkar\u012bb\u0101 no pielietojuma sf\u0113ras:<\/strong><\/p>\n<p style=\"margin-bottom: 8px; margin-top: 0px; line-height: 1.6;\">Tenti: no 1:4 l\u012bdz 1:50<\/p>\n<p style=\"margin-bottom: 8px; margin-top: 0px; line-height: 1.6;\">Logi, kupoli, fajanss, keramika: no 1:20 l\u012bdz 1:200<\/p>\n<p style=\"margin-bottom: 8px; margin-top: 0px; line-height: 1.6;\">Lakotas virsmas, plastmasas, fas\u0101des, \u017eal\u016bzijas: no 1:4 l\u012bdz 1:100<\/p>\n<p style=\"margin-bottom: 8px; margin-top: 0px; line-height: 1.6;\">Cehu, noliktavu gr\u012bdas (koks, gumija, asfalts, betons): no 1:4 l\u012bdz 1:20<\/p>\n<p style=\"margin-bottom: 8px; margin-top: 0px; line-height: 1.6;\">Alum\u012bnijs, ner\u016bs\u0113jo\u0161ais t\u0113rauds: no 1:50 l\u012bdz 1:200<\/p>\n<p style=\"margin-bottom: 8px; margin-top: 0px; line-height: 1.6;\">Durvis, galdi: no 1:10 l\u012bdz 1:200<\/p>\n<p style=\"margin-bottom: 10px; margin-top: 30px;\"><strong>Tehniskais raksturojums<\/strong><\/p>\n<p style=\"margin-bottom: 8px; margin-top: 0px; line-height: 1.6;\"><strong>Fizisk\u0101 forma<\/strong>: \u0161\u0137idrums<\/p>\n<p style=\"margin-bottom: 8px; margin-top: 0px; line-height: 1.6;\"><strong>Bl\u012bvums (20\u00a0\u00b0C)<\/strong>: 1 g \/ ml<\/p>\n<p style=\"margin-bottom: 8px; margin-top: 0px; line-height: 1.6;\"><strong>p\u041d l\u012bmenis<\/strong>: 12<\/p>\n<p style=\"margin-bottom: 8px; margin-top: 0px; line-height: 1.6;\"><strong>Uzliesmo\u0161anas diapazons<\/strong>: nedego\u0161s<\/p>\n<p style=\"margin-bottom: 8px; margin-top: 0px; line-height: 1.6;\"><strong>Sast\u0101vs<\/strong>: anjonie tens\u012bdi, fosf\u0101ti, putu regulators, \u0161\u0137\u012bdin\u0101t\u0101ji, kr\u0101svielas, \u0113terisk\u0101s e\u013c\u013cas<\/p>\n","protected":false},"excerpt":{"rendered":"<p>UNIVERS\u0100LS T\u012aR\u012a\u0160ANAS L\u012aDZEKLIS VIRSM\u0100M \u012apa\u0161\u012bbas &#8211; Sp\u0113ja dab\u0101 biolo\u0123iski sadal\u012bties. &#8211; Dro\u0161s \u0161\u0137\u012bdin\u0101t\u0101js, videi draudz\u012bgs, ugunsdro\u0161s, netoksisks, nav kod\u012bgs un nav nepat\u012bkamas smar\u017eas. &#8211; T\u012bra pamat\u012bgi un gal\u012bgi. &#8211; Neitr\u0101ls prepar\u0101ts, draudz\u012bgs vis\u0101m virsm\u0101m. &#8211; Lieliski no\u0146em sodr\u0113jus, e\u013c\u013cas, taukus, sve\u0137us, tinti, pel\u0113jumus, statiskus dub\u013cus un citus gr\u016bti nomazg\u0101jamus net\u012brumus. &#8211; Stipri koncentr\u0113ts un ekonomisks&#8230;.<\/p>\n","protected":false},"featured_media":4676,"template":"","meta":[],"product_brand":[337],"product_cat":[353,380,377],"product_tag":[],"class_list":{"0":"post-4675","1":"product","2":"type-product","3":"status-publish","4":"has-post-thumbnail","6":"product_brand-flore-chemie","7":"product_cat-flore-chemie-produkti","8":"product_cat-auto-tehniskie-mazgasanas-tirisanas-un-kopsanas-lidzekli","9":"product_cat-industrija-rupnieciba-masinbuve-elektroiekartas","11":"first","12":"instock","13":"shipping-taxable","14":"purchasable","15":"product-type-variable","16":"has-default-attributes"},"_links":{"self":[{"href":"https:\/\/e-flore.store\/lv\/wp-json\/wp\/v2\/product\/4675","targetHints":{"allow":["GET"]}}],"collection":[{"href":"https:\/\/e-flore.store\/lv\/wp-json\/wp\/v2\/product"}],"about":[{"href":"https:\/\/e-flore.store\/lv\/wp-json\/wp\/v2\/types\/product"}],"wp:featuredmedia":[{"embeddable":true,"href":"https:\/\/e-flore.store\/lv\/wp-json\/wp\/v2\/media\/4676"}],"wp:attachment":[{"href":"https:\/\/e-flore.store\/lv\/wp-json\/wp\/v2\/media?parent=4675"}],"wp:term":[{"taxonomy":"product_brand","embeddable":true,"href":"https:\/\/e-flore.store\/lv\/wp-json\/wp\/v2\/product_brand?post=4675"},{"taxonomy":"product_cat","embeddable":true,"href":"https:\/\/e-flore.store\/lv\/wp-json\/wp\/v2\/product_cat?post=4675"},{"taxonomy":"product_tag","embeddable":true,"href":"https:\/\/e-flore.store\/lv\/wp-json\/wp\/v2\/product_tag?post=4675"}],"curies":[{"name":"wp","href":"https:\/\/api.w.org\/{rel}","templated":true}]}}