{"id":4681,"date":"2026-02-03T16:04:52","date_gmt":"2026-02-03T14:04:52","guid":{"rendered":"https:\/\/demo8.izveide.id.lv\/?post_type=product&#038;p=4681"},"modified":"2026-03-26T14:58:09","modified_gmt":"2026-03-26T12:58:09","slug":"neu-517-ci-code-517","status":"publish","type":"product","link":"https:\/\/e-flore.store\/lv\/produkts\/neu-517-ci-code-517\/","title":{"rendered":"NEU 517 CI (kods 517)"},"content":{"rendered":"<p><img decoding=\"async\" class=\"alignnone size-full wp-image-480\" style=\"width: 100%; height: auto; display: block;\" src=\"\/wp-content\/uploads\/2026\/01\/517-PARENT_desc.jpg\" alt=\"517-PARENT\" width=\"100%\" srcset=\"https:\/\/e-flore.store\/wp-content\/uploads\/2026\/01\/517-PARENT_desc.jpg 1202w, https:\/\/e-flore.store\/wp-content\/uploads\/2026\/01\/517-PARENT_desc-600x399.jpg 600w, https:\/\/e-flore.store\/wp-content\/uploads\/2026\/01\/517-PARENT_desc-300x200.jpg 300w, https:\/\/e-flore.store\/wp-content\/uploads\/2026\/01\/517-PARENT_desc-1024x682.jpg 1024w\" sizes=\"(max-width: 1202px) 100vw, 1202px\" \/><\/p>\n<div id=\"eflore-spacer-v55\" style=\"height: 0px; clear: both; width: 100%; display: block;\"><\/div>\n<p style=\"margin-bottom: 10px; margin-top: 30px;\"><strong>\u016aDENI ATGR\u016aDO\u0160S AUTOVASKS MANU\u0100LAI APSTR\u0100DEI UN AUTOM\u0100TISK\u0100M AUTOMAZG\u0100TAV\u0100M<\/strong><\/p>\n<p style=\"margin-bottom: 10px; margin-top: 30px;\"><strong>\u012apa\u0161\u012bbas<\/strong><\/p>\n<p style=\"margin-bottom: 8px; margin-top: 0px; line-height: 1.6;\">\u0160\u0137idrs, koncentr\u0113ts vasks, ko var izmantot jebkura veida autom\u0101tiskaj\u0101 automazg\u0101tav\u0101 un manu\u0101lai apstr\u0101dei. P\u0113c transportl\u012bdzek\u013ca mazg\u0101\u0161anas un skalo\u0161anas pietiek ar da\u017eiem pilieniem &#8220;NEU517 CI&#8221;, lai uz virsmas palieko\u0161o \u016bdeni p\u0101rveidotu par daudziem maziem pilieniem, kas viegli nopl\u016bst, kad automa\u0161\u012bna tiek \u017e\u0101v\u0113ta, atst\u0101jot to piln\u012bgi sausu. \u012apa\u0161i izv\u0113l\u0113t\u0101s l\u012bdzek\u013ca sast\u0101vda\u013cas pie\u0161\u0137ir automa\u0161\u012bnai sp\u012bdumu, atdz\u012bvinot kr\u0101sas. Regul\u0101ra &#8220;NEU517 CI&#8221; lieto\u0161ana aizsarg\u0101 j\u016bsu automa\u0161\u012bnu no nelabv\u0113l\u012bgiem laika apst\u0101k\u013ciem un smoga, pateicoties \u016bdensiztur\u012bgajai aizsargpl\u0113vei, kas izveidojas uz apstr\u0101d\u0101t\u0101s virsmas, k\u0101 ar\u012b pal\u012bdz saglab\u0101t kr\u0101sas ori\u0123in\u0101lo kr\u0101su un jaunumu.<\/p>\n<p style=\"margin-bottom: 10px; margin-top: 30px;\"><strong>Pielietojuma sf\u0113ras<\/strong><\/p>\n<p style=\"margin-bottom: 8px; margin-top: 0px; line-height: 1.6;\">Autom\u0101tisk\u0101s automazg\u0101tavas, manu\u0101l\u0101 mazg\u0101\u0161ana.<\/p>\n<p style=\"margin-bottom: 10px; margin-top: 30px;\"><strong>Lieto\u0161anas instrukcija<\/strong><\/p>\n<p style=\"margin-bottom: 8px; margin-top: 0px; line-height: 1.6;\">Iek\u0101rt\u0101s, kas apr\u012bkotas ar autom\u0101tisk\u0101m doz\u0113\u0161anas ier\u012bc\u0113m, izmantot l\u012bdzekli neat\u0161\u0137aid\u012btu &#8211; 15-30 ml vienam transportl\u012bdzeklim.<\/p>\n<p style=\"margin-bottom: 8px; margin-top: 0px; line-height: 1.6;\">Iek\u0101rt\u0101s ar Venturi tipa aspir\u0101cijas sist\u0113mu izmantot 1 litrs l\u012bdzek\u013ca uz 20-30 litriem \u016bdens, piel\u0101gojot aspir\u0101cijas ier\u012bci ar pat\u0113ri\u0146u 0,3-0,7 litri \u0161\u0137\u012bduma uz vienu transportl\u012bdzekli.<\/p>\n<p style=\"margin-bottom: 8px; margin-top: 0px; line-height: 1.6;\">Manu\u0101lai lieto\u0161anai izmantot l\u012bdzekli proporcij\u0101\u00a01 litrs l\u012bdzek\u013ca uz 50-100 litriem \u016bdens<\/p>\n<p style=\"margin-bottom: 8px; margin-top: 0px; line-height: 1.6;\">L\u012bdzek\u013ca optim\u0101l\u0101 deva tiek izv\u0113l\u0113ta veicot praktisku p\u0101rbaudi atkar\u012bb\u0101 no pielieto\u0161anas veida, \u016bdens ciet\u012bbas (lietojot cietu \u016bdeni, j\u0101palielina deva) un temperat\u016bras (rudens-ziemas sezon\u0101 deva j\u0101palielina).<\/p>\n<p style=\"margin-bottom: 10px; margin-top: 30px;\"><strong>\u0136\u012bmisk\u0101s un fizik\u0101l\u0101s \u012bpa\u0161\u012bbas<\/strong><\/p>\n<p style=\"margin-bottom: 8px; margin-top: 0px; line-height: 1.6;\"><strong>\u0100r\u0113j\u0101s paz\u012bmes<\/strong>: dzidrs \u0161\u0137idrums<\/p>\n<p style=\"margin-bottom: 8px; margin-top: 0px; line-height: 1.6;\"><strong>Kr\u0101sa<\/strong>: za\u013ca<\/p>\n<p style=\"margin-bottom: 8px; margin-top: 0px; line-height: 1.6;\"><strong>Smar\u017ea<\/strong>: rakstur\u012bga<\/p>\n<p style=\"margin-bottom: 8px; margin-top: 0px; line-height: 1.6;\"><strong>Bl\u012bvums<\/strong>: 0,965 +\/- 0,03 g \/ ml 20 \u00b0C temperat\u016br\u0101<\/p>\n<p style=\"margin-bottom: 8px; margin-top: 0px; line-height: 1.6;\"><strong>pH<\/strong>: neitr\u0101ls<\/p>\n<p style=\"margin-bottom: 8px; margin-top: 0px; line-height: 1.6;\"><strong>\u0160\u0137\u012bd\u012bba \u016bden\u012b<\/strong>: piln\u012bga<\/p>\n<p style=\"margin-bottom: 8px; margin-top: 0px; line-height: 1.6;\"><strong>Virsmakt\u012bv\u0101s vielas<\/strong>: katjonu un nejonu<\/p>\n<p style=\"margin-bottom: 8px; margin-top: 0px; line-height: 1.6;\"><strong>Biolo\u0123isk\u0101 no\u0101rd\u012b\u0161an\u0101s<\/strong>: vair\u0101k nek\u0101 90%<\/p>\n<p style=\"margin-bottom: 8px; margin-top: 0px; line-height: 1.6;\"><strong>Br\u012bdin\u0101jumi!<\/strong> Nepie\u013caut sasal\u0161anu. Pirms lieto\u0161anas uzman\u012bgi izp\u0113t\u012bt dro\u0161\u012bbas datu lapu.<\/p>\n","protected":false},"excerpt":{"rendered":"<p>\u016aDENI ATGR\u016aDO\u0160S AUTOVASKS MANU\u0100LAI APSTR\u0100DEI UN AUTOM\u0100TISK\u0100M AUTOMAZG\u0100TAV\u0100M \u012apa\u0161\u012bbas \u0160\u0137idrs, koncentr\u0113ts vasks, ko var izmantot jebkura veida autom\u0101tiskaj\u0101 automazg\u0101tav\u0101 un manu\u0101lai apstr\u0101dei. P\u0113c transportl\u012bdzek\u013ca mazg\u0101\u0161anas un skalo\u0161anas pietiek ar da\u017eiem pilieniem &#8220;NEU517 CI&#8221;, lai uz virsmas palieko\u0161o \u016bdeni p\u0101rveidotu par daudziem maziem pilieniem, kas viegli nopl\u016bst, kad automa\u0161\u012bna tiek \u017e\u0101v\u0113ta, atst\u0101jot to piln\u012bgi sausu. \u012apa\u0161i&#8230;<\/p>\n","protected":false},"featured_media":4682,"template":"","meta":[],"product_brand":[337],"product_cat":[353,380,377],"product_tag":[],"class_list":{"0":"post-4681","1":"product","2":"type-product","3":"status-publish","4":"has-post-thumbnail","6":"product_brand-flore-chemie","7":"product_cat-flore-chemie-produkti","8":"product_cat-auto-tehniskie-mazgasanas-tirisanas-un-kopsanas-lidzekli","9":"product_cat-industrija-rupnieciba-masinbuve-elektroiekartas","11":"first","12":"instock","13":"shipping-taxable","14":"purchasable","15":"product-type-variable","16":"has-default-attributes"},"_links":{"self":[{"href":"https:\/\/e-flore.store\/lv\/wp-json\/wp\/v2\/product\/4681","targetHints":{"allow":["GET"]}}],"collection":[{"href":"https:\/\/e-flore.store\/lv\/wp-json\/wp\/v2\/product"}],"about":[{"href":"https:\/\/e-flore.store\/lv\/wp-json\/wp\/v2\/types\/product"}],"wp:featuredmedia":[{"embeddable":true,"href":"https:\/\/e-flore.store\/lv\/wp-json\/wp\/v2\/media\/4682"}],"wp:attachment":[{"href":"https:\/\/e-flore.store\/lv\/wp-json\/wp\/v2\/media?parent=4681"}],"wp:term":[{"taxonomy":"product_brand","embeddable":true,"href":"https:\/\/e-flore.store\/lv\/wp-json\/wp\/v2\/product_brand?post=4681"},{"taxonomy":"product_cat","embeddable":true,"href":"https:\/\/e-flore.store\/lv\/wp-json\/wp\/v2\/product_cat?post=4681"},{"taxonomy":"product_tag","embeddable":true,"href":"https:\/\/e-flore.store\/lv\/wp-json\/wp\/v2\/product_tag?post=4681"}],"curies":[{"name":"wp","href":"https:\/\/api.w.org\/{rel}","templated":true}]}}