{"id":4686,"date":"2026-02-03T16:04:53","date_gmt":"2026-02-03T14:04:53","guid":{"rendered":"https:\/\/demo8.izveide.id.lv\/?post_type=product&#038;p=4686"},"modified":"2026-03-26T14:57:59","modified_gmt":"2026-03-26T12:57:59","slug":"florin-sv-zinn-und-zinkfest-code-0102","status":"publish","type":"product","link":"https:\/\/e-flore.store\/lv\/produkts\/florin-sv-zinn-und-zinkfest-code-0102\/","title":{"rendered":"Florin SV Zinn und Zinkfest (kods 0102)"},"content":{"rendered":"<p><img decoding=\"async\" alt=\"0102-PARENT\" class=\"alignnone size-full wp-image-2138\" src=\"\/wp-content\/uploads\/2026\/01\/0102-PARENT_desc.jpg\" width=\"100%\" style=\"width: 100%; height: auto; display: block;\" srcset=\"https:\/\/e-flore.store\/wp-content\/uploads\/2026\/01\/0102-PARENT_desc.jpg 2000w, https:\/\/e-flore.store\/wp-content\/uploads\/2026\/01\/0102-PARENT_desc-600x345.jpg 600w, https:\/\/e-flore.store\/wp-content\/uploads\/2026\/01\/0102-PARENT_desc-300x173.jpg 300w, https:\/\/e-flore.store\/wp-content\/uploads\/2026\/01\/0102-PARENT_desc-1024x589.jpg 1024w\" sizes=\"(max-width: 2000px) 100vw, 2000px\" \/><\/p>\n<div id=\"eflore-spacer-v55\" style=\"height: 0px; clear: both; width: 100%; display: block;\"><\/div>\n<p style=\"margin-bottom: 10px; margin-top: 30px;\"><strong>L\u012aDZEKLIS KA\u013b\u0136AKMENS NO\u0145EM\u0160ANAI NO KR\u0100SAINAJIEM MET\u0100LIEM<\/strong><\/p>\n<p style=\"margin-bottom: 10px; margin-top: 30px;\"><strong>\u012apa\u0161\u012bbas<\/strong><\/p>\n<p style=\"margin-bottom: 8px; margin-top: 0px; line-height: 1.6;\">&#8211; Iedarb\u012bgs, \u016bden\u012b \u0161\u0137\u012bsto\u0161s l\u012bdzeklis ka\u013c\u0137akmens, fosf\u0101tu, kalcija, un citu miner\u0101lu, k\u0101 ar\u012b ur\u012bnakmens likvid\u0113\u0161anai.<\/p>\n<p style=\"margin-bottom: 8px; margin-top: 0px; line-height: 1.6;\">&#8211; \u0100tri un bez atlikumiem likvid\u0113 katlakmeni un citus ka\u013c\u0137a nos\u0113dumus no cauru\u013cvadiem, siltuma apmai\u0146as elementiem, siltumnes\u0113jiem, tvaika p\u0101rveidot\u0101jiem, karst\u0101 \u016bdens katliem, filtriem, kafijas kann\u0101m \/ autom\u0101tiem.<\/p>\n<p style=\"margin-bottom: 8px; margin-top: 0px; line-height: 1.6;\">&#8211; Likvid\u0113 ka\u013c\u0137akmeni, r\u016bsu un oks\u012bdus, k\u0101 ar\u012b magnija, sulf\u0101ta un fosf\u0101tu nos\u0113dumus no darba virsm\u0101m, sa\u012bsinot to remonta laiku un atvieglojot to apkopi.\u00a0Biolo\u0123iski sadal\u0101s vair\u0101k par 90%.<\/p>\n<p style=\"margin-bottom: 8px; margin-top: 0px; line-height: 1.6;\">&#8211; Uzman\u012bbu! Ierobe\u017eot ilgsto\u0161u saskarsmes laiku ar kr\u0101sainajiem un vieglajiem met\u0101liem, k\u0101 ar\u012b ar lakot\u0101m virsm\u0101m.<\/p>\n<p style=\"margin-bottom: 8px; margin-top: 0px; line-height: 1.6;\">&#8211; Pirms pielieto\u0161anas l\u012bdzekli izm\u0113\u0123in\u0101t neuzkr\u012bto\u0161\u0101 viet\u0101.<\/p>\n<p style=\"margin-bottom: 10px; margin-top: 30px;\"><strong>Pielieto\u0161anas iesp\u0113jas<\/strong><\/p>\n<p style=\"margin-bottom: 8px; margin-top: 0px; line-height: 1.6;\">&#8211; Siltuma p\u0101rvade, dren\u0101\u017eas cauru\u013cvadu un mazg\u0101\u0161anas iek\u0101rtu apkope.<\/p>\n<p style=\"margin-bottom: 8px; margin-top: 0px; line-height: 1.6;\">&#8211; Peldbaseinu, pirts un m\u0101ksl\u012bg\u0101 klimata uztur\u0113\u0161anas iek\u0101rtu apkope.<\/p>\n<p style=\"margin-bottom: 8px; margin-top: 0px; line-height: 1.6;\">&#8211; Katlu un tvaika p\u0101rveidot\u0101ju apkope.<\/p>\n<p style=\"margin-bottom: 8px; margin-top: 0px; line-height: 1.6;\">&#8211; Sastat\u0146u t\u012br\u012b\u0161ana, betona ra\u017eo\u0161ana, r\u016bpniec\u012bbas un remontu uz\u0146\u0113mumi.<\/p>\n<p style=\"margin-bottom: 8px; margin-top: 0px; line-height: 1.6;\">&#8211; Piena un ga\u013cas r\u016bpniec\u012bba, viesn\u012bcas un atp\u016btas vietas.<\/p>\n<p style=\"margin-bottom: 8px; margin-top: 0px; line-height: 1.6;\">&#8211;\u00a0Apkures un dzes\u0113\u0161anas spoles, sild\u012b\u0161anas stie\u0146i, tvaika \u0123eneratori, sieti\u0146u ielikt\u0146i kr\u0101niem, filtri un kafijas autom\u0101ti, notekas, trauku mazg\u0101jam\u0101s ma\u0161\u012bnas un ve\u013cas ma\u0161\u012bnas, sildo\u0161ie rati\u0146i u.c.<\/p>\n<p style=\"margin-bottom: 10px; margin-top: 30px;\"><strong>Pielieto\u0161anas veidi un uzglab\u0101\u0161ana<\/strong><\/p>\n<p style=\"margin-bottom: 8px; margin-top: 0px; line-height: 1.6;\">&#8211; Cietu katlakmens nogul\u0161\u0146u likvid\u0113\u0161anai lietot at\u0161\u0137aid\u012btu ar \u016bdeni proporcij\u0101s l\u012bdz 1:10. \u0160\u0137\u012bdums nav j\u0101uzsilda. P\u0113c l\u012bdzek\u013ca pielieto\u0161anas not\u012br\u012bto virsmu noskalot ar lielu \u016bdens daudzumu vai neitraliz\u0113t ar dzeramo sodu.<\/p>\n<p style=\"margin-bottom: 8px; margin-top: 0px; line-height: 1.6;\">&#8211; Uzman\u012bbu! Mazg\u0101jot katlus \u0161\u0137\u012bsto\u0161o s\u0101\u013cu g\u0101zes novad\u012bt s\u0101\u0146us. Sarg\u0101t no b\u0113rniem. Neieelpot tvaikus. \u0160\u0137\u012bdumam nok\u013c\u016bstot uz \u0101das skalot liel\u0101 \u016bdens daudzum\u0101 un mazg\u0101t ar ziep\u0113m.<\/p>\n<p style=\"margin-bottom: 8px; margin-top: 0px; line-height: 1.6;\">&#8211; Str\u0101d\u0101t labi v\u0113din\u0101m\u0101s telp\u0101s. Str\u0101d\u0101t aizsargt\u0113rp\u0101, ar aizsargbrill\u0113m, cimdiem un masku.<\/p>\n<p style=\"margin-bottom: 10px; margin-top: 30px;\"><strong>Tehniskais raksturojums<\/strong><\/p>\n<p style=\"margin-bottom: 8px; margin-top: 0px; line-height: 1.6;\"><strong>Fizisk\u0101 forma<\/strong>: \u0161\u0137idrums<\/p>\n<p style=\"margin-bottom: 8px; margin-top: 0px; line-height: 1.6;\"><strong>Bl\u012bvums (+20 \u00baC)<\/strong>: 1.22 g \/ ml<\/p>\n<p style=\"margin-bottom: 8px; margin-top: 0px; line-height: 1.6;\"><strong>pH l\u012bmenis<\/strong>: 1 &#8211; 2<\/p>\n<p style=\"margin-bottom: 8px; margin-top: 0px; line-height: 1.6;\"><strong>V\u0101r\u012b\u0161an\u0101s diapazons<\/strong>: +100 \u00baC<\/p>\n<p style=\"margin-bottom: 8px; margin-top: 0px; line-height: 1.6;\"><strong>Sast\u0101vs<\/strong>: fosforsk\u0101be, fosforsk\u0101bes \u0113teris, nejonie tens\u012bdi, pretkorozijas inhibitori, arom\u0101tisk\u0101s vielas<\/p>\n","protected":false},"excerpt":{"rendered":"<p>L\u012aDZEKLIS KA\u013b\u0136AKMENS NO\u0145EM\u0160ANAI NO KR\u0100SAINAJIEM MET\u0100LIEM \u012apa\u0161\u012bbas &#8211; Iedarb\u012bgs, \u016bden\u012b \u0161\u0137\u012bsto\u0161s l\u012bdzeklis ka\u013c\u0137akmens, fosf\u0101tu, kalcija, un citu miner\u0101lu, k\u0101 ar\u012b ur\u012bnakmens likvid\u0113\u0161anai. &#8211; \u0100tri un bez atlikumiem likvid\u0113 katlakmeni un citus ka\u013c\u0137a nos\u0113dumus no cauru\u013cvadiem, siltuma apmai\u0146as elementiem, siltumnes\u0113jiem, tvaika p\u0101rveidot\u0101jiem, karst\u0101 \u016bdens katliem, filtriem, kafijas kann\u0101m \/ autom\u0101tiem. &#8211; Likvid\u0113 ka\u013c\u0137akmeni, r\u016bsu un oks\u012bdus,&#8230;<\/p>\n","protected":false},"featured_media":4687,"template":"","meta":[],"product_brand":[337],"product_cat":[353,377,386],"product_tag":[],"class_list":{"0":"post-4686","1":"product","2":"type-product","3":"status-publish","4":"has-post-thumbnail","6":"product_brand-flore-chemie","7":"product_cat-flore-chemie-produkti","8":"product_cat-industrija-rupnieciba-masinbuve-elektroiekartas","9":"product_cat-specialie-tirisanas-mazgasanas-un-kopsanas-lidzekli","11":"first","12":"instock","13":"shipping-taxable","14":"purchasable","15":"product-type-variable","16":"has-default-attributes"},"_links":{"self":[{"href":"https:\/\/e-flore.store\/lv\/wp-json\/wp\/v2\/product\/4686","targetHints":{"allow":["GET"]}}],"collection":[{"href":"https:\/\/e-flore.store\/lv\/wp-json\/wp\/v2\/product"}],"about":[{"href":"https:\/\/e-flore.store\/lv\/wp-json\/wp\/v2\/types\/product"}],"wp:featuredmedia":[{"embeddable":true,"href":"https:\/\/e-flore.store\/lv\/wp-json\/wp\/v2\/media\/4687"}],"wp:attachment":[{"href":"https:\/\/e-flore.store\/lv\/wp-json\/wp\/v2\/media?parent=4686"}],"wp:term":[{"taxonomy":"product_brand","embeddable":true,"href":"https:\/\/e-flore.store\/lv\/wp-json\/wp\/v2\/product_brand?post=4686"},{"taxonomy":"product_cat","embeddable":true,"href":"https:\/\/e-flore.store\/lv\/wp-json\/wp\/v2\/product_cat?post=4686"},{"taxonomy":"product_tag","embeddable":true,"href":"https:\/\/e-flore.store\/lv\/wp-json\/wp\/v2\/product_tag?post=4686"}],"curies":[{"name":"wp","href":"https:\/\/api.w.org\/{rel}","templated":true}]}}