{"id":4692,"date":"2026-02-03T16:04:54","date_gmt":"2026-02-03T14:04:54","guid":{"rendered":"https:\/\/demo8.izveide.id.lv\/?post_type=product&#038;p=4692"},"modified":"2026-03-26T14:57:54","modified_gmt":"2026-03-26T12:57:54","slug":"florin-pm-20-code-0113","status":"publish","type":"product","link":"https:\/\/e-flore.store\/lv\/produkts\/florin-pm-20-code-0113\/","title":{"rendered":"Florin PM 20 (kods 0113)"},"content":{"rendered":"<p><img decoding=\"async\" alt=\"0113-PARENT\" class=\"alignnone size-full wp-image-392\" src=\"\/wp-content\/uploads\/2026\/01\/0113-PARENT_desc.jpg\" width=\"100%\" style=\"width: 100%; height: auto; display: block;\" srcset=\"https:\/\/e-flore.store\/wp-content\/uploads\/2026\/01\/0113-PARENT_desc.jpg 1024w, https:\/\/e-flore.store\/wp-content\/uploads\/2026\/01\/0113-PARENT_desc-600x450.jpg 600w, https:\/\/e-flore.store\/wp-content\/uploads\/2026\/01\/0113-PARENT_desc-300x225.jpg 300w\" sizes=\"(max-width: 1024px) 100vw, 1024px\" \/><\/p>\n<div id=\"eflore-spacer-v55\" style=\"height: 0px; clear: both; width: 100%; display: block;\"><\/div>\n<p style=\"margin-bottom: 10px; margin-top: 30px;\"><strong>SPECI\u0100LAIS L\u012aDZEKLIS IEK\u0100RTU UN DZIN\u0112JU MAZG\u0100\u0160ANAI ZEM\u0100S TEMPERAT\u016aR\u0100S<\/strong><\/p>\n<p style=\"margin-bottom: 10px; margin-top: 30px;\"><strong>\u012apa\u0161\u012bbas<\/strong><\/p>\n<p style=\"margin-bottom: 8px; margin-top: 0px; line-height: 1.6;\">&#8211; L\u012bdzeklis ir nekait\u012bgs apk\u0101rt\u0113jai videi.<\/p>\n<p style=\"margin-bottom: 8px; margin-top: 0px; line-height: 1.6;\">&#8211; Nesatur halog\u0113nos \u016bde\u0146ra\u017eus, sk\u0101bes vai to atvasin\u0101jumus.<\/p>\n<p style=\"margin-bottom: 8px; margin-top: 0px; line-height: 1.6;\">&#8211; Efekt\u012bvi \u0161\u0137\u012bdina un no\u0146em taukus, e\u013c\u013cas, vasku, pi\u0137i un konserv\u0113jo\u0161\u0101s vielas.<\/p>\n<p style=\"margin-bottom: 8px; margin-top: 0px; line-height: 1.6;\">&#8211; Nekait\u012bgs visa veida met\u0101liem.<\/p>\n<p style=\"margin-bottom: 8px; margin-top: 0px; line-height: 1.6;\">&#8211; \u0100tras iedarb\u012bbas t\u012br\u012b\u0161anas l\u012bdzeklis, kas nekav\u0113joties no\u0146em pies\u0101r\u0146ojumu.<\/p>\n<p style=\"margin-bottom: 10px; margin-top: 30px;\"><strong>Pielieto\u0161anas iesp\u0113jas<\/strong><\/p>\n<p style=\"margin-bottom: 8px; margin-top: 0px; line-height: 1.6;\">&#8211; Autor\u016bpniec\u012bba &#8211; remonts, apkope.<\/p>\n<p style=\"margin-bottom: 8px; margin-top: 0px; line-height: 1.6;\">&#8211; Met\u0101lr\u016bpniec\u012bba &#8211; deta\u013cu t\u012br\u012b\u0161ana, filtru mazg\u0101\u0161ana.<\/p>\n<p style=\"margin-bottom: 8px; margin-top: 0px; line-height: 1.6;\">&#8211; Pielietojams visa veida met\u0101lu attauko\u0161anai, k\u0101 ar\u012b citu benz\u012bniztur\u012bgu virsmu t\u012br\u012b\u0161anai, presformas, reduktori, u.c. P\u0113c apstr\u0101des var nenoskalot.<\/p>\n<p style=\"margin-bottom: 8px; margin-top: 0px; line-height: 1.6;\">&#8211; Darba galdu apkope.<\/p>\n<p style=\"margin-bottom: 10px; margin-top: 30px;\"><strong>Pielieto\u0161anas veidi un uzglab\u0101\u0161ana<\/strong><\/p>\n<p style=\"margin-bottom: 8px; margin-top: 0px; line-height: 1.6;\">&#8211; T\u012br\u012b\u0161ana ar rok\u0101m \u2013 uzsmidzin\u0101t l\u012bdzekli uz virsmas jeb samitrin\u0101t ar otu, \u013caut iedarboties 3\u201315 min. p\u0113c tam noskalot ar sp\u0113c\u012bgu \u016bdens str\u016bklu.<\/p>\n<p style=\"margin-bottom: 8px; margin-top: 0px; line-height: 1.6;\">&#8211; T\u012br\u012b\u0161ana ar meh\u0101niskaj\u0101m mazg\u0101\u0161anas iek\u0101rt\u0101m \u2013 iz\u0161\u0137\u012bdin\u0101t l\u012bdzekli aukst\u0101 \u016bden\u012b proporcij\u0101s 1:30 l\u012bdz 1:100. Pies\u0101r\u0146ojumu no\u0146emot skalo\u0161ana nav nepiecie\u0161ama.<\/p>\n<p style=\"margin-bottom: 8px; margin-top: 0px; line-height: 1.6;\">&#8211; T\u012brot virsmu ar otu l\u012bdzekli lietot neat\u0161\u0137aid\u012btu.<\/p>\n<p style=\"margin-bottom: 8px; margin-top: 0px; line-height: 1.6;\">&#8211; Maksim\u0101l\u0101 darba virsmas temperat\u016bra: +50 \u00baC.<\/p>\n<p style=\"margin-bottom: 10px; margin-top: 30px;\"><strong>Tehniskais raksturojums<\/strong><\/p>\n<p style=\"margin-bottom: 8px; margin-top: 0px; line-height: 1.6;\"><strong>Fizisk\u0101 forma<\/strong>: \u0161\u0137idrums<\/p>\n<p style=\"margin-bottom: 8px; margin-top: 0px; line-height: 1.6;\"><strong>Bl\u012bvums (20 \u00baC)<\/strong>: 0.793 g \/ ml<\/p>\n<p style=\"margin-bottom: 8px; margin-top: 0px; line-height: 1.6;\"><strong>V\u0101r\u012b\u0161an\u0101s diapazons<\/strong>: +180 \u2013 240 \u00baC<\/p>\n<p style=\"margin-bottom: 8px; margin-top: 0px; line-height: 1.6;\"><strong>Uzliesmo\u0161anas temperat\u016bra<\/strong>: +65 \u00baC<\/p>\n","protected":false},"excerpt":{"rendered":"<p>SPECI\u0100LAIS L\u012aDZEKLIS IEK\u0100RTU UN DZIN\u0112JU MAZG\u0100\u0160ANAI ZEM\u0100S TEMPERAT\u016aR\u0100S \u012apa\u0161\u012bbas &#8211; L\u012bdzeklis ir nekait\u012bgs apk\u0101rt\u0113jai videi. &#8211; Nesatur halog\u0113nos \u016bde\u0146ra\u017eus, sk\u0101bes vai to atvasin\u0101jumus. &#8211; Efekt\u012bvi \u0161\u0137\u012bdina un no\u0146em taukus, e\u013c\u013cas, vasku, pi\u0137i un konserv\u0113jo\u0161\u0101s vielas. &#8211; Nekait\u012bgs visa veida met\u0101liem. &#8211; \u0100tras iedarb\u012bbas t\u012br\u012b\u0161anas l\u012bdzeklis, kas nekav\u0113joties no\u0146em pies\u0101r\u0146ojumu. Pielieto\u0161anas iesp\u0113jas &#8211; Autor\u016bpniec\u012bba &#8211; remonts,&#8230;<\/p>\n","protected":false},"featured_media":4693,"template":"","meta":[],"product_brand":[337],"product_cat":[353,377,386],"product_tag":[],"class_list":{"0":"post-4692","1":"product","2":"type-product","3":"status-publish","4":"has-post-thumbnail","6":"product_brand-flore-chemie","7":"product_cat-flore-chemie-produkti","8":"product_cat-industrija-rupnieciba-masinbuve-elektroiekartas","9":"product_cat-specialie-tirisanas-mazgasanas-un-kopsanas-lidzekli","11":"first","12":"instock","13":"shipping-taxable","14":"purchasable","15":"product-type-variable","16":"has-default-attributes"},"_links":{"self":[{"href":"https:\/\/e-flore.store\/lv\/wp-json\/wp\/v2\/product\/4692","targetHints":{"allow":["GET"]}}],"collection":[{"href":"https:\/\/e-flore.store\/lv\/wp-json\/wp\/v2\/product"}],"about":[{"href":"https:\/\/e-flore.store\/lv\/wp-json\/wp\/v2\/types\/product"}],"wp:featuredmedia":[{"embeddable":true,"href":"https:\/\/e-flore.store\/lv\/wp-json\/wp\/v2\/media\/4693"}],"wp:attachment":[{"href":"https:\/\/e-flore.store\/lv\/wp-json\/wp\/v2\/media?parent=4692"}],"wp:term":[{"taxonomy":"product_brand","embeddable":true,"href":"https:\/\/e-flore.store\/lv\/wp-json\/wp\/v2\/product_brand?post=4692"},{"taxonomy":"product_cat","embeddable":true,"href":"https:\/\/e-flore.store\/lv\/wp-json\/wp\/v2\/product_cat?post=4692"},{"taxonomy":"product_tag","embeddable":true,"href":"https:\/\/e-flore.store\/lv\/wp-json\/wp\/v2\/product_tag?post=4692"}],"curies":[{"name":"wp","href":"https:\/\/api.w.org\/{rel}","templated":true}]}}