{"id":4698,"date":"2026-02-03T16:04:55","date_gmt":"2026-02-03T14:04:55","guid":{"rendered":"https:\/\/demo8.izveide.id.lv\/?post_type=product&#038;p=4698"},"modified":"2026-03-26T14:57:49","modified_gmt":"2026-03-26T12:57:49","slug":"flamil-cr-gel-code-0773","status":"publish","type":"product","link":"https:\/\/e-flore.store\/lv\/produkts\/flamil-cr-gel-code-0773\/","title":{"rendered":"Flamil CR Gel (kods 0773)"},"content":{"rendered":"<p><img decoding=\"async\" alt=\"0773-PARENT\" class=\"alignnone size-full wp-image-506\" src=\"\/wp-content\/uploads\/2026\/01\/0773-PARENT_desc.jpg\" width=\"100%\" style=\"width: 100%; height: auto; display: block;\" srcset=\"https:\/\/e-flore.store\/wp-content\/uploads\/2026\/01\/0773-PARENT_desc.jpg 600w, https:\/\/e-flore.store\/wp-content\/uploads\/2026\/01\/0773-PARENT_desc-300x200.jpg 300w\" sizes=\"(max-width: 600px) 100vw, 600px\" \/><\/p>\n<div id=\"eflore-spacer-v55\" style=\"height: 0px; clear: both; width: 100%; display: block;\"><\/div>\n<p style=\"margin-bottom: 10px; margin-top: 30px;\"><strong>SILIKONA \u0160UVJU T\u012aR\u012aT\u0100JS &#8211; AKT\u012aVO HLORU SATURO\u0160S T\u012aR\u012a\u0160ANAS G\u0112LS<\/strong><\/p>\n<p style=\"margin-bottom: 10px; margin-top: 30px;\"><strong>\u012apa\u0161\u012bbas<\/strong><\/p>\n<p style=\"margin-bottom: 8px; margin-top: 0px; line-height: 1.6;\">&#8211; Flamil CR Gel ir stipri s\u0101rmains un izteikti viskozs t\u012br\u012b\u0161anas l\u012bdzeklis ar maksim\u0101lu \u201eakt\u012bv\u0101 hlora\u201d koncentr\u0101ciju, lai pan\u0101ktu higi\u0113nisku t\u012br\u012bbu. Savas konsistences d\u0113\u013c to \u012bpa\u0161i \u0113rti pielietot fl\u012b\u017eu un \u0161uvju t\u012br\u012b\u0161anai uz vertik\u0101l\u0101m virsm\u0101m.<\/p>\n<p style=\"margin-bottom: 8px; margin-top: 0px; line-height: 1.6;\">&#8211; L\u012bdzeklis izn\u012bcina pel\u0113juma s\u0113n\u012bti, no mitruma radu\u0161os ple\u0137us, bakt\u0113rijas, a\u013c\u0123es, s\u016bnas.<\/p>\n<p style=\"margin-bottom: 8px; margin-top: 0px; line-height: 1.6;\">&#8211; L\u012bdzeklis ir piem\u0113rots ar\u012b gr\u012bdu, k\u0101 ar\u012b meh\u0101nisku ier\u012b\u010du, tvert\u0146u un citu p\u0101rtikas industrijas iek\u0101rtu t\u012br\u012b\u0161anai. Neraugoties uz augsto efektivit\u0101ti, l\u012bdzeklim piem\u012bt neliela smaka sal\u012bdzin\u0101jum\u0101 ar citiem t\u012br\u012b\u0161anas l\u012bdzek\u013ciem uz akt\u012bv\u0101 hlora b\u0101zes.<\/p>\n<p style=\"margin-bottom: 10px; margin-top: 30px;\"><strong>Pielieto\u0161ana<\/strong><\/p>\n<p style=\"margin-bottom: 8px; margin-top: 0px; line-height: 1.6;\">&#8211; Flamil CR Gel k\u0101 koncentr\u0101tu uz t\u012br\u0101m\u0101s virsmas uzkl\u0101j ar otu vai ier\u012bv\u0113 ar birsti. T\u012br\u0101m\u0101s virsmas var iepriek\u0161 samitrin\u0101t, ta\u010du tas nav oblig\u0101ti. \u013baut iedarboties vismaz 15 min\u016btes vai, ja \u0161uv\u0113s ir pel\u0113jums, atst\u0101t uz visu nakti un tad noskalot ar lielu \u016bdens daudzumu.<\/p>\n<p style=\"margin-bottom: 8px; margin-top: 0px; line-height: 1.6;\">&#8211; Saus\u0101s silikona \u0161uves apstr\u0101d\u0101t ar l\u012bdzekli, p\u0113c tam uzkl\u0101t virs\u016b uzs\u016bco\u0161u materi\u0101lu (piem. mitras pap\u012bra salvetes), p\u0113c 3 stund\u0101m noskalot vai ar\u012b atst\u0101t iedarboties uz nakti.<\/p>\n<p style=\"margin-bottom: 8px; margin-top: 0px; line-height: 1.6;\">&#8211; Flamil CR Gel var sajaukt ar \u016bdeni un izmantot k\u0101 \u0161\u0137idru, s\u0101rmainu sadz\u012bves t\u012br\u012b\u0161anas l\u012bdzekli ar akt\u012bvo hloru. Silts \u016bdens uzlabo t\u012br\u012b\u0161anas efektivit\u0101ti.<\/p>\n<p style=\"margin-bottom: 8px; margin-top: 0px; line-height: 1.6;\">&#8211; Uzman\u012bbu! Neizmantot kr\u0101saino un vieglo met\u0101lu t\u012br\u012b\u0161anai! Neizmantot kop\u0101 ar sk\u0101biem t\u012br\u012b\u0161anas l\u012bdzek\u013ciem! Izmantojot sl\u0113gt\u0101s telp\u0101s, r\u016bp\u0113ties par pietiekamu ventil\u0101ciju.<\/p>\n<p style=\"margin-bottom: 10px; margin-top: 30px;\"><strong>Pielieto\u0161anas iesp\u0113jas<\/strong><\/p>\n<p style=\"margin-bottom: 8px; margin-top: 0px; line-height: 1.6;\">&#8211; Sanit\u0101r\u0101s telpas.<\/p>\n<p style=\"margin-bottom: 8px; margin-top: 0px; line-height: 1.6;\">&#8211; Vannas istabas.<\/p>\n<p style=\"margin-bottom: 8px; margin-top: 0px; line-height: 1.6;\">&#8211; Tualetes.<\/p>\n<p style=\"margin-bottom: 8px; margin-top: 0px; line-height: 1.6;\">&#8211; Pagrabi u.c.<\/p>\n<p style=\"margin-bottom: 10px; margin-top: 30px;\"><strong>Tehniskais raksturojums<\/strong><\/p>\n<p style=\"margin-bottom: 8px; margin-top: 0px; line-height: 1.6;\"><strong>Fizisk\u0101 forma<\/strong>:\u00a0 g\u0113ls<\/p>\n<p style=\"margin-bottom: 8px; margin-top: 0px; line-height: 1.6;\"><strong>Bl\u012bvums (20 \u00baC)<\/strong>:\u00a0 apt. 1.16 g \/ cm\u00b3<\/p>\n<p style=\"margin-bottom: 8px; margin-top: 0px; line-height: 1.6;\"><strong>pH l\u012bmenis (1%)<\/strong>:\u00a0 > 11<\/p>\n<p style=\"margin-bottom: 8px; margin-top: 0px; line-height: 1.6;\"><strong>Sast\u0101vs<\/strong>:\u00a0 k\u0101lija hidroks\u012bds, n\u0101trija hipohlor\u012bts, stabilizatori, kompleksus veidojo\u0161\u0101s vielas, amfot\u0113rie tens\u012bdi<\/p>\n","protected":false},"excerpt":{"rendered":"<p>SILIKONA \u0160UVJU T\u012aR\u012aT\u0100JS &#8211; AKT\u012aVO HLORU SATURO\u0160S T\u012aR\u012a\u0160ANAS G\u0112LS \u012apa\u0161\u012bbas &#8211; Flamil CR Gel ir stipri s\u0101rmains un izteikti viskozs t\u012br\u012b\u0161anas l\u012bdzeklis ar maksim\u0101lu \u201eakt\u012bv\u0101 hlora\u201d koncentr\u0101ciju, lai pan\u0101ktu higi\u0113nisku t\u012br\u012bbu. Savas konsistences d\u0113\u013c to \u012bpa\u0161i \u0113rti pielietot fl\u012b\u017eu un \u0161uvju t\u012br\u012b\u0161anai uz vertik\u0101l\u0101m virsm\u0101m. &#8211; L\u012bdzeklis izn\u012bcina pel\u0113juma s\u0113n\u012bti, no mitruma radu\u0161os ple\u0137us, bakt\u0113rijas,&#8230;<\/p>\n","protected":false},"featured_media":4699,"template":"","meta":[],"product_brand":[337],"product_cat":[353,377,386],"product_tag":[],"class_list":{"0":"post-4698","1":"product","2":"type-product","3":"status-publish","4":"has-post-thumbnail","6":"product_brand-flore-chemie","7":"product_cat-flore-chemie-produkti","8":"product_cat-industrija-rupnieciba-masinbuve-elektroiekartas","9":"product_cat-specialie-tirisanas-mazgasanas-un-kopsanas-lidzekli","11":"first","12":"instock","13":"shipping-taxable","14":"purchasable","15":"product-type-variable","16":"has-default-attributes"},"_links":{"self":[{"href":"https:\/\/e-flore.store\/lv\/wp-json\/wp\/v2\/product\/4698","targetHints":{"allow":["GET"]}}],"collection":[{"href":"https:\/\/e-flore.store\/lv\/wp-json\/wp\/v2\/product"}],"about":[{"href":"https:\/\/e-flore.store\/lv\/wp-json\/wp\/v2\/types\/product"}],"wp:featuredmedia":[{"embeddable":true,"href":"https:\/\/e-flore.store\/lv\/wp-json\/wp\/v2\/media\/4699"}],"wp:attachment":[{"href":"https:\/\/e-flore.store\/lv\/wp-json\/wp\/v2\/media?parent=4698"}],"wp:term":[{"taxonomy":"product_brand","embeddable":true,"href":"https:\/\/e-flore.store\/lv\/wp-json\/wp\/v2\/product_brand?post=4698"},{"taxonomy":"product_cat","embeddable":true,"href":"https:\/\/e-flore.store\/lv\/wp-json\/wp\/v2\/product_cat?post=4698"},{"taxonomy":"product_tag","embeddable":true,"href":"https:\/\/e-flore.store\/lv\/wp-json\/wp\/v2\/product_tag?post=4698"}],"curies":[{"name":"wp","href":"https:\/\/api.w.org\/{rel}","templated":true}]}}